{"id":25834,"date":"2025-11-14T08:48:09","date_gmt":"2025-11-14T11:48:09","guid":{"rendered":"https:\/\/superior-infd.mendoza.edu.ar\/sitio\/?page_id=25834"},"modified":"2025-12-01T10:25:37","modified_gmt":"2025-12-01T13:25:37","slug":"normativa-concurso-de-traslados-y-permutas","status":"publish","type":"page","link":"https:\/\/superior-infd.mendoza.edu.ar\/sitio\/normativa-concurso-de-traslados-y-permutas\/","title":{"rendered":"Normativa concurso de traslados y permutas"},"content":{"rendered":"\n<p class=\"has-base-3-color has-text-color has-background\" style=\"background-color:#800080\"><strong>Resoluci\u00f3n 2025-332-E-GDEMZA-CGES#DGE<\/strong><\/p>\n\n\n\n<p><strong>Referencia<\/strong>: Resoluci\u00f3n Convocatoria a Concurso de Traslado Ordinario de horas c\u00e1tedra frente a estudiantes y cargos base del escalaf\u00f3n docente, ciclo lectivo 2025<\/p>\n\n\n\n<div class=\"wp-block-file\"><object class=\"wp-block-file__embed\" data=\"https:\/\/superior-infd.mendoza.edu.ar\/sitio\/wp-content\/uploads\/2025\/12\/RS-2025-332-25-GDEMZA-CGES_DGE-Resol.-Convocatoria-a-Concurso-de-Traslado-Ordinario-de-horas-catedra-frente-a-estudiantes-y-cargos-base-del-escalafon-docente-ciclo-lectivo-2025.pdf\" type=\"application\/pdf\" style=\"width:100%;height:600px\" aria-label=\"Incrustado de RS-2025-332-25-GDEMZA-CGES_DGE-Resol.-Convocatoria-a-Concurso-de-Traslado-Ordinario-de-horas-catedra-frente-a-estudiantes-y-cargos-base-del-escalafon-docente-ciclo-lectivo-2025.\"><\/object><a id=\"wp-block-file--media-7c4d9ee2-6151-4392-8f7f-31ce081ec75c\" href=\"https:\/\/superior-infd.mendoza.edu.ar\/sitio\/wp-content\/uploads\/2025\/12\/RS-2025-332-25-GDEMZA-CGES_DGE-Resol.-Convocatoria-a-Concurso-de-Traslado-Ordinario-de-horas-catedra-frente-a-estudiantes-y-cargos-base-del-escalafon-docente-ciclo-lectivo-2025.pdf\">RS-2025-332-25-GDEMZA-CGES_DGE-Resol.-Convocatoria-a-Concurso-de-Traslado-Ordinario-de-horas-catedra-frente-a-estudiantes-y-cargos-base-del-escalafon-docente-ciclo-lectivo-2025<\/a><a href=\"https:\/\/superior-infd.mendoza.edu.ar\/sitio\/wp-content\/uploads\/2025\/12\/RS-2025-332-25-GDEMZA-CGES_DGE-Resol.-Convocatoria-a-Concurso-de-Traslado-Ordinario-de-horas-catedra-frente-a-estudiantes-y-cargos-base-del-escalafon-docente-ciclo-lectivo-2025.pdf\" class=\"wp-block-file__button wp-element-button\" download aria-describedby=\"wp-block-file--media-7c4d9ee2-6151-4392-8f7f-31ce081ec75c\">Descarga<\/a><\/div>\n\n\n\n<hr class=\"wp-block-separator has-alpha-channel-opacity\"\/>\n\n\n\n<p class=\"has-base-3-color has-text-color has-background\" style=\"background-color:#800080\"><strong>Anexo I (Traslados) &#8211; Resoluci\u00f3n 2025-332-E-GDEMZA-CGES#DGE<\/strong><\/p>\n\n\n\n<div class=\"wp-block-file\"><object class=\"wp-block-file__embed\" data=\"https:\/\/superior-infd.mendoza.edu.ar\/sitio\/wp-content\/uploads\/2025\/12\/Anexo-I-resolucion-de-traslados-y-permutas-Ciclo-2025.pdf\" type=\"application\/pdf\" style=\"width:100%;height:600px\" aria-label=\"Incrustado de Anexo-I-resolucion-de-traslados-y-permutas-Ciclo-2025.\"><\/object><a id=\"wp-block-file--media-c8b8b345-1bee-4a36-9ce6-9efa491d5d00\" href=\"https:\/\/superior-infd.mendoza.edu.ar\/sitio\/wp-content\/uploads\/2025\/12\/Anexo-I-resolucion-de-traslados-y-permutas-Ciclo-2025.pdf\">Anexo-I-resolucion-de-traslados-y-permutas-Ciclo-2025<\/a><a href=\"https:\/\/superior-infd.mendoza.edu.ar\/sitio\/wp-content\/uploads\/2025\/12\/Anexo-I-resolucion-de-traslados-y-permutas-Ciclo-2025.pdf\" class=\"wp-block-file__button wp-element-button\" download aria-describedby=\"wp-block-file--media-c8b8b345-1bee-4a36-9ce6-9efa491d5d00\">Descarga<\/a><\/div>\n\n\n\n<hr class=\"wp-block-separator has-alpha-channel-opacity\"\/>\n\n\n\n<p class=\"has-base-3-color has-text-color has-background\" style=\"background-color:#800080\"><strong>Anexo II (Permutas) &#8211; Resoluci\u00f3n 2025-332-E-GDEMZA-CGES#DGE<\/strong><\/p>\n\n\n\n<div class=\"wp-block-file\"><object class=\"wp-block-file__embed\" data=\"https:\/\/superior-infd.mendoza.edu.ar\/sitio\/wp-content\/uploads\/2025\/12\/Anexo-II-resolucion-de-traslados-y-permutas-Ciclo-2025.pdf\" type=\"application\/pdf\" style=\"width:100%;height:600px\" aria-label=\"Incrustado de Anexo-II-resolucion-de-traslados-y-permutas-Ciclo-2025.\"><\/object><a id=\"wp-block-file--media-2190730c-18f4-4a49-8498-15d0e00812c1\" href=\"https:\/\/superior-infd.mendoza.edu.ar\/sitio\/wp-content\/uploads\/2025\/12\/Anexo-II-resolucion-de-traslados-y-permutas-Ciclo-2025.pdf\">Anexo-II-resolucion-de-traslados-y-permutas-Ciclo-2025<\/a><a href=\"https:\/\/superior-infd.mendoza.edu.ar\/sitio\/wp-content\/uploads\/2025\/12\/Anexo-II-resolucion-de-traslados-y-permutas-Ciclo-2025.pdf\" class=\"wp-block-file__button wp-element-button\" download aria-describedby=\"wp-block-file--media-2190730c-18f4-4a49-8498-15d0e00812c1\">Descarga<\/a><\/div>\n","protected":false},"excerpt":{"rendered":"<p>Resoluci\u00f3n 2025-332-E-GDEMZA-CGES#DGE Referencia: Resoluci\u00f3n Convocatoria a Concurso de Traslado Ordinario de horas c\u00e1tedra frente a estudiantes y cargos base del escalaf\u00f3n docente, ciclo lectivo 2025 Anexo I (Traslados) &#8211; Resoluci\u00f3n 2025-332-E-GDEMZA-CGES#DGE Anexo II (Permutas) &#8211; Resoluci\u00f3n 2025-332-E-GDEMZA-CGES#DGE<\/p>\n","protected":false},"author":17680,"featured_media":0,"parent":0,"menu_order":0,"comment_status":"closed","ping_status":"closed","template":"","meta":[],"acf":[],"_links":{"self":[{"href":"https:\/\/superior-infd.mendoza.edu.ar\/sitio\/wp-json\/wp\/v2\/pages\/25834"}],"collection":[{"href":"https:\/\/superior-infd.mendoza.edu.ar\/sitio\/wp-json\/wp\/v2\/pages"}],"about":[{"href":"https:\/\/superior-infd.mendoza.edu.ar\/sitio\/wp-json\/wp\/v2\/types\/page"}],"author":[{"embeddable":true,"href":"https:\/\/superior-infd.mendoza.edu.ar\/sitio\/wp-json\/wp\/v2\/users\/17680"}],"replies":[{"embeddable":true,"href":"https:\/\/superior-infd.mendoza.edu.ar\/sitio\/wp-json\/wp\/v2\/comments?post=25834"}],"version-history":[{"count":2,"href":"https:\/\/superior-infd.mendoza.edu.ar\/sitio\/wp-json\/wp\/v2\/pages\/25834\/revisions"}],"predecessor-version":[{"id":25925,"href":"https:\/\/superior-infd.mendoza.edu.ar\/sitio\/wp-json\/wp\/v2\/pages\/25834\/revisions\/25925"}],"wp:attachment":[{"href":"https:\/\/superior-infd.mendoza.edu.ar\/sitio\/wp-json\/wp\/v2\/media?parent=25834"}],"curies":[{"name":"wp","href":"https:\/\/api.w.org\/{rel}","templated":true}]}}