{"id":25803,"date":"2025-11-13T15:26:14","date_gmt":"2025-11-13T18:26:14","guid":{"rendered":"https:\/\/superior-infd.mendoza.edu.ar\/sitio\/?page_id=25803"},"modified":"2026-03-30T10:57:55","modified_gmt":"2026-03-30T13:57:55","slug":"notificaciones-y-publicaciones-horas","status":"publish","type":"page","link":"https:\/\/superior-infd.mendoza.edu.ar\/sitio\/notificaciones-y-publicaciones-horas\/","title":{"rendered":"Notificaciones y publicaciones (horas)"},"content":{"rendered":"\n<p class=\"has-background\" style=\"background-color:#ffc6ff\"><strong>Nuevas vacantes<\/strong><\/p>\n\n\n\n<div class=\"wp-block-file\"><object class=\"wp-block-file__embed\" data=\"https:\/\/superior-infd.mendoza.edu.ar\/sitio\/wp-content\/uploads\/2026\/03\/Nuevas-vacantes-para-incorporar-al-ofrecimiento-de-horas-catedra.pdf\" type=\"application\/pdf\" style=\"width:100%;height:600px\" aria-label=\"Incrustado de Nuevas vacantes para incorporar al ofrecimiento de horas c\u00e1tedra.\"><\/object><a id=\"wp-block-file--media-3c468b28-2719-4f93-8ebe-d1b6f6165167\" href=\"https:\/\/superior-infd.mendoza.edu.ar\/sitio\/wp-content\/uploads\/2026\/03\/Nuevas-vacantes-para-incorporar-al-ofrecimiento-de-horas-catedra.pdf\">Nuevas vacantes para incorporar al ofrecimiento de horas c\u00e1tedra<\/a><a href=\"https:\/\/superior-infd.mendoza.edu.ar\/sitio\/wp-content\/uploads\/2026\/03\/Nuevas-vacantes-para-incorporar-al-ofrecimiento-de-horas-catedra.pdf\" class=\"wp-block-file__button wp-element-button\" download aria-describedby=\"wp-block-file--media-3c468b28-2719-4f93-8ebe-d1b6f6165167\">Descarga<\/a><\/div>\n\n\n\n<p class=\"has-background\" style=\"background-color:#ffc6ff\"><strong>Cronograma para el ofrecimiento horas c\u00e1tedra<\/strong><\/p>\n\n\n\n<div class=\"wp-block-file\"><object class=\"wp-block-file__embed\" data=\"https:\/\/superior-infd.mendoza.edu.ar\/sitio\/wp-content\/uploads\/2026\/03\/Cronograma-para-el-ofrecimiento-horas-catedra.pdf\" type=\"application\/pdf\" style=\"width:100%;height:600px\" aria-label=\"Incrustado de Cronograma para el ofrecimiento horas c\u00e1tedra.\"><\/object><a id=\"wp-block-file--media-ce13cbf9-922a-4433-956d-fa239608b642\" href=\"https:\/\/superior-infd.mendoza.edu.ar\/sitio\/wp-content\/uploads\/2026\/03\/Cronograma-para-el-ofrecimiento-horas-catedra.pdf\">Cronograma para el ofrecimiento horas c\u00e1tedra<\/a><a href=\"https:\/\/superior-infd.mendoza.edu.ar\/sitio\/wp-content\/uploads\/2026\/03\/Cronograma-para-el-ofrecimiento-horas-catedra.pdf\" class=\"wp-block-file__button wp-element-button\" download aria-describedby=\"wp-block-file--media-ce13cbf9-922a-4433-956d-fa239608b642\">Descarga<\/a><\/div>\n\n\n\n<p class=\"has-background\" style=\"background-color:#ffc6ff\"><strong>\u00d3rdenes de m\u00e9rito rectificados por resoluci\u00f3n de reclamos<\/strong><\/p>\n\n\n\n<iframe src=\"https:\/\/drive.google.com\/embeddedfolderview?id=12gsIC3-3L-UfQqf_PyTgsS48xa-1NiA9#list\" \n        style=\"width:100%; height:250px; border:0;\">\n<\/iframe>\n\n\n\n<p class=\"has-background\" style=\"background-color:#ffc6ff\"><strong>Agrupamientos -informe final-<\/strong><\/p>\n\n\n\n<iframe src=\"https:\/\/drive.google.com\/embeddedfolderview?id=1bSUEybCq8khFEwdQdP7ZKpfk3qECn2bb#list\" \n        style=\"width:100%; height:250px; border:0;\">\n<\/iframe>\n\n\n\n<p class=\"has-background\" style=\"background-color:#ffc6ff\"><strong>Vacantes al 25 de marzo de 2026<\/strong> -consolidado-<\/p>\n\n\n\n<div class=\"wp-block-file\"><object class=\"wp-block-file__embed\" data=\"https:\/\/superior-infd.mendoza.edu.ar\/sitio\/wp-content\/uploads\/2026\/03\/Horas-vacantes-para-titularizacion-2025-2026-consolidado-_25-marzo.pdf\" type=\"application\/pdf\" style=\"width:100%;height:600px\" aria-label=\"Incrustado de Horas vacantes para titularizaci\u00f3n 2025-2026 consolidado _25 marzo.\"><\/object><a id=\"wp-block-file--media-15d88a99-2bec-4e75-b7cf-cd3a7ce39f5c\" href=\"https:\/\/superior-infd.mendoza.edu.ar\/sitio\/wp-content\/uploads\/2026\/03\/Horas-vacantes-para-titularizacion-2025-2026-consolidado-_25-marzo.pdf\">Horas vacantes para titularizaci\u00f3n 2025-2026 consolidado _25 marzo<\/a><a href=\"https:\/\/superior-infd.mendoza.edu.ar\/sitio\/wp-content\/uploads\/2026\/03\/Horas-vacantes-para-titularizacion-2025-2026-consolidado-_25-marzo.pdf\" class=\"wp-block-file__button wp-element-button\" download aria-describedby=\"wp-block-file--media-15d88a99-2bec-4e75-b7cf-cd3a7ce39f5c\">Descarga<\/a><\/div>\n\n\n\n<p class=\"has-background\" style=\"background-color:#ffc6ff\"><strong>Vacantes al 19 de marzo de 2026<\/strong> -tercera entrega-<\/p>\n\n\n\n<div class=\"wp-block-file\"><object class=\"wp-block-file__embed\" data=\"https:\/\/superior-infd.mendoza.edu.ar\/sitio\/wp-content\/uploads\/2026\/03\/Vacantes-horas-catedra-tercera-entrega.pdf\" type=\"application\/pdf\" style=\"width:100%;height:600px\" aria-label=\"Incrustado de Vacantes horas c\u00e1tedra- tercera entrega.\"><\/object><a id=\"wp-block-file--media-0acdb193-a332-4926-bd7d-9e3ca1b939f2\" href=\"https:\/\/superior-infd.mendoza.edu.ar\/sitio\/wp-content\/uploads\/2026\/03\/Vacantes-horas-catedra-tercera-entrega.pdf\">Vacantes horas c\u00e1tedra- tercera entrega<\/a><a href=\"https:\/\/superior-infd.mendoza.edu.ar\/sitio\/wp-content\/uploads\/2026\/03\/Vacantes-horas-catedra-tercera-entrega.pdf\" class=\"wp-block-file__button wp-element-button\" download aria-describedby=\"wp-block-file--media-0acdb193-a332-4926-bd7d-9e3ca1b939f2\">Descarga<\/a><\/div>\n\n\n\n<p class=\"has-background\" style=\"background-color:#ffc6ff\"><strong>Vacantes al 19 de marzo de 2026<\/strong> -segunda entrega-<\/p>\n\n\n\n<div class=\"wp-block-file\"><object class=\"wp-block-file__embed\" data=\"https:\/\/superior-infd.mendoza.edu.ar\/sitio\/wp-content\/uploads\/2026\/03\/Vacantes-horas-catedra-segunda-entrega.pdf\" type=\"application\/pdf\" style=\"width:100%;height:600px\" aria-label=\"Incrustado de Vacantes horas c\u00e1tedra-segunda entrega.\"><\/object><a id=\"wp-block-file--media-a7cbb7a5-fdc9-446a-9daf-05e9c11bd719\" href=\"https:\/\/superior-infd.mendoza.edu.ar\/sitio\/wp-content\/uploads\/2026\/03\/Vacantes-horas-catedra-segunda-entrega.pdf\">Vacantes horas c\u00e1tedra-segunda entrega<\/a><a href=\"https:\/\/superior-infd.mendoza.edu.ar\/sitio\/wp-content\/uploads\/2026\/03\/Vacantes-horas-catedra-segunda-entrega.pdf\" class=\"wp-block-file__button wp-element-button\" download aria-describedby=\"wp-block-file--media-a7cbb7a5-fdc9-446a-9daf-05e9c11bd719\">Descarga<\/a><\/div>\n\n\n\n<p class=\"has-background\" style=\"background-color:#ffc6ff\"><strong>Vacantes al 19 de marzo de 2026<\/strong> -primera entrega-<\/p>\n\n\n\n<div class=\"wp-block-file\"><object class=\"wp-block-file__embed\" data=\"https:\/\/superior-infd.mendoza.edu.ar\/sitio\/wp-content\/uploads\/2026\/03\/Horas-catedra-vacantes-primera-entrega-19_03.pdf\" type=\"application\/pdf\" style=\"width:100%;height:600px\" aria-label=\"Incrustado de Horas c\u00e1tedra vacantes - primera entrega - 19_03.\"><\/object><a id=\"wp-block-file--media-1f28bd96-cee1-4fea-8248-f34ac1dafa4c\" href=\"https:\/\/superior-infd.mendoza.edu.ar\/sitio\/wp-content\/uploads\/2026\/03\/Horas-catedra-vacantes-primera-entrega-19_03.pdf\">Horas c\u00e1tedra vacantes &#8211; primera entrega &#8211; 19_03<\/a><a href=\"https:\/\/superior-infd.mendoza.edu.ar\/sitio\/wp-content\/uploads\/2026\/03\/Horas-catedra-vacantes-primera-entrega-19_03.pdf\" class=\"wp-block-file__button wp-element-button\" download aria-describedby=\"wp-block-file--media-1f28bd96-cee1-4fea-8248-f34ac1dafa4c\">Descarga<\/a><\/div>\n\n\n\n<p class=\"has-background\" style=\"background-color:#ffc6ff\"><strong>Cronograma de defensas<\/strong><\/p>\n\n\n\n<iframe src=\"https:\/\/drive.google.com\/embeddedfolderview?id=1QKWNxaP057tiEpvTYhA2_sl6NKE8SIGB#list\" \n        style=\"width:100%; height:250px; border:0;\">\n<\/iframe>\n\n\n\n<p class=\"has-background\" style=\"background-color:#ffc6ff\"><strong>Notificaciones<\/strong><\/p>\n\n\n\n<iframe src=\"https:\/\/drive.google.com\/embeddedfolderview?id=1NuNeOFYxWaelOpaqDYEDcTt4FtrNiHFn#list\" \n        style=\"width:100%; height:250px; border:0;\">\n<\/iframe>\n\n\n\n<p class=\"has-background\" style=\"background-color:#ffc6ff\"><sub><img decoding=\"async\" loading=\"lazy\" width=\"320\" height=\"320\" class=\"wp-image-26078\" style=\"width: 40px;\" src=\"https:\/\/superior-infd.mendoza.edu.ar\/sitio\/wp-content\/uploads\/2026\/02\/aviso-sf.png\" alt=\"\"><\/sub><strong>  <\/strong><strong>Aviso<\/strong><\/p>\n\n\n\n<p>Los jurados est\u00e1n convocando a la notificaci\u00f3n de las distintas instancias del concurso desde correos electr\u00f3nicos* que identifican el agrupamiento. &nbsp;Se solicita a los postulantes revisar la casilla de spam.<\/p>\n\n\n\n<p>* Las direcciones de correo electr\u00f3nico desde donde se env\u00edan son del propio jurado; no es el e-mail de sistemas.<\/p>\n\n\n\n<p class=\"has-background\" style=\"background-color:#ffc6ff\"><strong>Resoluci\u00f3n 2026-21-E-GDEMZA-CGES#DGE<\/strong><\/p>\n\n\n\n<p><strong>Referencia<\/strong>: Resoluci\u00f3n Modificatoria parcial del Anexo de la RESOL-2025-393-E-GDEMZA-CGES#DGE -Concurso p\u00fablico y abierto de t\u00edtulos, antecedentes y oposici\u00f3n para la cobertura de horas c\u00e1tedra en car\u00e1cter de titular en el nivel superior.<\/p>\n\n\n\n<div class=\"wp-block-file\"><object class=\"wp-block-file__embed\" data=\"https:\/\/superior-infd.mendoza.edu.ar\/sitio\/wp-content\/uploads\/2026\/03\/RS-2026-21-GDEMZA-CGES_DGE-Resol.-Modificatoria-parcial-del-Anexo-de-la-RESOL-2025-393-E-GDEMZA-CGESDGE-Concurso.-Tit.-2025-2026.pdf\" type=\"application\/pdf\" style=\"width:100%;height:600px\" aria-label=\"Incrustado de RS-2026-21-GDEMZA-CGES_DGE - Resol. Modificatoria parcial del Anexo de la RESOL-2025-393-E-GDEMZA-CGES#DGE - Concurso. Tit. 2025-2026.\"><\/object><a id=\"wp-block-file--media-0f80bd84-8f02-46c1-8275-4f30a644d7f3\" href=\"https:\/\/superior-infd.mendoza.edu.ar\/sitio\/wp-content\/uploads\/2026\/03\/RS-2026-21-GDEMZA-CGES_DGE-Resol.-Modificatoria-parcial-del-Anexo-de-la-RESOL-2025-393-E-GDEMZA-CGESDGE-Concurso.-Tit.-2025-2026.pdf\">RS-2026-21-GDEMZA-CGES_DGE &#8211; Resol. Modificatoria parcial del Anexo de la RESOL-2025-393-E-GDEMZA-CGES#DGE &#8211; Concurso. Tit. 2025-2026<\/a><a href=\"https:\/\/superior-infd.mendoza.edu.ar\/sitio\/wp-content\/uploads\/2026\/03\/RS-2026-21-GDEMZA-CGES_DGE-Resol.-Modificatoria-parcial-del-Anexo-de-la-RESOL-2025-393-E-GDEMZA-CGESDGE-Concurso.-Tit.-2025-2026.pdf\" class=\"wp-block-file__button wp-element-button\" download aria-describedby=\"wp-block-file--media-0f80bd84-8f02-46c1-8275-4f30a644d7f3\">Descarga<\/a><\/div>\n\n\n\n<p class=\"has-background\" style=\"background-color:#ffc6ff\"><strong>Listado corregido de postulantes que presentan carpeta y programa por agrupamiento<\/strong><\/p>\n\n\n\n<div class=\"wp-block-file\"><object class=\"wp-block-file__embed\" data=\"https:\/\/superior-infd.mendoza.edu.ar\/sitio\/wp-content\/uploads\/2026\/02\/Fe-de-erratas-_Concurso-horas-catedra-listado-de-postulantes-que-presentaron-programa-por-agrupamiento.pdf\" type=\"application\/pdf\" style=\"width:100%;height:600px\" aria-label=\"Incrustado de Fe de erratas _Concurso horas c\u00e1tedra listado de postulantes que presentaron programa por agrupamiento.\"><\/object><a id=\"wp-block-file--media-40c0cb14-da5a-4027-bbab-2582db7536b4\" href=\"https:\/\/superior-infd.mendoza.edu.ar\/sitio\/wp-content\/uploads\/2026\/02\/Fe-de-erratas-_Concurso-horas-catedra-listado-de-postulantes-que-presentaron-programa-por-agrupamiento.pdf\">Fe de erratas _Concurso horas c\u00e1tedra listado de postulantes que presentaron programa por agrupamiento<\/a><a href=\"https:\/\/superior-infd.mendoza.edu.ar\/sitio\/wp-content\/uploads\/2026\/02\/Fe-de-erratas-_Concurso-horas-catedra-listado-de-postulantes-que-presentaron-programa-por-agrupamiento.pdf\" class=\"wp-block-file__button wp-element-button\" download aria-describedby=\"wp-block-file--media-40c0cb14-da5a-4027-bbab-2582db7536b4\">Descarga<\/a><\/div>\n\n\n\n<p class=\"has-background\" style=\"background-color:#ffc6ff\"><strong>Vacantes provisorias al 12\/02\/2026<\/strong><\/p>\n\n\n\n<div class=\"wp-block-file\"><object class=\"wp-block-file__embed\" data=\"https:\/\/superior-infd.mendoza.edu.ar\/sitio\/wp-content\/uploads\/2026\/02\/Horas-vacantes-para-titularizacion-2025-2026-publicacion-actualizadas-al-12-de-febrero-de-2026.pdf\" type=\"application\/pdf\" style=\"width:100%;height:600px\" aria-label=\"Incrustado de Horas vacantes para titularizaci\u00f2n 2025-2026 publicaci\u00f3n actualizadas al 12 de febrero de 2026.\"><\/object><a id=\"wp-block-file--media-f6d1f74f-bb71-4e77-a6cd-b2ef6bc18e3e\" href=\"https:\/\/superior-infd.mendoza.edu.ar\/sitio\/wp-content\/uploads\/2026\/02\/Horas-vacantes-para-titularizacion-2025-2026-publicacion-actualizadas-al-12-de-febrero-de-2026.pdf\">Horas vacantes para titularizaci\u00f2n 2025-2026 publicaci\u00f3n actualizadas al 12 de febrero de 2026<\/a><a href=\"https:\/\/superior-infd.mendoza.edu.ar\/sitio\/wp-content\/uploads\/2026\/02\/Horas-vacantes-para-titularizacion-2025-2026-publicacion-actualizadas-al-12-de-febrero-de-2026.pdf\" class=\"wp-block-file__button wp-element-button\" download aria-describedby=\"wp-block-file--media-f6d1f74f-bb71-4e77-a6cd-b2ef6bc18e3e\">Descarga<\/a><\/div>\n\n\n\n<p class=\"has-background\" style=\"background-color:#ffc6ff\"><strong>Listado de postulantes que presentaron programa por agrupamiento<\/strong><\/p>\n\n\n\n<div class=\"wp-block-file\"><object class=\"wp-block-file__embed\" data=\"https:\/\/superior-infd.mendoza.edu.ar\/sitio\/wp-content\/uploads\/2026\/02\/Concurso-horas-catedra-listado-de-postulantes-que-presentaron-programa-por-agrupamiento.pdf\" type=\"application\/pdf\" style=\"width:100%;height:600px\" aria-label=\"Incrustado de Concurso horas c\u00e1tedra listado de postulantes que presentaron programa por agrupamiento.\"><\/object><a id=\"wp-block-file--media-bfcd9b5d-ba35-42d8-a409-dbbe730325dd\" href=\"https:\/\/superior-infd.mendoza.edu.ar\/sitio\/wp-content\/uploads\/2026\/02\/Concurso-horas-catedra-listado-de-postulantes-que-presentaron-programa-por-agrupamiento.pdf\">Concurso horas c\u00e1tedra listado de postulantes que presentaron programa por agrupamiento<\/a><a href=\"https:\/\/superior-infd.mendoza.edu.ar\/sitio\/wp-content\/uploads\/2026\/02\/Concurso-horas-catedra-listado-de-postulantes-que-presentaron-programa-por-agrupamiento.pdf\" class=\"wp-block-file__button wp-element-button\" download aria-describedby=\"wp-block-file--media-bfcd9b5d-ba35-42d8-a409-dbbe730325dd\">Descarga<\/a><\/div>\n\n\n\n<p class=\"has-background\" style=\"background-color:#ffc6ff\"><sub><img decoding=\"async\" loading=\"lazy\" width=\"320\" height=\"320\" class=\"wp-image-26078\" style=\"width: 40px;\" src=\"https:\/\/superior-infd.mendoza.edu.ar\/sitio\/wp-content\/uploads\/2026\/02\/aviso-sf.png\" alt=\"\"><\/sub><strong>  <\/strong><strong>Aviso<\/strong><\/p>\n\n\n\n<p>Debido a la modificaci\u00f3n en la fecha de inicio de las actividades para todos los niveles del sistema, dispuesta oportunamente por la Direcci\u00f3n General de Escuelas, <strong>la actualizaci\u00f3n de las vacantes de horas y cargos afectadas al concurso de titularizaci\u00f3n ser\u00e1 publicada el d\u00eda 12 de febrero de 2026.<\/strong><\/p>\n\n\n\n<p class=\"has-background\" style=\"background-color:#ffc6ff\"><strong>Listado de inscriptos al 9 de febrero con reclamos resueltos<\/strong><\/p>\n\n\n\n<div class=\"wp-block-file\"><object class=\"wp-block-file__embed\" data=\"https:\/\/superior-infd.mendoza.edu.ar\/sitio\/wp-content\/uploads\/2026\/02\/Listado-de-postulantes-inscriptos-para-el-concurso-de-titularizacion-de-horas-catedra-para-publicar.pdf\" type=\"application\/pdf\" style=\"width:100%;height:600px\" aria-label=\"Incrustado de Listado de postulantes inscriptos para el concurso de titularizaci\u00f3n de horas c\u00e1tedra para publicar.\"><\/object><a id=\"wp-block-file--media-87a6a585-dca3-4bab-94c8-0880230c92fc\" href=\"https:\/\/superior-infd.mendoza.edu.ar\/sitio\/wp-content\/uploads\/2026\/02\/Listado-de-postulantes-inscriptos-para-el-concurso-de-titularizacion-de-horas-catedra-para-publicar.pdf\">Listado de postulantes inscriptos para el concurso de titularizaci\u00f3n de horas c\u00e1tedra para publicar<\/a><a href=\"https:\/\/superior-infd.mendoza.edu.ar\/sitio\/wp-content\/uploads\/2026\/02\/Listado-de-postulantes-inscriptos-para-el-concurso-de-titularizacion-de-horas-catedra-para-publicar.pdf\" class=\"wp-block-file__button wp-element-button\" download aria-describedby=\"wp-block-file--media-87a6a585-dca3-4bab-94c8-0880230c92fc\">Descarga<\/a><\/div>\n\n\n\n<p class=\"has-background\" style=\"background-color:#ffc6ff\"><strong>Puntos para recepci\u00f3n de documentaci\u00f3n<\/strong><\/p>\n\n\n\n<div class=\"wp-block-file\"><object class=\"wp-block-file__embed\" data=\"https:\/\/superior-infd.mendoza.edu.ar\/sitio\/wp-content\/uploads\/2026\/02\/Puntos-para-la-recepcion-de-carpetas_-proyectos_programas_-concurso-2025_2026.pdf\" type=\"application\/pdf\" style=\"width:100%;height:600px\" aria-label=\"Incrustado de Puntos para la recepci\u00f3n de carpetas_ proyectos_programas_ concurso 2025_2026.\"><\/object><a id=\"wp-block-file--media-5897c7bb-29f6-47c9-b87f-c7750f250a59\" href=\"https:\/\/superior-infd.mendoza.edu.ar\/sitio\/wp-content\/uploads\/2026\/02\/Puntos-para-la-recepcion-de-carpetas_-proyectos_programas_-concurso-2025_2026.pdf\">Puntos para la recepci\u00f3n de carpetas_ proyectos_programas_ concurso 2025_2026<\/a><a href=\"https:\/\/superior-infd.mendoza.edu.ar\/sitio\/wp-content\/uploads\/2026\/02\/Puntos-para-la-recepcion-de-carpetas_-proyectos_programas_-concurso-2025_2026.pdf\" class=\"wp-block-file__button wp-element-button\" download aria-describedby=\"wp-block-file--media-5897c7bb-29f6-47c9-b87f-c7750f250a59\">Descarga<\/a><\/div>\n\n\n\n<p class=\"has-background\" style=\"background-color:#ffc6ff\"><strong>Jurados por agrupamientos<\/strong><\/p>\n\n\n\n<div class=\"wp-block-file\"><object class=\"wp-block-file__embed\" data=\"https:\/\/superior-infd.mendoza.edu.ar\/sitio\/wp-content\/uploads\/2025\/12\/Jurados-para-concurso-de-horas-catedra.pdf\" type=\"application\/pdf\" style=\"width:100%;height:600px\" aria-label=\"Incrustado de Jurados para concurso de horas c\u00e1tedra.\"><\/object><a id=\"wp-block-file--media-20e58c08-e558-4ed0-98fc-2783144695b2\" href=\"https:\/\/superior-infd.mendoza.edu.ar\/sitio\/wp-content\/uploads\/2025\/12\/Jurados-para-concurso-de-horas-catedra.pdf\">Jurados para concurso de horas c\u00e1tedra<\/a><a href=\"https:\/\/superior-infd.mendoza.edu.ar\/sitio\/wp-content\/uploads\/2025\/12\/Jurados-para-concurso-de-horas-catedra.pdf\" class=\"wp-block-file__button wp-element-button\" download aria-describedby=\"wp-block-file--media-20e58c08-e558-4ed0-98fc-2783144695b2\">Descarga<\/a><\/div>\n\n\n\n<hr class=\"wp-block-separator has-alpha-channel-opacity\"\/>\n\n\n\n<p class=\"has-background\" style=\"background-color:#ffc6ff\"><strong>Listado de postulantes inscriptos<\/strong><\/p>\n\n\n\n<div class=\"wp-block-file\"><object class=\"wp-block-file__embed\" data=\"https:\/\/superior-infd.mendoza.edu.ar\/sitio\/wp-content\/uploads\/2025\/12\/Listado-de-postulantes-inscriptos-para-el-concurso-de-titularizacion-de-horas-catedra.pdf\" type=\"application\/pdf\" style=\"width:100%;height:600px\" aria-label=\"Incrustado de Listado de postulantes inscriptos para el concurso de titularizaci\u00f3n de horas c\u00e1tedra.\"><\/object><a id=\"wp-block-file--media-dfd01d08-ee44-42c6-9ea8-b7fc3e972e92\" href=\"https:\/\/superior-infd.mendoza.edu.ar\/sitio\/wp-content\/uploads\/2025\/12\/Listado-de-postulantes-inscriptos-para-el-concurso-de-titularizacion-de-horas-catedra.pdf\">Listado de postulantes inscriptos para el concurso de titularizaci\u00f3n de horas c\u00e1tedra<\/a><a href=\"https:\/\/superior-infd.mendoza.edu.ar\/sitio\/wp-content\/uploads\/2025\/12\/Listado-de-postulantes-inscriptos-para-el-concurso-de-titularizacion-de-horas-catedra.pdf\" class=\"wp-block-file__button wp-element-button\" download aria-describedby=\"wp-block-file--media-dfd01d08-ee44-42c6-9ea8-b7fc3e972e92\">Descarga<\/a><\/div>\n\n\n\n<hr class=\"wp-block-separator has-alpha-channel-opacity\"\/>\n\n\n\n<p class=\"has-background\" style=\"background-color:#ffc6ff\"><strong>Vacantes provisorias al 01\/12\/2025<\/strong><\/p>\n\n\n\n<div class=\"wp-block-file\"><object class=\"wp-block-file__embed\" data=\"https:\/\/superior-infd.mendoza.edu.ar\/sitio\/wp-content\/uploads\/2025\/12\/Horas-vacantes-para-titularizacion-2025-2026-publicacion-actualizadas-al-1-de-diciembre.pdf\" type=\"application\/pdf\" style=\"width:100%;height:600px\" aria-label=\"Incrustado de Horas-vacantes-para-titularizacion-2025-2026-publicacion-actualizadas-al-1-de-diciembre.\"><\/object><a id=\"wp-block-file--media-32528149-be04-421d-af16-5adfb84676a0\" href=\"https:\/\/superior-infd.mendoza.edu.ar\/sitio\/wp-content\/uploads\/2025\/12\/Horas-vacantes-para-titularizacion-2025-2026-publicacion-actualizadas-al-1-de-diciembre.pdf\">Horas-vacantes-para-titularizacion-2025-2026-publicacion-actualizadas-al-1-de-diciembre<\/a><a href=\"https:\/\/superior-infd.mendoza.edu.ar\/sitio\/wp-content\/uploads\/2025\/12\/Horas-vacantes-para-titularizacion-2025-2026-publicacion-actualizadas-al-1-de-diciembre.pdf\" class=\"wp-block-file__button wp-element-button\" download aria-describedby=\"wp-block-file--media-32528149-be04-421d-af16-5adfb84676a0\">Descarga<\/a><\/div>\n\n\n\n<hr class=\"wp-block-separator has-alpha-channel-opacity\"\/>\n\n\n\n<p class=\"has-background\" style=\"background-color:#ffc6ff\"><strong>Resoluci\u00f3n 2025-5966-E-GDEMZA-DGE<\/strong><\/p>\n\n\n\n<p><strong>Referencia:<\/strong> DGE &#8211; <strong>Rectif. RESOL-2025-5900-E-GDEMZA-DGE.<\/strong> Convocatoria a Concurso p\u00fablico y abierto de t\u00edtulos, antecedentes y oposici\u00f3n para la cobertura de horas c\u00e1tedra frente a estudiantes y cargos de Secretario, Bedel, Preceptor. Nivel Superior.<\/p>\n\n\n\n<div class=\"wp-block-file\"><object class=\"wp-block-file__embed\" data=\"https:\/\/superior-infd.mendoza.edu.ar\/sitio\/wp-content\/uploads\/2025\/11\/RESOL-2025-5966-E-GDEMZA-DGE-Rectif.-RESOL-2025-5900-E-GDEMZA-DGE.-Convocatoria-a-Concurso-publico-y-abierto-de-horas-cargos.pdf\" type=\"application\/pdf\" style=\"width:100%;height:600px\" aria-label=\"Incrustado de RESOL-2025-5966-E-GDEMZA-DGE-Rectif.-RESOL-2025-5900-E-GDEMZA-DGE.-Convocatoria-a-Concurso-publico-y-abierto-de-horas-cargos.\"><\/object><a id=\"wp-block-file--media-b69d0c70-d723-4458-bd20-51e2fccdc5d6\" href=\"https:\/\/superior-infd.mendoza.edu.ar\/sitio\/wp-content\/uploads\/2025\/11\/RESOL-2025-5966-E-GDEMZA-DGE-Rectif.-RESOL-2025-5900-E-GDEMZA-DGE.-Convocatoria-a-Concurso-publico-y-abierto-de-horas-cargos.pdf\">RESOL-2025-5966-E-GDEMZA-DGE-Rectif.-RESOL-2025-5900-E-GDEMZA-DGE.-Convocatoria-a-Concurso-publico-y-abierto-de-horas-cargos<\/a><a href=\"https:\/\/superior-infd.mendoza.edu.ar\/sitio\/wp-content\/uploads\/2025\/11\/RESOL-2025-5966-E-GDEMZA-DGE-Rectif.-RESOL-2025-5900-E-GDEMZA-DGE.-Convocatoria-a-Concurso-publico-y-abierto-de-horas-cargos.pdf\" class=\"wp-block-file__button wp-element-button\" download aria-describedby=\"wp-block-file--media-b69d0c70-d723-4458-bd20-51e2fccdc5d6\">Descarga<\/a><\/div>\n\n\n\n<hr class=\"wp-block-separator has-alpha-channel-opacity\"\/>\n\n\n\n<p class=\"has-background\" style=\"background-color:#ffc6ff\"><strong>Resoluci\u00f3n 2025<\/strong>&#8211;<strong>5900-E-GDEMZA-DGE<\/strong><\/p>\n\n\n\n<p><strong>Referencia<\/strong>: DGE &#8211; Conv\u00f3quese a Concurso p\u00fablico y abierto de t\u00edtulos, cargos de Secretario, Bedel y Preceptor.<\/p>\n\n\n\n<div class=\"wp-block-file\"><object class=\"wp-block-file__embed\" data=\"https:\/\/superior-infd.mendoza.edu.ar\/sitio\/wp-content\/uploads\/2025\/11\/RS-2025-5900-E-GDEMZA-DGE-Convoquese-a-Concurso-publico-y-abierto-de-titulos-cargos-de-Secretario-Bedel-y-Preceptor-1.pdf\" type=\"application\/pdf\" style=\"width:100%;height:600px\" aria-label=\"Incrustado de RS-2025-5900-E-GDEMZA-DGE-Convoquese-a-Concurso-publico-y-abierto-de-titulos-cargos-de-Secretario-Bedel-y-Preceptor-1.\"><\/object><a id=\"wp-block-file--media-5adcd45a-beff-4770-b573-f068bf3fe568\" href=\"https:\/\/superior-infd.mendoza.edu.ar\/sitio\/wp-content\/uploads\/2025\/11\/RS-2025-5900-E-GDEMZA-DGE-Convoquese-a-Concurso-publico-y-abierto-de-titulos-cargos-de-Secretario-Bedel-y-Preceptor-1.pdf\">RS-2025-5900-E-GDEMZA-DGE-Convoquese-a-Concurso-publico-y-abierto-de-titulos-cargos-de-Secretario-Bedel-y-Preceptor-1<\/a><a href=\"https:\/\/superior-infd.mendoza.edu.ar\/sitio\/wp-content\/uploads\/2025\/11\/RS-2025-5900-E-GDEMZA-DGE-Convoquese-a-Concurso-publico-y-abierto-de-titulos-cargos-de-Secretario-Bedel-y-Preceptor-1.pdf\" class=\"wp-block-file__button wp-element-button\" download aria-describedby=\"wp-block-file--media-5adcd45a-beff-4770-b573-f068bf3fe568\">Descarga<\/a><\/div>\n","protected":false},"excerpt":{"rendered":"<p>Nuevas vacantes Cronograma para el ofrecimiento horas c\u00e1tedra \u00d3rdenes de m\u00e9rito rectificados por resoluci\u00f3n de reclamos Agrupamientos -informe final- Vacantes al 25 de marzo de 2026 -consolidado- Vacantes al 19 de marzo de 2026 -tercera entrega- Vacantes al 19 de marzo de 2026 -segunda entrega- Vacantes al 19 de marzo de 2026 -primera entrega- Cronograma &#8230; <a title=\"Notificaciones y publicaciones (horas)\" class=\"read-more\" href=\"https:\/\/superior-infd.mendoza.edu.ar\/sitio\/notificaciones-y-publicaciones-horas\/\" aria-label=\"More on Notificaciones y publicaciones (horas)\">[+]<\/a><\/p>\n","protected":false},"author":17680,"featured_media":0,"parent":0,"menu_order":0,"comment_status":"closed","ping_status":"closed","template":"","meta":[],"acf":[],"_links":{"self":[{"href":"https:\/\/superior-infd.mendoza.edu.ar\/sitio\/wp-json\/wp\/v2\/pages\/25803"}],"collection":[{"href":"https:\/\/superior-infd.mendoza.edu.ar\/sitio\/wp-json\/wp\/v2\/pages"}],"about":[{"href":"https:\/\/superior-infd.mendoza.edu.ar\/sitio\/wp-json\/wp\/v2\/types\/page"}],"author":[{"embeddable":true,"href":"https:\/\/superior-infd.mendoza.edu.ar\/sitio\/wp-json\/wp\/v2\/users\/17680"}],"replies":[{"embeddable":true,"href":"https:\/\/superior-infd.mendoza.edu.ar\/sitio\/wp-json\/wp\/v2\/comments?post=25803"}],"version-history":[{"count":33,"href":"https:\/\/superior-infd.mendoza.edu.ar\/sitio\/wp-json\/wp\/v2\/pages\/25803\/revisions"}],"predecessor-version":[{"id":26281,"href":"https:\/\/superior-infd.mendoza.edu.ar\/sitio\/wp-json\/wp\/v2\/pages\/25803\/revisions\/26281"}],"wp:attachment":[{"href":"https:\/\/superior-infd.mendoza.edu.ar\/sitio\/wp-json\/wp\/v2\/media?parent=25803"}],"curies":[{"name":"wp","href":"https:\/\/api.w.org\/{rel}","templated":true}]}}