{"id":25794,"date":"2025-11-13T15:16:05","date_gmt":"2025-11-13T18:16:05","guid":{"rendered":"https:\/\/superior-infd.mendoza.edu.ar\/sitio\/?page_id=25794"},"modified":"2026-03-30T11:11:11","modified_gmt":"2026-03-30T14:11:11","slug":"notificaciones-y-publicaciones-cargos","status":"publish","type":"page","link":"https:\/\/superior-infd.mendoza.edu.ar\/sitio\/notificaciones-y-publicaciones-cargos\/","title":{"rendered":"Notificaciones y Publicaciones (cargos)"},"content":{"rendered":"\n<p class=\"has-contrast-color has-text-color has-background\" style=\"background-color:#e3a8e3\"><strong>Cronograma para el ofrecimiento de cargos<\/strong><\/p>\n\n\n\n<div class=\"wp-block-file\"><object class=\"wp-block-file__embed\" data=\"https:\/\/superior-infd.mendoza.edu.ar\/sitio\/wp-content\/uploads\/2026\/03\/Cronograma-para-el-ofrecimiento-de-cargos.pdf\" type=\"application\/pdf\" style=\"width:100%;height:600px\" aria-label=\"Incrustado de Cronograma para el ofrecimiento de cargos.\"><\/object><a id=\"wp-block-file--media-538fbf12-1c63-44e7-825e-971a76542679\" href=\"https:\/\/superior-infd.mendoza.edu.ar\/sitio\/wp-content\/uploads\/2026\/03\/Cronograma-para-el-ofrecimiento-de-cargos.pdf\">Cronograma para el ofrecimiento de cargos<\/a><a href=\"https:\/\/superior-infd.mendoza.edu.ar\/sitio\/wp-content\/uploads\/2026\/03\/Cronograma-para-el-ofrecimiento-de-cargos.pdf\" class=\"wp-block-file__button wp-element-button\" download aria-describedby=\"wp-block-file--media-538fbf12-1c63-44e7-825e-971a76542679\">Descarga<\/a><\/div>\n\n\n\n<p class=\"has-contrast-color has-text-color has-background\" style=\"background-color:#e3a8e3\"><strong>Agrupamientos -informe final-<\/strong><\/p>\n\n\n\n<iframe src=\"https:\/\/drive.google.com\/embeddedfolderview?id=1I9SIxXyHQmwP64BSCVYEpeNvqaprpP-T#list\" \n        style=\"width:100%; height:250px; border:0;\">\n<\/iframe>\n\n\n\n<p class=\"has-contrast-color has-text-color has-background\" style=\"background-color:#e3a8e3\"><strong>Vacantes al 25 de marzo de 2026<\/strong><\/p>\n\n\n\n<div class=\"wp-block-file\"><object class=\"wp-block-file__embed\" data=\"https:\/\/superior-infd.mendoza.edu.ar\/sitio\/wp-content\/uploads\/2026\/03\/Cargos-vacantes-al-25-de-marzo.pdf\" type=\"application\/pdf\" style=\"width:100%;height:600px\" aria-label=\"Incrustado de Cargos vacantes al 25 de marzo.\"><\/object><a id=\"wp-block-file--media-77e43cc3-f1d7-4a54-9b0c-87792f9b9ba0\" href=\"https:\/\/superior-infd.mendoza.edu.ar\/sitio\/wp-content\/uploads\/2026\/03\/Cargos-vacantes-al-25-de-marzo.pdf\">Cargos vacantes al 25 de marzo<\/a><a href=\"https:\/\/superior-infd.mendoza.edu.ar\/sitio\/wp-content\/uploads\/2026\/03\/Cargos-vacantes-al-25-de-marzo.pdf\" class=\"wp-block-file__button wp-element-button\" download aria-describedby=\"wp-block-file--media-77e43cc3-f1d7-4a54-9b0c-87792f9b9ba0\">Descarga<\/a><\/div>\n\n\n\n<p class=\"has-contrast-color has-text-color has-background\" style=\"background-color:#e3a8e3\"><strong>Vacantes al 19 de marzo de 2026<\/strong><\/p>\n\n\n\n<div class=\"wp-block-file\"><object class=\"wp-block-file__embed\" data=\"https:\/\/superior-infd.mendoza.edu.ar\/sitio\/wp-content\/uploads\/2026\/03\/Cargos-vacantes-al-19-de-marzo.pdf\" type=\"application\/pdf\" style=\"width:100%;height:600px\" aria-label=\"Incrustado de Cargos vacantes al 19 de marzo.\"><\/object><a id=\"wp-block-file--media-be17e9d3-d3ee-4e3e-a745-2df0d60aa617\" href=\"https:\/\/superior-infd.mendoza.edu.ar\/sitio\/wp-content\/uploads\/2026\/03\/Cargos-vacantes-al-19-de-marzo.pdf\">Cargos vacantes al 19 de marzo<\/a><a href=\"https:\/\/superior-infd.mendoza.edu.ar\/sitio\/wp-content\/uploads\/2026\/03\/Cargos-vacantes-al-19-de-marzo.pdf\" class=\"wp-block-file__button wp-element-button\" download aria-describedby=\"wp-block-file--media-be17e9d3-d3ee-4e3e-a745-2df0d60aa617\">Descarga<\/a><\/div>\n\n\n\n<p class=\"has-contrast-color has-text-color has-background\" style=\"background-color:#e3a8e3\"><strong>Defensas<\/strong><\/p>\n\n\n\n<iframe src=\"https:\/\/drive.google.com\/embeddedfolderview?id=1eHRpwJVXpzorowvliW16yDS3vy5oHrhh#list\" \n        style=\"width:100%; height:250px; border:0;\">\n<\/iframe>\n\n\n\n<p class=\"has-contrast-color has-text-color has-background\" style=\"background-color:#e3a8e3\"><strong>Notificaciones<\/strong><\/p>\n\n\n\n<iframe src=\"https:\/\/drive.google.com\/embeddedfolderview?id=1LdtzFa9B1JJrWiecLn1hfVm_DNuXBjrT#list\" \n        style=\"width:100%; height:250px; border:0;\">\n<\/iframe>\n\n\n\n<p class=\"has-contrast-color has-text-color has-background\" style=\"background-color:#e3a8e3\"><strong>Vacantes provisorias al 12\/02\/2026<\/strong><\/p>\n\n\n\n<div class=\"wp-block-file\"><object class=\"wp-block-file__embed\" data=\"https:\/\/superior-infd.mendoza.edu.ar\/sitio\/wp-content\/uploads\/2026\/02\/Cargos-vacantes-PROVISORIO-actualizado-al-12-de-febrero.pdf\" type=\"application\/pdf\" style=\"width:100%;height:600px\" aria-label=\"Incrustado de Cargos vacantes PROVISORIO actualizado al 12 de febrero.\"><\/object><a id=\"wp-block-file--media-427d780c-f96b-40e6-85b6-65655758e34c\" href=\"https:\/\/superior-infd.mendoza.edu.ar\/sitio\/wp-content\/uploads\/2026\/02\/Cargos-vacantes-PROVISORIO-actualizado-al-12-de-febrero.pdf\">Cargos vacantes PROVISORIO actualizado al 12 de febrero<\/a><a href=\"https:\/\/superior-infd.mendoza.edu.ar\/sitio\/wp-content\/uploads\/2026\/02\/Cargos-vacantes-PROVISORIO-actualizado-al-12-de-febrero.pdf\" class=\"wp-block-file__button wp-element-button\" download aria-describedby=\"wp-block-file--media-427d780c-f96b-40e6-85b6-65655758e34c\">Descarga<\/a><\/div>\n\n\n\n<p class=\"has-contrast-color has-text-color has-background\" style=\"background-color:#e3a8e3\"><strong>Listado de postulantes que presentaron plan de trabajo<\/strong><\/p>\n\n\n\n<div class=\"wp-block-file\"><object class=\"wp-block-file__embed\" data=\"https:\/\/superior-infd.mendoza.edu.ar\/sitio\/wp-content\/uploads\/2026\/02\/Concurso-de-cargos-postulantes-que-presentaron-plan-de-trabajo.pdf\" type=\"application\/pdf\" style=\"width:100%;height:600px\" aria-label=\"Incrustado de Concurso de cargos postulantes que presentaron plan de trabajo.\"><\/object><a id=\"wp-block-file--media-9504653f-ad96-4ef7-aa99-3dbf068507fe\" href=\"https:\/\/superior-infd.mendoza.edu.ar\/sitio\/wp-content\/uploads\/2026\/02\/Concurso-de-cargos-postulantes-que-presentaron-plan-de-trabajo.pdf\">Concurso de cargos postulantes que presentaron plan de trabajo<\/a><a href=\"https:\/\/superior-infd.mendoza.edu.ar\/sitio\/wp-content\/uploads\/2026\/02\/Concurso-de-cargos-postulantes-que-presentaron-plan-de-trabajo.pdf\" class=\"wp-block-file__button wp-element-button\" download aria-describedby=\"wp-block-file--media-9504653f-ad96-4ef7-aa99-3dbf068507fe\">Descarga<\/a><\/div>\n\n\n\n<p class=\"has-contrast-color has-text-color has-background\" style=\"background-color:#e3a8e3\"><sub><img decoding=\"async\" loading=\"lazy\" width=\"320\" height=\"320\" class=\"wp-image-26078\" style=\"width: 40px;\" src=\"https:\/\/superior-infd.mendoza.edu.ar\/sitio\/wp-content\/uploads\/2026\/02\/aviso-sf.png\" alt=\"\"><\/sub><strong>  <\/strong><strong>Aviso<\/strong><\/p>\n\n\n\n<p>Debido a la modificaci\u00f3n en la fecha de inicio de las actividades para todos los niveles del sistema, dispuesta oportunamente por la Direcci\u00f3n General de Escuelas, <strong>la actualizaci\u00f3n de las vacantes de horas y cargos afectadas al concurso de titularizaci\u00f3n ser\u00e1 publicada el d\u00eda 12 de febrero de 2026.<\/strong><\/p>\n\n\n\n<p class=\"has-contrast-color has-text-color has-background\" style=\"background-color:#e3a8e3\"><strong>Listado de postulantes inscriptos -Rectificativa-<\/strong><\/p>\n\n\n\n<div class=\"wp-block-file\"><object class=\"wp-block-file__embed\" data=\"https:\/\/superior-infd.mendoza.edu.ar\/sitio\/wp-content\/uploads\/2026\/02\/Listado-de-inscriptos-para-el-concurso-de-titularizacion-de-cargos_-puntajes-por-autotabulacion-rectificados.pdf\" type=\"application\/pdf\" style=\"width:100%;height:600px\" aria-label=\"Incrustado de Listado de inscriptos para el concurso de titularizaci\u00f3n de cargos_ puntajes por autotabulaci\u00f3n rectificados.\"><\/object><a id=\"wp-block-file--media-ba9e19ff-c472-424c-b849-f3300baa76de\" href=\"https:\/\/superior-infd.mendoza.edu.ar\/sitio\/wp-content\/uploads\/2026\/02\/Listado-de-inscriptos-para-el-concurso-de-titularizacion-de-cargos_-puntajes-por-autotabulacion-rectificados.pdf\">Listado de inscriptos para el concurso de titularizaci\u00f3n de cargos_ puntajes por autotabulaci\u00f3n rectificados<\/a><a href=\"https:\/\/superior-infd.mendoza.edu.ar\/sitio\/wp-content\/uploads\/2026\/02\/Listado-de-inscriptos-para-el-concurso-de-titularizacion-de-cargos_-puntajes-por-autotabulacion-rectificados.pdf\" class=\"wp-block-file__button wp-element-button\" download aria-describedby=\"wp-block-file--media-ba9e19ff-c472-424c-b849-f3300baa76de\">Descarga<\/a><\/div>\n\n\n\n<p class=\"has-contrast-color has-text-color has-background\" style=\"background-color:#e3a8e3\"><strong>Puntos para recepci\u00f3n de documentaci\u00f3n<\/strong><\/p>\n\n\n\n<div class=\"wp-block-file\"><object class=\"wp-block-file__embed\" data=\"https:\/\/superior-infd.mendoza.edu.ar\/sitio\/wp-content\/uploads\/2026\/02\/Puntos-para-la-recepcion-de-carpetas_-proyectos_programas_-concurso-2025_2026.pdf\" type=\"application\/pdf\" style=\"width:100%;height:600px\" aria-label=\"Incrustado de Puntos para la recepci\u00f3n de carpetas_ proyectos_programas_ concurso 2025_2026.\"><\/object><a id=\"wp-block-file--media-8351b678-c94b-40da-a881-c61d2eeb9a88\" href=\"https:\/\/superior-infd.mendoza.edu.ar\/sitio\/wp-content\/uploads\/2026\/02\/Puntos-para-la-recepcion-de-carpetas_-proyectos_programas_-concurso-2025_2026.pdf\">Puntos para la recepci\u00f3n de carpetas_ proyectos_programas_ concurso 2025_2026<\/a><a href=\"https:\/\/superior-infd.mendoza.edu.ar\/sitio\/wp-content\/uploads\/2026\/02\/Puntos-para-la-recepcion-de-carpetas_-proyectos_programas_-concurso-2025_2026.pdf\" class=\"wp-block-file__button wp-element-button\" download aria-describedby=\"wp-block-file--media-8351b678-c94b-40da-a881-c61d2eeb9a88\">Descarga<\/a><\/div>\n\n\n\n<p class=\"has-contrast-color has-text-color has-background\" style=\"background-color:#e3a8e3\"><strong>Listado de postulantes inscriptos<\/strong><\/p>\n\n\n\n<div class=\"wp-block-file\"><object class=\"wp-block-file__embed\" data=\"https:\/\/superior-infd.mendoza.edu.ar\/sitio\/wp-content\/uploads\/2025\/12\/Listado-de-postulantes-inscriptos-para-concurso-de-titularizacion-de-cargos.pdf\" type=\"application\/pdf\" style=\"width:100%;height:600px\" aria-label=\"Incrustado de Listado de postulantes inscriptos para concurso de titularizaci\u00f3n de cargos.\"><\/object><a id=\"wp-block-file--media-0879ba0e-1a2c-4932-b7fe-fcc52c7461af\" href=\"https:\/\/superior-infd.mendoza.edu.ar\/sitio\/wp-content\/uploads\/2025\/12\/Listado-de-postulantes-inscriptos-para-concurso-de-titularizacion-de-cargos.pdf\">Listado de postulantes inscriptos para concurso de titularizaci\u00f3n de cargos<\/a><a href=\"https:\/\/superior-infd.mendoza.edu.ar\/sitio\/wp-content\/uploads\/2025\/12\/Listado-de-postulantes-inscriptos-para-concurso-de-titularizacion-de-cargos.pdf\" class=\"wp-block-file__button wp-element-button\" download aria-describedby=\"wp-block-file--media-0879ba0e-1a2c-4932-b7fe-fcc52c7461af\">Descarga<\/a><\/div>\n\n\n\n<hr class=\"wp-block-separator has-alpha-channel-opacity\"\/>\n\n\n\n<p class=\"has-contrast-color has-text-color has-background\" style=\"background-color:#e3a8e3\"><strong>Vacantes provisorias al 01\/12\/2025<\/strong><\/p>\n\n\n\n<div class=\"wp-block-file\"><object class=\"wp-block-file__embed\" data=\"https:\/\/superior-infd.mendoza.edu.ar\/sitio\/wp-content\/uploads\/2025\/12\/Cargos-vacantes-PROVISORIO-actualizado-al-1-de-diciembre.pdf\" type=\"application\/pdf\" style=\"width:100%;height:600px\" aria-label=\"Incrustado de Cargos-vacantes-PROVISORIO-actualizado-al-1-de-diciembre.\"><\/object><a id=\"wp-block-file--media-efc6bace-7830-4f81-aa7c-3edd08113ed8\" href=\"https:\/\/superior-infd.mendoza.edu.ar\/sitio\/wp-content\/uploads\/2025\/12\/Cargos-vacantes-PROVISORIO-actualizado-al-1-de-diciembre.pdf\">Cargos-vacantes-PROVISORIO-actualizado-al-1-de-diciembre<\/a><a href=\"https:\/\/superior-infd.mendoza.edu.ar\/sitio\/wp-content\/uploads\/2025\/12\/Cargos-vacantes-PROVISORIO-actualizado-al-1-de-diciembre.pdf\" class=\"wp-block-file__button wp-element-button\" download aria-describedby=\"wp-block-file--media-efc6bace-7830-4f81-aa7c-3edd08113ed8\">Descarga<\/a><\/div>\n\n\n\n<hr class=\"wp-block-separator has-alpha-channel-opacity\"\/>\n\n\n\n<p class=\"has-contrast-color has-text-color has-background\" style=\"background-color:#e3a8e3\"><strong>Resoluci\u00f3n 2025-5966-E-GDEMZA-DGE<\/strong><\/p>\n\n\n\n<p><strong>Referencia<\/strong>: DGE &#8211; <strong>Rectif<\/strong>. <strong>Resoluci\u00f3n 2025<\/strong>&#8211;<strong>5900-E-GDEMZA-DGE<\/strong>.  Convocatoria a Concurso p\u00fablico y abierto de t\u00edtulos, antecedentes y oposici\u00f3n para la cobertura de horas c\u00e1tedra frente a estudiantes y cargos de Secretario, Bedel, Preceptor. Nivel Superior.<\/p>\n\n\n\n<div class=\"wp-block-file\"><object class=\"wp-block-file__embed\" data=\"https:\/\/superior-infd.mendoza.edu.ar\/sitio\/wp-content\/uploads\/2025\/11\/RESOL-2025-5966-E-GDEMZA-DGE-Rectif.-RESOL-2025-5900-E-GDEMZA-DGE.-Convocatoria-a-Concurso-publico-y-abierto-de-horas-cargos.pdf\" type=\"application\/pdf\" style=\"width:100%;height:600px\" aria-label=\"Incrustado de RESOL-2025-5966-E-GDEMZA-DGE-Rectif.-RESOL-2025-5900-E-GDEMZA-DGE.-Convocatoria-a-Concurso-publico-y-abierto-de-horas-cargos.\"><\/object><a id=\"wp-block-file--media-b69d0c70-d723-4458-bd20-51e2fccdc5d6\" href=\"https:\/\/superior-infd.mendoza.edu.ar\/sitio\/wp-content\/uploads\/2025\/11\/RESOL-2025-5966-E-GDEMZA-DGE-Rectif.-RESOL-2025-5900-E-GDEMZA-DGE.-Convocatoria-a-Concurso-publico-y-abierto-de-horas-cargos.pdf\">RESOL-2025-5966-E-GDEMZA-DGE-Rectif.-RESOL-2025-5900-E-GDEMZA-DGE.-Convocatoria-a-Concurso-publico-y-abierto-de-horas-cargos<\/a><a href=\"https:\/\/superior-infd.mendoza.edu.ar\/sitio\/wp-content\/uploads\/2025\/11\/RESOL-2025-5966-E-GDEMZA-DGE-Rectif.-RESOL-2025-5900-E-GDEMZA-DGE.-Convocatoria-a-Concurso-publico-y-abierto-de-horas-cargos.pdf\" class=\"wp-block-file__button wp-element-button\" download aria-describedby=\"wp-block-file--media-b69d0c70-d723-4458-bd20-51e2fccdc5d6\">Descarga<\/a><\/div>\n\n\n\n<hr class=\"wp-block-separator has-alpha-channel-opacity\"\/>\n\n\n\n<p class=\"has-background\" style=\"background-color:#e3a8e3\"><strong>Resoluci\u00f3n 2025<\/strong>&#8211;<strong>5900-E-GDEMZA-DGE<\/strong><\/p>\n\n\n\n<p><strong>Referencia<\/strong>: DGE &#8211; Conv\u00f3quese a Concurso p\u00fablico y abierto de t\u00edtulos, cargos de Secretario, Bedel y Preceptor.<\/p>\n\n\n\n<div class=\"wp-block-file\"><object class=\"wp-block-file__embed\" data=\"https:\/\/superior-infd.mendoza.edu.ar\/sitio\/wp-content\/uploads\/2025\/11\/RS-2025-5900-E-GDEMZA-DGE-Convoquese-a-Concurso-publico-y-abierto-de-titulos-cargos-de-Secretario-Bedel-y-Preceptor-1.pdf\" type=\"application\/pdf\" style=\"width:100%;height:600px\" aria-label=\"Incrustado de RS-2025-5900-E-GDEMZA-DGE-Convoquese-a-Concurso-publico-y-abierto-de-titulos-cargos-de-Secretario-Bedel-y-Preceptor-1.\"><\/object><a id=\"wp-block-file--media-5adcd45a-beff-4770-b573-f068bf3fe568\" href=\"https:\/\/superior-infd.mendoza.edu.ar\/sitio\/wp-content\/uploads\/2025\/11\/RS-2025-5900-E-GDEMZA-DGE-Convoquese-a-Concurso-publico-y-abierto-de-titulos-cargos-de-Secretario-Bedel-y-Preceptor-1.pdf\">RS-2025-5900-E-GDEMZA-DGE-Convoquese-a-Concurso-publico-y-abierto-de-titulos-cargos-de-Secretario-Bedel-y-Preceptor-1<\/a><a href=\"https:\/\/superior-infd.mendoza.edu.ar\/sitio\/wp-content\/uploads\/2025\/11\/RS-2025-5900-E-GDEMZA-DGE-Convoquese-a-Concurso-publico-y-abierto-de-titulos-cargos-de-Secretario-Bedel-y-Preceptor-1.pdf\" class=\"wp-block-file__button wp-element-button\" download aria-describedby=\"wp-block-file--media-5adcd45a-beff-4770-b573-f068bf3fe568\">Descarga<\/a><\/div>\n","protected":false},"excerpt":{"rendered":"<p>Cronograma para el ofrecimiento de cargos Agrupamientos -informe final- Vacantes al 25 de marzo de 2026 Vacantes al 19 de marzo de 2026 Defensas Notificaciones Vacantes provisorias al 12\/02\/2026 Listado de postulantes que presentaron plan de trabajo Aviso Debido a la modificaci\u00f3n en la fecha de inicio de las actividades para todos los niveles del &#8230; <a title=\"Notificaciones y Publicaciones (cargos)\" class=\"read-more\" href=\"https:\/\/superior-infd.mendoza.edu.ar\/sitio\/notificaciones-y-publicaciones-cargos\/\" aria-label=\"More on Notificaciones y Publicaciones (cargos)\">[+]<\/a><\/p>\n","protected":false},"author":17680,"featured_media":0,"parent":0,"menu_order":0,"comment_status":"closed","ping_status":"closed","template":"","meta":[],"acf":[],"_links":{"self":[{"href":"https:\/\/superior-infd.mendoza.edu.ar\/sitio\/wp-json\/wp\/v2\/pages\/25794"}],"collection":[{"href":"https:\/\/superior-infd.mendoza.edu.ar\/sitio\/wp-json\/wp\/v2\/pages"}],"about":[{"href":"https:\/\/superior-infd.mendoza.edu.ar\/sitio\/wp-json\/wp\/v2\/types\/page"}],"author":[{"embeddable":true,"href":"https:\/\/superior-infd.mendoza.edu.ar\/sitio\/wp-json\/wp\/v2\/users\/17680"}],"replies":[{"embeddable":true,"href":"https:\/\/superior-infd.mendoza.edu.ar\/sitio\/wp-json\/wp\/v2\/comments?post=25794"}],"version-history":[{"count":21,"href":"https:\/\/superior-infd.mendoza.edu.ar\/sitio\/wp-json\/wp\/v2\/pages\/25794\/revisions"}],"predecessor-version":[{"id":26283,"href":"https:\/\/superior-infd.mendoza.edu.ar\/sitio\/wp-json\/wp\/v2\/pages\/25794\/revisions\/26283"}],"wp:attachment":[{"href":"https:\/\/superior-infd.mendoza.edu.ar\/sitio\/wp-json\/wp\/v2\/media?parent=25794"}],"curies":[{"name":"wp","href":"https:\/\/api.w.org\/{rel}","templated":true}]}}