{"id":25252,"date":"2025-10-06T00:33:10","date_gmt":"2025-10-06T03:33:10","guid":{"rendered":"https:\/\/superior-infd.mendoza.edu.ar\/sitio\/?page_id=25252"},"modified":"2025-11-27T11:00:36","modified_gmt":"2025-11-27T14:00:36","slug":"ingreso","status":"publish","type":"page","link":"https:\/\/superior-infd.mendoza.edu.ar\/sitio\/ingreso\/","title":{"rendered":"Ingreso"},"content":{"rendered":"\n<figure class=\"wp-block-image size-full\"><img decoding=\"async\" loading=\"lazy\" width=\"2600\" height=\"600\" src=\"https:\/\/superior-infd.mendoza.edu.ar\/sitio\/wp-content\/uploads\/2025\/10\/INGRESO-1.png\" alt=\"\" class=\"wp-image-25253\" srcset=\"https:\/\/superior-infd.mendoza.edu.ar\/sitio\/wp-content\/uploads\/2025\/10\/INGRESO-1.png 2600w, https:\/\/superior-infd.mendoza.edu.ar\/sitio\/wp-content\/uploads\/2025\/10\/INGRESO-1-1000x231.png 1000w, https:\/\/superior-infd.mendoza.edu.ar\/sitio\/wp-content\/uploads\/2025\/10\/INGRESO-1-1900x438.png 1900w, https:\/\/superior-infd.mendoza.edu.ar\/sitio\/wp-content\/uploads\/2025\/10\/INGRESO-1-768x177.png 768w, https:\/\/superior-infd.mendoza.edu.ar\/sitio\/wp-content\/uploads\/2025\/10\/INGRESO-1-1536x354.png 1536w, https:\/\/superior-infd.mendoza.edu.ar\/sitio\/wp-content\/uploads\/2025\/10\/INGRESO-1-2048x473.png 2048w\" sizes=\"(max-width: 2600px) 100vw, 2600px\" \/><\/figure>\n\n\n\n<div class=\"wp-block-columns is-layout-flex wp-container-4\">\n<div class=\"wp-block-column is-layout-flow\"><div class=\"wp-block-image\">\n<figure class=\"aligncenter size-full is-resized\"><img decoding=\"async\" loading=\"lazy\" src=\"https:\/\/superior-infd.mendoza.edu.ar\/sitio\/wp-content\/uploads\/2025\/10\/modalidad.jpg\" alt=\"\" class=\"wp-image-25290\" width=\"210\" height=\"123\"\/><\/figure><\/div><\/div>\n\n\n\n<div class=\"wp-block-column is-layout-flow\"><div class=\"wp-block-image\">\n<figure class=\"aligncenter size-full is-resized\"><img decoding=\"async\" loading=\"lazy\" src=\"https:\/\/superior-infd.mendoza.edu.ar\/sitio\/wp-content\/uploads\/2025\/10\/destinatarios.jpeg\" alt=\"\" class=\"wp-image-25291\" width=\"125\" height=\"116\"\/><\/figure><\/div><\/div>\n\n\n\n<div class=\"wp-block-column is-layout-flow\"><div class=\"wp-block-image\">\n<figure class=\"aligncenter size-full is-resized\"><img decoding=\"async\" loading=\"lazy\" src=\"https:\/\/superior-infd.mendoza.edu.ar\/sitio\/wp-content\/uploads\/2025\/10\/documentos.jpg\" alt=\"\" class=\"wp-image-25292\" width=\"126\" height=\"126\"\/><\/figure><\/div><\/div>\n<\/div>\n\n\n\n<div class=\"wp-block-columns is-layout-flex wp-container-8\">\n<div class=\"wp-block-column is-layout-flow\">\n<p class=\"has-text-align-center\"><strong>MODALIDAD<\/strong><\/p>\n<\/div>\n\n\n\n<div class=\"wp-block-column is-layout-flow\">\n<p class=\"has-text-align-center\"><strong>DESTINADO A<\/strong><\/p>\n<\/div>\n\n\n\n<div class=\"wp-block-column is-layout-flow\">\n<p class=\"has-text-align-center\"><strong>DOCUMENTOS<\/strong><\/p>\n<\/div>\n<\/div>\n\n\n\n<div class=\"wp-block-columns is-layout-flex wp-container-12\">\n<div class=\"wp-block-column is-layout-flow\">\n<p class=\"has-text-align-center\"><em>Cursado en el IES de tu ciudad<\/em><\/p>\n<\/div>\n\n\n\n<div class=\"wp-block-column is-layout-flow\">\n<p class=\"has-text-align-center\"><em>Ingresantes 2026<\/em><\/p>\n<\/div>\n\n\n\n<div class=\"wp-block-column is-layout-flow\">\n<p class=\"has-text-align-center\"><a rel=\"noreferrer noopener\" href=\"https:\/\/www.mendoza.gov.ar\/wp-content\/uploads\/sites\/5\/2025\/08\/Resolucion-4708.pdf\" target=\"_blank\"><em>Resoluci\u00f3n <\/em>&#8211; <em>Anexo<\/em><\/a><\/p>\n<\/div>\n<\/div>\n\n\n\n<h5 class=\"wp-block-heading has-text-align-center has-text-color has-background\" style=\"color:#3cb4e5;background-color:#000f9f\"><strong>Ingreso 2026 &#8211; Material de estudio<\/strong><\/h5>\n\n\n\n<p class=\"has-text-align-center\"><strong>Por un acceso equitativo y de calidad a la Educaci\u00f3n Superior<\/strong><\/p>\n\n\n\n<p class=\"has-text-align-center\"><strong>Provincia de Mendoza \u2013 Resoluci\u00f3n N\u00b04708-DGE-25<\/strong><\/p>\n\n\n\n<p>La Direcci\u00f3n de Educaci\u00f3n Superior pone a disposici\u00f3n de los Institutos de gesti\u00f3n estatal y privada, as\u00ed como tambi\u00e9n de los aspirantes a las carreras de formaci\u00f3n inicial docente y t\u00e9cnica para el ciclo lectivo 2026, los cuadernillos de los siguientes m\u00f3dulos: <strong>\u00abRazonamiento l\u00f3gico y resoluci\u00f3n de problemas\u00bb <\/strong>y<strong> \u00abComprensi\u00f3n y producci\u00f3n de textos\u00bb.<\/strong><\/p>\n\n\n\n<p>Ambos documentos conforman la base del curso nivelatorio, seg\u00fan lo establecido en el \u201cDispositivo de Ingreso a la Educaci\u00f3n Superior\u201d (Resoluci\u00f3n 4708-DGE-25), cuya implementaci\u00f3n tiene car\u00e1cter unificado para todos los institutos y carreras, constituyendo el piso m\u00ednimo obligatorio en t\u00e9rminos de alcance y aplicaci\u00f3n.<\/p>\n\n\n\n<p><strong>Un paso estrat\u00e9gico hacia la calidad educativa<\/strong><\/p>\n\n\n\n<p>El prop\u00f3sito central del material brindado es garantizar la equidad en el ingreso.  Se trata de una acci\u00f3n estrat\u00e9gica que busca asegurar que todos los aspirantes cuenten con las mismas oportunidades de preparaci\u00f3n.  Su aplicaci\u00f3n implica el uso de est\u00e1ndares comunes en capacidades acad\u00e9micas b\u00e1sicas de Lengua y Matem\u00e1tica, considerados esenciales para el desarrollo exitoso de las trayectorias acad\u00e9micas en el nivel superior.<\/p>\n\n\n\n<p>La pol\u00edtica de publicaci\u00f3n y distribuci\u00f3n definida por la Resoluci\u00f3n N\u00b04708-DGE-25 garantiza el acceso universal al material, base para la evaluaci\u00f3n jurisdiccional de las condiciones acad\u00e9micas de ingreso.<\/p>\n\n\n\n<p><strong>La Comisi\u00f3n Mixta: garant\u00eda de participaci\u00f3n<\/strong><\/p>\n\n\n\n<p>Los cuadernillos presentados son el resultado del trabajo riguroso de una Comisi\u00f3n Mixta, integrada por el equipo t\u00e9cnico jurisdiccional y por docentes especialistas propuestos por los IES en los que se desempe\u00f1an.<\/p>\n\n\n\n<p>Esta comisi\u00f3n asegura la diversidad institucional, acad\u00e9mica y territorial. Adem\u00e1s, garantiza que el dispositivo de ingreso surja de un proceso abierto y participativo, centrado en las siguientes actividades:<\/p>\n\n\n\n<div class=\"wp-block-columns is-layout-flex wp-container-15\">\n<div class=\"wp-block-column is-layout-flow\"><div class=\"wp-block-image\">\n<figure class=\"aligncenter size-full is-resized\"><img decoding=\"async\" loading=\"lazy\" src=\"https:\/\/superior-infd.mendoza.edu.ar\/sitio\/wp-content\/uploads\/2025\/10\/uno.jpeg\" alt=\"\" class=\"wp-image-25322\" width=\"107\" height=\"108\"\/><\/figure><\/div><\/div>\n\n\n\n<div class=\"wp-block-column is-layout-flow\"><div class=\"wp-block-image\">\n<figure class=\"aligncenter size-full is-resized\"><img decoding=\"async\" loading=\"lazy\" src=\"https:\/\/superior-infd.mendoza.edu.ar\/sitio\/wp-content\/uploads\/2025\/10\/dos.jpeg\" alt=\"\" class=\"wp-image-25323\" width=\"108\" height=\"109\"\/><\/figure><\/div><\/div>\n<\/div>\n\n\n\n<div class=\"wp-block-columns is-layout-flex wp-container-18\">\n<div class=\"wp-block-column is-layout-flow\">\n<p class=\"has-text-align-center\"><strong>Construcci\u00f3n de un banco de recursos<\/strong><\/p>\n<\/div>\n\n\n\n<div class=\"wp-block-column is-layout-flow\">\n<p class=\"has-text-align-center\"><strong>Definici\u00f3n de instrumentos de evaluaci\u00f3n<\/strong><\/p>\n<\/div>\n<\/div>\n\n\n\n<div class=\"wp-block-columns is-layout-flex wp-container-21\">\n<div class=\"wp-block-column is-layout-flow\">\n<ul type=\"1\" start=\"1\">\n<li>Elaboraci\u00f3n de los cuadernillos de teor\u00eda y ejercitaci\u00f3n, a partir de la selecci\u00f3n y adaptaci\u00f3n de materiales propuestos por los IES.<\/li>\n\n\n\n<li>Definici\u00f3n de criterios comunes y elaboraci\u00f3n de los instrumentos mod\u00e9licos de evaluaci\u00f3n.<\/li>\n<\/ul>\n<\/div>\n\n\n\n<div class=\"wp-block-column is-layout-flow\">\n<ul>\n<li>Dise\u00f1o de los instrumentos de evaluaci\u00f3n jurisdiccional o validaci\u00f3n de los instrumentos de evaluaci\u00f3n dise\u00f1ados por los IES.<\/li>\n<\/ul>\n<\/div>\n<\/div>\n\n\n\n<p>Es importante mencionar que el proceso capitaliza la riqueza de lo trabajado en cada instituci\u00f3n, integr\u00e1ndolos y valid\u00e1ndolos a nivel jurisdiccional.<\/p>\n\n\n\n<hr class=\"wp-block-separator has-alpha-channel-opacity\"\/>\n\n\n\n<h2 class=\"wp-block-heading has-text-align-center has-contrast-color has-base-3-background-color has-text-color has-background\"><strong>M\u00f3dulos<\/strong><\/h2>\n\n\n\n<p class=\"has-text-color\" style=\"color:#c8a977\"><strong>1. M\u00f3dulo: \u00abRazonamiento l\u00f3gico y resoluci\u00f3n de problemas\u00bb<\/strong><\/p>\n\n\n\n<p class=\"has-text-color\" style=\"color:#c8a977\">Este m\u00f3dulo es fundamental para desarrollar el pensamiento l\u00f3gico, la capacidad de resoluci\u00f3n de problemas y la interpretaci\u00f3n de diversas representaciones (num\u00e9ricas, gr\u00e1ficas y algebraicas).<\/p>\n\n\n\n<div class=\"wp-block-columns is-layout-flex wp-container-24\">\n<div class=\"wp-block-column is-layout-flow\"><div class=\"wp-block-image\">\n<figure class=\"aligncenter size-full is-resized\"><a href=\"https:\/\/drive.google.com\/file\/d\/1sp6vecTAKRH1-laVHRJY2mVVwfEzUuqO\/view?usp=drive_link\" target=\"_blank\" rel=\"noreferrer noopener\"><img decoding=\"async\" loading=\"lazy\" src=\"https:\/\/superior-infd.mendoza.edu.ar\/sitio\/wp-content\/uploads\/2024\/10\/WhatsApp-Image-2024-10-01-at-11.11.00-3.jpeg\" alt=\"\" class=\"wp-image-24237\" width=\"88\" height=\"88\"\/><\/a><figcaption class=\"wp-element-caption\"><img decoding=\"async\" loading=\"lazy\" width=\"640\" height=\"640\" class=\"wp-image-25334\" style=\"width: 50px;\" src=\"https:\/\/superior-infd.mendoza.edu.ar\/sitio\/wp-content\/uploads\/2025\/10\/6416353.gif\" alt=\"\"><\/figcaption><\/figure><\/div>\n\n\n<p class=\"has-text-align-left has-text-color\" style=\"color:#000f9f\"><strong>Cuadernillo A (Teor\u00eda):<\/strong> plantea temas esenciales, tales como: conjuntos num\u00e9ricos, proporciones y porcentajes, lenguaje algebraico, funciones (lineales y cuadr\u00e1ticas), geometr\u00eda y trigonometr\u00eda, estad\u00edstica y probabilidad. Tambi\u00e9n aborda estrategias de razonamiento inductivo, deductivo y cr\u00edtico.<\/p>\n<\/div>\n\n\n\n<div class=\"wp-block-column is-layout-flow\"><div class=\"wp-block-image\">\n<figure class=\"aligncenter size-full is-resized\"><a href=\"https:\/\/drive.google.com\/file\/d\/12EN397r2jW6np5iEkHRL9XCBrNNOtcSp\/view?usp=drive_link\" target=\"_blank\" rel=\"noreferrer noopener\"><img decoding=\"async\" loading=\"lazy\" src=\"https:\/\/superior-infd.mendoza.edu.ar\/sitio\/wp-content\/uploads\/2024\/10\/WhatsApp-Image-2024-10-01-at-11.11.14-6.jpeg\" alt=\"\" class=\"wp-image-24245\" width=\"85\" height=\"84\"\/><\/a><figcaption class=\"wp-element-caption\"><img decoding=\"async\" loading=\"lazy\" width=\"640\" height=\"640\" class=\"wp-image-25334\" style=\"width: 50px;\" src=\"https:\/\/superior-infd.mendoza.edu.ar\/sitio\/wp-content\/uploads\/2025\/10\/6416353.gif\" alt=\"\"><\/figcaption><\/figure><\/div>\n\n\n<p class=\"has-text-color\" style=\"color:#3cb4e5\"><strong>Cuadernillo B (Ejercitaci\u00f3n):<\/strong> propone consignas aplicadas a escenarios reales que demandan an\u00e1lisis, interpretaci\u00f3n, modelizaci\u00f3n y toma de decisiones fundamentadas.<\/p>\n<\/div>\n<\/div>\n\n\n\n<p class=\"has-text-align-center\"><img decoding=\"async\" loading=\"lazy\" width=\"640\" height=\"640\" class=\"wp-image-25521\" style=\"width: 50px;\" src=\"https:\/\/superior-infd.mendoza.edu.ar\/sitio\/wp-content\/uploads\/2025\/10\/fleca-mod.gif\" alt=\"\"><a rel=\"noreferrer noopener\" href=\"https:\/\/drive.google.com\/file\/d\/1I946kMTtZmazglNTHEUcZ19QkSS1dKJ-\/view?usp=drive_link\" target=\"_blank\">Instrumento de evaluaci\u00f3n mod\u00e9lico<\/a><\/p>\n\n\n\n<hr class=\"wp-block-separator has-alpha-channel-opacity\"\/>\n\n\n\n<p class=\"has-text-color\" style=\"color:#c8a977\"><strong>2. M\u00f3dulo: \u00abComprensi\u00f3n y producci\u00f3n de textos\u00bb<\/strong><\/p>\n\n\n\n<p class=\"has-text-color\" style=\"color:#c8a977\">Este m\u00f3dulo busca fortalecer la lectura cr\u00edtica, la producci\u00f3n textual y la argumentaci\u00f3n, habilidades indispensables para el eficaz desempe\u00f1o acad\u00e9mico y profesional.<\/p>\n\n\n\n<div class=\"wp-block-columns is-layout-flex wp-container-27\">\n<div class=\"wp-block-column is-layout-flow\"><div class=\"wp-block-image\">\n<figure class=\"aligncenter size-full is-resized\"><a href=\"https:\/\/drive.google.com\/file\/d\/1ZiXEqza1ZxXk7xzpFr52OiKblrbiil6F\/view?usp=drive_link\" target=\"_blank\" rel=\"noreferrer noopener\"><img decoding=\"async\" loading=\"lazy\" src=\"https:\/\/superior-infd.mendoza.edu.ar\/sitio\/wp-content\/uploads\/2024\/10\/WhatsApp-Image-2024-10-01-at-11.11.00-3.jpeg\" alt=\"\" class=\"wp-image-24237\" width=\"88\" height=\"88\"\/><\/a><figcaption class=\"wp-element-caption\"><img decoding=\"async\" loading=\"lazy\" width=\"640\" height=\"640\" class=\"wp-image-25334\" style=\"width: 50px;\" src=\"https:\/\/superior-infd.mendoza.edu.ar\/sitio\/wp-content\/uploads\/2025\/10\/6416353.gif\" alt=\"\"><\/figcaption><\/figure><\/div>\n\n\n<p class=\"has-text-color\" style=\"color:#000f9f\"><strong>Cuadernillo A (Teor\u00eda):<\/strong> desarrolla concepciones b\u00e1sicas vinculadas a la comprensi\u00f3n lectora. Tambi\u00e9n aborda las propiedades fundamentales del texto (adecuaci\u00f3n, coherencia, cohesi\u00f3n), las tipolog\u00edas textuales (narrativa, expositiva, argumentativa) y las fases del proceso de escritura, entre otros temas.<\/p>\n<\/div>\n\n\n\n<div class=\"wp-block-column is-layout-flow\"><div class=\"wp-block-image\">\n<figure class=\"aligncenter size-full is-resized\"><a href=\"https:\/\/drive.google.com\/file\/d\/1LhKUZkBxeqXNHY4RKR7dSC_5lgkfymRY\/view?usp=drive_link\" target=\"_blank\" rel=\"noreferrer noopener\"><img decoding=\"async\" loading=\"lazy\" src=\"https:\/\/superior-infd.mendoza.edu.ar\/sitio\/wp-content\/uploads\/2024\/10\/WhatsApp-Image-2024-10-01-at-11.11.14-6.jpeg\" alt=\"\" class=\"wp-image-24245\" width=\"85\" height=\"84\"\/><\/a><figcaption class=\"wp-element-caption\"><img decoding=\"async\" loading=\"lazy\" width=\"640\" height=\"640\" class=\"wp-image-25334\" style=\"width: 50px;\" src=\"https:\/\/superior-infd.mendoza.edu.ar\/sitio\/wp-content\/uploads\/2025\/10\/6416353.gif\" alt=\"\"><\/figcaption><\/figure><\/div>\n\n\n<p class=\"has-text-color\" style=\"color:#3cb4e5\"><strong>Cuadernillo B (Ejercitaci\u00f3n):<\/strong> ofrece diversas actividades para que el aspirante pueda leer cr\u00edticamente, organizar informaci\u00f3n, producir textos coherentes y participar activamente en diferentes situaciones acad\u00e9micas, de forma oral y\/o escrita.<\/p>\n<\/div>\n<\/div>\n\n\n\n<p class=\"has-text-align-center\"><a href=\"https:\/\/drive.google.com\/file\/d\/1NGqrDuJ6dfjjfy09CQstnZiCMTEGEbFD\/view?usp=drive_link\" target=\"_blank\" rel=\"noreferrer noopener\"><img decoding=\"async\" loading=\"lazy\" width=\"640\" height=\"640\" class=\"wp-image-25521\" style=\"width: 50px;\" src=\"https:\/\/superior-infd.mendoza.edu.ar\/sitio\/wp-content\/uploads\/2025\/10\/fleca-mod.gif\" alt=\"\">Instrumento de evaluaci\u00f3n mod\u00e9lico<\/a><\/p>\n","protected":false},"excerpt":{"rendered":"<p>MODALIDAD DESTINADO A DOCUMENTOS Cursado en el IES de tu ciudad Ingresantes 2026 Resoluci\u00f3n &#8211; Anexo Ingreso 2026 &#8211; Material de estudio Por un acceso equitativo y de calidad a la Educaci\u00f3n Superior Provincia de Mendoza \u2013 Resoluci\u00f3n N\u00b04708-DGE-25 La Direcci\u00f3n de Educaci\u00f3n Superior pone a disposici\u00f3n de los Institutos de gesti\u00f3n estatal y privada, &#8230; <a title=\"Ingreso\" class=\"read-more\" href=\"https:\/\/superior-infd.mendoza.edu.ar\/sitio\/ingreso\/\" aria-label=\"More on Ingreso\">[+]<\/a><\/p>\n","protected":false},"author":17680,"featured_media":0,"parent":0,"menu_order":0,"comment_status":"closed","ping_status":"closed","template":"","meta":[],"acf":[],"_links":{"self":[{"href":"https:\/\/superior-infd.mendoza.edu.ar\/sitio\/wp-json\/wp\/v2\/pages\/25252"}],"collection":[{"href":"https:\/\/superior-infd.mendoza.edu.ar\/sitio\/wp-json\/wp\/v2\/pages"}],"about":[{"href":"https:\/\/superior-infd.mendoza.edu.ar\/sitio\/wp-json\/wp\/v2\/types\/page"}],"author":[{"embeddable":true,"href":"https:\/\/superior-infd.mendoza.edu.ar\/sitio\/wp-json\/wp\/v2\/users\/17680"}],"replies":[{"embeddable":true,"href":"https:\/\/superior-infd.mendoza.edu.ar\/sitio\/wp-json\/wp\/v2\/comments?post=25252"}],"version-history":[{"count":22,"href":"https:\/\/superior-infd.mendoza.edu.ar\/sitio\/wp-json\/wp\/v2\/pages\/25252\/revisions"}],"predecessor-version":[{"id":25899,"href":"https:\/\/superior-infd.mendoza.edu.ar\/sitio\/wp-json\/wp\/v2\/pages\/25252\/revisions\/25899"}],"wp:attachment":[{"href":"https:\/\/superior-infd.mendoza.edu.ar\/sitio\/wp-json\/wp\/v2\/media?parent=25252"}],"curies":[{"name":"wp","href":"https:\/\/api.w.org\/{rel}","templated":true}]}}