{"id":25185,"date":"2025-09-24T12:03:49","date_gmt":"2025-09-24T15:03:49","guid":{"rendered":"https:\/\/superior-infd.mendoza.edu.ar\/sitio\/?page_id=25185"},"modified":"2025-09-26T13:14:05","modified_gmt":"2025-09-26T16:14:05","slug":"asesoria-legal-en-linea-gratuita","status":"publish","type":"page","link":"https:\/\/superior-infd.mendoza.edu.ar\/sitio\/asesoria-legal-en-linea-gratuita\/","title":{"rendered":"Asesor\u00eda legal en l\u00ednea -gratuita-"},"content":{"rendered":"\n<figure class=\"wp-block-image size-full\"><img decoding=\"async\" loading=\"lazy\" width=\"1599\" height=\"238\" src=\"https:\/\/superior-infd.mendoza.edu.ar\/sitio\/wp-content\/uploads\/2025\/09\/trabajo1.jpg\" alt=\"\" class=\"wp-image-25192\" srcset=\"https:\/\/superior-infd.mendoza.edu.ar\/sitio\/wp-content\/uploads\/2025\/09\/trabajo1.jpg 1599w, https:\/\/superior-infd.mendoza.edu.ar\/sitio\/wp-content\/uploads\/2025\/09\/trabajo1-1000x149.jpg 1000w, https:\/\/superior-infd.mendoza.edu.ar\/sitio\/wp-content\/uploads\/2025\/09\/trabajo1-768x114.jpg 768w, https:\/\/superior-infd.mendoza.edu.ar\/sitio\/wp-content\/uploads\/2025\/09\/trabajo1-1536x229.jpg 1536w\" sizes=\"(max-width: 1599px) 100vw, 1599px\" \/><\/figure>\n\n\n\n<p>En articulaci\u00f3n entre la Subsecretar\u00eda de Trabajo y Empleo y la Direcci\u00f3n de Educaci\u00f3n Superior se trabaja en un espacio de consultor\u00eda, donde los estudiantes de Educaci\u00f3n Superior pueden a trav\u00e9s de ese correo hacer consultas en forma gratuita sobre leyes laborales, reg\u00edmenes de trabajo, inserci\u00f3n laboral, etc..<\/p>\n\n\n\n<p><strong><em>Realiz\u00e1 tus consultas al correo electr\u00f3nico:<\/em><\/strong><\/p>\n\n\n\n<p class=\"has-text-align-center\"><img decoding=\"async\" loading=\"lazy\" width=\"640\" height=\"640\" class=\"wp-image-25187\" style=\"width: 80px;\" src=\"https:\/\/superior-infd.mendoza.edu.ar\/sitio\/wp-content\/uploads\/2025\/09\/14674244.gif\" alt=\"\"><strong><a rel=\"noreferrer noopener\" href=\"mailto:asesoriajovenes@gmail.com\" target=\"_blank\">asesoriajovenes@gmail.com<\/a><\/strong><\/p>\n\n\n\n<p><\/p>\n","protected":false},"excerpt":{"rendered":"<p>En articulaci\u00f3n entre la Subsecretar\u00eda de Trabajo y Empleo y la Direcci\u00f3n de Educaci\u00f3n Superior se trabaja en un espacio de consultor\u00eda, donde los estudiantes de Educaci\u00f3n Superior pueden a trav\u00e9s de ese correo hacer consultas en forma gratuita sobre leyes laborales, reg\u00edmenes de trabajo, inserci\u00f3n laboral, etc.. Realiz\u00e1 tus consultas al correo electr\u00f3nico: asesoriajovenes@gmail.com<\/p>\n","protected":false},"author":17680,"featured_media":0,"parent":0,"menu_order":0,"comment_status":"closed","ping_status":"closed","template":"","meta":[],"acf":[],"_links":{"self":[{"href":"https:\/\/superior-infd.mendoza.edu.ar\/sitio\/wp-json\/wp\/v2\/pages\/25185"}],"collection":[{"href":"https:\/\/superior-infd.mendoza.edu.ar\/sitio\/wp-json\/wp\/v2\/pages"}],"about":[{"href":"https:\/\/superior-infd.mendoza.edu.ar\/sitio\/wp-json\/wp\/v2\/types\/page"}],"author":[{"embeddable":true,"href":"https:\/\/superior-infd.mendoza.edu.ar\/sitio\/wp-json\/wp\/v2\/users\/17680"}],"replies":[{"embeddable":true,"href":"https:\/\/superior-infd.mendoza.edu.ar\/sitio\/wp-json\/wp\/v2\/comments?post=25185"}],"version-history":[{"count":8,"href":"https:\/\/superior-infd.mendoza.edu.ar\/sitio\/wp-json\/wp\/v2\/pages\/25185\/revisions"}],"predecessor-version":[{"id":25209,"href":"https:\/\/superior-infd.mendoza.edu.ar\/sitio\/wp-json\/wp\/v2\/pages\/25185\/revisions\/25209"}],"wp:attachment":[{"href":"https:\/\/superior-infd.mendoza.edu.ar\/sitio\/wp-json\/wp\/v2\/media?parent=25185"}],"curies":[{"name":"wp","href":"https:\/\/api.w.org\/{rel}","templated":true}]}}