{"id":24927,"date":"2025-06-23T23:23:13","date_gmt":"2025-06-24T02:23:13","guid":{"rendered":"https:\/\/superior-infd.mendoza.edu.ar\/sitio\/?page_id=24927"},"modified":"2026-03-11T22:32:45","modified_gmt":"2026-03-12T01:32:45","slug":"educacion-digital","status":"publish","type":"page","link":"https:\/\/superior-infd.mendoza.edu.ar\/sitio\/educacion-digital\/","title":{"rendered":"Educaci\u00f3n Digital"},"content":{"rendered":"\n<figure class=\"wp-block-image size-large\"><img decoding=\"async\" loading=\"lazy\" width=\"1900\" height=\"438\" src=\"https:\/\/superior-infd.mendoza.edu.ar\/sitio\/wp-content\/uploads\/2025\/11\/EDUCACION-DIGITAL-1900x438.png\" alt=\"\" class=\"wp-image-25640\" srcset=\"https:\/\/superior-infd.mendoza.edu.ar\/sitio\/wp-content\/uploads\/2025\/11\/EDUCACION-DIGITAL-1900x438.png 1900w, https:\/\/superior-infd.mendoza.edu.ar\/sitio\/wp-content\/uploads\/2025\/11\/EDUCACION-DIGITAL-1000x231.png 1000w, https:\/\/superior-infd.mendoza.edu.ar\/sitio\/wp-content\/uploads\/2025\/11\/EDUCACION-DIGITAL-768x177.png 768w, https:\/\/superior-infd.mendoza.edu.ar\/sitio\/wp-content\/uploads\/2025\/11\/EDUCACION-DIGITAL-1536x354.png 1536w, https:\/\/superior-infd.mendoza.edu.ar\/sitio\/wp-content\/uploads\/2025\/11\/EDUCACION-DIGITAL-2048x473.png 2048w\" sizes=\"(max-width: 1900px) 100vw, 1900px\" \/><\/figure>\n\n\n\n<p>Responsable del \u00e1rea:&nbsp;<strong>Lic. Marina Rita Ficcardi<\/strong><\/p>\n\n\n\n<p><strong>&nbsp; <\/strong><img decoding=\"async\" loading=\"lazy\" width=\"59\" height=\"53\" class=\"wp-image-25482\" style=\"width: 59px;\" src=\"https:\/\/superior-infd.mendoza.edu.ar\/sitio\/wp-content\/uploads\/2025\/10\/0JBZukkcRg.png\" alt=\"\">  <strong>Contacto del<\/strong>&nbsp;<strong>\u00e1rea<\/strong>:&nbsp;educaciondigital-superior@mendoza.edu.ar<\/p>\n\n\n\n<div class=\"wp-block-columns is-layout-flex wp-container-7\">\n<div class=\"wp-block-column is-layout-flow\">\n<div class=\"wp-block-buttons is-content-justification-center is-layout-flex wp-container-1\">\n<div class=\"wp-block-button has-custom-width wp-block-button__width-100 has-custom-font-size has-medium-font-size\"><a class=\"wp-block-button__link has-base-3-color has-text-color has-background wp-element-button\" href=\"https:\/\/superior-infd.mendoza.edu.ar\/sitio\/repositorio-ed\/\" style=\"background:linear-gradient(180deg,rgba(6,147,227,1) 0%,rgb(155,81,224) 100%)\" target=\"_blank\" rel=\"noreferrer noopener\"><strong>Repositorio<\/strong><\/a><\/div>\n<\/div>\n<\/div>\n\n\n\n<div class=\"wp-block-column is-layout-flow\">\n<div class=\"wp-block-buttons alignwide is-content-justification-center is-layout-flex wp-container-3\">\n<div class=\"wp-block-button has-custom-width wp-block-button__width-100 has-custom-font-size has-medium-font-size\"><a class=\"wp-block-button__link has-background wp-element-button\" href=\"https:\/\/superior-infd.mendoza.edu.ar\/sitio\/plataforma\/\" style=\"background:linear-gradient(180deg,rgba(6,147,227,1) 0%,rgb(155,81,224) 100%)\" target=\"_blank\" rel=\"noreferrer noopener\"><strong>Plataforma<\/strong><\/a><\/div>\n<\/div>\n<\/div>\n\n\n\n<div class=\"wp-block-column is-layout-flow\">\n<div class=\"wp-block-buttons is-layout-flex\">\n<div class=\"wp-block-button has-custom-width wp-block-button__width-100 has-custom-font-size is-style-fill has-medium-font-size\"><a class=\"wp-block-button__link has-background wp-element-button\" style=\"background:linear-gradient(180deg,rgba(6,147,227,1) 0%,rgb(155,81,224) 100%)\"><strong>Recursos<\/strong><\/a><\/div>\n<\/div>\n<\/div>\n<\/div>\n\n\n\n<hr class=\"wp-block-separator has-alpha-channel-opacity\"\/>\n\n\n\n<p class=\"has-text-align-center\"><strong>Oferta Educativa de Educaci\u00f3n a Distancia (EAD)<\/strong><\/p>\n\n\n\n<div class=\"wp-block-columns is-layout-flex wp-container-12\">\n<div class=\"wp-block-column is-layout-flow\">\n<div class=\"wp-block-buttons is-content-justification-center is-layout-flex wp-container-8\">\n<div class=\"wp-block-button has-custom-width wp-block-button__width-100 has-custom-font-size has-medium-font-size\"><a class=\"wp-block-button__link has-base-3-color has-text-color has-background wp-element-button\" href=\"https:\/\/www.mendoza.edu.ar\/oferta-de-ead-formacion-inicial\/\" style=\"background:linear-gradient(180deg,rgba(6,147,227,1) 0%,rgb(155,81,224) 100%)\" target=\"_blank\" rel=\"noreferrer noopener\"><strong>Formaci\u00f3n Inicial EAD<\/strong><\/a><\/div>\n<\/div>\n<\/div>\n\n\n\n<div class=\"wp-block-column is-layout-flow\">\n<div class=\"wp-block-buttons is-content-justification-center is-layout-flex wp-container-10\">\n<div class=\"wp-block-button has-custom-width wp-block-button__width-100 has-custom-font-size has-medium-font-size\"><a class=\"wp-block-button__link has-base-3-color has-text-color has-background wp-element-button\" href=\"https:\/\/www.mendoza.edu.ar\/subsecretaria-de-educacion\/superior\/ed\/carreras-de-educacion-a-distancia-provincial\/\" style=\"background:linear-gradient(180deg,rgba(6,147,227,1) 0%,rgb(155,81,224) 100%)\" target=\"_blank\" rel=\"noreferrer noopener\"><strong>Formaci\u00f3n Continua EAD<\/strong><\/a><\/div>\n<\/div>\n<\/div>\n<\/div>\n","protected":false},"excerpt":{"rendered":"<p>Responsable del \u00e1rea:&nbsp;Lic. Marina Rita Ficcardi &nbsp; Contacto del&nbsp;\u00e1rea:&nbsp;educaciondigital-superior@mendoza.edu.ar Oferta Educativa de Educaci\u00f3n a Distancia (EAD)<\/p>\n","protected":false},"author":2549,"featured_media":0,"parent":0,"menu_order":0,"comment_status":"closed","ping_status":"closed","template":"","meta":[],"acf":[],"_links":{"self":[{"href":"https:\/\/superior-infd.mendoza.edu.ar\/sitio\/wp-json\/wp\/v2\/pages\/24927"}],"collection":[{"href":"https:\/\/superior-infd.mendoza.edu.ar\/sitio\/wp-json\/wp\/v2\/pages"}],"about":[{"href":"https:\/\/superior-infd.mendoza.edu.ar\/sitio\/wp-json\/wp\/v2\/types\/page"}],"author":[{"embeddable":true,"href":"https:\/\/superior-infd.mendoza.edu.ar\/sitio\/wp-json\/wp\/v2\/users\/2549"}],"replies":[{"embeddable":true,"href":"https:\/\/superior-infd.mendoza.edu.ar\/sitio\/wp-json\/wp\/v2\/comments?post=24927"}],"version-history":[{"count":11,"href":"https:\/\/superior-infd.mendoza.edu.ar\/sitio\/wp-json\/wp\/v2\/pages\/24927\/revisions"}],"predecessor-version":[{"id":26192,"href":"https:\/\/superior-infd.mendoza.edu.ar\/sitio\/wp-json\/wp\/v2\/pages\/24927\/revisions\/26192"}],"wp:attachment":[{"href":"https:\/\/superior-infd.mendoza.edu.ar\/sitio\/wp-json\/wp\/v2\/media?parent=24927"}],"curies":[{"name":"wp","href":"https:\/\/api.w.org\/{rel}","templated":true}]}}