{"id":24176,"date":"2024-10-02T21:49:56","date_gmt":"2024-10-03T00:49:56","guid":{"rendered":"https:\/\/superior-infd.mendoza.edu.ar\/sitio\/?page_id=24176"},"modified":"2025-10-28T21:14:51","modified_gmt":"2025-10-29T00:14:51","slug":"jornadas-de-educacion-digital-experiencias-desafios-y-oportunidades","status":"publish","type":"page","link":"https:\/\/superior-infd.mendoza.edu.ar\/sitio\/jornadas-de-educacion-digital-experiencias-desafios-y-oportunidades\/","title":{"rendered":"Jornadas de Educaci\u00f3n Digital: experiencias, desaf\u00edos y oportunidades"},"content":{"rendered":"\n<div class=\"wp-block-columns is-layout-flex wp-container-6\">\n<div class=\"wp-block-column is-layout-flow\">\n<div class=\"wp-block-columns is-layout-flex wp-container-4\">\n<div class=\"wp-block-column is-layout-flow\"><div class=\"wp-block-image\">\n<figure class=\"aligncenter size-full is-resized\"><img decoding=\"async\" loading=\"lazy\" src=\"https:\/\/superior-infd.mendoza.edu.ar\/sitio\/wp-content\/uploads\/2024\/10\/desktop-computer-icon-computer-screen-symbol-illustration-free-vector-4.jpg\" alt=\"\" class=\"wp-image-24254\" width=\"200\" height=\"113\"\/><\/figure><\/div>\n\n\n<p class=\"has-text-align-center\"><strong>MODALIDAD<\/strong><\/p>\n\n\n\n<p class=\"has-text-align-center\">Presencial Sincr\u00f3nico<\/p>\n<\/div>\n\n\n\n<div class=\"wp-block-column is-layout-flow\"><div class=\"wp-block-image\">\n<figure class=\"aligncenter size-full is-resized\"><img decoding=\"async\" loading=\"lazy\" src=\"https:\/\/superior-infd.mendoza.edu.ar\/sitio\/wp-content\/uploads\/2024\/10\/WhatsApp-Image-2024-10-01-at-18.49.14-1.jpeg\" alt=\"\" class=\"wp-image-24260\" width=\"113\" height=\"113\"\/><\/figure><\/div>\n\n\n<p class=\"has-text-align-center\"><strong>DESTINADO A<\/strong><\/p>\n\n\n\n<p class=\"has-text-align-center\">Docentes de Educaci\u00f3n Superior<\/p>\n<\/div>\n\n\n\n<div class=\"wp-block-column is-layout-flow\"><div class=\"wp-block-image\">\n<figure class=\"aligncenter size-full is-resized\"><a href=\"https:\/\/forms.gle\/qsDeF7i8gUH9t4oj9\"><img decoding=\"async\" loading=\"lazy\" src=\"https:\/\/superior-infd.mendoza.edu.ar\/sitio\/wp-content\/uploads\/2024\/10\/360_F_516832852_AVaDJQB6Ajo66fUllseVA2hpAuLyvf5F-2.jpg\" alt=\"\" class=\"wp-image-24255\" width=\"113\" height=\"113\"\/><\/a><\/figure><\/div>\n\n\n<p class=\"has-text-align-center has-contrast-color has-text-color\"><strong>FORMULARIO DE INSCRIPCI\u00d3N<\/strong><\/p>\n<\/div>\n<\/div>\n<\/div>\n<\/div>\n\n\n\n<p class=\"has-medium-font-size\"><strong>Objetivos de la Jornada<\/strong><\/p>\n\n\n\n<div class=\"wp-block-columns is-layout-flex wp-container-9\">\n<div class=\"wp-block-column is-layout-flow\"><div class=\"wp-block-image\">\n<figure class=\"aligncenter size-full is-resized\"><img decoding=\"async\" loading=\"lazy\" src=\"https:\/\/superior-infd.mendoza.edu.ar\/sitio\/wp-content\/uploads\/2024\/10\/WhatsApp-Image-2024-10-01-at-11.11.00-3.jpeg\" alt=\"\" class=\"wp-image-24237\" width=\"82\" height=\"82\"\/><\/figure><\/div>\n\n\n<p class=\"has-text-align-center has-text-color\" style=\"color:#000f9f\">Compartir experiencias de ense\u00f1anza, aprendizaje y evaluaci\u00f3n desarrolladas en el marco de pr\u00e1cticas pedag\u00f3gicas emergentes con tecnolog\u00edas digitales.<\/p>\n<\/div>\n\n\n\n<div class=\"wp-block-column is-layout-flow\"><div class=\"wp-block-image\">\n<figure class=\"aligncenter size-full is-resized\"><img decoding=\"async\" loading=\"lazy\" src=\"https:\/\/superior-infd.mendoza.edu.ar\/sitio\/wp-content\/uploads\/2024\/10\/WhatsApp-Image-2024-10-01-at-11.11.14-6.jpeg\" alt=\"\" class=\"wp-image-24245\" width=\"82\" height=\"82\"\/><\/figure><\/div>\n\n\n<p class=\"has-text-align-center has-text-color\" style=\"color:#3cb4e5\">Fomentar el di\u00e1logo entre docentes para compartir experiencias y mejores pr\u00e1cticas en el dise\u00f1o de pr\u00e1cticas de educaci\u00f3n digital.<\/p>\n<\/div>\n<\/div>\n\n\n\n<div class=\"wp-block-columns is-layout-flex wp-container-12\">\n<div class=\"wp-block-column is-layout-flow\"><div class=\"wp-block-image\">\n<figure class=\"aligncenter size-full is-resized\"><img decoding=\"async\" loading=\"lazy\" src=\"https:\/\/superior-infd.mendoza.edu.ar\/sitio\/wp-content\/uploads\/2024\/10\/WhatsApp-Image-2024-10-01-at-11.31.59-2.jpeg\" alt=\"\" class=\"wp-image-24244\" width=\"82\" height=\"82\"\/><\/figure><\/div>\n\n\n<p class=\"has-text-align-center has-text-color\" style=\"color:#c8a977\">Promover el desarrollo de una mirada anal\u00edtica y reflexiva acerca de las propias pr\u00e1cticas de ense\u00f1anza mediadas por tecnolog\u00edas digitales.<\/p>\n<\/div>\n\n\n\n<div class=\"wp-block-column is-layout-flow\"><div class=\"wp-block-image\">\n<figure class=\"aligncenter size-full is-resized\"><img decoding=\"async\" loading=\"lazy\" src=\"https:\/\/superior-infd.mendoza.edu.ar\/sitio\/wp-content\/uploads\/2024\/10\/WhatsApp-Image-2024-10-01-at-11.11.40-2.jpeg\" alt=\"\" class=\"wp-image-24227\" width=\"82\" height=\"82\"\/><\/figure><\/div>\n\n\n<p class=\"has-text-align-center has-text-color\" style=\"color:#39a39b\">Promover el uso efectivo de las tecnolog\u00edas digitales para la mediaci\u00f3n pedag\u00f3gica en modalidad combinada y a distancia.<\/p>\n<\/div>\n<\/div>\n\n\n\n<p class=\"has-medium-font-size\"><strong>Ejes Tem\u00e1ticos<\/strong><\/p>\n\n\n\n<div class=\"wp-block-columns is-layout-flex wp-container-15\">\n<div class=\"wp-block-column is-layout-flow\"><div class=\"wp-block-image\">\n<figure class=\"aligncenter size-full is-resized\"><img decoding=\"async\" loading=\"lazy\" src=\"https:\/\/superior-infd.mendoza.edu.ar\/sitio\/wp-content\/uploads\/2024\/10\/WhatsApp-Image-2024-10-01-at-11.09.27-5.jpeg\" alt=\"\" class=\"wp-image-24236\" width=\"78\" height=\"78\"\/><\/figure><\/div>\n\n\n<p class=\"has-text-align-center has-text-color\" style=\"color:#000f9f\"><strong>Eje 1: Desarrollo de la competencia digital de los estudiantes. Alfabetizaci\u00f3n medi\u00e1tica e informacional.<\/strong><\/p>\n\n\n\n<p class=\"has-text-align-center\">Incorporaci\u00f3n en las pr\u00e1cticas de ense\u00f1anza actividades, tareas y evaluaciones que requieran b\u00fasqueda de informaci\u00f3n, organizar, almacenar y recuperar datos, informaci\u00f3n y contenidos<br>en entornos digitales.<\/p>\n<\/div>\n\n\n\n<div class=\"wp-block-column is-layout-flow\"><div class=\"wp-block-image\">\n<figure class=\"aligncenter size-full is-resized\"><img decoding=\"async\" loading=\"lazy\" src=\"https:\/\/superior-infd.mendoza.edu.ar\/sitio\/wp-content\/uploads\/2024\/10\/WhatsApp-Image-2024-10-01-at-11.10.08-1.jpeg\" alt=\"\" class=\"wp-image-24240\" width=\"78\" height=\"78\"\/><\/figure><\/div>\n\n\n<p class=\"has-text-align-center has-text-color\" style=\"color:#3cb4e5\"><strong>Eje 2: Pr\u00e1cticas pedag\u00f3gicas en educaci\u00f3n digital<\/strong><\/p>\n\n\n\n<p>                                                                                                         Propuestas de ense\u00f1anza y aprendizaje en escenarios digitales. Innovaci\u00f3n pedag\u00f3gica con tecnolog\u00edas digitales (uso de metodolog\u00edas activas, gamificaci\u00f3n, simuladores, laboratorios<br>virtuales, etc.). Obst\u00e1culos y tensiones acerca de las pr\u00e1cticas de ense\u00f1anza y el aprendizaje en escenarios digitales. Dispositivos de evaluaci\u00f3n enriquecidos con tecnolog\u00edas digitales.<\/p>\n<\/div>\n<\/div>\n\n\n\n<div class=\"wp-block-columns is-layout-flex wp-container-18\">\n<div class=\"wp-block-column is-layout-flow\"><div class=\"wp-block-image\">\n<figure class=\"aligncenter size-full is-resized\"><img decoding=\"async\" loading=\"lazy\" src=\"https:\/\/superior-infd.mendoza.edu.ar\/sitio\/wp-content\/uploads\/2024\/10\/WhatsApp-Image-2024-10-01-at-11.31.45.jpeg\" alt=\"\" class=\"wp-image-24243\" width=\"78\" height=\"78\"\/><\/figure><\/div>\n\n\n<p class=\"has-text-align-center has-text-color\" style=\"color:#c8a977\"><strong>Eje 3: Contenidos digitales y su aplicaci\u00f3n en los distintos espacios educativos<\/strong><\/p>\n\n\n\n<p class=\"has-text-align-center\">Experiencias como productores de materiales did\u00e1cticos digitales (multimedia, podcast, videos). Uso de memes con fines pedag\u00f3gicos. Experiencias como productores de contenidos<br>educativos con Inteligencia artificial generativa.<\/p>\n<\/div>\n\n\n\n<div class=\"wp-block-column is-layout-flow\"><div class=\"wp-block-image\">\n<figure class=\"aligncenter size-full is-resized\"><img decoding=\"async\" loading=\"lazy\" src=\"https:\/\/superior-infd.mendoza.edu.ar\/sitio\/wp-content\/uploads\/2024\/10\/WhatsApp-Image-2024-10-01-at-11.10.43-1.jpeg\" alt=\"\" class=\"wp-image-24242\" width=\"78\" height=\"78\"\/><\/figure><\/div>\n\n\n<p class=\"has-text-align-center has-text-color\" style=\"color:#39a39b\"><strong>Eje 4: Gesti\u00f3n de la educaci\u00f3n digital<\/strong><\/p>\n\n\n\n<p class=\"has-text-align-center\">                                                                                                   Escenarios institucionales: condiciones, posibilidades e impacto de la implementaci\u00f3n de la educaci\u00f3n digital. Dispositivos institucionales de acompa\u00f1amiento a docentes y\/o estudiantes.<br>Sistema tutorial. Formaci\u00f3n para las pr\u00e1cticas docentes mediadas por tecnolog\u00edas digitales.<\/p>\n<\/div>\n<\/div>\n\n\n\n<p class=\"has-medium-font-size\"><strong>Cronograma<\/strong> (para acceder hacer clic en las im\u00e1genes)<\/p>\n\n\n\n<div class=\"wp-block-columns is-layout-flex wp-container-21\">\n<div class=\"wp-block-column is-layout-flow\"><div class=\"wp-block-image\">\n<figure class=\"alignright size-full is-resized\"><a href=\"https:\/\/docs.google.com\/document\/d\/1aQFrY2E8LBnWuKKFK-EPNfLMwmYn8Kzn\/edit?usp=sharing&amp;ouid=111404081642312251070&amp;rtpof=true&amp;sd=true\"><img decoding=\"async\" loading=\"lazy\" src=\"https:\/\/superior-infd.mendoza.edu.ar\/sitio\/wp-content\/uploads\/2024\/10\/WhatsApp-Image-2024-10-01-at-17.14.32.jpeg\" alt=\"\" class=\"wp-image-24249\" width=\"186\" height=\"186\"\/><\/a><\/figure><\/div><\/div>\n\n\n\n<div class=\"wp-block-column is-layout-flow\"><div class=\"wp-block-image\">\n<figure class=\"alignleft size-full is-resized\"><a href=\"https:\/\/docs.google.com\/document\/d\/1wT1VSd35OIW8YcIglNQYJpsYXBApBIwa\/edit?usp=sharing&amp;ouid=111404081642312251070&amp;rtpof=true&amp;sd=true\"><img decoding=\"async\" loading=\"lazy\" src=\"https:\/\/superior-infd.mendoza.edu.ar\/sitio\/wp-content\/uploads\/2024\/10\/WhatsApp-Image-2024-10-01-at-17.14.50.jpeg\" alt=\"\" class=\"wp-image-24250\" width=\"186\" height=\"186\"\/><\/a><\/figure><\/div><\/div>\n<\/div>\n\n\n\n<p class=\"has-text-align-left has-base-3-color has-midnight-gradient-background has-text-color has-background\"><img decoding=\"async\" loading=\"lazy\" width=\"640\" height=\"640\" class=\"wp-image-25479\" style=\"width: 100px;\" src=\"https:\/\/superior-infd.mendoza.edu.ar\/sitio\/wp-content\/uploads\/2025\/10\/video.gif\" alt=\"\">   <strong>Lista de videos de las Jornadas<\/strong><\/p>\n\n\n\n<figure class=\"wp-block-embed is-type-video is-provider-youtube wp-block-embed-youtube wp-embed-aspect-16-9 wp-has-aspect-ratio\"><div class=\"wp-block-embed__wrapper\">\n<iframe loading=\"lazy\" title=\"Jornadas de Educaci\u00f3n Digital: experiencias, desaf\u00edos y oportunidades\" width=\"1200\" height=\"675\" src=\"https:\/\/www.youtube.com\/embed\/videoseries?list=PLU9ppvJLHPUcx8mck324VEdRH0GTXA5FO\" frameborder=\"0\" allow=\"accelerometer; autoplay; clipboard-write; encrypted-media; gyroscope; picture-in-picture; web-share\" referrerpolicy=\"strict-origin-when-cross-origin\" allowfullscreen><\/iframe>\n<\/div><\/figure>\n","protected":false},"excerpt":{"rendered":"<p>MODALIDAD Presencial Sincr\u00f3nico DESTINADO A Docentes de Educaci\u00f3n Superior FORMULARIO DE INSCRIPCI\u00d3N Objetivos de la Jornada Compartir experiencias de ense\u00f1anza, aprendizaje y evaluaci\u00f3n desarrolladas en el marco de pr\u00e1cticas pedag\u00f3gicas emergentes con tecnolog\u00edas digitales. Fomentar el di\u00e1logo entre docentes para compartir experiencias y mejores pr\u00e1cticas en el dise\u00f1o de pr\u00e1cticas de educaci\u00f3n digital. Promover el &#8230; <a title=\"Jornadas de Educaci\u00f3n Digital: experiencias, desaf\u00edos y oportunidades\" class=\"read-more\" href=\"https:\/\/superior-infd.mendoza.edu.ar\/sitio\/jornadas-de-educacion-digital-experiencias-desafios-y-oportunidades\/\" aria-label=\"More on Jornadas de Educaci\u00f3n Digital: experiencias, desaf\u00edos y oportunidades\">[+]<\/a><\/p>\n","protected":false},"author":2548,"featured_media":0,"parent":0,"menu_order":0,"comment_status":"closed","ping_status":"closed","template":"","meta":[],"acf":[],"_links":{"self":[{"href":"https:\/\/superior-infd.mendoza.edu.ar\/sitio\/wp-json\/wp\/v2\/pages\/24176"}],"collection":[{"href":"https:\/\/superior-infd.mendoza.edu.ar\/sitio\/wp-json\/wp\/v2\/pages"}],"about":[{"href":"https:\/\/superior-infd.mendoza.edu.ar\/sitio\/wp-json\/wp\/v2\/types\/page"}],"author":[{"embeddable":true,"href":"https:\/\/superior-infd.mendoza.edu.ar\/sitio\/wp-json\/wp\/v2\/users\/2548"}],"replies":[{"embeddable":true,"href":"https:\/\/superior-infd.mendoza.edu.ar\/sitio\/wp-json\/wp\/v2\/comments?post=24176"}],"version-history":[{"count":29,"href":"https:\/\/superior-infd.mendoza.edu.ar\/sitio\/wp-json\/wp\/v2\/pages\/24176\/revisions"}],"predecessor-version":[{"id":25480,"href":"https:\/\/superior-infd.mendoza.edu.ar\/sitio\/wp-json\/wp\/v2\/pages\/24176\/revisions\/25480"}],"wp:attachment":[{"href":"https:\/\/superior-infd.mendoza.edu.ar\/sitio\/wp-json\/wp\/v2\/media?parent=24176"}],"curies":[{"name":"wp","href":"https:\/\/api.w.org\/{rel}","templated":true}]}}