{"id":20292,"date":"2023-03-19T18:46:07","date_gmt":"2023-03-19T21:46:07","guid":{"rendered":"https:\/\/superior-infd.mendoza.edu.ar\/sitio\/?page_id=20292"},"modified":"2023-04-10T11:13:06","modified_gmt":"2023-04-10T14:13:06","slug":"tabulacion-de-proyectos-por-agrupamiento","status":"publish","type":"page","link":"https:\/\/superior-infd.mendoza.edu.ar\/sitio\/tabulacion-de-proyectos-por-agrupamiento\/","title":{"rendered":"Tabulaci\u00f3n de proyectos por agrupamiento"},"content":{"rendered":"\n<p>La segunda etapa es la de oposici\u00f3n, para la que se han recibido 1.000 proyectos que consisten en la elaboraci\u00f3n y presentaci\u00f3n, en el marco del proyecto de c\u00e1tedra, de la planificaci\u00f3n de una unidad de ense\u00f1anza-aprendizaje del espacio curricular en el que se concursa, con al menos una secuencia did\u00e1ctica. La tabulaci\u00f3n se encuentra en proceso,  y los resultados se est\u00e1n notificando a los postulantes.<\/p>\n\n\n\n<p class=\"has-text-color has-medium-font-size\" style=\"color:#f65006\"><strong>Publicaci\u00f3n de los resultados de la tabulaci\u00f3n de los proyectos presentados por agrupamiento:<\/strong><\/p>\n\n\n\n<p class=\"has-medium-font-size\">&#x1f4dd; <strong><a rel=\"noreferrer noopener\" href=\"https:\/\/drive.google.com\/file\/d\/1t71ikx5rN0lBumvVHPZtGsFXGWX2EyP4\/view?usp=share_link\" data-type=\"URL\" data-id=\"https:\/\/drive.google.com\/file\/d\/1t71ikx5rN0lBumvVHPZtGsFXGWX2EyP4\/view?usp=share_link\" target=\"_blank\">Resultado de tabulaci\u00f3n de proyectos. Agrupamiento 28<\/a><\/strong><\/p>\n\n\n\n<p class=\"has-medium-font-size\">&#x1f4dd; <a href=\"https:\/\/drive.google.com\/file\/d\/15SScTL1nep3jHIjHXM--QFDSVL61-EnB\/view?usp=share_link\" data-type=\"URL\" data-id=\"https:\/\/drive.google.com\/file\/d\/15SScTL1nep3jHIjHXM--QFDSVL61-EnB\/view?usp=share_link\"><strong>Resultado de tabulaci\u00f3n de proyectos. Agrupamiento 26 y 43<\/strong><\/a><\/p>\n\n\n\n<p class=\"has-medium-font-size\"><strong> &#x1f4dd;<a rel=\"noreferrer noopener\" href=\"https:\/\/drive.google.com\/file\/d\/1OyKGVasdnKGHDE0zhyoJLxGhjq65wbsH\/view?usp=share_link\" data-type=\"URL\" data-id=\"https:\/\/drive.google.com\/file\/d\/1OyKGVasdnKGHDE0zhyoJLxGhjq65wbsH\/view?usp=share_link\" target=\"_blank\">Resultado de tabulaci\u00f3n de proyectos. Agrupamiento 36<\/a><\/strong><\/p>\n\n\n\n<p class=\"has-medium-font-size\"><strong>&#x1f4dd;<a rel=\"noreferrer noopener\" href=\"https:\/\/drive.google.com\/file\/d\/12nedTBYt8LEx5pwQQDfx4wyiZNz56ubk\/view?usp=share_link\" data-type=\"URL\" data-id=\"https:\/\/drive.google.com\/file\/d\/12nedTBYt8LEx5pwQQDfx4wyiZNz56ubk\/view?usp=share_link\" target=\"_blank\">Resultado de tabulaci\u00f3n de proyectos. Agrupamiento 31 y 47<\/a><\/strong><\/p>\n\n\n\n<p class=\"has-medium-font-size\">&#x1f4dd;<a rel=\"noreferrer noopener\" href=\"https:\/\/drive.google.com\/file\/d\/1Ru-rkXPRjNQnszb1Bbd056fYlDqpW9Ha\/view?usp=sharing\" data-type=\"URL\" data-id=\"https:\/\/drive.google.com\/file\/d\/1Ru-rkXPRjNQnszb1Bbd056fYlDqpW9Ha\/view?usp=sharing\" target=\"_blank\"><strong>Resultado de tabulaci\u00f3n de proyectos. Agrupamiento 21<\/strong><\/a><\/p>\n\n\n\n<p class=\"has-medium-font-size\">&#x1f4dd;<a rel=\"noreferrer noopener\" href=\"https:\/\/drive.google.com\/file\/d\/1ke_Qtl6zI3Ydjk8u0E_4LWOYhIOMAWGK\/view?usp=sharing\" data-type=\"URL\" data-id=\"https:\/\/drive.google.com\/file\/d\/1ke_Qtl6zI3Ydjk8u0E_4LWOYhIOMAWGK\/view?usp=sharing\" target=\"_blank\"><strong>Resultado de tabulaci\u00f3n de proyectos. Agrupamiento 50<\/strong><\/a><\/p>\n\n\n\n<p class=\"has-medium-font-size\">&#x1f4dd;<a href=\"https:\/\/drive.google.com\/file\/d\/1W0EK49d0Kn7uieuI8ZD9fDgnZMnRTr8j\/view?usp=sharing\" data-type=\"URL\" data-id=\"https:\/\/drive.google.com\/file\/d\/1W0EK49d0Kn7uieuI8ZD9fDgnZMnRTr8j\/view?usp=sharing\" target=\"_blank\" rel=\"noreferrer noopener\"><strong>Resultado de tabulaci\u00f3n de proyectos. Agrupamiento 40 y 41<\/strong><\/a><\/p>\n\n\n\n<p class=\"has-medium-font-size\">&#x1f4dd;<strong><a rel=\"noreferrer noopener\" href=\"https:\/\/drive.google.com\/file\/d\/1G11pe9KarnXfnjWjCdonqcuykKYdsPc8\/view?usp=sharing\" data-type=\"URL\" data-id=\"https:\/\/drive.google.com\/file\/d\/1G11pe9KarnXfnjWjCdonqcuykKYdsPc8\/view?usp=sharing\" target=\"_blank\">Resultado de tabulaci\u00f3n de proyectos. Agrupamiento 38<\/a><\/strong><\/p>\n\n\n\n<p class=\"has-medium-font-size\">&#x1f4dd;<a href=\"https:\/\/drive.google.com\/file\/d\/1AIqQMCsAicRSDktST9yaYIxNGJY0LB3c\/view?usp=sharing\" data-type=\"URL\" data-id=\"https:\/\/drive.google.com\/file\/d\/1AIqQMCsAicRSDktST9yaYIxNGJY0LB3c\/view?usp=sharing\" target=\"_blank\" rel=\"noreferrer noopener\"><strong>Resultado de tabulaci\u00f3n de proyectos. Agrupamiento 2<\/strong><\/a><\/p>\n\n\n\n<p class=\"has-medium-font-size\">&#x1f4dd;<strong><a rel=\"noreferrer noopener\" href=\"https:\/\/drive.google.com\/file\/d\/1T2LLRfuZ99kVWRhwW7CqV5tEK5c2HOlv\/view?usp=sharing\" data-type=\"URL\" data-id=\"https:\/\/drive.google.com\/file\/d\/1T2LLRfuZ99kVWRhwW7CqV5tEK5c2HOlv\/view?usp=sharing\" target=\"_blank\">Resultado de tabulaci\u00f3n de proyectos. Agrupamiento 39<\/a><\/strong><\/p>\n\n\n\n<p class=\"has-medium-font-size\">&#x1f4dd;<strong><a href=\"https:\/\/drive.google.com\/file\/d\/10JmQc6TIrH4onlXFv7e8F0CydchG0-bb\/view?usp=sharing\" data-type=\"URL\" data-id=\"https:\/\/drive.google.com\/file\/d\/10JmQc6TIrH4onlXFv7e8F0CydchG0-bb\/view?usp=sharing\" target=\"_blank\" rel=\"noreferrer noopener\">Resultado de tabulaci\u00f3n de proyectos. Agrupamiento 37<\/a><\/strong><\/p>\n\n\n\n<p class=\"has-medium-font-size\">&#x1f4dd;<strong><a href=\"https:\/\/drive.google.com\/file\/d\/1p4ABQahBC9XUQtAow9DuwslP-N7X0kfO\/view?usp=sharing\" data-type=\"URL\" data-id=\"https:\/\/drive.google.com\/file\/d\/1p4ABQahBC9XUQtAow9DuwslP-N7X0kfO\/view?usp=sharing\" target=\"_blank\" rel=\"noreferrer noopener\">Resultado de tabulaci\u00f3n de proyectos. Agrupamiento 14<\/a><\/strong><\/p>\n\n\n\n<p class=\"has-medium-font-size\">&#x1f4dd;<strong><a href=\"https:\/\/drive.google.com\/file\/d\/1E_eVsqRbocGlBxeYQTCHa4vbmZ_bwRM3\/view?usp=sharing\" data-type=\"URL\" data-id=\"https:\/\/drive.google.com\/file\/d\/1E_eVsqRbocGlBxeYQTCHa4vbmZ_bwRM3\/view?usp=sharing\" target=\"_blank\" rel=\"noreferrer noopener\">Resultado de tabulaci\u00f3n de proyectos. Agrupamiento 1b<\/a><\/strong><\/p>\n\n\n\n<p class=\"has-medium-font-size\">&#x1f4dd;<strong><a href=\"https:\/\/drive.google.com\/file\/d\/1udT3qoUaC8RLaUb4pL6lbAhdDSLv4p2N\/view?usp=sharing\" data-type=\"URL\" data-id=\"https:\/\/drive.google.com\/file\/d\/1udT3qoUaC8RLaUb4pL6lbAhdDSLv4p2N\/view?usp=sharing\" target=\"_blank\" rel=\"noreferrer noopener\">Resultado de tabulaci\u00f3n de proyectos. Agrupamiento 32<\/a><\/strong><\/p>\n\n\n\n<p class=\"has-medium-font-size\">&#x1f4dd;<a href=\"https:\/\/drive.google.com\/file\/d\/1l_QZLjHJyY9d7aZzCvfa1AZaKmQuTolY\/view?usp=sharing\" data-type=\"URL\" data-id=\"https:\/\/drive.google.com\/file\/d\/1l_QZLjHJyY9d7aZzCvfa1AZaKmQuTolY\/view?usp=sharing\" target=\"_blank\" rel=\"noreferrer noopener\"><strong>Resultado de tabulaci\u00f3n de proyectos. Agrupamiento 27<\/strong><\/a><\/p>\n\n\n\n<p class=\"has-medium-font-size\">&#x1f4dd;<strong><a href=\"https:\/\/drive.google.com\/file\/d\/1MPs5q7BmR-yROi-1lK_uhaVDoSlNz9uT\/view?usp=sharing\" target=\"_blank\" rel=\"noreferrer noopener\">Resultado de tabulaci\u00f3n de proyectos. Agrupamiento 6<\/a><\/strong><\/p>\n\n\n\n<p class=\"has-medium-font-size\">&#x1f4dd;<a rel=\"noreferrer noopener\" href=\"https:\/\/drive.google.com\/file\/d\/1PALiQycBy2eXx8n5znqEdph-ydVZpZDX\/view?usp=sharing\" data-type=\"URL\" data-id=\"https:\/\/drive.google.com\/file\/d\/1PALiQycBy2eXx8n5znqEdph-ydVZpZDX\/view?usp=sharing\" target=\"_blank\"><strong>Resultado de tabulaci\u00f3n de proyectos. Agrupamiento 23<\/strong><\/a><\/p>\n\n\n\n<p class=\"has-medium-font-size\">&#x1f4dd;<strong><a href=\"https:\/\/drive.google.com\/file\/d\/1eJh3wUl6Q-bLNHNpoPIFc4fzlLb05uGh\/view?usp=sharing\">Resultado de tabulaci\u00f3n de proyectos. Agrupamiento 46<\/a><\/strong><\/p>\n\n\n\n<p class=\"has-medium-font-size\">&#x1f4dd;<strong><a href=\"https:\/\/drive.google.com\/file\/d\/12SIl3KyIp9zvKMqOU7tw1HUbYyQ66Rp7\/view?usp=sharing\" target=\"_blank\" rel=\"noreferrer noopener\">Resultado de tabulaci\u00f3n de proyectos. Agrupamiento 24<\/a><\/strong><\/p>\n\n\n\n<p class=\"has-medium-font-size\">&#x1f4dd;<a href=\"https:\/\/drive.google.com\/file\/d\/1cIutgY-T12qeULGAfNPQoQEIKdosGqS_\/view?usp=sharing\"><strong>Re<\/strong><\/a><a href=\"https:\/\/drive.google.com\/file\/d\/1cIutgY-T12qeULGAfNPQoQEIKdosGqS_\/view?usp=sharing\" target=\"_blank\" rel=\"noreferrer noopener\"><strong>sultado de tabulaci\u00f3n de proyectos. Agrupamiento 19<\/strong><\/a><\/p>\n\n\n\n<p class=\"has-medium-font-size\">&#x1f4dd;<a rel=\"noreferrer noopener\" href=\"https:\/\/drive.google.com\/file\/d\/1D9XDd30bxUyhWnXcNO8csBXZ9qlFyeSr\/view?usp=sharing\" data-type=\"URL\" data-id=\"https:\/\/drive.google.com\/file\/d\/1D9XDd30bxUyhWnXcNO8csBXZ9qlFyeSr\/view?usp=sharing\" target=\"_blank\"><strong>Resultado de tabulaci\u00f3n de proyectos. Agrupamiento 12<\/strong><\/a><\/p>\n\n\n\n<p class=\"has-medium-font-size\">&#x1f4dd;<strong><a href=\"https:\/\/drive.google.com\/file\/d\/1IzIkOca2HU0E-XTOklx4ewtEQYZcMOfN\/view?usp=sharing\" data-type=\"URL\" data-id=\"https:\/\/drive.google.com\/file\/d\/1IzIkOca2HU0E-XTOklx4ewtEQYZcMOfN\/view?usp=sharing\" target=\"_blank\" rel=\"noreferrer noopener\">Resultado de tabulaci\u00f3n de proyectos. Agrupamiento 3<\/a><\/strong><\/p>\n\n\n\n<p class=\"has-medium-font-size\">&#x1f4dd;<strong><a href=\"https:\/\/drive.google.com\/file\/d\/1iAgVXo8y0LN5DjSJSEpd9iTq3qB562hE\/view?usp=sharing\" target=\"_blank\" rel=\"noreferrer noopener\">Resultado de tabulaci\u00f3n de proyectos. Agrupamiento 33<\/a><\/strong><\/p>\n\n\n\n<p class=\"has-medium-font-size\">&#x1f4dd;<strong><a href=\"https:\/\/drive.google.com\/file\/d\/1u_tKfC6ykXMSCJ2ywMrmaGFKSMTN-8Tt\/view?usp=sharing\" target=\"_blank\" rel=\"noreferrer noopener\">Resultado de tabulaci\u00f3n de proyectos. Agrupamiento 20<\/a><\/strong><\/p>\n\n\n\n<p class=\"has-medium-font-size\">&#x1f4dd;<strong><a href=\"https:\/\/drive.google.com\/file\/d\/1uXQq57QKVNXVBTMwuU7ULq1jt2HUH2_6\/view?usp=sharing\" target=\"_blank\" rel=\"noreferrer noopener\">Resultado de tabulaci\u00f3n de proyectos. Agrupamiento 42<\/a><\/strong><\/p>\n\n\n\n<p class=\"has-medium-font-size\">&#x1f4dd;<strong><a rel=\"noreferrer noopener\" href=\"https:\/\/drive.google.com\/file\/d\/1RGFcXdJsZOetZkgQFtsCkdKOsTkfb5qO\/view?usp=sharing\" target=\"_blank\">Resultado de tabulaci\u00f3n de proyectos. Agrupamiento 16<\/a><\/strong><\/p>\n\n\n\n<p class=\"has-medium-font-size\">&#x1f4dd;<strong><a href=\"https:\/\/drive.google.com\/file\/d\/1tpiQY1KfmSfsQQUoURSkeRQCrOv7aDCJ\/view?usp=sharing\" target=\"_blank\" rel=\"noreferrer noopener\">Resultado de tabulaci\u00f3n de proyectos. Agrupamiento 5<\/a><\/strong><\/p>\n\n\n\n<p class=\"has-medium-font-size\">&#x1f4dd;<strong><a href=\"https:\/\/drive.google.com\/file\/d\/13GO6KTsHps3N0tbUL6bv6xbuX0Ys4Wn9\/view?usp=sharing\" target=\"_blank\" rel=\"noreferrer noopener\">Resultado de tabulaci\u00f3n de proyectos. Agrupamiento 37<\/a><\/strong><\/p>\n\n\n\n<p class=\"has-medium-font-size\">&#x1f4dd;<a rel=\"noreferrer noopener\" href=\"https:\/\/drive.google.com\/file\/d\/14azTFJ4_JFi2t1kFhpMNeELy_MgvZMO4\/view?usp=sharing\" data-type=\"URL\" data-id=\"https:\/\/drive.google.com\/file\/d\/14azTFJ4_JFi2t1kFhpMNeELy_MgvZMO4\/view?usp=sharing\" target=\"_blank\"><strong>Resultado de tabulaci\u00f3n de proyectos. Agrupamiento 13<\/strong><\/a><\/p>\n\n\n\n<p class=\"has-medium-font-size\">&#x1f4dd;<a rel=\"noreferrer noopener\" href=\"https:\/\/drive.google.com\/file\/d\/1lADDZ_JFTiUcWVgOpz20RuKQHlBjDG3P\/view?usp=sharing\" data-type=\"URL\" data-id=\"https:\/\/drive.google.com\/file\/d\/1lADDZ_JFTiUcWVgOpz20RuKQHlBjDG3P\/view?usp=sharing\" target=\"_blank\"><strong>Resultado de tabulaci\u00f3n de proyectos. Agrupamiento 11<\/strong><\/a><\/p>\n\n\n\n<p class=\"has-medium-font-size\">&#x1f4dd;<a href=\"https:\/\/drive.google.com\/file\/d\/19PmFZyWjLHriW-knfgWmQFn-fnzu4_KG\/view?usp=sharing\" data-type=\"URL\" data-id=\"https:\/\/drive.google.com\/file\/d\/19PmFZyWjLHriW-knfgWmQFn-fnzu4_KG\/view?usp=sharing\" target=\"_blank\" rel=\"noreferrer noopener\"><strong>Resultado de tabulaci\u00f3n de proyectos. Agrupamiento 29<\/strong><\/a><\/p>\n\n\n\n<p class=\"has-medium-font-size\">&#x1f4dd;<strong><a rel=\"noreferrer noopener\" href=\"https:\/\/drive.google.com\/file\/d\/1lQ2wX-WCNshqHjDFtf2Ya2PCqXAUwMfE\/view?usp=sharing\" target=\"_blank\">Resultado de tabulaci\u00f3n de proyectos. Agrupamiento 45<\/a><\/strong><\/p>\n\n\n\n<p class=\"has-medium-font-size\">&#x1f4dd;<strong><a rel=\"noreferrer noopener\" href=\"https:\/\/drive.google.com\/file\/d\/1xUp_gVIMZryrdDfSF5hiPfcrXmhjm-BP\/view?usp=sharing\" data-type=\"URL\" data-id=\"https:\/\/drive.google.com\/file\/d\/1xUp_gVIMZryrdDfSF5hiPfcrXmhjm-BP\/view?usp=sharing\" target=\"_blank\">Resultado de tabulaci\u00f3n de proyectos. Agrupamiento 17 y 18<\/a><\/strong><\/p>\n\n\n\n<p class=\"has-medium-font-size\"><strong><a rel=\"noreferrer noopener\" href=\"https:\/\/drive.google.com\/file\/d\/1xUp_gVIMZryrdDfSF5hiPfcrXmhjm-BP\/view?usp=sharing\" data-type=\"URL\" data-id=\"https:\/\/drive.google.com\/file\/d\/1xUp_gVIMZryrdDfSF5hiPfcrXmhjm-BP\/view?usp=sharing\" target=\"_blank\">&#x1f4dd;<\/a><a href=\"https:\/\/drive.google.com\/file\/d\/1knm86HN2GMrsdbozf-q_MmWc2q3ICvuF\/view?usp=sharing\" data-type=\"URL\" data-id=\"https:\/\/drive.google.com\/file\/d\/1knm86HN2GMrsdbozf-q_MmWc2q3ICvuF\/view?usp=sharing\" target=\"_blank\" rel=\"noreferrer noopener\">Resultado de tabulaci\u00f3n de proyectos. Agrupamiento 4<\/a><\/strong><\/p>\n\n\n\n<p class=\"has-medium-font-size\"> &#x1f4dd;<strong><a rel=\"noreferrer noopener\" href=\"https:\/\/drive.google.com\/file\/d\/1vercRTt5A9_OJd2gyG5wKPfXjQgi9XT0\/view?usp=sharing\" data-type=\"URL\" data-id=\"https:\/\/drive.google.com\/file\/d\/1vercRTt5A9_OJd2gyG5wKPfXjQgi9XT0\/view?usp=sharing\" target=\"_blank\">Resultado de tabulaci\u00f3n de proyectos. Agrupamiento 34<\/a><\/strong><\/p>\n\n\n\n<p class=\"has-medium-font-size\">&#x1f4dd;<strong><a href=\"https:\/\/drive.google.com\/file\/d\/1W1EYtSAtusuFcvz3CPkyV-8tP3jBFDj0\/view?usp=sharing\" target=\"_blank\" rel=\"noreferrer noopener\">Resultado de tabulaci\u00f3n de proyectos. Agrupamiento 9<\/a><\/strong><\/p>\n\n\n\n<p class=\"has-medium-font-size\">&#x1f4dd;<strong><a href=\"https:\/\/drive.google.com\/file\/d\/1P2hhUfFZUKAeqoG1qPibYAzHVOcDZKZr\/view?usp=sharing\" data-type=\"URL\" data-id=\"https:\/\/drive.google.com\/file\/d\/1P2hhUfFZUKAeqoG1qPibYAzHVOcDZKZr\/view?usp=sharing\" target=\"_blank\" rel=\"noreferrer noopener\">Resultado de tabulaci\u00f3n de proyectos. Agrupamiento 10<\/a><\/strong><\/p>\n","protected":false},"excerpt":{"rendered":"<p>La segunda etapa es la de oposici\u00f3n, para la que se han recibido 1.000 proyectos que consisten en la elaboraci\u00f3n y presentaci\u00f3n, en el marco del proyecto de c\u00e1tedra, de la planificaci\u00f3n de una unidad de ense\u00f1anza-aprendizaje del espacio curricular en el que se concursa, con al menos una secuencia did\u00e1ctica. La tabulaci\u00f3n se encuentra &#8230; <a title=\"Tabulaci\u00f3n de proyectos por agrupamiento\" class=\"read-more\" href=\"https:\/\/superior-infd.mendoza.edu.ar\/sitio\/tabulacion-de-proyectos-por-agrupamiento\/\" aria-label=\"More on Tabulaci\u00f3n de proyectos por agrupamiento\">[+]<\/a><\/p>\n","protected":false},"author":2548,"featured_media":0,"parent":0,"menu_order":0,"comment_status":"closed","ping_status":"closed","template":"","meta":[],"acf":[],"_links":{"self":[{"href":"https:\/\/superior-infd.mendoza.edu.ar\/sitio\/wp-json\/wp\/v2\/pages\/20292"}],"collection":[{"href":"https:\/\/superior-infd.mendoza.edu.ar\/sitio\/wp-json\/wp\/v2\/pages"}],"about":[{"href":"https:\/\/superior-infd.mendoza.edu.ar\/sitio\/wp-json\/wp\/v2\/types\/page"}],"author":[{"embeddable":true,"href":"https:\/\/superior-infd.mendoza.edu.ar\/sitio\/wp-json\/wp\/v2\/users\/2548"}],"replies":[{"embeddable":true,"href":"https:\/\/superior-infd.mendoza.edu.ar\/sitio\/wp-json\/wp\/v2\/comments?post=20292"}],"version-history":[{"count":38,"href":"https:\/\/superior-infd.mendoza.edu.ar\/sitio\/wp-json\/wp\/v2\/pages\/20292\/revisions"}],"predecessor-version":[{"id":20607,"href":"https:\/\/superior-infd.mendoza.edu.ar\/sitio\/wp-json\/wp\/v2\/pages\/20292\/revisions\/20607"}],"wp:attachment":[{"href":"https:\/\/superior-infd.mendoza.edu.ar\/sitio\/wp-json\/wp\/v2\/media?parent=20292"}],"curies":[{"name":"wp","href":"https:\/\/api.w.org\/{rel}","templated":true}]}}