{"id":20282,"date":"2023-03-19T18:30:05","date_gmt":"2023-03-19T21:30:05","guid":{"rendered":"https:\/\/superior-infd.mendoza.edu.ar\/sitio\/?page_id=20282"},"modified":"2023-04-03T14:00:18","modified_gmt":"2023-04-03T17:00:18","slug":"tabulacion-de-antecedentes","status":"publish","type":"page","link":"https:\/\/superior-infd.mendoza.edu.ar\/sitio\/tabulacion-de-antecedentes\/","title":{"rendered":"Tabulaci\u00f3n de antecedentes"},"content":{"rendered":"\n<div class=\"wp-block-columns alignfull has-text-color has-background is-layout-flex wp-container-3\" style=\"color:#000000;background-color:#ffffff\">\n<div class=\"wp-block-column is-vertically-aligned-top is-layout-flow\">\n<h3 class=\"has-text-align-center has-text-color wp-block-heading\" style=\"color:#f65006;font-size:24px;line-height:1.3\">     Orden de m\u00e9rito provisorio por agrupamiento<\/h3>\n\n\n\n<p class=\"has-text-align-center has-medium-font-size\">      &#x1f4cc; <a rel=\"noreferrer noopener\" href=\"https:\/\/drive.google.com\/file\/d\/1roBmGYFy41IK-kHNDX5gMd7gBAF1qP2M\/view?usp=share_link\" data-type=\"URL\" data-id=\"https:\/\/drive.google.com\/file\/d\/1roBmGYFy41IK-kHNDX5gMd7gBAF1qP2M\/view?usp=share_link\" target=\"_blank\"><strong>Agrupamiento 28. Tabulaci\u00f3n jurad<\/strong><\/a><a href=\"https:\/\/drive.google.com\/file\/d\/1roBmGYFy41IK-kHNDX5gMd7gBAF1qP2M\/view?usp=share_link\" data-type=\"URL\" data-id=\"https:\/\/drive.google.com\/file\/d\/1roBmGYFy41IK-kHNDX5gMd7gBAF1qP2M\/view?usp=share_link\"><strong>o<\/strong><\/a><\/p>\n\n\n\n<p class=\"has-text-align-center has-medium-font-size\">     &#x1f4cc;  <a rel=\"noreferrer noopener\" href=\"https:\/\/drive.google.com\/file\/d\/1J-pcioTbrTYls1J_78wGp40TBAuO3Gwf\/view?usp=share_link\" data-type=\"URL\" data-id=\"https:\/\/drive.google.com\/file\/d\/1J-pcioTbrTYls1J_78wGp40TBAuO3Gwf\/view?usp=share_link\" target=\"_blank\"><strong>Agrupamiento 25. Tabulaci\u00f3n jurado<\/strong><\/a><\/p>\n\n\n\n<p class=\"has-text-align-center has-medium-font-size\">     &#x1f4cc; <strong><a rel=\"noreferrer noopener\" href=\"https:\/\/drive.google.com\/file\/d\/1QzSfO7yeBX5NPjsJJHMb57qx3UiGSbcr\/view?usp=share_link\" data-type=\"URL\" data-id=\"https:\/\/drive.google.com\/file\/d\/1QzSfO7yeBX5NPjsJJHMb57qx3UiGSbcr\/view?usp=share_link\" target=\"_blank\">Agrupamiento 26. Tabulaci\u00f3n jurado<\/a><\/strong><\/p>\n\n\n\n<p class=\"has-text-align-center has-medium-font-size\">     &#x1f4cc; <a rel=\"noreferrer noopener\" style=\"font-weight: bold;\" href=\"https:\/\/drive.google.com\/file\/d\/1XFX0LDqD9ipoZT0VDJzPj4QA8jRkUQOa\/view?usp=share_link\" data-type=\"URL\" data-id=\"https:\/\/drive.google.com\/file\/d\/1XFX0LDqD9ipoZT0VDJzPj4QA8jRkUQOa\/view?usp=share_link\" target=\"_blank\">Agrupamiento 30. Tabulaci\u00f3n jurado<\/a><\/p>\n\n\n\n<p class=\"has-text-align-center has-medium-font-size\">    &#x1f4cc;  <strong><a rel=\"noreferrer noopener\" href=\"https:\/\/drive.google.com\/file\/d\/1AbDgwDV5iKVlyjgN_2MLk_B1ywqH23Ov\/view?usp=share_link\" data-type=\"URL\" data-id=\"https:\/\/drive.google.com\/file\/d\/1AbDgwDV5iKVlyjgN_2MLk_B1ywqH23Ov\/view?usp=share_link\" target=\"_blank\">Agrupamiento 33. Tabulaci\u00f3n jurado<\/a><\/strong><\/p>\n\n\n\n<p class=\"has-text-align-center has-medium-font-size\">   &#x1f4cc; <strong><a rel=\"noreferrer noopener\" href=\"https:\/\/drive.google.com\/file\/d\/1lEpioE1zsJE6cFmpQguJ1iA_YSjiZfGg\/view?usp=share_link\" data-type=\"URL\" data-id=\"https:\/\/drive.google.com\/file\/d\/1lEpioE1zsJE6cFmpQguJ1iA_YSjiZfGg\/view?usp=share_link\" target=\"_blank\">Agrupamiento 38. Tabulaci\u00f3n jurado<\/a><\/strong><\/p>\n\n\n\n<p class=\"has-text-align-center has-medium-font-size\">   &#x1f4cc; <strong><a rel=\"noreferrer noopener\" href=\"https:\/\/drive.google.com\/file\/d\/16D-blhSA1wOcB4ULYHjDglMEr_LwxZba\/view?usp=share_link\" data-type=\"URL\" data-id=\"https:\/\/drive.google.com\/file\/d\/16D-blhSA1wOcB4ULYHjDglMEr_LwxZba\/view?usp=share_link\" target=\"_blank\">Agrupamiento 36. Tabulaci\u00f3n jurado<\/a><\/strong><\/p>\n\n\n\n<p class=\"has-text-align-center has-medium-font-size\">  &#x1f4cc;  <strong><a rel=\"noreferrer noopener\" href=\"https:\/\/drive.google.com\/file\/d\/13Xzv3AXpcvsoHVIKaBkk_J4B_9P-vHSG\/view?usp=share_link\" data-type=\"URL\" data-id=\"https:\/\/drive.google.com\/file\/d\/13Xzv3AXpcvsoHVIKaBkk_J4B_9P-vHSG\/view?usp=share_link\" target=\"_blank\">Agrupamiento 31. Tabulaci\u00f3n jurado<\/a><\/strong><\/p>\n\n\n\n<p class=\"has-text-align-center has-medium-font-size\">  &#x1f4cc; <strong><a rel=\"noreferrer noopener\" href=\"https:\/\/drive.google.com\/file\/d\/1r0C801IApLCn-7-ItgrM6UR298lvqF6y\/view?usp=share_link\" data-type=\"URL\" data-id=\"https:\/\/drive.google.com\/file\/d\/1r0C801IApLCn-7-ItgrM6UR298lvqF6y\/view?usp=share_link\" target=\"_blank\">Agrupamiento 39. Tabulaci\u00f3n jurado<\/a><\/strong><\/p>\n\n\n\n<p class=\"has-text-align-center has-medium-font-size\"> &#x1f4cc; <strong><a rel=\"noreferrer noopener\" href=\"https:\/\/drive.google.com\/file\/d\/19lyolT9uSbwlp7tlel6_CQ4KD1v-qD3o\/view?usp=share_link\" data-type=\"URL\" data-id=\"https:\/\/drive.google.com\/file\/d\/19lyolT9uSbwlp7tlel6_CQ4KD1v-qD3o\/view?usp=share_link\" target=\"_blank\">Agrupamiento 47. Tabulaci\u00f3n jurado<\/a><\/strong><\/p>\n\n\n\n<p class=\"has-text-align-center has-medium-font-size\"> <a rel=\"noreferrer noopener\" href=\"https:\/\/drive.google.com\/file\/d\/1yrQ3twEA10JlSSbaCI3-G8Vam3b_pPdS\/view?usp=share_link\" data-type=\"URL\" data-id=\"https:\/\/drive.google.com\/file\/d\/1yrQ3twEA10JlSSbaCI3-G8Vam3b_pPdS\/view?usp=share_link\" target=\"_blank\">&#x1f4cc; <strong>Agrupamiento 46. Tabulaci\u00f3n jurado<\/strong><\/a><\/p>\n\n\n\n<p class=\"has-text-align-center has-medium-font-size\">  &#x1f4cc; <strong><a rel=\"noreferrer noopener\" href=\"https:\/\/drive.google.com\/file\/d\/1KKPh3m5eVLE5xp7DYM-wkumeNLknAjJT\/view?usp=share_link\" data-type=\"URL\" data-id=\"https:\/\/drive.google.com\/file\/d\/1KKPh3m5eVLE5xp7DYM-wkumeNLknAjJT\/view?usp=share_link\" target=\"_blank\">Agrupamiento 43. Tabulaci\u00f3n jurado<\/a><\/strong><\/p>\n\n\n\n<p class=\"has-text-align-center has-medium-font-size\">  &#x1f4cc; <strong><a rel=\"noreferrer noopener\" href=\"https:\/\/drive.google.com\/file\/d\/1rGiSiO4G0z9_CtX5M131EWAZqdzXVXDE\/view?usp=share_link\" data-type=\"URL\" data-id=\"https:\/\/drive.google.com\/file\/d\/1rGiSiO4G0z9_CtX5M131EWAZqdzXVXDE\/view?usp=share_link\" target=\"_blank\">Agrupamiento 52. Tabulaci\u00f3n jurado<\/a><\/strong><\/p>\n\n\n\n<p class=\"has-text-align-center has-medium-font-size\">&#x1f4cc; <strong><a rel=\"noreferrer noopener\" href=\"https:\/\/drive.google.com\/file\/d\/133Gh5r8Fe8oKhsBvRg1MIxQNJKjXlejj\/view?usp=share_link\" data-type=\"URL\" data-id=\"https:\/\/drive.google.com\/file\/d\/133Gh5r8Fe8oKhsBvRg1MIxQNJKjXlejj\/view?usp=share_link\" target=\"_blank\">Agrupamiento 1a. Tabulaci\u00f3n jurado<\/a><\/strong><\/p>\n\n\n\n<p class=\"has-text-align-center has-medium-font-size\">&#x1f4cc; <strong><a rel=\"noreferrer noopener\" href=\"https:\/\/drive.google.com\/file\/d\/1U_7gcIjJSLoHwrRGliWf-669OoxA49mC\/view?usp=share_link\" data-type=\"URL\" data-id=\"https:\/\/drive.google.com\/file\/d\/1U_7gcIjJSLoHwrRGliWf-669OoxA49mC\/view?usp=share_link\" target=\"_blank\">Agrupamiento 1b. Tabulaci\u00f3n jurado<\/a><\/strong><\/p>\n\n\n\n<p class=\"has-text-align-center has-medium-font-size\">&#x1f4cc; <strong><a rel=\"noreferrer noopener\" href=\"https:\/\/drive.google.com\/file\/d\/1dX5dV-uscPYwrZLA23Yu_cmU51D1ZnSb\/view?usp=share_link\" data-type=\"URL\" data-id=\"https:\/\/drive.google.com\/file\/d\/1dX5dV-uscPYwrZLA23Yu_cmU51D1ZnSb\/view?usp=share_link\" target=\"_blank\">Agrupamiento 15. Tabulaci\u00f3n jurado<\/a><\/strong><\/p>\n\n\n\n<p class=\"has-text-align-center has-medium-font-size\">&#x1f4cc;<strong><a rel=\"noreferrer noopener\" href=\"https:\/\/drive.google.com\/file\/d\/1fw1I1tjfbGitcOOBKSjHpNqgQEYySZ8R\/view?usp=share_link\" data-type=\"URL\" data-id=\"https:\/\/drive.google.com\/file\/d\/1fw1I1tjfbGitcOOBKSjHpNqgQEYySZ8R\/view?usp=share_link\" target=\"_blank\">Agrupamiento 2. Tabulaci\u00f3n jurado<\/a><\/strong><\/p>\n\n\n\n<p class=\"has-text-align-center has-medium-font-size\">&#x1f4cc; <strong><a rel=\"noreferrer noopener\" href=\"https:\/\/drive.google.com\/file\/d\/1JgkMHK1PbtXbXOG-ZPmiZBN2lKngFvvO\/view?usp=share_link\" data-type=\"URL\" data-id=\"https:\/\/drive.google.com\/file\/d\/1JgkMHK1PbtXbXOG-ZPmiZBN2lKngFvvO\/view?usp=share_link\" target=\"_blank\">Agrupamiento 21. Tabulaci\u00f3n jurado<\/a><\/strong><\/p>\n\n\n\n<p class=\"has-text-align-center has-medium-font-size\">&#x1f4cc; <strong><a href=\"https:\/\/drive.google.com\/file\/d\/1DAL40TPVK7mISf2xpLdiC5gQ7i11ONZ3\/view?usp=share_link\" data-type=\"URL\" data-id=\"https:\/\/drive.google.com\/file\/d\/1DAL40TPVK7mISf2xpLdiC5gQ7i11ONZ3\/view?usp=share_link\" target=\"_blank\" rel=\"noreferrer noopener\">Agrupamiento 12. Tabulaci\u00f3n jurado<\/a><\/strong><\/p>\n\n\n\n<p class=\"has-text-align-center has-medium-font-size\">&#x1f4cc;  <strong><a rel=\"noreferrer noopener\" href=\"https:\/\/drive.google.com\/file\/d\/1EvSTy-6k6uQJ2wECqRdXw6ay7nWkw9Lq\/view?usp=share_link\" data-type=\"URL\" data-id=\"https:\/\/drive.google.com\/file\/d\/1EvSTy-6k6uQJ2wECqRdXw6ay7nWkw9Lq\/view?usp=share_link\" target=\"_blank\">Agrupamiento 14. Tabulaci\u00f3n jurado<\/a><\/strong><\/p>\n\n\n\n<p class=\"has-text-align-center has-medium-font-size\">&#x1f4cc;  <strong><a rel=\"noreferrer noopener\" href=\"https:\/\/drive.google.com\/file\/d\/1n9AKrGolGgaD2SVikBBDDRTFylqaaQO-\/view?usp=share_link\" data-type=\"URL\" data-id=\"https:\/\/drive.google.com\/file\/d\/1n9AKrGolGgaD2SVikBBDDRTFylqaaQO-\/view?usp=share_link\" target=\"_blank\">Agrupamiento 29. Tabulaci\u00f3n jurado<\/a><\/strong><\/p>\n\n\n\n<p class=\"has-text-align-center has-medium-font-size\">&#x1f4cc;  <strong><a rel=\"noreferrer noopener\" href=\"https:\/\/drive.google.com\/file\/d\/1cmDSyrAFK5BZF9lcInvV7Z11OTE3ixil\/view?usp=share_link\" data-type=\"URL\" data-id=\"https:\/\/drive.google.com\/file\/d\/1cmDSyrAFK5BZF9lcInvV7Z11OTE3ixil\/view?usp=share_link\" target=\"_blank\">Agrupamiento 45. Tabulaci\u00f3n jurado<\/a><\/strong><\/p>\n\n\n\n<p class=\"has-text-align-center has-medium-font-size\">&#x1f4cc;  <strong><a rel=\"noreferrer noopener\" href=\"https:\/\/drive.google.com\/file\/d\/1u2aI4YHVSUmaS8VZwM_QdBkIUUoFO7NC\/view?usp=share_link\" data-type=\"URL\" data-id=\"https:\/\/drive.google.com\/file\/d\/1u2aI4YHVSUmaS8VZwM_QdBkIUUoFO7NC\/view?usp=share_link\" target=\"_blank\">Agrupamiento 48. Tabulaci\u00f3n jurado<\/a><\/strong><\/p>\n\n\n\n<p class=\"has-text-align-center has-medium-font-size\">&#x1f4cc; <strong><a rel=\"noreferrer noopener\" href=\"https:\/\/drive.google.com\/file\/d\/1J9pj0AyqxmyPLy7yHVXLkhYfPBnSxMqz\/view?usp=share_link\" data-type=\"URL\" data-id=\"https:\/\/drive.google.com\/file\/d\/1J9pj0AyqxmyPLy7yHVXLkhYfPBnSxMqz\/view?usp=share_link\" target=\"_blank\">Agrupamiento 13. Tabulaci\u00f3n jurado<\/a><\/strong><\/p>\n\n\n\n<p class=\"has-text-align-center has-medium-font-size\">&#x1f4cc; <strong><a rel=\"noreferrer noopener\" href=\"https:\/\/drive.google.com\/file\/d\/1U7cY1yd1inki8qPfMzp5h-Gnf0bSshOe\/view?usp=share_link\" data-type=\"URL\" data-id=\"https:\/\/drive.google.com\/file\/d\/1U7cY1yd1inki8qPfMzp5h-Gnf0bSshOe\/view?usp=share_link\" target=\"_blank\">Agrupamiento 11. Tabulaci\u00f3n jurado<\/a><\/strong><\/p>\n\n\n\n<p class=\"has-text-align-center has-medium-font-size\">&#x1f4cc; <strong><a rel=\"noreferrer noopener\" href=\"https:\/\/drive.google.com\/file\/d\/1YPp2m760pEQJ_05UtQPQvV3kwf0Fe7WY\/view?usp=share_link\" data-type=\"URL\" data-id=\"https:\/\/drive.google.com\/file\/d\/1YPp2m760pEQJ_05UtQPQvV3kwf0Fe7WY\/view?usp=share_link\" target=\"_blank\">Agrupamiento 6. Tabulaci\u00f3n jurado<\/a><\/strong><\/p>\n\n\n\n<p class=\"has-text-align-center has-medium-font-size\">&#x1f4cc; <strong><a href=\"https:\/\/drive.google.com\/file\/d\/1_islsVEzfcV6T4HcaUUPf4wv43lVKWds\/view?usp=share_link\" data-type=\"URL\" data-id=\"https:\/\/drive.google.com\/file\/d\/1_islsVEzfcV6T4HcaUUPf4wv43lVKWds\/view?usp=share_link\" target=\"_blank\" rel=\"noreferrer noopener\">Agrupamiento 8. Tabulaci\u00f3n jurado<\/a><\/strong><\/p>\n\n\n\n<p class=\"has-text-align-center has-medium-font-size\">&#x1f4cc;  <strong><a href=\"https:\/\/drive.google.com\/file\/d\/1VXt67krE1abdgqKOX4A6WR8bweNaYfBj\/view?usp=share_link\" data-type=\"URL\" data-id=\"https:\/\/drive.google.com\/file\/d\/1VXt67krE1abdgqKOX4A6WR8bweNaYfBj\/view?usp=share_link\" target=\"_blank\" rel=\"noreferrer noopener\">Agrupamiento 27. Tabulaci\u00f3n jurado<\/a><\/strong><\/p>\n\n\n\n<p class=\"has-text-align-center has-medium-font-size\">&#x1f4cc;  <strong><a href=\"https:\/\/drive.google.com\/file\/d\/1Y5lj2jcc0YlTNlVMLkrWqI6gBRh5asBv\/view?usp=share_link\" data-type=\"URL\" data-id=\"https:\/\/drive.google.com\/file\/d\/1Y5lj2jcc0YlTNlVMLkrWqI6gBRh5asBv\/view?usp=share_link\" target=\"_blank\" rel=\"noreferrer noopener\">Agrupamiento 40. Tabulaci\u00f3n jurado<\/a><\/strong><\/p>\n\n\n\n<p class=\"has-text-align-center has-medium-font-size\">&#x1f4cc;  <strong><strong><a href=\"https:\/\/drive.google.com\/file\/d\/1cmaF4X50Tt-n8t0Q9OcqHmJVDlJUD9m6\/view?usp=share_link\" data-type=\"URL\" data-id=\"https:\/\/drive.google.com\/file\/d\/1cmaF4X50Tt-n8t0Q9OcqHmJVDlJUD9m6\/view?usp=share_link\" target=\"_blank\" rel=\"noreferrer noopener\">Agrupamiento 41. Tabulaci\u00f3n jurado<\/a><\/strong><\/strong><\/p>\n\n\n\n<p class=\"has-text-align-center has-medium-font-size\">&#x1f4cc;  <a href=\"https:\/\/drive.google.com\/file\/d\/1-TWfjuDh7zmneDIDHbcTWRVXUkhyI04C\/view?usp=share_link\" data-type=\"URL\" data-id=\"https:\/\/drive.google.com\/file\/d\/1-TWfjuDh7zmneDIDHbcTWRVXUkhyI04C\/view?usp=share_link\" target=\"_blank\" rel=\"noreferrer noopener\"> <strong>Agrupamiento 42. Tabulaci\u00f3n jurado<\/strong><\/a><\/p>\n\n\n\n<p class=\"has-text-align-center has-medium-font-size\">&#x1f4cc;  <strong><a rel=\"noreferrer noopener\" href=\"https:\/\/drive.google.com\/file\/d\/1K9VIDaZ_0G1UteZWsSq0Tg8g1ZwWxYZC\/view?usp=share_link\" data-type=\"URL\" data-id=\"https:\/\/drive.google.com\/file\/d\/1K9VIDaZ_0G1UteZWsSq0Tg8g1ZwWxYZC\/view?usp=share_link\" target=\"_blank\">Agrupamiento 44. Tabulaci\u00f3n jurado<\/a><\/strong><\/p>\n\n\n\n<p class=\"has-text-align-center has-medium-font-size\"> &#x1f4cc;  <strong><a href=\"https:\/\/drive.google.com\/file\/d\/1cwWBuum2sG7hNiJD9-6IFLD9YjHrw6s4\/view?usp=share_link\" data-type=\"URL\" data-id=\"https:\/\/drive.google.com\/file\/d\/1cwWBuum2sG7hNiJD9-6IFLD9YjHrw6s4\/view?usp=share_link\" target=\"_blank\" rel=\"noreferrer noopener\">Agrupamiento 19. Tabulaci\u00f3n jurado<\/a><\/strong><\/p>\n\n\n\n<p class=\"has-text-align-center has-medium-font-size\"> &#x1f4cc;  <strong><a href=\"https:\/\/drive.google.com\/file\/d\/1A0QCd4Ik4dRAxYlrComEqq9LjQ5VVxMx\/view?usp=share_link\" data-type=\"URL\" data-id=\"https:\/\/drive.google.com\/file\/d\/1A0QCd4Ik4dRAxYlrComEqq9LjQ5VVxMx\/view?usp=share_link\" target=\"_blank\" rel=\"noreferrer noopener\">Agrupamiento 16. Tabulaci\u00f3n jurado<\/a><\/strong><\/p>\n\n\n\n<p class=\"has-text-align-center has-medium-font-size\"> &#x1f4cc;  <strong><a rel=\"noreferrer noopener\" href=\"https:\/\/drive.google.com\/file\/d\/1knIK7yeHaIdYtQM7qXVyyb47XrivyLAp\/view?usp=share_link\" data-type=\"URL\" data-id=\"https:\/\/drive.google.com\/file\/d\/1knIK7yeHaIdYtQM7qXVyyb47XrivyLAp\/view?usp=share_link\" target=\"_blank\">Agrupamiento 23. Tabulaci\u00f3n jurado<\/a><\/strong><\/p>\n\n\n\n<p class=\"has-text-align-center has-medium-font-size\">&#x1f4cc;  <strong><a rel=\"noreferrer noopener\" href=\"https:\/\/drive.google.com\/file\/d\/128z1Zs9RoKjO19dpxecXbdkNbOWaf4Lf\/view?usp=share_link\" data-type=\"URL\" data-id=\"https:\/\/drive.google.com\/file\/d\/128z1Zs9RoKjO19dpxecXbdkNbOWaf4Lf\/view?usp=share_link\" target=\"_blank\">Agrupamiento 35. Tabulaci\u00f3n jurado<\/a><\/strong><\/p>\n\n\n\n<p class=\"has-text-align-center has-medium-font-size\">&#x1f4cc;  <strong><a rel=\"noreferrer noopener\" href=\"https:\/\/drive.google.com\/file\/d\/1Q51PihB0UTwHBHpNmNSpD0bmWdjqLmvR\/view?usp=share_link\" data-type=\"URL\" data-id=\"https:\/\/drive.google.com\/file\/d\/1Q51PihB0UTwHBHpNmNSpD0bmWdjqLmvR\/view?usp=share_link\" target=\"_blank\">Agrupamiento 7. Tabulaci\u00f3n jurado<\/a><\/strong><\/p>\n\n\n\n<p class=\"has-text-align-center has-medium-font-size\">&#x1f4cc;  <strong><a rel=\"noreferrer noopener\" href=\"https:\/\/drive.google.com\/file\/d\/1e1GdUajJFlciswhrpDdz5rMP-lLGUz2m\/view?usp=share_link\" data-type=\"URL\" data-id=\"https:\/\/drive.google.com\/file\/d\/1e1GdUajJFlciswhrpDdz5rMP-lLGUz2m\/view?usp=share_link\" target=\"_blank\">Agrupamiento 3. Tabulaci\u00f3n jurado<\/a><\/strong><\/p>\n\n\n\n<p class=\"has-text-align-center has-medium-font-size\">&#x1f4cc;  <strong><a rel=\"noreferrer noopener\" href=\"https:\/\/drive.google.com\/file\/d\/1DdGBLhmrzwxR2UMTDIcUyBTPfqqRElI8\/view?usp=share_link\" target=\"_blank\">Agrupamiento 50. Tabulaci\u00f3n jurado<\/a><\/strong><\/p>\n\n\n\n<p class=\"has-text-align-center has-medium-font-size\">&#x1f4cc; <strong><a href=\"https:\/\/drive.google.com\/file\/d\/1tjTbe1M0SlEHLcV87ffTXwR7FGh881z6\/view?usp=share_link\" data-type=\"URL\" data-id=\"https:\/\/drive.google.com\/file\/d\/1tjTbe1M0SlEHLcV87ffTXwR7FGh881z6\/view?usp=share_link\" target=\"_blank\" rel=\"noreferrer noopener\">Agrupamiento 34. Tabulaci\u00f3n jurado<\/a><\/strong><\/p>\n\n\n\n<p class=\"has-text-align-center has-medium-font-size\">&#x1f4cc;  <strong><a rel=\"noreferrer noopener\" href=\"https:\/\/drive.google.com\/file\/d\/1vp2wLfj7ZL0d99Rv_dDs9XoeJlDJuXyj\/view?usp=share_link\" data-type=\"URL\" data-id=\"https:\/\/drive.google.com\/file\/d\/1vp2wLfj7ZL0d99Rv_dDs9XoeJlDJuXyj\/view?usp=share_link\" target=\"_blank\">Agrupamiento 32. Tabulaci\u00f3n jurado<\/a><\/strong><\/p>\n\n\n\n<p class=\"has-text-align-center has-medium-font-size\">&#x1f4cc;  <strong><a rel=\"noreferrer noopener\" href=\"https:\/\/drive.google.com\/file\/d\/1UrKCFG_weZmMFuLoSdbSpLCLp5ew6Khl\/view?usp=share_link\" data-type=\"URL\" data-id=\"https:\/\/drive.google.com\/file\/d\/1UrKCFG_weZmMFuLoSdbSpLCLp5ew6Khl\/view?usp=share_link\" target=\"_blank\">Agrupamiento 49. Tabulaci\u00f3n jurado<\/a><\/strong><\/p>\n\n\n\n<p class=\"has-text-align-center has-medium-font-size\">&#x1f4cc; <strong><a href=\"https:\/\/drive.google.com\/file\/d\/1QCiK4mtkKABLPgSmvfcxidR5MWAY4y3R\/view?usp=share_link\" data-type=\"URL\" data-id=\"https:\/\/drive.google.com\/file\/d\/1QCiK4mtkKABLPgSmvfcxidR5MWAY4y3R\/view?usp=share_link\" target=\"_blank\" rel=\"noreferrer noopener\">Agrupamiento 20. Tabulaci\u00f3n jurado<\/a><\/strong><\/p>\n\n\n\n<p class=\"has-text-align-center has-medium-font-size\">&#x1f4cc; <strong><a rel=\"noreferrer noopener\" href=\"https:\/\/drive.google.com\/file\/d\/1oOQd6LQjTL29_3D5CuuiYRr4Uwz1ehI-\/view?usp=share_link\" data-type=\"URL\" data-id=\"https:\/\/drive.google.com\/file\/d\/1oOQd6LQjTL29_3D5CuuiYRr4Uwz1ehI-\/view?usp=share_link\" target=\"_blank\">Agrupamiento 24. Tabulaci\u00f3n jurado<\/a><\/strong><\/p>\n\n\n\n<p class=\"has-text-align-center has-medium-font-size\">&#x1f4cc;<strong><a href=\"https:\/\/drive.google.com\/file\/d\/1J5dGl8qdGBee69L0ehvJ9lcRLpW8lPfX\/view?usp=share_link\" data-type=\"URL\" data-id=\"https:\/\/drive.google.com\/file\/d\/1J5dGl8qdGBee69L0ehvJ9lcRLpW8lPfX\/view?usp=share_link\">Agrupamiento 10. Tabulaci\u00f3n jurado<\/a><\/strong><\/p>\n\n\n\n<p class=\"has-medium-font-size\">                              &#x1f4cc; <strong><a rel=\"noreferrer noopener\" href=\"https:\/\/drive.google.com\/file\/d\/14WIhydzFq49h0nkh7oM0zLQMkDnNpjwV\/view?usp=sharing\" data-type=\"URL\" data-id=\"https:\/\/drive.google.com\/file\/d\/14WIhydzFq49h0nkh7oM0zLQMkDnNpjwV\/view?usp=sharing\" target=\"_blank\">Agrupamiento 5. Tabulaci\u00f3n jurado<\/a><\/strong><\/p>\n\n\n\n<p class=\"has-medium-font-size\">                              &#x1f4cc; <strong>Agrupamiento 18. Tabulaci\u00f3n jurado<\/strong><\/p>\n<\/div>\n\n\n\n<div class=\"wp-block-column is-vertically-aligned-top is-layout-flow\">\n<h3 class=\"has-text-align-center has-text-color wp-block-heading\" style=\"color:#f65006;font-size:24px;line-height:1.3\">Orden de m\u00e9rito definitivo por agrupamiento<\/h3>\n\n\n\n<p class=\"has-text-align-center has-medium-font-size\">&#x1f517;  <a rel=\"noreferrer noopener\" href=\"https:\/\/drive.google.com\/file\/d\/1roBmGYFy41IK-kHNDX5gMd7gBAF1qP2M\/view?usp=share_link\" data-type=\"URL\" data-id=\"https:\/\/drive.google.com\/file\/d\/1roBmGYFy41IK-kHNDX5gMd7gBAF1qP2M\/view?usp=share_link\" target=\"_blank\"><strong>Agrupamiento 28. Tabulaci\u00f3n jurad<\/strong><\/a><a href=\"https:\/\/drive.google.com\/file\/d\/1roBmGYFy41IK-kHNDX5gMd7gBAF1qP2M\/view?usp=share_link\" data-type=\"URL\" data-id=\"https:\/\/drive.google.com\/file\/d\/1roBmGYFy41IK-kHNDX5gMd7gBAF1qP2M\/view?usp=share_link\"><strong>o<\/strong><\/a><\/p>\n\n\n\n<p class=\"has-text-align-center has-medium-font-size\">&#x1f517; <strong><a rel=\"noreferrer noopener\" href=\"https:\/\/drive.google.com\/file\/d\/13Xzv3AXpcvsoHVIKaBkk_J4B_9P-vHSG\/view?usp=share_link\" data-type=\"URL\" data-id=\"https:\/\/drive.google.com\/file\/d\/13Xzv3AXpcvsoHVIKaBkk_J4B_9P-vHSG\/view?usp=share_link\" target=\"_blank\">Agrupamiento 31. Tabulaci\u00f3n jurado<\/a><\/strong><\/p>\n\n\n\n<p class=\"has-text-align-center has-medium-font-size\">&#x1f517; <strong><a rel=\"noreferrer noopener\" href=\"https:\/\/drive.google.com\/file\/d\/19lyolT9uSbwlp7tlel6_CQ4KD1v-qD3o\/view?usp=share_link\" data-type=\"URL\" data-id=\"https:\/\/drive.google.com\/file\/d\/19lyolT9uSbwlp7tlel6_CQ4KD1v-qD3o\/view?usp=share_link\" target=\"_blank\">Agrupamiento 47. Tabulaci\u00f3n jurado<\/a><\/strong><\/p>\n\n\n\n<p class=\"has-text-align-center has-medium-font-size\"> &#x1f517;  <strong><a rel=\"noreferrer noopener\" href=\"https:\/\/drive.google.com\/file\/d\/1C4JhF9IV_7Q7jn38IuSsg3S6UeRvty14\/view?usp=share_link\" data-type=\"URL\" data-id=\"https:\/\/drive.google.com\/file\/d\/1C4JhF9IV_7Q7jn38IuSsg3S6UeRvty14\/view?usp=share_link\" target=\"_blank\">Agrupamiento 1b. Tabulaci\u00f3n jurado<\/a><\/strong><\/p>\n\n\n\n<p class=\"has-text-align-center has-medium-font-size\">&#x1f517;  <strong><a rel=\"noreferrer noopener\" href=\"https:\/\/drive.google.com\/file\/d\/1thmg6u2pP9vbJjDTvAnD-JL7HWykJNi7\/view?usp=sharing\" data-type=\"URL\" data-id=\"https:\/\/drive.google.com\/file\/d\/1thmg6u2pP9vbJjDTvAnD-JL7HWykJNi7\/view?usp=sharing\" target=\"_blank\">Agrupamiento 11. Tabulaci\u00f3n jurado<\/a><\/strong><\/p>\n\n\n\n<p class=\"has-text-align-center has-medium-font-size\">&#x1f517; <strong><a href=\"https:\/\/drive.google.com\/file\/d\/1enAK6bzPMbGqirQhRPGcac6nyvF7hECe\/view?usp=sharing\" data-type=\"URL\" data-id=\"https:\/\/drive.google.com\/file\/d\/1enAK6bzPMbGqirQhRPGcac6nyvF7hECe\/view?usp=sharing\" target=\"_blank\" rel=\"noreferrer noopener\">Agrupamiento 30. Tabulaci\u00f3n jurado<\/a><\/strong><\/p>\n\n\n\n<p class=\"has-text-align-center has-medium-font-size\">&#x1f517; <strong><a href=\"https:\/\/drive.google.com\/file\/d\/11DAG01YAtV7dbxKhm9Va6G0Ddbig0GvQ\/view?usp=sharing\" data-type=\"URL\" data-id=\"https:\/\/drive.google.com\/file\/d\/11DAG01YAtV7dbxKhm9Va6G0Ddbig0GvQ\/view?usp=sharing\" target=\"_blank\" rel=\"noreferrer noopener\">Agrupamiento 23. Tabulaci\u00f3n jurado<\/a><\/strong><\/p>\n\n\n\n<p class=\"has-text-align-center has-medium-font-size\">&#x1f517; <strong><a rel=\"noreferrer noopener\" href=\"https:\/\/drive.google.com\/file\/d\/1ktBNGLPfntbhAoIbnd6eS1OHhf2lPuty\/view?usp=sharing\" data-type=\"URL\" data-id=\"https:\/\/drive.google.com\/file\/d\/1ktBNGLPfntbhAoIbnd6eS1OHhf2lPuty\/view?usp=sharing\" target=\"_blank\">Agrupamiento 9. Tabulaci\u00f3n jurado<\/a><\/strong><\/p>\n\n\n\n<p class=\"has-text-align-center has-medium-font-size\">                              &#x1f517; <strong><a rel=\"noreferrer noopener\" href=\"https:\/\/drive.google.com\/file\/d\/10JmQc6TIrH4onlXFv7e8F0CydchG0-bb\/view?usp=sharing\" data-type=\"URL\" data-id=\"https:\/\/drive.google.com\/file\/d\/10JmQc6TIrH4onlXFv7e8F0CydchG0-bb\/view?usp=sharing\" target=\"_blank\">Agrupamiento 37. Tabulaci\u00f3n jurado<\/a><\/strong>                                                        <\/p>\n\n\n\n<p class=\"has-text-align-center has-medium-font-size\">&#x1f517;  <strong><a rel=\"noreferrer noopener\" href=\"https:\/\/drive.google.com\/file\/d\/1UVrkk73nqraAVTvV_m0zS2o5KQCOGwh6\/view?usp=sharing\" data-type=\"URL\" data-id=\"https:\/\/drive.google.com\/file\/d\/1UVrkk73nqraAVTvV_m0zS2o5KQCOGwh6\/view?usp=sharing\" target=\"_blank\">Agrupamiento 2. Tabulaci\u00f3n jurado<\/a><\/strong><\/p>\n\n\n\n<p class=\"has-medium-font-size\">                              &#x1f517; <strong><a rel=\"noreferrer noopener\" href=\"https:\/\/drive.google.com\/file\/d\/1yccI_l7L9xPPrSBsRWLZpHXKv0mFUThU\/view?usp=sharing\" data-type=\"URL\" data-id=\"https:\/\/drive.google.com\/file\/d\/1yccI_l7L9xPPrSBsRWLZpHXKv0mFUThU\/view?usp=sharing\" target=\"_blank\">Agrupamiento 13. Tabulaci\u00f3n jurado<\/a><\/strong><\/p>\n\n\n\n<p class=\"has-text-align-center has-medium-font-size\"> &#x1f517; <strong><a href=\"https:\/\/drive.google.com\/file\/d\/1knm86HN2GMrsdbozf-q_MmWc2q3ICvuF\/view?usp=sharing\" data-type=\"URL\" data-id=\"https:\/\/drive.google.com\/file\/d\/1knm86HN2GMrsdbozf-q_MmWc2q3ICvuF\/view?usp=sharing\" target=\"_blank\" rel=\"noreferrer noopener\">Agrupamiento 26. Tabulaci\u00f3n jurado<\/a><\/strong><\/p>\n<\/div>\n<\/div>\n\n\n\n<p><\/p>\n","protected":false},"excerpt":{"rendered":"<p>Orden de m\u00e9rito provisorio por agrupamiento &#x1f4cc; Agrupamiento 28. Tabulaci\u00f3n jurado &#x1f4cc; Agrupamiento 25. Tabulaci\u00f3n jurado &#x1f4cc; Agrupamiento 26. Tabulaci\u00f3n jurado &#x1f4cc; Agrupamiento 30. Tabulaci\u00f3n jurado &#x1f4cc; Agrupamiento 33. Tabulaci\u00f3n jurado &#x1f4cc; Agrupamiento 38. Tabulaci\u00f3n jurado &#x1f4cc; Agrupamiento 36. Tabulaci\u00f3n jurado &#x1f4cc; Agrupamiento 31. Tabulaci\u00f3n jurado &#x1f4cc; Agrupamiento 39. Tabulaci\u00f3n jurado &#x1f4cc; Agrupamiento 47. Tabulaci\u00f3n &#8230; <a title=\"Tabulaci\u00f3n de antecedentes\" class=\"read-more\" href=\"https:\/\/superior-infd.mendoza.edu.ar\/sitio\/tabulacion-de-antecedentes\/\" aria-label=\"More on Tabulaci\u00f3n de antecedentes\">[+]<\/a><\/p>\n","protected":false},"author":2548,"featured_media":20395,"parent":0,"menu_order":0,"comment_status":"closed","ping_status":"closed","template":"","meta":[],"acf":[],"_links":{"self":[{"href":"https:\/\/superior-infd.mendoza.edu.ar\/sitio\/wp-json\/wp\/v2\/pages\/20282"}],"collection":[{"href":"https:\/\/superior-infd.mendoza.edu.ar\/sitio\/wp-json\/wp\/v2\/pages"}],"about":[{"href":"https:\/\/superior-infd.mendoza.edu.ar\/sitio\/wp-json\/wp\/v2\/types\/page"}],"author":[{"embeddable":true,"href":"https:\/\/superior-infd.mendoza.edu.ar\/sitio\/wp-json\/wp\/v2\/users\/2548"}],"replies":[{"embeddable":true,"href":"https:\/\/superior-infd.mendoza.edu.ar\/sitio\/wp-json\/wp\/v2\/comments?post=20282"}],"version-history":[{"count":39,"href":"https:\/\/superior-infd.mendoza.edu.ar\/sitio\/wp-json\/wp\/v2\/pages\/20282\/revisions"}],"predecessor-version":[{"id":20518,"href":"https:\/\/superior-infd.mendoza.edu.ar\/sitio\/wp-json\/wp\/v2\/pages\/20282\/revisions\/20518"}],"wp:featuredmedia":[{"embeddable":true,"href":"https:\/\/superior-infd.mendoza.edu.ar\/sitio\/wp-json\/wp\/v2\/media\/20395"}],"wp:attachment":[{"href":"https:\/\/superior-infd.mendoza.edu.ar\/sitio\/wp-json\/wp\/v2\/media?parent=20282"}],"curies":[{"name":"wp","href":"https:\/\/api.w.org\/{rel}","templated":true}]}}