{"id":19493,"date":"2022-12-08T20:14:13","date_gmt":"2022-12-08T23:14:13","guid":{"rendered":"https:\/\/superior-infd.mendoza.edu.ar\/sitio\/?page_id=19493"},"modified":"2023-12-15T08:01:09","modified_gmt":"2023-12-15T11:01:09","slug":"resoluciones-titularizacion","status":"publish","type":"page","link":"https:\/\/superior-infd.mendoza.edu.ar\/sitio\/resoluciones-titularizacion\/","title":{"rendered":"Resoluciones titularizaci\u00f3n"},"content":{"rendered":"\n<div class=\"wp-block-columns alignwide has-text-color has-background is-layout-flex wp-container-6\" style=\"color:#000000;background-color:#ffffff\">\n<div class=\"wp-block-column is-layout-flow\">\n<p class=\"has-accent-color has-text-color\" style=\"font-size:24px\"><strong>Convocatoria DGE a concurso de titularizaci\u00f3n de horas c\u00e1tedras en el Nivel Superior 2023<\/strong><\/p>\n\n\n\n<p><strong>Descarg\u00e1 la&nbsp;<a href=\"https:\/\/drive.google.com\/file\/d\/1NE6dakxXrhtLtbAZP0JFuk2NbmDiQ9d3\/view?usp=sharing\" target=\"_blank\" rel=\"noreferrer noopener\">RESOL- 7383-DGE-2023 y RES 288-CGES-2023<\/a><\/strong><\/p>\n\n\n\n<iframe loading=\"lazy\" src=\"https:\/\/drive.google.com\/file\/d\/1NE6dakxXrhtLtbAZP0JFuk2NbmDiQ9d3\/preview\" width=\"640\" height=\"480\" allow=\"autoplay\"><\/iframe>\n\n\n\n<p><\/p>\n\n\n\n<h3 class=\"has-accent-color has-text-color wp-block-heading\" style=\"font-size:24px;line-height:1.3\"><strong>Convocatoria DGE a concurso de titularizaci\u00f3n de horas c\u00e1tedras en el Nivel Superior 2022 <\/strong><\/h3>\n\n\n\n<p><strong>Descarg\u00e1 la&nbsp;<a rel=\"noreferrer noopener\" href=\"https:\/\/drive.google.com\/file\/d\/167LqHTm4LzQ7GYKbb5XmfG_E_RIJpc4p\/view?usp=share_link\" target=\"_blank\">RESOL- 2022-8021-E-GDEMZA-DGE<\/a><\/strong><\/p>\n\n\n\n<iframe loading=\"lazy\" src=\"https:\/\/drive.google.com\/file\/d\/167LqHTm4LzQ7GYKbb5XmfG_E_RIJpc4p\/preview\" width=\"840\" height=\"680\" allow=\"autoplay\"><\/iframe>\n\n\n\n<p class=\"has-medium-font-size\"><\/p>\n<\/div>\n\n\n\n<div class=\"wp-block-column is-layout-flow\">\n<h3 class=\"has-accent-color has-text-color wp-block-heading\" style=\"font-size:24px;line-height:1.3\"><strong>Implementaci\u00f3n de concursos p\u00fablicos y abiertos de t\u00edtulos, antecedentes y oposici\u00f3n para la cobertura de horas c\u00e1tedra en car\u00e1cter de titular CGES. <\/strong><\/h3>\n\n\n\n<p><strong>Descarg\u00e1 la&nbsp;&nbsp;<a href=\"https:\/\/drive.google.com\/file\/d\/1S4joh4CpdnQnbcY5HKBjKzGrG7E-WaIw\/view?usp=share_link\" target=\"_blank\" rel=\"noreferrer noopener\">RESOL-2022-281-GDEMZA-CGES#DGE<\/a><\/strong><\/p>\n\n\n\n<iframe loading=\"lazy\" src=\"https:\/\/drive.google.com\/file\/d\/1S4joh4CpdnQnbcY5HKBjKzGrG7E-WaIw\/preview\" width=\"840\" height=\"680\" allow=\"autoplay\"><\/iframe>\n\n\n\n<p>Cronograma, marco normativo, implementaci\u00f3n de los concursos de titularizaci\u00f3n e informaci\u00f3n importante para las personas interesadas en participar.<\/p>\n\n\n\n<p><strong>Descarg\u00e1 el&nbsp;<a href=\"https:\/\/drive.google.com\/file\/d\/1r_m1A29YNNkZOi0x1EHUmXXVn_S85Oge\/view?usp=share_link\">ANEXO<\/a><\/strong><\/p>\n\n\n\n<iframe loading=\"lazy\" src=\"https:\/\/drive.google.com\/file\/d\/1r_m1A29YNNkZOi0x1EHUmXXVn_S85Oge\/preview\" width=\"840\" height=\"680\" allow=\"autoplay\"><\/iframe>\n<\/div>\n\n\n\n<div class=\"wp-block-column is-layout-flow\">\n<h3 class=\"has-accent-color has-text-color wp-block-heading\" style=\"font-size:24px;line-height:1.3\"><strong>Designaci\u00f3n de jurados <\/strong><\/h3>\n\n\n\n<p><strong>Descarg\u00e1<\/strong> la <strong><a rel=\"noreferrer noopener\" href=\"https:\/\/drive.google.com\/file\/d\/12DW-ub-rlh9AwF6Cd-0DklhHMtVZxm0J\/view?usp=drive_link\" data-type=\"URL\" data-id=\"https:\/\/drive.google.com\/file\/d\/12DW-ub-rlh9AwF6Cd-0DklhHMtVZxm0J\/view?usp=drive_link\" target=\"_blank\">RESOL-2023-333-GDEMZA-CGES#DGE &#8211;<\/a><\/strong> Designaci\u00f3n de jurado para el concurso p\u00fablico y abierto de t\u00edtulos, antecedentes y oposici\u00f3n para la cobertura de horas c\u00e1tedra en car\u00e1cter de titular en Institutos de Educaci\u00f3n Su\u00a0correspondiente a la designaci\u00f3n de jurados para los distintos agrupamientos que componen la primera etapa de la convocatoria a concurso 2023.<\/p>\n\n\n\n<p><\/p>\n\n\n\n<iframe loading=\"lazy\" src=\"https:\/\/drive.google.com\/file\/d\/12DW-ub-rlh9AwF6Cd-0DklhHMtVZxm0J\/preview\" width=\"640\" height=\"480\" allow=\"autoplay\"><\/iframe>\n\n\n\n<iframe loading=\"lazy\" src=\"https:\/\/drive.google.com\/file\/d\/1jXUzT06HFSoMl_4lsb-jCwOuyiJkvDRF\/preview\" width=\"640\" height=\"480\" allow=\"autoplay\"><\/iframe>\n\n\n\n<p><\/p>\n\n\n\n<p><strong>Descarg\u00e1<\/strong> la <strong><a rel=\"noreferrer noopener\" href=\"https:\/\/drive.google.com\/file\/d\/1NUAv5h4dJuzz-83a-NWkhNuKwrKukOFe\/view?usp=sharing\" data-type=\"URL\" data-id=\"https:\/\/drive.google.com\/file\/d\/1NUAv5h4dJuzz-83a-NWkhNuKwrKukOFe\/view?usp=sharing\" target=\"_blank\">RESOL-2022-281-GDEMZA-CGES#DGE<\/a> <\/strong> sobre pr\u00f3rroga para el funcionamiento de los jurados de los Agrupamientos N\u00b05: 9: 10 y 51 del concurso p\u00fablico y abierto de t\u00edtulos, antecedentes y oposici\u00f3n para la cobertura de horas c\u00e1tedra de titular en IES de gesti\u00f3n estatal. <\/p>\n\n\n\n<iframe loading=\"lazy\" src=\"https:\/\/drive.google.com\/file\/d\/1NUAv5h4dJuzz-83a-NWkhNuKwrKukOFe\/preview\" width=\"640\" height=\"480\" allow=\"autoplay\"><\/iframe>\n\n\n\n<p><strong>Descarg\u00e1<\/strong> la <strong><a rel=\"noreferrer noopener\" href=\"https:\/\/drive.google.com\/file\/d\/1sSl_a8AJj0oNAhhlgkvzbmffttAZxd0j\/view?usp=sharing\" data-type=\"URL\" data-id=\"https:\/\/drive.google.com\/file\/d\/1sSl_a8AJj0oNAhhlgkvzbmffttAZxd0j\/view?usp=sharing\" target=\"_blank\">RESOL-2023-3-GDEMZA-CGES#DGE<\/a><\/strong>    sobre nueva designaci\u00f3n de jurados para el Agrupamiento N\u00ba 51 del concurso p\u00fablico y abierto de t\u00edtulos, antecedentes y oposici\u00f3n para la cobertura de horas c\u00e1tedra en car\u00e1cter de titular en Institutos de Educaci\u00f3n Superior de gesti\u00f3n estatal. &nbsp;<\/p>\n\n\n\n<iframe loading=\"lazy\" src=\"https:\/\/drive.google.com\/file\/d\/1sSl_a8AJj0oNAhhlgkvzbmffttAZxd0j\/preview\" width=\"640\" height=\"480\" allow=\"autoplay\"><\/iframe>\n\n\n\n<p><strong>Descarg\u00e1<\/strong> la &nbsp;<a rel=\"noreferrer noopener\" href=\"https:\/\/drive.google.com\/file\/d\/1PHbxqYPhahZ--joGIttRuuto793eqER6\/view?usp=sharing\" target=\"_blank\"><strong>RESOL-2023-3-E-GDEMZA-CGES#DGE<\/strong><\/a>&nbsp;correspondiente a la designaci\u00f3n de jurados para los distintos agrupamientos que componen la primera etapa de la convocatoria a concurso 2022.&nbsp;<\/p>\n\n\n\n<iframe loading=\"lazy\" src=\"https:\/\/drive.google.com\/file\/d\/1PHbxqYPhahZ--joGIttRuuto793eqER6\/preview\" width=\"640\" height=\"480\" allow=\"autoplay\"><\/iframe>\n\n\n\n<p><strong>Descarg\u00e1<\/strong> <a rel=\"noreferrer noopener\" href=\"https:\/\/drive.google.com\/file\/d\/1MY-yUlVEgy-e12PUAlhmeIvSvAxjseJ3\/view?usp=share_link\" target=\"_blank\"><strong>Anexo- Designaci\u00f3n de jurados<\/strong><\/a><\/p>\n\n\n\n<iframe loading=\"lazy\" src=\"https:\/\/drive.google.com\/file\/d\/1MY-yUlVEgy-e12PUAlhmeIvSvAxjseJ3\/preview\" width=\"640\" height=\"480\" allow=\"autoplay\"><\/iframe>\n\n\n\n<div class=\"wp-block-columns is-layout-flex wp-container-4\">\n<div class=\"wp-block-column is-layout-flow\">\n<p><strong>Descarg\u00e1<\/strong> la <strong><a rel=\"noreferrer noopener\" href=\"https:\/\/drive.google.com\/file\/d\/16JgW_5MvpQNgInvKeJvG41LFuiuuTonG\/view?usp=share_link\" target=\"_blank\">RESOL-2023-5-E-GDEMZA-CGES#DGE<\/a><\/strong> correspondiente a la <strong>ampliaci\u00f3n de designaci\u00f3n de jurados para algunos de los agrupamientos<\/strong> que componen la primera etapa de la convocatoria a concurso 2022. La misma, <strong>modifica parcialmente el Anexo I de la RESOL-2023-3-GDEMZA-CGES#DGE.<\/strong><\/p>\n\n\n\n<iframe loading=\"lazy\" src=\"https:\/\/drive.google.com\/file\/d\/16JgW_5MvpQNgInvKeJvG41LFuiuuTonG\/preview\" width=\"640\" height=\"480\" allow=\"autoplay\"><\/iframe>\n\n\n\n<p><strong>Descarg\u00e1 <a rel=\"noreferrer noopener\" href=\"https:\/\/drive.google.com\/file\/d\/141q0DdUW-nV-3r_oL0Uf9Ha_H3CJXF7q\/view?usp=sharing\" data-type=\"URL\" data-id=\"https:\/\/drive.google.com\/file\/d\/141q0DdUW-nV-3r_oL0Uf9Ha_H3CJXF7q\/view?usp=sharing\" target=\"_blank\">Anexo-Ampliaci\u00f3n designaci\u00f3n de jurados<\/a><\/strong><\/p>\n\n\n\n<iframe loading=\"lazy\" src=\"https:\/\/drive.google.com\/file\/d\/141q0DdUW-nV-3r_oL0Uf9Ha_H3CJXF7q\/preview\" width=\"640\" height=\"480\" allow=\"autoplay\"><\/iframe>\n<\/div>\n<\/div>\n<\/div>\n<\/div>\n","protected":false},"excerpt":{"rendered":"<p>Convocatoria DGE a concurso de titularizaci\u00f3n de horas c\u00e1tedras en el Nivel Superior 2023 Descarg\u00e1 la&nbsp;RESOL- 7383-DGE-2023 y RES 288-CGES-2023 Convocatoria DGE a concurso de titularizaci\u00f3n de horas c\u00e1tedras en el Nivel Superior 2022 Descarg\u00e1 la&nbsp;RESOL- 2022-8021-E-GDEMZA-DGE Implementaci\u00f3n de concursos p\u00fablicos y abiertos de t\u00edtulos, antecedentes y oposici\u00f3n para la cobertura de horas c\u00e1tedra en &#8230; <a title=\"Resoluciones titularizaci\u00f3n\" class=\"read-more\" href=\"https:\/\/superior-infd.mendoza.edu.ar\/sitio\/resoluciones-titularizacion\/\" aria-label=\"More on Resoluciones titularizaci\u00f3n\">[+]<\/a><\/p>\n","protected":false},"author":2548,"featured_media":19526,"parent":0,"menu_order":0,"comment_status":"closed","ping_status":"closed","template":"","meta":[],"acf":[],"_links":{"self":[{"href":"https:\/\/superior-infd.mendoza.edu.ar\/sitio\/wp-json\/wp\/v2\/pages\/19493"}],"collection":[{"href":"https:\/\/superior-infd.mendoza.edu.ar\/sitio\/wp-json\/wp\/v2\/pages"}],"about":[{"href":"https:\/\/superior-infd.mendoza.edu.ar\/sitio\/wp-json\/wp\/v2\/types\/page"}],"author":[{"embeddable":true,"href":"https:\/\/superior-infd.mendoza.edu.ar\/sitio\/wp-json\/wp\/v2\/users\/2548"}],"replies":[{"embeddable":true,"href":"https:\/\/superior-infd.mendoza.edu.ar\/sitio\/wp-json\/wp\/v2\/comments?post=19493"}],"version-history":[{"count":20,"href":"https:\/\/superior-infd.mendoza.edu.ar\/sitio\/wp-json\/wp\/v2\/pages\/19493\/revisions"}],"predecessor-version":[{"id":23433,"href":"https:\/\/superior-infd.mendoza.edu.ar\/sitio\/wp-json\/wp\/v2\/pages\/19493\/revisions\/23433"}],"wp:featuredmedia":[{"embeddable":true,"href":"https:\/\/superior-infd.mendoza.edu.ar\/sitio\/wp-json\/wp\/v2\/media\/19526"}],"wp:attachment":[{"href":"https:\/\/superior-infd.mendoza.edu.ar\/sitio\/wp-json\/wp\/v2\/media?parent=19493"}],"curies":[{"name":"wp","href":"https:\/\/api.w.org\/{rel}","templated":true}]}}