{"id":19348,"date":"2022-12-08T12:05:08","date_gmt":"2022-12-08T15:05:08","guid":{"rendered":"https:\/\/superior-infd.mendoza.edu.ar\/sitio\/?page_id=19348"},"modified":"2022-12-08T20:03:56","modified_gmt":"2022-12-08T23:03:56","slug":"horas-vacantes","status":"publish","type":"page","link":"https:\/\/superior-infd.mendoza.edu.ar\/sitio\/horas-vacantes\/","title":{"rendered":"Horas vacantes"},"content":{"rendered":"<h1 style=\"text-align: center;\"><span style=\"color: #ffffff;\">Horas Vacantes<\/span><\/h1>\n<p>\u00a0<\/p>\n<style>.wp-show-posts-columns#wpsp-19429 {margin-left: -2em; }.wp-show-posts-columns#wpsp-19429 .wp-show-posts-inner {margin: 0 0 2em 2em; }<\/style><section id=\"wpsp-19429\" class=\" wp-show-posts-columns wp-show-posts\" style=\"\"><article class=\" wp-show-posts-single post-23841 post type-post status-publish format-standard has-post-thumbnail hentry category-horas-vacantes category-noticias category-noticias-de-la-cges category-titularizacion wpsp-col-6\" itemtype=\"http:\/\/schema.org\/CreativeWork\" itemscope><div class=\"wp-show-posts-inner\" style=\"\">\t\t\t\t\t\t<header class=\"wp-show-posts-entry-header\">\n\t\t\t\t\t\t\t<h2 class=\"wp-show-posts-entry-title\" itemprop=\"headline\"><a href=\"https:\/\/superior-infd.mendoza.edu.ar\/sitio\/concurso-titularizacion-nivel-superior-2023-2024-publicacion-de-listado-definitivo-de-horas-vacantes\/\" rel=\"bookmark\">Publicaci\u00f3n de listado definitivo de  vacantes para ofrecimiento de horas titulares<\/a><\/h2><div class=\"wp-show-posts-entry-meta wp-show-posts-entry-meta-below-title post-meta-inline\"><span class=\"wp-show-posts-posted-on wp-show-posts-meta\">\n\t\t\t\t\t<a href=\"https:\/\/superior-infd.mendoza.edu.ar\/sitio\/concurso-titularizacion-nivel-superior-2023-2024-publicacion-de-listado-definitivo-de-horas-vacantes\/\" title=\"10:18 pm\" rel=\"bookmark\"><time class=\"wp-show-posts-entry-date published\" datetime=\"2024-04-20T22:18:10-03:00\" itemprop=\"datePublished\">20 abril, 2024<\/time><time class=\"wp-show-posts-updated\" datetime=\"2024-04-20T22:33:06-03:00\" itemprop=\"dateModified\">20 abril, 2024<\/time><\/a>\n\t\t\t\t<\/span><\/div>\t\t\t\t\t\t<\/header><!-- .entry-header -->\n\t\t\t\t\t\t\t<div class=\"wp-show-posts-image  wpsp-image-center \">\n\t\t\t<a href=\"https:\/\/superior-infd.mendoza.edu.ar\/sitio\/concurso-titularizacion-nivel-superior-2023-2024-publicacion-de-listado-definitivo-de-horas-vacantes\/\"  title=\"Publicaci\u00f3n de listado definitivo de  vacantes para ofrecimiento de horas titulares\"><img width=\"1600\" height=\"1065\" src=\"https:\/\/superior-infd.mendoza.edu.ar\/sitio\/wp-content\/uploads\/2024\/02\/WhatsApp-Image-2024-02-06-at-19.07.28.jpeg\" class=\"attachment-full size-full wp-post-image\" alt=\"\" decoding=\"async\" loading=\"lazy\" itemprop=\"image\" srcset=\"https:\/\/superior-infd.mendoza.edu.ar\/sitio\/wp-content\/uploads\/2024\/02\/WhatsApp-Image-2024-02-06-at-19.07.28.jpeg 1600w, https:\/\/superior-infd.mendoza.edu.ar\/sitio\/wp-content\/uploads\/2024\/02\/WhatsApp-Image-2024-02-06-at-19.07.28-1000x666.jpeg 1000w, https:\/\/superior-infd.mendoza.edu.ar\/sitio\/wp-content\/uploads\/2024\/02\/WhatsApp-Image-2024-02-06-at-19.07.28-768x511.jpeg 768w, https:\/\/superior-infd.mendoza.edu.ar\/sitio\/wp-content\/uploads\/2024\/02\/WhatsApp-Image-2024-02-06-at-19.07.28-1536x1022.jpeg 1536w\" sizes=\"(max-width: 1600px) 100vw, 1600px\" \/><\/a>\t\t<\/div>\n\t\t\t\t\t\t\t\t<div class=\"wp-show-posts-entry-summary\" itemprop=\"text\">\n\t\t\t\t\t\t\t<p>El Nivel Superior comunica y publica seg\u00fan cronograma obrante en la resoluci\u00f3n sobre los concursos de titularizaci\u00f3n el listado definitivo de vacantes para el ofrecimiento de horas titulares: &#x1f4cc; Listado&#8230;<\/p>\n\t\t\t\t\t\t<\/div><!-- .entry-summary -->\n\t\t\t\t\t<\/div><!-- wp-show-posts-inner --><\/article><article class=\" wp-show-posts-single post-23254 post type-post status-publish format-standard has-post-thumbnail hentry category-horas-vacantes category-noticias category-noticias-de-ies category-noticias-de-la-cges category-titularizacion wpsp-col-6\" itemtype=\"http:\/\/schema.org\/CreativeWork\" itemscope><div class=\"wp-show-posts-inner\" style=\"\">\t\t\t\t\t\t<header class=\"wp-show-posts-entry-header\">\n\t\t\t\t\t\t\t<h2 class=\"wp-show-posts-entry-title\" itemprop=\"headline\"><a href=\"https:\/\/superior-infd.mendoza.edu.ar\/sitio\/publicacion-de-listado-provisorio-de-vacantes\/\" rel=\"bookmark\">Publicaci\u00f3n de listado provisorio de vacantes.<\/a><\/h2><div class=\"wp-show-posts-entry-meta wp-show-posts-entry-meta-below-title post-meta-inline\"><span class=\"wp-show-posts-posted-on wp-show-posts-meta\">\n\t\t\t\t\t<a href=\"https:\/\/superior-infd.mendoza.edu.ar\/sitio\/publicacion-de-listado-provisorio-de-vacantes\/\" title=\"10:50 am\" rel=\"bookmark\"><time class=\"wp-show-posts-entry-date published\" datetime=\"2023-11-29T10:50:15-03:00\" itemprop=\"datePublished\">29 noviembre, 2023<\/time><time class=\"wp-show-posts-updated\" datetime=\"2023-11-30T09:51:15-03:00\" itemprop=\"dateModified\">30 noviembre, 2023<\/time><\/a>\n\t\t\t\t<\/span><\/div>\t\t\t\t\t\t<\/header><!-- .entry-header -->\n\t\t\t\t\t\t\t<div class=\"wp-show-posts-image  wpsp-image-center \">\n\t\t\t<a href=\"https:\/\/superior-infd.mendoza.edu.ar\/sitio\/publicacion-de-listado-provisorio-de-vacantes\/\"  title=\"Publicaci\u00f3n de listado provisorio de vacantes.\"><img width=\"1252\" height=\"835\" src=\"https:\/\/superior-infd.mendoza.edu.ar\/sitio\/wp-content\/uploads\/2023\/11\/WhatsApp-Image-2023-11-21-at-20.37.53.jpeg\" class=\"attachment-full size-full wp-post-image\" alt=\"\" decoding=\"async\" loading=\"lazy\" itemprop=\"image\" srcset=\"https:\/\/superior-infd.mendoza.edu.ar\/sitio\/wp-content\/uploads\/2023\/11\/WhatsApp-Image-2023-11-21-at-20.37.53.jpeg 1252w, https:\/\/superior-infd.mendoza.edu.ar\/sitio\/wp-content\/uploads\/2023\/11\/WhatsApp-Image-2023-11-21-at-20.37.53-1000x667.jpeg 1000w, https:\/\/superior-infd.mendoza.edu.ar\/sitio\/wp-content\/uploads\/2023\/11\/WhatsApp-Image-2023-11-21-at-20.37.53-768x512.jpeg 768w\" sizes=\"(max-width: 1252px) 100vw, 1252px\" \/><\/a>\t\t<\/div>\n\t\t\t\t\t\t\t\t<div class=\"wp-show-posts-entry-summary\" itemprop=\"text\">\n\t\t\t\t\t\t\t<p>Concurso titularizaci\u00f3n Nivel Superior 2023 El Nivel Superior comunica y publica seg\u00fan cronograma obrante en la resoluci\u00f3n sobre los concursos de titularizaci\u00f3n el listado provisorio de espacios curriculares por Instituto&#8230;<\/p>\n\t\t\t\t\t\t<\/div><!-- .entry-summary -->\n\t\t\t\t\t<\/div><!-- wp-show-posts-inner --><\/article><article class=\" wp-show-posts-single post-23162 post type-post status-publish format-standard has-post-thumbnail hentry category-horas-vacantes category-noticias category-titularizacion wpsp-col-6\" itemtype=\"http:\/\/schema.org\/CreativeWork\" itemscope><div class=\"wp-show-posts-inner\" style=\"\">\t\t\t\t\t\t<header class=\"wp-show-posts-entry-header\">\n\t\t\t\t\t\t\t<h2 class=\"wp-show-posts-entry-title\" itemprop=\"headline\"><a href=\"https:\/\/superior-infd.mendoza.edu.ar\/sitio\/incorporacion-de-nuevas-horas-vacantes-concurso-titularizacion-nivel-superior-2023\/\" rel=\"bookmark\">Incorporaci\u00f3n de nuevas horas vacantes. Concurso titularizaci\u00f3n Nivel Superior 2023<\/a><\/h2><div class=\"wp-show-posts-entry-meta wp-show-posts-entry-meta-below-title post-meta-inline\"><span class=\"wp-show-posts-posted-on wp-show-posts-meta\">\n\t\t\t\t\t<a href=\"https:\/\/superior-infd.mendoza.edu.ar\/sitio\/incorporacion-de-nuevas-horas-vacantes-concurso-titularizacion-nivel-superior-2023\/\" title=\"7:02 pm\" rel=\"bookmark\"><time class=\"wp-show-posts-entry-date published\" datetime=\"2023-11-23T19:02:50-03:00\" itemprop=\"datePublished\">23 noviembre, 2023<\/time><time class=\"wp-show-posts-updated\" datetime=\"2023-12-19T23:02:37-03:00\" itemprop=\"dateModified\">19 diciembre, 2023<\/time><\/a>\n\t\t\t\t<\/span><\/div>\t\t\t\t\t\t<\/header><!-- .entry-header -->\n\t\t\t\t\t\t\t<div class=\"wp-show-posts-image  wpsp-image-center \">\n\t\t\t<a href=\"https:\/\/superior-infd.mendoza.edu.ar\/sitio\/incorporacion-de-nuevas-horas-vacantes-concurso-titularizacion-nivel-superior-2023\/\"  title=\"Incorporaci\u00f3n de nuevas horas vacantes. Concurso titularizaci\u00f3n Nivel Superior 2023\"><img width=\"1252\" height=\"835\" src=\"https:\/\/superior-infd.mendoza.edu.ar\/sitio\/wp-content\/uploads\/2023\/11\/WhatsApp-Image-2023-11-21-at-20.37.53.jpeg\" class=\"attachment-full size-full wp-post-image\" alt=\"\" decoding=\"async\" loading=\"lazy\" itemprop=\"image\" srcset=\"https:\/\/superior-infd.mendoza.edu.ar\/sitio\/wp-content\/uploads\/2023\/11\/WhatsApp-Image-2023-11-21-at-20.37.53.jpeg 1252w, https:\/\/superior-infd.mendoza.edu.ar\/sitio\/wp-content\/uploads\/2023\/11\/WhatsApp-Image-2023-11-21-at-20.37.53-1000x667.jpeg 1000w, https:\/\/superior-infd.mendoza.edu.ar\/sitio\/wp-content\/uploads\/2023\/11\/WhatsApp-Image-2023-11-21-at-20.37.53-768x512.jpeg 768w\" sizes=\"(max-width: 1252px) 100vw, 1252px\" \/><\/a>\t\t<\/div>\n\t\t\t\t\t\t\t\t<div class=\"wp-show-posts-entry-summary\" itemprop=\"text\">\n\t\t\t\t\t\t\t<p>El Nivel Superior comunica y publica que se suma el agrupamiento 40 a la zona I, al el listado provisorio de espacios curriculares por zona y agrupamiento del concurso Titularizaci\u00f3n&#8230;<\/p>\n\t\t\t\t\t\t<\/div><!-- .entry-summary -->\n\t\t\t\t\t<\/div><!-- wp-show-posts-inner --><\/article><article class=\" wp-show-posts-single post-23120 post type-post status-publish format-standard has-post-thumbnail hentry category-horas-vacantes category-noticias category-titularizacion wpsp-col-6\" itemtype=\"http:\/\/schema.org\/CreativeWork\" itemscope><div class=\"wp-show-posts-inner\" style=\"\">\t\t\t\t\t\t<header class=\"wp-show-posts-entry-header\">\n\t\t\t\t\t\t\t<h2 class=\"wp-show-posts-entry-title\" itemprop=\"headline\"><a href=\"https:\/\/superior-infd.mendoza.edu.ar\/sitio\/listado-provisorio-de-espacios-curriculares-por-zona-y-agrupamiento-concurso-titularizacion-nivel-superior-2023\/\" rel=\"bookmark\">Listado provisorio  de espacios curriculares por zona y agrupamiento. Concurso titularizaci\u00f3n Nivel Superior 2023<\/a><\/h2><div class=\"wp-show-posts-entry-meta wp-show-posts-entry-meta-below-title post-meta-inline\"><span class=\"wp-show-posts-posted-on wp-show-posts-meta\">\n\t\t\t\t\t<a href=\"https:\/\/superior-infd.mendoza.edu.ar\/sitio\/listado-provisorio-de-espacios-curriculares-por-zona-y-agrupamiento-concurso-titularizacion-nivel-superior-2023\/\" title=\"8:39 pm\" rel=\"bookmark\"><time class=\"wp-show-posts-entry-date published\" datetime=\"2023-11-21T20:39:06-03:00\" itemprop=\"datePublished\">21 noviembre, 2023<\/time><time class=\"wp-show-posts-updated\" datetime=\"2023-11-21T20:58:43-03:00\" itemprop=\"dateModified\">21 noviembre, 2023<\/time><\/a>\n\t\t\t\t<\/span><\/div>\t\t\t\t\t\t<\/header><!-- .entry-header -->\n\t\t\t\t\t\t\t<div class=\"wp-show-posts-image  wpsp-image-center \">\n\t\t\t<a href=\"https:\/\/superior-infd.mendoza.edu.ar\/sitio\/listado-provisorio-de-espacios-curriculares-por-zona-y-agrupamiento-concurso-titularizacion-nivel-superior-2023\/\"  title=\"Listado provisorio  de espacios curriculares por zona y agrupamiento. Concurso titularizaci\u00f3n Nivel Superior 2023\"><img width=\"1252\" height=\"835\" src=\"https:\/\/superior-infd.mendoza.edu.ar\/sitio\/wp-content\/uploads\/2023\/11\/WhatsApp-Image-2023-11-21-at-20.37.53.jpeg\" class=\"attachment-full size-full wp-post-image\" alt=\"\" decoding=\"async\" loading=\"lazy\" itemprop=\"image\" srcset=\"https:\/\/superior-infd.mendoza.edu.ar\/sitio\/wp-content\/uploads\/2023\/11\/WhatsApp-Image-2023-11-21-at-20.37.53.jpeg 1252w, https:\/\/superior-infd.mendoza.edu.ar\/sitio\/wp-content\/uploads\/2023\/11\/WhatsApp-Image-2023-11-21-at-20.37.53-1000x667.jpeg 1000w, https:\/\/superior-infd.mendoza.edu.ar\/sitio\/wp-content\/uploads\/2023\/11\/WhatsApp-Image-2023-11-21-at-20.37.53-768x512.jpeg 768w\" sizes=\"(max-width: 1252px) 100vw, 1252px\" \/><\/a>\t\t<\/div>\n\t\t\t\t\t\t\t\t<div class=\"wp-show-posts-entry-summary\" itemprop=\"text\">\n\t\t\t\t\t\t\t<p>El Nivel Superior comunica y publica seg\u00fan cronograma obrante en la resoluci\u00f3n sobre los concursos de titularizaci\u00f3n el listado provisorio de espacios curriculares por zona y agrupamiento del concurso Titularizaci\u00f3n&#8230;<\/p>\n\t\t\t\t\t\t<\/div><!-- .entry-summary -->\n\t\t\t\t\t<\/div><!-- wp-show-posts-inner --><\/article><article class=\" wp-show-posts-single post-19690 post type-post status-publish format-standard has-post-thumbnail hentry category-horas-vacantes category-noticias category-noticias-de-la-cges category-titularizacion wpsp-col-6\" itemtype=\"http:\/\/schema.org\/CreativeWork\" itemscope><div class=\"wp-show-posts-inner\" style=\"\">\t\t\t\t\t\t<header class=\"wp-show-posts-entry-header\">\n\t\t\t\t\t\t\t<h2 class=\"wp-show-posts-entry-title\" itemprop=\"headline\"><a href=\"https:\/\/superior-infd.mendoza.edu.ar\/sitio\/cierran-las-inscripciones-al-concurso-de-titularizacion-del-nivel-superior\/\" rel=\"bookmark\">Cierran las inscripciones al Concurso de Titularizaci\u00f3n del Nivel Superior<\/a><\/h2><div class=\"wp-show-posts-entry-meta wp-show-posts-entry-meta-below-title post-meta-inline\"><span class=\"wp-show-posts-posted-on wp-show-posts-meta\">\n\t\t\t\t\t<a href=\"https:\/\/superior-infd.mendoza.edu.ar\/sitio\/cierran-las-inscripciones-al-concurso-de-titularizacion-del-nivel-superior\/\" title=\"8:58 pm\" rel=\"bookmark\"><time class=\"wp-show-posts-entry-date published\" datetime=\"2022-12-29T20:58:11-03:00\" itemprop=\"datePublished\">29 diciembre, 2022<\/time><time class=\"wp-show-posts-updated\" datetime=\"2022-12-29T21:03:12-03:00\" itemprop=\"dateModified\">29 diciembre, 2022<\/time><\/a>\n\t\t\t\t<\/span><\/div>\t\t\t\t\t\t<\/header><!-- .entry-header -->\n\t\t\t\t\t\t\t<div class=\"wp-show-posts-image  wpsp-image-center \">\n\t\t\t<a href=\"https:\/\/superior-infd.mendoza.edu.ar\/sitio\/cierran-las-inscripciones-al-concurso-de-titularizacion-del-nivel-superior\/\"  title=\"Cierran las inscripciones al Concurso de Titularizaci\u00f3n del Nivel Superior\"><img width=\"893\" height=\"406\" src=\"https:\/\/superior-infd.mendoza.edu.ar\/sitio\/wp-content\/uploads\/2022\/12\/WhatsApp-Image-2022-12-07-at-17.16.17-e1670797687511.jpeg\" class=\"attachment-full size-full wp-post-image\" alt=\"\" decoding=\"async\" loading=\"lazy\" itemprop=\"image\" \/><\/a>\t\t<\/div>\n\t\t\t\t\t\t\t\t<div class=\"wp-show-posts-entry-summary\" itemprop=\"text\">\n\t\t\t\t\t\t\t<p>El pr\u00f3ximo 2 de enero es la fecha l\u00edmite para que los y las profesionales interesados en participar del concurso registren su inscripci\u00f3n a trav\u00e9s de la plataforma de la&#8230;<\/p>\n\t\t\t\t\t\t<\/div><!-- .entry-summary -->\n\t\t\t\t\t<\/div><!-- wp-show-posts-inner --><\/article><div class=\"wpsp-clear\"><\/div><\/section><!-- .wp-show-posts -->\n","protected":false},"excerpt":{"rendered":"<p>Horas Vacantes \u00a0<\/p>\n","protected":false},"author":2548,"featured_media":0,"parent":0,"menu_order":0,"comment_status":"closed","ping_status":"closed","template":"","meta":[],"acf":[],"_links":{"self":[{"href":"https:\/\/superior-infd.mendoza.edu.ar\/sitio\/wp-json\/wp\/v2\/pages\/19348"}],"collection":[{"href":"https:\/\/superior-infd.mendoza.edu.ar\/sitio\/wp-json\/wp\/v2\/pages"}],"about":[{"href":"https:\/\/superior-infd.mendoza.edu.ar\/sitio\/wp-json\/wp\/v2\/types\/page"}],"author":[{"embeddable":true,"href":"https:\/\/superior-infd.mendoza.edu.ar\/sitio\/wp-json\/wp\/v2\/users\/2548"}],"replies":[{"embeddable":true,"href":"https:\/\/superior-infd.mendoza.edu.ar\/sitio\/wp-json\/wp\/v2\/comments?post=19348"}],"version-history":[{"count":52,"href":"https:\/\/superior-infd.mendoza.edu.ar\/sitio\/wp-json\/wp\/v2\/pages\/19348\/revisions"}],"predecessor-version":[{"id":19892,"href":"https:\/\/superior-infd.mendoza.edu.ar\/sitio\/wp-json\/wp\/v2\/pages\/19348\/revisions\/19892"}],"wp:attachment":[{"href":"https:\/\/superior-infd.mendoza.edu.ar\/sitio\/wp-json\/wp\/v2\/media?parent=19348"}],"curies":[{"name":"wp","href":"https:\/\/api.w.org\/{rel}","templated":true}]}}