{"id":18104,"date":"2022-04-01T14:22:18","date_gmt":"2022-04-01T17:22:18","guid":{"rendered":"https:\/\/superior-infd.mendoza.edu.ar\/sitio\/?page_id=18104"},"modified":"2025-11-03T22:58:07","modified_gmt":"2025-11-04T01:58:07","slug":"formacion-continua","status":"publish","type":"page","link":"https:\/\/superior-infd.mendoza.edu.ar\/sitio\/formacion-continua\/","title":{"rendered":"Formaci\u00f3n Continua"},"content":{"rendered":"\n<figure class=\"wp-block-image\"><img alt=\"\"\/><\/figure>\n\n\n\n<p><\/p>\n\n\n\n<p><\/p>\n\n\n<p><img decoding=\"async\" loading=\"lazy\" class=\"wp-image-25389 size-full aligncenter\" src=\"https:\/\/superior-infd.mendoza.edu.ar\/sitio\/wp-content\/uploads\/2025\/10\/FORMACION-CONTINUA.png\" alt=\"\" width=\"2600\" height=\"600\" srcset=\"https:\/\/superior-infd.mendoza.edu.ar\/sitio\/wp-content\/uploads\/2025\/10\/FORMACION-CONTINUA.png 2600w, https:\/\/superior-infd.mendoza.edu.ar\/sitio\/wp-content\/uploads\/2025\/10\/FORMACION-CONTINUA-1000x231.png 1000w, https:\/\/superior-infd.mendoza.edu.ar\/sitio\/wp-content\/uploads\/2025\/10\/FORMACION-CONTINUA-1900x438.png 1900w, https:\/\/superior-infd.mendoza.edu.ar\/sitio\/wp-content\/uploads\/2025\/10\/FORMACION-CONTINUA-768x177.png 768w, https:\/\/superior-infd.mendoza.edu.ar\/sitio\/wp-content\/uploads\/2025\/10\/FORMACION-CONTINUA-1536x354.png 1536w, https:\/\/superior-infd.mendoza.edu.ar\/sitio\/wp-content\/uploads\/2025\/10\/FORMACION-CONTINUA-2048x473.png 2048w\" sizes=\"(max-width: 2600px) 100vw, 2600px\" \/><\/p>\n<p><b>\u00c1rea de Formaci\u00f3n Continua y Desarrollo Profesional<\/b><\/p>\n<p><span style=\"font-weight: 400;\">El \u00c1rea de Formaci\u00f3n Continua y Desarrollo Profesional tiene como misi\u00f3n promover y organizar acciones formativas y de actualizaci\u00f3n que fortalezcan la calidad educativa y t\u00e9cnica en la Provincia de Mendoza. Desde este espacio se impulsan post\u00edtulos, capacitaciones y otras actividades y din\u00e1micas orientadas al perfeccionamiento de docentes y profesionales t\u00e9cnicos, en di\u00e1logo con las demandas sociales, productivas y laborales de la regi\u00f3n. Asimismo, se brindan par\u00e1metros y criterios para garantizar transparencia, confiabilidad y pertinencia en cada propuesta, fomentando la actualizaci\u00f3n en entornos presenciales y virtuales, con una perspectiva de aprendizaje flexible, innovadora y de alto impacto en las trayectorias educativas y profesionales de la provincia.<\/span><\/p>\n<p>Responsable del \u00e1rea: <strong>Lic. H\u00e9ctor Garro de la Hoz<\/strong><\/p>\n<hr \/>\n<ul>\n<li><span style=\"font-weight: 400;\">Resoluci\u00f3n General del \u00e1rea: <\/span><span style=\"font-weight: 400;\">Res. 4516-DGE-2024\u00a0 <a href=\"https:\/\/drive.google.com\/file\/d\/1iiDwcY3EOcsysFqawz8ksZ7K9JztqFMv\/view?usp=drive_link\" target=\"_blank\" rel=\"noopener\"><img decoding=\"async\" loading=\"lazy\" class=\"alignnone wp-image-25671 \" src=\"https:\/\/superior-infd.mendoza.edu.ar\/sitio\/wp-content\/uploads\/2025\/11\/normativa-2.png\" alt=\"\" width=\"48\" height=\"58\" \/><\/a><\/span><\/li>\n<li><span style=\"font-weight: 400;\">Resoluci\u00f3n Preceptores\/Bibliotecarios\/Secretarios:\u00a0 Res. 708-DGE-2016 <a href=\"https:\/\/drive.google.com\/file\/d\/1ZQ1AhU6D1DPbf8EGpNcGqKhOrljzlCTU\/view?usp=drive_link\" target=\"_blank\" rel=\"noopener\"><img decoding=\"async\" loading=\"lazy\" class=\"alignnone wp-image-25671 \" src=\"https:\/\/superior-infd.mendoza.edu.ar\/sitio\/wp-content\/uploads\/2025\/11\/normativa-2.png\" alt=\"\" width=\"48\" height=\"58\" \/><\/a> y Res. 2081-DGE-2021 <a href=\"https:\/\/drive.google.com\/file\/d\/1SxgGoXLuP4SW8rsJ9TbaDasBWWRJZlr4\/view?usp=drive_link\" target=\"_blank\" rel=\"noopener\"><img decoding=\"async\" loading=\"lazy\" class=\"alignnone wp-image-25671 \" src=\"https:\/\/superior-infd.mendoza.edu.ar\/sitio\/wp-content\/uploads\/2025\/11\/normativa-2.png\" alt=\"\" width=\"48\" height=\"58\" \/><\/a><\/span><\/li>\n<\/ul>\n<hr \/>\n<p><span style=\"font-weight: 400;\"><strong><img decoding=\"async\" loading=\"lazy\" class=\"alignnone size-full wp-image-25482\" src=\"https:\/\/superior-infd.mendoza.edu.ar\/sitio\/wp-content\/uploads\/2025\/10\/0JBZukkcRg.png\" alt=\"\" width=\"59\" height=\"53\" \/>\u00a0 Contacto del<\/strong> <strong>\u00e1rea<\/strong>:\u00a0<\/span><\/p>\n<ul>\n<li style=\"font-weight: 400;\" aria-level=\"1\">Capacitaciones Docentes: <strong>capacitacion-superior@mendoza.edu.ar<\/strong><\/li>\n<li style=\"font-weight: 400;\" aria-level=\"1\"><span style=\"font-weight: 400;\">Cursos T\u00e9cnicos y Post\u00edtulos Docente y T\u00e9cnicos: <\/span><strong>postitulos-superior@mendoza.edu.ar<\/strong><\/li>\n<li style=\"font-weight: 400;\" aria-level=\"1\"><span style=\"font-weight: 400;\">Gesti\u00f3n integral y enlace operativo<\/span><span style=\"font-weight: 400;\">: <\/span><strong>formacioncontinua-superior@mendoza.edu.ar<\/strong><\/li>\n<\/ul>\n\n\n<hr class=\"wp-block-separator has-alpha-channel-opacity\"\/>\n\n\n<div class=\"wp-block-image\">\n<figure class=\"aligncenter size-full\"><a href=\"https:\/\/dti.mendoza.edu.ar\/superior\/capacitacion\/public\/\" target=\"_blank\" rel=\"noreferrer noopener\"><img decoding=\"async\" loading=\"lazy\" width=\"351\" height=\"294\" src=\"https:\/\/superior-infd.mendoza.edu.ar\/sitio\/wp-content\/uploads\/2025\/11\/bot-fcont.png\" alt=\"\" class=\"wp-image-25631\"\/><\/a><\/figure><\/div>","protected":false},"excerpt":{"rendered":"<p>\u00c1rea de Formaci\u00f3n Continua y Desarrollo Profesional El \u00c1rea de Formaci\u00f3n Continua y Desarrollo Profesional tiene como misi\u00f3n promover y organizar acciones formativas y de actualizaci\u00f3n que fortalezcan la calidad educativa y t\u00e9cnica en la Provincia de Mendoza. Desde este espacio se impulsan post\u00edtulos, capacitaciones y otras actividades y din\u00e1micas orientadas al perfeccionamiento de docentes &#8230; <a title=\"Formaci\u00f3n Continua\" class=\"read-more\" href=\"https:\/\/superior-infd.mendoza.edu.ar\/sitio\/formacion-continua\/\" aria-label=\"More on Formaci\u00f3n Continua\">[+]<\/a><\/p>\n","protected":false},"author":2548,"featured_media":0,"parent":0,"menu_order":0,"comment_status":"closed","ping_status":"closed","template":"","meta":[],"acf":[],"_links":{"self":[{"href":"https:\/\/superior-infd.mendoza.edu.ar\/sitio\/wp-json\/wp\/v2\/pages\/18104"}],"collection":[{"href":"https:\/\/superior-infd.mendoza.edu.ar\/sitio\/wp-json\/wp\/v2\/pages"}],"about":[{"href":"https:\/\/superior-infd.mendoza.edu.ar\/sitio\/wp-json\/wp\/v2\/types\/page"}],"author":[{"embeddable":true,"href":"https:\/\/superior-infd.mendoza.edu.ar\/sitio\/wp-json\/wp\/v2\/users\/2548"}],"replies":[{"embeddable":true,"href":"https:\/\/superior-infd.mendoza.edu.ar\/sitio\/wp-json\/wp\/v2\/comments?post=18104"}],"version-history":[{"count":79,"href":"https:\/\/superior-infd.mendoza.edu.ar\/sitio\/wp-json\/wp\/v2\/pages\/18104\/revisions"}],"predecessor-version":[{"id":25675,"href":"https:\/\/superior-infd.mendoza.edu.ar\/sitio\/wp-json\/wp\/v2\/pages\/18104\/revisions\/25675"}],"wp:attachment":[{"href":"https:\/\/superior-infd.mendoza.edu.ar\/sitio\/wp-json\/wp\/v2\/media?parent=18104"}],"curies":[{"name":"wp","href":"https:\/\/api.w.org\/{rel}","templated":true}]}}