{"id":16581,"date":"2021-04-12T08:33:20","date_gmt":"2021-04-12T11:33:20","guid":{"rendered":"https:\/\/superior-infd.mendoza.edu.ar\/sitio\/?page_id=16581"},"modified":"2025-12-22T10:43:45","modified_gmt":"2025-12-22T13:43:45","slug":"oferta-educativa-2024","status":"publish","type":"page","link":"https:\/\/superior-infd.mendoza.edu.ar\/sitio\/oferta-educativa-2024\/","title":{"rendered":"Oferta educativa"},"content":{"rendered":"<h1 style=\"text-align: center;\"><span style=\"color: #000f9f;\"><strong><em>Conoc\u00e9 toda la oferta educativa de Superior<\/em><\/strong><\/span><\/h1>\n<p><em>En la Expo Educativa Virtual 2026 de Educaci\u00f3n Superior vas a encontrar todas las carreras disponibles, tanto de formaci\u00f3n docente como t\u00e9cnica, y las instituciones de gesti\u00f3n estatal y privada en las que se dictan en forma presencial o a distancia. <\/em><\/p>\n<p>Los Institutos de Educaci\u00f3n Superior, de gesti\u00f3n estatal y privada dependientes de la Direcci\u00f3n General de Escuelas, distribuidos a lo largo y ancho del territorio provincial, ofrecen una amplia oferta formativa para continuar tus estudios superiores.<\/p>\n<p>Estudiar en un Instituto de nivel superior te permite obtener un t\u00edtulo profesional a corto plazo, ya que las carreras duran entre 3 y 4 a\u00f1os, dependiendo el tipo de formaci\u00f3n que elijas.\u00a0 Se puede optar por carreras de formaci\u00f3n docente (Profesorados) o t\u00e9cnica (Tecnicaturas Superiores).<\/p>\n<h2><span style=\"color: #000f9f;\"><strong><em>Carreras de Formaci\u00f3n Docente o T\u00e9cnica y Formaci\u00f3n a Distancia<\/em><\/strong><\/span><\/h2>\n<p>En la siguiente Infograf\u00eda podr\u00e1s acceder a toda la oferta disponible de acuerdo al tipo de formaci\u00f3n que elijas: Docente o T\u00e9cnica.<\/p>\n<p><span style=\"color: #000f9f;\"><strong><em>Formaci\u00f3n T\u00e9cnica<\/em> <\/strong>|<\/span> Haciendo clic en el \u00edcono (+) se desplegar\u00e1 un men\u00fa con las opciones agrupadas por \u201cfamilias profesionales\u201d, dentro de las cuales encontrar\u00e1s gran variedad de propuestas: Salud, Educaci\u00f3n, Econom\u00eda y Administraci\u00f3n, Tecnolog\u00eda, Ciencias Sociales, Gastronom\u00eda y varias (Turismo, Higiene y Seguridad, Agronom\u00eda, Transporte y Obras, Dise\u00f1o y Comunicaci\u00f3n, entre otras).<\/p>\n<p>Para conocer las carreras agrupadas dentro de una familia profesional, hac\u00e9 clic en el \u00edcono (+) y se desplegar\u00e1 otro men\u00fa con todas las opciones, que adem\u00e1s te indicar\u00e1 en qu\u00e9 modalidad de cursado est\u00e1 disponible: presencial y\/o a distancia.<\/p>\n<p><span style=\"color: #000f9f;\"><strong><em>Formaci\u00f3n Docente <\/em><\/strong><\/span>| Haciendo clic en el \u00edcono (+) se desplegar\u00e1 un men\u00fa con todos los Profesorados disponibles bajo la modalidad de cursado presencial.\u00a0<\/p>\n<p><span style=\"color: #000f9f;\"><strong><em>Formaci\u00f3n a Distancia <\/em><\/strong><\/span>| Haciendo clic en el \u00edcono (+) se desplegar\u00e1 un men\u00fa con todas las carreras disponibles bajo la modalidad de cursado a distancia.\u00a0<\/p>\n<div style=\"width: 100%;\">\n<div style=\"position: relative; padding-bottom: 56.25%; padding-top: 0; height: 0;\"><iframe loading=\"lazy\" style=\"position: absolute; top: 0; left: 0; width: 100%; height: 100%;\" title=\"Oferta Educativa 2026\" src=\"https:\/\/view.genially.com\/6946899d99af2446df343aed\" width=\"1200px\" height=\"675px\" frameborder=\"0\" scrolling=\"yes\" allowfullscreen=\"allowfullscreen\"><\/iframe><\/div>\n<\/div>\n<h1 style=\"text-align: center;\"><span style=\"color: #000f9f;\"><strong>Mapa de la oferta educativa<\/strong><\/span><\/h1>\n<p>En el mapa de nuestra provincia podr\u00e1s visualizar todos los Institutos de Educaci\u00f3n Superior distribuidos a lo largo del territorio, discriminados por color:<\/p>\n<ul>\n<li>en negro encontrar\u00e1s los IES de gesti\u00f3n estatal (gratuitos)<\/li>\n<li>y en color celeste los IES de gesti\u00f3n privada.<\/li>\n<\/ul>\n<p>Al seleccionar uno, encontrar\u00e1s toda la informaci\u00f3n sobre el instituto: nombre, direcci\u00f3n, sitio web y carreras que dicta, para ponerte en contacto y realizar las consultas que necesites.<\/p>\n<h2 style=\"text-align: center;\"><iframe loading=\"lazy\" src=\"https:\/\/www.google.com\/maps\/d\/embed?mid=1P8HEP0N_Od_06uBvAYXWVSxqS-NGJ4ZT&amp;ehbc=2E312F\" width=\"800\" height=\"950\"><\/iframe><\/h2>\n<p style=\"text-align: center;\"><strong>El trayecto \u00abMAPS VOCACIONAL<\/strong><\/p>\n<p>\u00a0<img decoding=\"async\" loading=\"lazy\" class=\"wp-image-23948 aligncenter\" src=\"https:\/\/superior-infd.mendoza.edu.ar\/sitio\/wp-content\/uploads\/2024\/05\/WhatsApp-Image-2024-05-17-at-17.47.26.jpeg\" alt=\"\" width=\"685\" height=\"514\" srcset=\"https:\/\/superior-infd.mendoza.edu.ar\/sitio\/wp-content\/uploads\/2024\/05\/WhatsApp-Image-2024-05-17-at-17.47.26.jpeg 801w, https:\/\/superior-infd.mendoza.edu.ar\/sitio\/wp-content\/uploads\/2024\/05\/WhatsApp-Image-2024-05-17-at-17.47.26-768x576.jpeg 768w\" sizes=\"(max-width: 685px) 100vw, 685px\" \/><\/p>\n<blockquote class=\"wp-embedded-content\" data-secret=\"JzkN1XvcNa\"><p><a href=\"https:\/\/www.mendoza.edu.ar\/maps-vocacional\/\">Maps vocacional<\/a><\/p><\/blockquote>\n<p><iframe class=\"wp-embedded-content\" sandbox=\"allow-scripts\" security=\"restricted\" style=\"position: absolute; clip: rect(1px, 1px, 1px, 1px);\" title=\"\u00abMaps vocacional\u00bb \u2014 mendoza.edu.ar\" src=\"https:\/\/www.mendoza.edu.ar\/maps-vocacional\/embed\/#?secret=M8b0Qbbbqa#?secret=JzkN1XvcNa\" data-secret=\"JzkN1XvcNa\" width=\"600\" height=\"338\" frameborder=\"0\" marginwidth=\"0\" marginheight=\"0\" scrolling=\"no\"><\/iframe><\/p>\n<p style=\"text-align: center;\">Para m\u00e1s informaci\u00f3n ingres\u00e1 a: <a href=\"https:\/\/www.expoeducativa.mendoza.edu.ar\/\">https:\/\/www.expoeducativa.mendoza.edu.ar\/<\/a><\/p>\n<p>&nbsp;<\/p>\n<p>&nbsp;<\/p>\n<p>&nbsp;<\/p>\n<h2 style=\"text-align: center;\">\u00a0<\/h2>\n","protected":false},"excerpt":{"rendered":"<p>Conoc\u00e9 toda la oferta educativa de Superior En la Expo Educativa Virtual 2026 de Educaci\u00f3n Superior vas a encontrar todas las carreras disponibles, tanto de formaci\u00f3n docente como t\u00e9cnica, y las instituciones de gesti\u00f3n estatal y privada en las que se dictan en forma presencial o a distancia. Los Institutos de Educaci\u00f3n Superior, de gesti\u00f3n &#8230; <a title=\"Oferta educativa\" class=\"read-more\" href=\"https:\/\/superior-infd.mendoza.edu.ar\/sitio\/oferta-educativa-2024\/\" aria-label=\"More on Oferta educativa\">[+]<\/a><\/p>\n","protected":false},"author":2548,"featured_media":0,"parent":0,"menu_order":0,"comment_status":"closed","ping_status":"closed","template":"","meta":[],"acf":[],"_links":{"self":[{"href":"https:\/\/superior-infd.mendoza.edu.ar\/sitio\/wp-json\/wp\/v2\/pages\/16581"}],"collection":[{"href":"https:\/\/superior-infd.mendoza.edu.ar\/sitio\/wp-json\/wp\/v2\/pages"}],"about":[{"href":"https:\/\/superior-infd.mendoza.edu.ar\/sitio\/wp-json\/wp\/v2\/types\/page"}],"author":[{"embeddable":true,"href":"https:\/\/superior-infd.mendoza.edu.ar\/sitio\/wp-json\/wp\/v2\/users\/2548"}],"replies":[{"embeddable":true,"href":"https:\/\/superior-infd.mendoza.edu.ar\/sitio\/wp-json\/wp\/v2\/comments?post=16581"}],"version-history":[{"count":81,"href":"https:\/\/superior-infd.mendoza.edu.ar\/sitio\/wp-json\/wp\/v2\/pages\/16581\/revisions"}],"predecessor-version":[{"id":26038,"href":"https:\/\/superior-infd.mendoza.edu.ar\/sitio\/wp-json\/wp\/v2\/pages\/16581\/revisions\/26038"}],"wp:attachment":[{"href":"https:\/\/superior-infd.mendoza.edu.ar\/sitio\/wp-json\/wp\/v2\/media?parent=16581"}],"curies":[{"name":"wp","href":"https:\/\/api.w.org\/{rel}","templated":true}]}}