{"id":16230,"date":"2020-11-18T17:20:00","date_gmt":"2020-11-18T20:20:00","guid":{"rendered":"https:\/\/superior-infd.mendoza.edu.ar\/sitio\/?page_id=16230"},"modified":"2020-12-09T09:49:43","modified_gmt":"2020-12-09T12:49:43","slug":"resenas-de-libros","status":"publish","type":"page","link":"https:\/\/superior-infd.mendoza.edu.ar\/sitio\/resenas-de-libros\/","title":{"rendered":"Rese\u00f1as de libros"},"content":{"rendered":"<p style=\"text-align: left;\"><img decoding=\"async\" loading=\"lazy\" class=\"wp-image-16190 alignleft\" src=\"https:\/\/superior-infd.mendoza.edu.ar\/sitio\/wp-content\/uploads\/2020\/11\/RESE\u00d1AS-350-x-350.png\" alt=\"\" width=\"250\" height=\"250\" \/><\/p>\n<h6><a href=\"https:\/\/superior-infd.mendoza.edu.ar\/sitio\/wp-content\/uploads\/2020\/12\/Paisaje-cultural-de-Tupungato.-Desde-una.pdf\" target=\"_blank\" rel=\"noopener\"><img decoding=\"async\" loading=\"lazy\" class=\"alignnone wp-image-4211\" src=\"https:\/\/superior-infd.mendoza.edu.ar\/sitio\/wp-content\/uploads\/2018\/08\/PDFICON.png\" alt=\"\" width=\"25\" height=\"25\" \/> Paisaje cultural de Tupungato. Desde una perspectiva tur\u00edstica<\/a><\/h6>\n<p><strong>Daniel Mart\u00edn, Gisela Manoni, Federico Gil, Anabel Cuquejo y Gabriela Tejera<\/strong>. Rese\u00f1a de libro realizada por <strong>Silvina Carbonari<\/strong>.<\/p>\n<hr \/>\n<div  class=\"lgc-column lgc-grid-parent lgc-grid-15 lgc-tablet-grid-15 lgc-mobile-grid-15 lgc-equal-heights \"><div  class=\"inside-grid-column\"><a href=\"https:\/\/superior-infd.mendoza.edu.ar\/sitio\/informes-institucionales\/\"><img decoding=\"async\" loading=\"lazy\" class=\"alignnone size-full wp-image-16178\" src=\"https:\/\/superior-infd.mendoza.edu.ar\/sitio\/wp-content\/uploads\/2020\/11\/informes-institucionales-boton.png\" alt=\"\" width=\"150\" height=\"43\" \/><\/a><\/div><\/div>\n<div  class=\"lgc-column lgc-grid-parent lgc-grid-15 lgc-tablet-grid-15 lgc-mobile-grid-15 lgc-equal-heights \"><div  class=\"inside-grid-column\"><a href=\"https:\/\/superior-infd.mendoza.edu.ar\/sitio\/?page_id=16216&amp;preview=true\"><img decoding=\"async\" loading=\"lazy\" class=\"alignnone size-full wp-image-16177\" src=\"https:\/\/superior-infd.mendoza.edu.ar\/sitio\/wp-content\/uploads\/2020\/11\/entrevista-boton.png\" alt=\"\" width=\"150\" height=\"43\" \/><\/a><\/div><\/div>\n<div  class=\"lgc-column lgc-grid-parent lgc-grid-15 lgc-tablet-grid-15 lgc-mobile-grid-15 lgc-equal-heights \"><div  class=\"inside-grid-column\"><a href=\"https:\/\/superior-infd.mendoza.edu.ar\/sitio\/resenas-de-libros\/\"><img decoding=\"async\" loading=\"lazy\" class=\"alignnone size-full wp-image-16176\" src=\"https:\/\/superior-infd.mendoza.edu.ar\/sitio\/wp-content\/uploads\/2020\/11\/rese\u00f1a-boton.png\" alt=\"\" width=\"150\" height=\"43\" \/><\/a><\/div><\/div>\n<div  class=\"lgc-column lgc-grid-parent lgc-grid-15 lgc-tablet-grid-15 lgc-mobile-grid-15 lgc-equal-heights \"><div  class=\"inside-grid-column\"><a href=\"https:\/\/superior-infd.mendoza.edu.ar\/sitio\/?page_id=16223&amp;preview=true\"><img decoding=\"async\" loading=\"lazy\" class=\"alignnone size-full wp-image-16175\" src=\"https:\/\/superior-infd.mendoza.edu.ar\/sitio\/wp-content\/uploads\/2020\/11\/reportes-2-boton.png\" alt=\"\" width=\"150\" height=\"43\" \/><\/a><\/div><\/div>\n<div  class=\"lgc-column lgc-grid-parent lgc-grid-15 lgc-tablet-grid-15 lgc-mobile-grid-15 lgc-equal-heights \"><div  class=\"inside-grid-column\"><a href=\"https:\/\/superior-infd.mendoza.edu.ar\/sitio\/?page_id=16239&amp;preview=true\"><img decoding=\"async\" loading=\"lazy\" class=\"alignnone size-full wp-image-16174\" src=\"https:\/\/superior-infd.mendoza.edu.ar\/sitio\/wp-content\/uploads\/2020\/11\/poster-boton.png\" alt=\"\" width=\"150\" height=\"43\" \/><\/a><\/div><\/div>\n<div  class=\"lgc-column lgc-grid-parent lgc-grid-15 lgc-tablet-grid-15 lgc-mobile-grid-15 lgc-equal-heights \"><div  class=\"inside-grid-column\"><a href=\"https:\/\/superior-infd.mendoza.edu.ar\/sitio\/?page_id=16250&amp;preview=true\"><img decoding=\"async\" loading=\"lazy\" class=\"alignnone size-full wp-image-16173\" src=\"https:\/\/superior-infd.mendoza.edu.ar\/sitio\/wp-content\/uploads\/2020\/11\/narrativas-boton.png\" alt=\"\" width=\"150\" height=\"43\" \/><\/a><\/div><\/div><div class=\"lgc-clear\"><\/div>\n","protected":false},"excerpt":{"rendered":"<p>Paisaje cultural de Tupungato. Desde una perspectiva tur\u00edstica Daniel Mart\u00edn, Gisela Manoni, Federico Gil, Anabel Cuquejo y Gabriela Tejera. Rese\u00f1a de libro realizada por Silvina Carbonari.<\/p>\n","protected":false},"author":1090,"featured_media":0,"parent":0,"menu_order":0,"comment_status":"closed","ping_status":"closed","template":"","meta":[],"acf":[],"_links":{"self":[{"href":"https:\/\/superior-infd.mendoza.edu.ar\/sitio\/wp-json\/wp\/v2\/pages\/16230"}],"collection":[{"href":"https:\/\/superior-infd.mendoza.edu.ar\/sitio\/wp-json\/wp\/v2\/pages"}],"about":[{"href":"https:\/\/superior-infd.mendoza.edu.ar\/sitio\/wp-json\/wp\/v2\/types\/page"}],"author":[{"embeddable":true,"href":"https:\/\/superior-infd.mendoza.edu.ar\/sitio\/wp-json\/wp\/v2\/users\/1090"}],"replies":[{"embeddable":true,"href":"https:\/\/superior-infd.mendoza.edu.ar\/sitio\/wp-json\/wp\/v2\/comments?post=16230"}],"version-history":[{"count":11,"href":"https:\/\/superior-infd.mendoza.edu.ar\/sitio\/wp-json\/wp\/v2\/pages\/16230\/revisions"}],"predecessor-version":[{"id":16374,"href":"https:\/\/superior-infd.mendoza.edu.ar\/sitio\/wp-json\/wp\/v2\/pages\/16230\/revisions\/16374"}],"wp:attachment":[{"href":"https:\/\/superior-infd.mendoza.edu.ar\/sitio\/wp-json\/wp\/v2\/media?parent=16230"}],"curies":[{"name":"wp","href":"https:\/\/api.w.org\/{rel}","templated":true}]}}