{"id":16223,"date":"2020-11-18T17:14:00","date_gmt":"2020-11-18T20:14:00","guid":{"rendered":"https:\/\/superior-infd.mendoza.edu.ar\/sitio\/?page_id=16223"},"modified":"2024-12-26T17:53:22","modified_gmt":"2024-12-26T20:53:22","slug":"reportes-de-investigacion-empirica","status":"publish","type":"page","link":"https:\/\/superior-infd.mendoza.edu.ar\/sitio\/reportes-de-investigacion-empirica\/","title":{"rendered":"Reportes de investigaci\u00f3n emp\u00edrica"},"content":{"rendered":"<p><a href=\"https:\/\/superior-infd.mendoza.edu.ar\/sitio\/educaccion\/\"><img decoding=\"async\" loading=\"lazy\" class=\"alignnone size-medium wp-image-14992\" src=\"https:\/\/superior-infd.mendoza.edu.ar\/sitio\/wp-content\/uploads\/2020\/10\/banner-educaccion-1000x273.jpg\" alt=\"\" width=\"1000\" height=\"273\" srcset=\"https:\/\/superior-infd.mendoza.edu.ar\/sitio\/wp-content\/uploads\/2020\/10\/banner-educaccion-1000x273.jpg 1000w, https:\/\/superior-infd.mendoza.edu.ar\/sitio\/wp-content\/uploads\/2020\/10\/banner-educaccion-768x210.jpg 768w, https:\/\/superior-infd.mendoza.edu.ar\/sitio\/wp-content\/uploads\/2020\/10\/banner-educaccion-620x169.jpg 620w, https:\/\/superior-infd.mendoza.edu.ar\/sitio\/wp-content\/uploads\/2020\/10\/banner-educaccion-400x109.jpg 400w, https:\/\/superior-infd.mendoza.edu.ar\/sitio\/wp-content\/uploads\/2020\/10\/banner-educaccion.jpg 1099w\" sizes=\"(max-width: 1000px) 100vw, 1000px\" \/><\/a><\/p>\n<p style=\"text-align: left;\"><img decoding=\"async\" loading=\"lazy\" class=\"wp-image-16189 alignleft\" src=\"https:\/\/superior-infd.mendoza.edu.ar\/sitio\/wp-content\/uploads\/2020\/11\/REPORTES350-x-350.png\" alt=\"\" width=\"250\" height=\"250\" \/><\/p>\n<p><a href=\"https:\/\/drive.google.com\/file\/d\/1oGqk2BfWK2CKli5k9p_g-MFagZJDUwy4\/view?usp=sharing\"><img decoding=\"async\" loading=\"lazy\" class=\"alignnone\" src=\"https:\/\/superior-infd.mendoza.edu.ar\/sitio\/wp-content\/uploads\/2018\/08\/PDFICON.png\" width=\"37\" height=\"37\" \/><\/a> <a href=\"https:\/\/drive.google.com\/file\/d\/1oGqk2BfWK2CKli5k9p_g-MFagZJDUwy4\/view?usp=sharing\">La documentaci\u00f3n narrativa de las pr\u00e1cticas docentes como modalidad de indagaci\u00f3n y\u00a0acci\u00f3n pedag\u00f3gica<\/a><\/p>\n<p><strong>Patricia Grippo y otros. <\/strong>Equipo de investigaci\u00f3n IES N\u00b0 9-029. <strong>Palabras claves:<\/strong> pr\u00e1cticas docentes, documentaci\u00f3n narrativa, indagaci\u00f3n y acci\u00f3n pedag\u00f3gica.<\/p>\n<p><a href=\"https:\/\/drive.google.com\/file\/d\/1MuJDhMyp1ZwNOXLIDj_cALz0OoMrmH4z\/view?usp=sharing\"><img decoding=\"async\" loading=\"lazy\" class=\"\" src=\"https:\/\/superior-infd.mendoza.edu.ar\/sitio\/wp-content\/uploads\/2018\/08\/PDFICON.png\" width=\"37\" height=\"37\" \/><\/a> <a href=\"https:\/\/drive.google.com\/file\/d\/1MuJDhMyp1ZwNOXLIDj_cALz0OoMrmH4z\/view?usp=sharing\">Competencia comunicativa en el \u00e1rea de conocimiento ingl\u00e9s: un puente entre el sector socioproductivo y el t\u00e9cnico superior en desarrollo de software<\/a><\/p>\n<p><strong>Mariangeles Navas y otros.<\/strong> Equipo de investigaci\u00f3n IES N\u00b0 9-012 San Rafael en Inform\u00e1tica. <strong>Palabras claves: d<\/strong>esarrollo de software, conocimiento ingl\u00e9s, competencia comunicativa, sector socioproductivo, propuesta curricular.<\/p>\n<p><a href=\"https:\/\/drive.google.com\/file\/d\/1bZnwltxNRdOPDDUyUu_e_uNJi-BVxjCX\/view?usp=sharing\"><img decoding=\"async\" loading=\"lazy\" class=\"\" src=\"https:\/\/superior-infd.mendoza.edu.ar\/sitio\/wp-content\/uploads\/2018\/08\/PDFICON.png\" width=\"37\" height=\"37\" \/><\/a> <a href=\"https:\/\/drive.google.com\/file\/d\/1bZnwltxNRdOPDDUyUu_e_uNJi-BVxjCX\/view?usp=sharing\">Saberes y pr\u00e1cticas asociadas a la evaluaci\u00f3n formativa en educaci\u00f3n f\u00edsica y su aplicaci\u00f3n en pandemia<\/a><\/p>\n<p><strong>Mariana R\u00edos y otros.<\/strong> Equipo de investigaci\u00f3n IES N\u00b0 9-016 \u201cDr. Jorge E. Coll\u201d. <strong>Palabras claves:<\/strong> evaluaci\u00f3n formativa, Educaci\u00f3n F\u00edsica, pandemia, saberes, pr\u00e1cticas.<\/p>\n<p><a href=\"https:\/\/drive.google.com\/file\/d\/1mEW-Q8RJ_0xCTmvntl4TQGFOc8B_3Xe_\/view?usp=drive_link\"><img decoding=\"async\" loading=\"lazy\" class=\"\" src=\"https:\/\/superior-infd.mendoza.edu.ar\/sitio\/wp-content\/uploads\/2018\/08\/PDFICON.png\" width=\"34\" height=\"34\" \/><\/a> <a href=\"https:\/\/drive.google.com\/file\/d\/1mEW-Q8RJ_0xCTmvntl4TQGFOc8B_3Xe_\/view?usp=drive_link\">Metodolog\u00edas activas en la pr\u00e1ctica profesional docente del profesorado de educaci\u00f3n inicial: un camino para producir transformaciones en las instituciones<\/a><\/p>\n<p><strong>Julia Andrea Amparan y otros.<\/strong> Equipo de investigaci\u00f3n del IES\u00a0 N\u00b0 9-027. <strong>Palabras claves: <\/strong>metodolog\u00edas activas, ABP, pedagog\u00eda de la pregunta, aprendizajes activos, formaci\u00f3n inicial docente, pr\u00e1ctica profesional docente, escuelas asociadas.<\/p>\n<p><a href=\"https:\/\/drive.google.com\/file\/d\/1JlgULvrt4Z2e4qIMujIgWqGodCw3iZME\/view?usp=drive_link\"><img decoding=\"async\" loading=\"lazy\" class=\"\" src=\"https:\/\/superior-infd.mendoza.edu.ar\/sitio\/wp-content\/uploads\/2018\/08\/PDFICON.png\" width=\"34\" height=\"34\" \/><\/a> <a href=\"https:\/\/drive.google.com\/file\/d\/1JlgULvrt4Z2e4qIMujIgWqGodCw3iZME\/view?usp=drive_link\">Las configuraciones did\u00e1cticas en el campo de la pr\u00e1ctica profesional docente y residencia durante las diferentes etapas de la pandemia por COVID 19<\/a><\/p>\n<p><strong>Cecilia Musale y otros.<\/strong> Equipo de investigaci\u00f3n del IES N\u00b0 9-011 \u00abDel Atuel\u00bb. <strong>Palabras claves<\/strong>: configuraciones did\u00e1cticas, virtualidad, pr\u00e1ctica docente, innovaci\u00f3n.\u00a0<\/p>\n<p style=\"text-align: left;\"><a href=\"https:\/\/superior-infd.mendoza.edu.ar\/sitio\/wp-content\/uploads\/2020\/12\/El-lugar-del-conocimiento-y-la-comprensi\u00f3n.pdf\" target=\"_blank\" rel=\"noopener\"><img decoding=\"async\" loading=\"lazy\" class=\"alignnone wp-image-4211\" src=\"https:\/\/superior-infd.mendoza.edu.ar\/sitio\/wp-content\/uploads\/2018\/08\/PDFICON.png\" alt=\"\" width=\"32\" height=\"32\" \/> El lugar del conocimiento y la comprensi\u00f3n en las pr\u00e1cticas docentes del \u00e1rea de las ciencias sociales y\u00a0 naturales<\/a><\/p>\n<p><strong>Claudia Ferro y Andrea Cano<\/strong>. Palabras claves: habilidades cognitivas, mediaci\u00f3n pedag\u00f3gica, \u00e1reas curriculares.<\/p>\n<p><a href=\"https:\/\/drive.google.com\/file\/d\/1S9x1LbXjyMsP2bXw5ZjhMmXIB41xkMiR\/view?usp=sharing\" target=\"_blank\" rel=\"noopener\"><img decoding=\"async\" loading=\"lazy\" class=\"alignnone wp-image-4211\" src=\"https:\/\/superior-infd.mendoza.edu.ar\/sitio\/wp-content\/uploads\/2018\/08\/PDFICON.png\" alt=\"\" width=\"30\" height=\"30\" \/> Asociaci\u00f3n entre rendimiento acad\u00e9mico y capacidad aer\u00f3bica saludable en escolares de primaria<\/a><\/p>\n<p><strong>Gast\u00f3n C\u00e9sar Garc\u00eda, Mar\u00eda de los \u00c1ngeles Perez, Alejandra Badiali y Mar\u00eda Elisa Di Marco<\/strong>. Palabras claves: Matem\u00e1tica, Lengua, Educaci\u00f3n F\u00edsica, fitness<\/p>\n<\/p>\n<hr>\n<\/hr>\n<div  class=\"lgc-column lgc-grid-parent lgc-grid-15 lgc-tablet-grid-15 lgc-mobile-grid-15 lgc-equal-heights \"><div  class=\"inside-grid-column\"><a href=\"https:\/\/superior-infd.mendoza.edu.ar\/sitio\/informes-institucionales\/\"><img decoding=\"async\" loading=\"lazy\" class=\"alignnone size-full wp-image-16178\" src=\"https:\/\/superior-infd.mendoza.edu.ar\/sitio\/wp-content\/uploads\/2020\/11\/informes-institucionales-boton.png\" alt=\"\" width=\"150\" height=\"43\" \/><\/a><\/div><\/div>\n<div  class=\"lgc-column lgc-grid-parent lgc-grid-15 lgc-tablet-grid-15 lgc-mobile-grid-15 lgc-equal-heights \"><div  class=\"inside-grid-column\"><a href=\"https:\/\/superior-infd.mendoza.edu.ar\/sitio\/?page_id=16216&#038;preview=true\"><img decoding=\"async\" loading=\"lazy\" class=\"alignnone size-full wp-image-16177\" src=\"https:\/\/superior-infd.mendoza.edu.ar\/sitio\/wp-content\/uploads\/2020\/11\/entrevista-boton.png\" alt=\"\" width=\"150\" height=\"43\" \/><\/a><\/div><\/div>\n<div  class=\"lgc-column lgc-grid-parent lgc-grid-15 lgc-tablet-grid-15 lgc-mobile-grid-15 lgc-equal-heights \"><div  class=\"inside-grid-column\"><a href=\"https:\/\/superior-infd.mendoza.edu.ar\/sitio\/resenas-de-libros\/\"><img decoding=\"async\" loading=\"lazy\" class=\"alignnone size-full wp-image-16176\" src=\"https:\/\/superior-infd.mendoza.edu.ar\/sitio\/wp-content\/uploads\/2020\/11\/rese\u00f1a-boton.png\" alt=\"\" width=\"150\" height=\"43\" \/><\/a><\/div><\/div>\n<div  class=\"lgc-column lgc-grid-parent lgc-grid-15 lgc-tablet-grid-15 lgc-mobile-grid-15 lgc-equal-heights \"><div  class=\"inside-grid-column\"><a href=\"https:\/\/superior-infd.mendoza.edu.ar\/sitio\/?page_id=16223&#038;preview=true\"><img decoding=\"async\" loading=\"lazy\" class=\"alignnone size-full wp-image-16175\" src=\"https:\/\/superior-infd.mendoza.edu.ar\/sitio\/wp-content\/uploads\/2020\/11\/reportes-2-boton.png\" alt=\"\" width=\"150\" height=\"43\" \/><\/a><\/div><\/div>\n<div  class=\"lgc-column lgc-grid-parent lgc-grid-15 lgc-tablet-grid-15 lgc-mobile-grid-15 lgc-equal-heights \"><div  class=\"inside-grid-column\"><a href=\"https:\/\/superior-infd.mendoza.edu.ar\/sitio\/?page_id=16239&#038;preview=true\"><img decoding=\"async\" loading=\"lazy\" class=\"alignnone size-full wp-image-16174\" src=\"https:\/\/superior-infd.mendoza.edu.ar\/sitio\/wp-content\/uploads\/2020\/11\/poster-boton.png\" alt=\"\" width=\"150\" height=\"43\" \/><\/a><\/div><\/div>\n<div  class=\"lgc-column lgc-grid-parent lgc-grid-15 lgc-tablet-grid-15 lgc-mobile-grid-15 lgc-equal-heights \"><div  class=\"inside-grid-column\"><a href=\"https:\/\/superior-infd.mendoza.edu.ar\/sitio\/?page_id=16250&#038;preview=true\"><img decoding=\"async\" loading=\"lazy\" class=\"alignnone size-full wp-image-16173\" src=\"https:\/\/superior-infd.mendoza.edu.ar\/sitio\/wp-content\/uploads\/2020\/11\/narrativas-boton.png\" alt=\"\" width=\"150\" height=\"43\" \/><\/a><\/div><\/div><div class=\"lgc-clear\"><\/div>\n","protected":false},"excerpt":{"rendered":"<p>La documentaci\u00f3n narrativa de las pr\u00e1cticas docentes como modalidad de indagaci\u00f3n y\u00a0acci\u00f3n pedag\u00f3gica Patricia Grippo y otros. Equipo de investigaci\u00f3n IES N\u00b0 9-029. Palabras claves: pr\u00e1cticas docentes, documentaci\u00f3n narrativa, indagaci\u00f3n y acci\u00f3n pedag\u00f3gica. Competencia comunicativa en el \u00e1rea de conocimiento ingl\u00e9s: un puente entre el sector socioproductivo y el t\u00e9cnico superior en desarrollo de software &#8230; <a title=\"Reportes de investigaci\u00f3n emp\u00edrica\" class=\"read-more\" href=\"https:\/\/superior-infd.mendoza.edu.ar\/sitio\/reportes-de-investigacion-empirica\/\" aria-label=\"More on Reportes de investigaci\u00f3n emp\u00edrica\">[+]<\/a><\/p>\n","protected":false},"author":1090,"featured_media":0,"parent":0,"menu_order":0,"comment_status":"closed","ping_status":"closed","template":"","meta":[],"acf":[],"_links":{"self":[{"href":"https:\/\/superior-infd.mendoza.edu.ar\/sitio\/wp-json\/wp\/v2\/pages\/16223"}],"collection":[{"href":"https:\/\/superior-infd.mendoza.edu.ar\/sitio\/wp-json\/wp\/v2\/pages"}],"about":[{"href":"https:\/\/superior-infd.mendoza.edu.ar\/sitio\/wp-json\/wp\/v2\/types\/page"}],"author":[{"embeddable":true,"href":"https:\/\/superior-infd.mendoza.edu.ar\/sitio\/wp-json\/wp\/v2\/users\/1090"}],"replies":[{"embeddable":true,"href":"https:\/\/superior-infd.mendoza.edu.ar\/sitio\/wp-json\/wp\/v2\/comments?post=16223"}],"version-history":[{"count":18,"href":"https:\/\/superior-infd.mendoza.edu.ar\/sitio\/wp-json\/wp\/v2\/pages\/16223\/revisions"}],"predecessor-version":[{"id":24497,"href":"https:\/\/superior-infd.mendoza.edu.ar\/sitio\/wp-json\/wp\/v2\/pages\/16223\/revisions\/24497"}],"wp:attachment":[{"href":"https:\/\/superior-infd.mendoza.edu.ar\/sitio\/wp-json\/wp\/v2\/media?parent=16223"}],"curies":[{"name":"wp","href":"https:\/\/api.w.org\/{rel}","templated":true}]}}