{"id":16179,"date":"2020-11-18T13:04:03","date_gmt":"2020-11-18T16:04:03","guid":{"rendered":"https:\/\/superior-infd.mendoza.edu.ar\/sitio\/?page_id=16179"},"modified":"2023-04-27T12:33:35","modified_gmt":"2023-04-27T15:33:35","slug":"informes-institucionales","status":"publish","type":"page","link":"https:\/\/superior-infd.mendoza.edu.ar\/sitio\/informes-institucionales\/","title":{"rendered":"Informes institucionales"},"content":{"rendered":"<p><a href=\"https:\/\/superior-infd.mendoza.edu.ar\/sitio\/educaccion\/\"><img decoding=\"async\" loading=\"lazy\" class=\"alignnone size-medium wp-image-14992\" src=\"https:\/\/superior-infd.mendoza.edu.ar\/sitio\/wp-content\/uploads\/2020\/10\/banner-educaccion-1000x273.jpg\" alt=\"\" width=\"1000\" height=\"273\" srcset=\"https:\/\/superior-infd.mendoza.edu.ar\/sitio\/wp-content\/uploads\/2020\/10\/banner-educaccion-1000x273.jpg 1000w, https:\/\/superior-infd.mendoza.edu.ar\/sitio\/wp-content\/uploads\/2020\/10\/banner-educaccion-768x210.jpg 768w, https:\/\/superior-infd.mendoza.edu.ar\/sitio\/wp-content\/uploads\/2020\/10\/banner-educaccion-620x169.jpg 620w, https:\/\/superior-infd.mendoza.edu.ar\/sitio\/wp-content\/uploads\/2020\/10\/banner-educaccion-400x109.jpg 400w, https:\/\/superior-infd.mendoza.edu.ar\/sitio\/wp-content\/uploads\/2020\/10\/banner-educaccion.jpg 1099w\" sizes=\"(max-width: 1000px) 100vw, 1000px\" \/><\/a><\/p>\n<p><img decoding=\"async\" loading=\"lazy\" class=\"alignleft wp-image-16192\" src=\"https:\/\/superior-infd.mendoza.edu.ar\/sitio\/wp-content\/uploads\/2020\/11\/INFORMES-350-x-350.png\" alt=\"\" width=\"250\" height=\"250\" \/><\/p>\n<h6><a href=\"https:\/\/superior-infd.mendoza.edu.ar\/sitio\/wp-content\/uploads\/2023\/04\/Informe-grupos-focales.-Reunio\u0301n-de-rectores-2023.pdf\" target=\"_blank\" rel=\"noopener\"><img decoding=\"async\" loading=\"lazy\" class=\"alignnone wp-image-4211\" src=\"https:\/\/superior-infd.mendoza.edu.ar\/sitio\/wp-content\/uploads\/2018\/08\/PDFICON.png\" alt=\"\" width=\"25\" height=\"25\" \/>\u00a0Reuni\u00f3n de Rectores 2022. Informe Grupos de discusi\u00f3n focal<\/a><\/h6>\n<p>Resultados de grupos focales realizados con equipos de gesti\u00f3n de zona Sur (12 de diciembre de 2022) y de zona Norte (14 de diciembre de 2022).<\/p>\n<h6><a href=\"https:\/\/superior-infd.mendoza.edu.ar\/sitio\/wp-content\/uploads\/2020\/11\/Alfa.-Informe-2019.-4-DE-NOVIEMBRE.-Final.pdf\" target=\"_blank\" rel=\"noopener\"><img decoding=\"async\" loading=\"lazy\" class=\"alignnone wp-image-4211\" src=\"https:\/\/superior-infd.mendoza.edu.ar\/sitio\/wp-content\/uploads\/2018\/08\/PDFICON.png\" alt=\"\" width=\"25\" height=\"25\" \/> Programa Jurisdiccional de Alfabetizaci\u00f3n Inicial<\/a> (Res. 2538\/18-DGE)<\/h6>\n<p>Investigaci\u00f3n de impacto. Informe. (2019)<\/p>\n<h6><a href=\"https:\/\/superior-infd.mendoza.edu.ar\/sitio\/wp-content\/uploads\/2020\/11\/DGE-Mendoza-2017.-Factores-asociados-....-Informe-de-investigacio\u0301n.pdf\" target=\"_blank\" rel=\"noopener\"><img decoding=\"async\" loading=\"lazy\" class=\"alignnone wp-image-4211\" src=\"https:\/\/superior-infd.mendoza.edu.ar\/sitio\/wp-content\/uploads\/2018\/08\/PDFICON.png\" alt=\"\" width=\"25\" height=\"25\" \/> Factores asociados al rendimiento en la prueba Aprender 2016:<\/a> estudio exploratorio en escuelas primarias y secundarias de la Provincia de Mendoza.<\/h6>\n<h6>\u00a0\u00a0\u00a0\u00a0\u00a0\u00a0 <img decoding=\"async\" loading=\"lazy\" class=\"alignnone wp-image-4211\" src=\"https:\/\/superior-infd.mendoza.edu.ar\/sitio\/wp-content\/uploads\/2018\/08\/PDFICON.png\" alt=\"\" width=\"25\" height=\"25\" \/> <a href=\"https:\/\/superior-infd.mendoza.edu.ar\/sitio\/wp-content\/uploads\/2020\/11\/DGE-Mendoza-2017.-Factores-asociados-....-Anexos.pdf\" target=\"_blank\" rel=\"noopener\">Anexo <\/a><\/h6>\n<p>Informe de Investigaci\u00f3n (2017)<\/p>\n<h6>\u00a0<\/h6>\n<\/p>\n<hr>\n<\/hr>\n<div  class=\"lgc-column lgc-grid-parent lgc-grid-15 lgc-tablet-grid-15 lgc-mobile-grid-15 lgc-equal-heights \"><div  class=\"inside-grid-column\"><a href=\"https:\/\/superior-infd.mendoza.edu.ar\/sitio\/informes-institucionales\/\"><img decoding=\"async\" loading=\"lazy\" class=\"alignnone size-full wp-image-16178\" src=\"https:\/\/superior-infd.mendoza.edu.ar\/sitio\/wp-content\/uploads\/2020\/11\/informes-institucionales-boton.png\" alt=\"\" width=\"150\" height=\"43\" \/><\/a><\/div><\/div>\n<div  class=\"lgc-column lgc-grid-parent lgc-grid-15 lgc-tablet-grid-15 lgc-mobile-grid-15 lgc-equal-heights \"><div  class=\"inside-grid-column\"><a href=\"https:\/\/superior-infd.mendoza.edu.ar\/sitio\/?page_id=16216&#038;preview=true\"><img decoding=\"async\" loading=\"lazy\" class=\"alignnone size-full wp-image-16177\" src=\"https:\/\/superior-infd.mendoza.edu.ar\/sitio\/wp-content\/uploads\/2020\/11\/entrevista-boton.png\" alt=\"\" width=\"150\" height=\"43\" \/><\/a><\/div><\/div>\n<div  class=\"lgc-column lgc-grid-parent lgc-grid-15 lgc-tablet-grid-15 lgc-mobile-grid-15 lgc-equal-heights \"><div  class=\"inside-grid-column\"><a href=\"https:\/\/superior-infd.mendoza.edu.ar\/sitio\/resenas-de-libros\/\"><img decoding=\"async\" loading=\"lazy\" class=\"alignnone size-full wp-image-16176\" src=\"https:\/\/superior-infd.mendoza.edu.ar\/sitio\/wp-content\/uploads\/2020\/11\/rese\u00f1a-boton.png\" alt=\"\" width=\"150\" height=\"43\" \/><\/a><\/div><\/div>\n<div  class=\"lgc-column lgc-grid-parent lgc-grid-15 lgc-tablet-grid-15 lgc-mobile-grid-15 lgc-equal-heights \"><div  class=\"inside-grid-column\"><a href=\"https:\/\/superior-infd.mendoza.edu.ar\/sitio\/?page_id=16223&#038;preview=true\"><img decoding=\"async\" loading=\"lazy\" class=\"alignnone size-full wp-image-16175\" src=\"https:\/\/superior-infd.mendoza.edu.ar\/sitio\/wp-content\/uploads\/2020\/11\/reportes-2-boton.png\" alt=\"\" width=\"150\" height=\"43\" \/><\/a><\/div><\/div>\n<div  class=\"lgc-column lgc-grid-parent lgc-grid-15 lgc-tablet-grid-15 lgc-mobile-grid-15 lgc-equal-heights \"><div  class=\"inside-grid-column\"><a href=\"https:\/\/superior-infd.mendoza.edu.ar\/sitio\/?page_id=16239&#038;preview=true\"><img decoding=\"async\" loading=\"lazy\" class=\"alignnone size-full wp-image-16174\" src=\"https:\/\/superior-infd.mendoza.edu.ar\/sitio\/wp-content\/uploads\/2020\/11\/poster-boton.png\" alt=\"\" width=\"150\" height=\"43\" \/><\/a><\/div><\/div>\n<div  class=\"lgc-column lgc-grid-parent lgc-grid-15 lgc-tablet-grid-15 lgc-mobile-grid-15 lgc-equal-heights \"><div  class=\"inside-grid-column\"><a href=\"https:\/\/superior-infd.mendoza.edu.ar\/sitio\/?page_id=16250&#038;preview=true\"><img decoding=\"async\" loading=\"lazy\" class=\"alignnone size-full wp-image-16173\" src=\"https:\/\/superior-infd.mendoza.edu.ar\/sitio\/wp-content\/uploads\/2020\/11\/narrativas-boton.png\" alt=\"\" width=\"150\" height=\"43\" \/><\/a><\/div><\/div><div class=\"lgc-clear\"><\/div>\n","protected":false},"excerpt":{"rendered":"<p>\u00a0Reuni\u00f3n de Rectores 2022. Informe Grupos de discusi\u00f3n focal Resultados de grupos focales realizados con equipos de gesti\u00f3n de zona Sur (12 de diciembre de 2022) y de zona Norte (14 de diciembre de 2022). Programa Jurisdiccional de Alfabetizaci\u00f3n Inicial (Res. 2538\/18-DGE) Investigaci\u00f3n de impacto. Informe. (2019) Factores asociados al rendimiento en la prueba Aprender &#8230; <a title=\"Informes institucionales\" class=\"read-more\" href=\"https:\/\/superior-infd.mendoza.edu.ar\/sitio\/informes-institucionales\/\" aria-label=\"More on Informes institucionales\">[+]<\/a><\/p>\n","protected":false},"author":1090,"featured_media":0,"parent":0,"menu_order":0,"comment_status":"closed","ping_status":"closed","template":"","meta":[],"acf":[],"_links":{"self":[{"href":"https:\/\/superior-infd.mendoza.edu.ar\/sitio\/wp-json\/wp\/v2\/pages\/16179"}],"collection":[{"href":"https:\/\/superior-infd.mendoza.edu.ar\/sitio\/wp-json\/wp\/v2\/pages"}],"about":[{"href":"https:\/\/superior-infd.mendoza.edu.ar\/sitio\/wp-json\/wp\/v2\/types\/page"}],"author":[{"embeddable":true,"href":"https:\/\/superior-infd.mendoza.edu.ar\/sitio\/wp-json\/wp\/v2\/users\/1090"}],"replies":[{"embeddable":true,"href":"https:\/\/superior-infd.mendoza.edu.ar\/sitio\/wp-json\/wp\/v2\/comments?post=16179"}],"version-history":[{"count":34,"href":"https:\/\/superior-infd.mendoza.edu.ar\/sitio\/wp-json\/wp\/v2\/pages\/16179\/revisions"}],"predecessor-version":[{"id":20761,"href":"https:\/\/superior-infd.mendoza.edu.ar\/sitio\/wp-json\/wp\/v2\/pages\/16179\/revisions\/20761"}],"wp:attachment":[{"href":"https:\/\/superior-infd.mendoza.edu.ar\/sitio\/wp-json\/wp\/v2\/media?parent=16179"}],"curies":[{"name":"wp","href":"https:\/\/api.w.org\/{rel}","templated":true}]}}