{"id":16116,"date":"2020-11-18T11:02:00","date_gmt":"2020-11-18T14:02:00","guid":{"rendered":"https:\/\/superior-infd.mendoza.edu.ar\/sitio\/?page_id=16116"},"modified":"2022-05-16T13:56:43","modified_gmt":"2022-05-16T16:56:43","slug":"criterios-eticos","status":"publish","type":"page","link":"https:\/\/superior-infd.mendoza.edu.ar\/sitio\/criterios-eticos\/","title":{"rendered":"Criterios \u00e9ticos"},"content":{"rendered":"<p><a href=\"https:\/\/superior-infd.mendoza.edu.ar\/sitio\/educaccion\/\"><img decoding=\"async\" loading=\"lazy\" class=\"alignnone wp-image-14992 size-medium\" src=\"https:\/\/superior-infd.mendoza.edu.ar\/sitio\/wp-content\/uploads\/2020\/10\/banner-educaccion-1000x273.jpg\" alt=\"\" width=\"1000\" height=\"273\" srcset=\"https:\/\/superior-infd.mendoza.edu.ar\/sitio\/wp-content\/uploads\/2020\/10\/banner-educaccion-1000x273.jpg 1000w, https:\/\/superior-infd.mendoza.edu.ar\/sitio\/wp-content\/uploads\/2020\/10\/banner-educaccion-768x210.jpg 768w, https:\/\/superior-infd.mendoza.edu.ar\/sitio\/wp-content\/uploads\/2020\/10\/banner-educaccion-620x169.jpg 620w, https:\/\/superior-infd.mendoza.edu.ar\/sitio\/wp-content\/uploads\/2020\/10\/banner-educaccion-400x109.jpg 400w, https:\/\/superior-infd.mendoza.edu.ar\/sitio\/wp-content\/uploads\/2020\/10\/banner-educaccion.jpg 1099w\" sizes=\"(max-width: 1000px) 100vw, 1000px\" \/><\/a><a href=\"https:\/\/superior-infd.mendoza.edu.ar\/sitio\/como-publicar-en-educaccion\/\"><img decoding=\"async\" loading=\"lazy\" class=\"alignnone wp-image-18537\" src=\"https:\/\/superior-infd.mendoza.edu.ar\/sitio\/wp-content\/uploads\/2022\/05\/como-publicar.png\" alt=\"\" width=\"120\" height=\"24\" \/><\/a><a href=\"https:\/\/superior-infd.mendoza.edu.ar\/sitio\/wp-content\/uploads\/2020\/10\/Educaccio%CC%81n-Plantilla-para-trabajos-2020.docx\"><img decoding=\"async\" loading=\"lazy\" class=\"alignnone wp-image-18540\" src=\"https:\/\/superior-infd.mendoza.edu.ar\/sitio\/wp-content\/uploads\/2022\/05\/plantilla.png\" alt=\"\" width=\"120\" height=\"24\" \/><\/a><a href=\"https:\/\/superior-infd.mendoza.edu.ar\/sitio\/evaluacion-educaccion\/\"><img decoding=\"async\" loading=\"lazy\" class=\"alignnone wp-image-18539\" src=\"https:\/\/superior-infd.mendoza.edu.ar\/sitio\/wp-content\/uploads\/2022\/05\/evaluacion.png\" alt=\"\" width=\"120\" height=\"24\" \/><\/a><a href=\"https:\/\/superior-infd.mendoza.edu.ar\/sitio\/criterios-eticos\/\"><img decoding=\"async\" loading=\"lazy\" class=\"alignnone wp-image-18538\" src=\"https:\/\/superior-infd.mendoza.edu.ar\/sitio\/wp-content\/uploads\/2022\/05\/criterios-eticos.png\" alt=\"\" width=\"120\" height=\"24\" \/><\/a><a href=\"https:\/\/superior-infd.mendoza.edu.ar\/sitio\/publicaciones-educaccion\/\"><img decoding=\"async\" loading=\"lazy\" class=\"alignnone wp-image-18541\" src=\"https:\/\/superior-infd.mendoza.edu.ar\/sitio\/wp-content\/uploads\/2022\/05\/publicaciones.png\" alt=\"\" width=\"120\" height=\"24\" \/><\/a><a href=\"https:\/\/superior-infd.mendoza.edu.ar\/sitio\/revistas-ies\"><img decoding=\"async\" loading=\"lazy\" class=\"alignnone wp-image-18542\" src=\"https:\/\/superior-infd.mendoza.edu.ar\/sitio\/wp-content\/uploads\/2022\/05\/revistas-ies.png\" alt=\"\" width=\"120\" height=\"24\" \/><\/a><\/p>\n<div id=\"generate-section-5\" class=\"generate-sections-container\">\n<div class=\"grid-container grid-parent generate-sections-inside-container\">\n<h3><span style=\"color: #015763;\">Criterios \u00e9ticos<\/span><\/h3>\n<p><em>Educacci\u00f3n <\/em>usar\u00e1 la informaci\u00f3n provista por los\/as investigadores\/as con el solo prop\u00f3sito de gestionar la recepci\u00f3n, evaluaci\u00f3n y publicaci\u00f3n de los trabajos y no la har\u00e1 p\u00fablica ni la compartir\u00e1 con ning\u00fan otro fin.<\/p>\n<\/div>\n<\/div>\n","protected":false},"excerpt":{"rendered":"<p>Criterios \u00e9ticos Educacci\u00f3n usar\u00e1 la informaci\u00f3n provista por los\/as investigadores\/as con el solo prop\u00f3sito de gestionar la recepci\u00f3n, evaluaci\u00f3n y publicaci\u00f3n de los trabajos y no la har\u00e1 p\u00fablica ni la compartir\u00e1 con ning\u00fan otro fin.<\/p>\n","protected":false},"author":1090,"featured_media":0,"parent":0,"menu_order":0,"comment_status":"closed","ping_status":"closed","template":"","meta":[],"acf":[],"_links":{"self":[{"href":"https:\/\/superior-infd.mendoza.edu.ar\/sitio\/wp-json\/wp\/v2\/pages\/16116"}],"collection":[{"href":"https:\/\/superior-infd.mendoza.edu.ar\/sitio\/wp-json\/wp\/v2\/pages"}],"about":[{"href":"https:\/\/superior-infd.mendoza.edu.ar\/sitio\/wp-json\/wp\/v2\/types\/page"}],"author":[{"embeddable":true,"href":"https:\/\/superior-infd.mendoza.edu.ar\/sitio\/wp-json\/wp\/v2\/users\/1090"}],"replies":[{"embeddable":true,"href":"https:\/\/superior-infd.mendoza.edu.ar\/sitio\/wp-json\/wp\/v2\/comments?post=16116"}],"version-history":[{"count":7,"href":"https:\/\/superior-infd.mendoza.edu.ar\/sitio\/wp-json\/wp\/v2\/pages\/16116\/revisions"}],"predecessor-version":[{"id":18563,"href":"https:\/\/superior-infd.mendoza.edu.ar\/sitio\/wp-json\/wp\/v2\/pages\/16116\/revisions\/18563"}],"wp:attachment":[{"href":"https:\/\/superior-infd.mendoza.edu.ar\/sitio\/wp-json\/wp\/v2\/media?parent=16116"}],"curies":[{"name":"wp","href":"https:\/\/api.w.org\/{rel}","templated":true}]}}