{"id":16111,"date":"2020-11-18T10:59:56","date_gmt":"2020-11-18T13:59:56","guid":{"rendered":"https:\/\/superior-infd.mendoza.edu.ar\/sitio\/?page_id=16111"},"modified":"2022-05-16T13:55:09","modified_gmt":"2022-05-16T16:55:09","slug":"evaluacion-educaccion","status":"publish","type":"page","link":"https:\/\/superior-infd.mendoza.edu.ar\/sitio\/evaluacion-educaccion\/","title":{"rendered":"Evaluaci\u00f3n de trabajos"},"content":{"rendered":"<p><a href=\"https:\/\/superior-infd.mendoza.edu.ar\/sitio\/educaccion\/\"><img decoding=\"async\" loading=\"lazy\" class=\"alignnone wp-image-14992 size-medium\" src=\"https:\/\/superior-infd.mendoza.edu.ar\/sitio\/wp-content\/uploads\/2020\/10\/banner-educaccion-1000x273.jpg\" alt=\"\" width=\"1000\" height=\"273\" srcset=\"https:\/\/superior-infd.mendoza.edu.ar\/sitio\/wp-content\/uploads\/2020\/10\/banner-educaccion-1000x273.jpg 1000w, https:\/\/superior-infd.mendoza.edu.ar\/sitio\/wp-content\/uploads\/2020\/10\/banner-educaccion-768x210.jpg 768w, https:\/\/superior-infd.mendoza.edu.ar\/sitio\/wp-content\/uploads\/2020\/10\/banner-educaccion-620x169.jpg 620w, https:\/\/superior-infd.mendoza.edu.ar\/sitio\/wp-content\/uploads\/2020\/10\/banner-educaccion-400x109.jpg 400w, https:\/\/superior-infd.mendoza.edu.ar\/sitio\/wp-content\/uploads\/2020\/10\/banner-educaccion.jpg 1099w\" sizes=\"(max-width: 1000px) 100vw, 1000px\" \/><\/a><a href=\"https:\/\/superior-infd.mendoza.edu.ar\/sitio\/como-publicar-en-educaccion\/\"><img decoding=\"async\" loading=\"lazy\" class=\"alignnone wp-image-18537\" src=\"https:\/\/superior-infd.mendoza.edu.ar\/sitio\/wp-content\/uploads\/2022\/05\/como-publicar.png\" alt=\"\" width=\"120\" height=\"24\" \/><\/a><a href=\"https:\/\/superior-infd.mendoza.edu.ar\/sitio\/wp-content\/uploads\/2020\/10\/Educaccio%CC%81n-Plantilla-para-trabajos-2020.docx\"><img decoding=\"async\" loading=\"lazy\" class=\"alignnone wp-image-18540\" src=\"https:\/\/superior-infd.mendoza.edu.ar\/sitio\/wp-content\/uploads\/2022\/05\/plantilla.png\" alt=\"\" width=\"120\" height=\"24\" \/><\/a><a href=\"https:\/\/superior-infd.mendoza.edu.ar\/sitio\/evaluacion-educaccion\/\"><img decoding=\"async\" loading=\"lazy\" class=\"alignnone wp-image-18539\" src=\"https:\/\/superior-infd.mendoza.edu.ar\/sitio\/wp-content\/uploads\/2022\/05\/evaluacion.png\" alt=\"\" width=\"120\" height=\"24\" \/><\/a><a href=\"https:\/\/superior-infd.mendoza.edu.ar\/sitio\/criterios-eticos\/\"><img decoding=\"async\" loading=\"lazy\" class=\"alignnone wp-image-18538\" src=\"https:\/\/superior-infd.mendoza.edu.ar\/sitio\/wp-content\/uploads\/2022\/05\/criterios-eticos.png\" alt=\"\" width=\"120\" height=\"24\" \/><\/a><a href=\"https:\/\/superior-infd.mendoza.edu.ar\/sitio\/publicaciones-educaccion\/\"><img decoding=\"async\" loading=\"lazy\" class=\"alignnone wp-image-18541\" src=\"https:\/\/superior-infd.mendoza.edu.ar\/sitio\/wp-content\/uploads\/2022\/05\/publicaciones.png\" alt=\"\" width=\"120\" height=\"24\" \/><\/a><a href=\"https:\/\/superior-infd.mendoza.edu.ar\/sitio\/revistas-ies\"><img decoding=\"async\" loading=\"lazy\" class=\"alignnone wp-image-18542\" src=\"https:\/\/superior-infd.mendoza.edu.ar\/sitio\/wp-content\/uploads\/2022\/05\/revistas-ies.png\" alt=\"\" width=\"120\" height=\"24\" \/><\/a><\/p>\n<h3><span style=\"color: #015763;\">Evaluaci\u00f3n de trabajos<\/span><\/h3>\n<p>Los reportes recibidos por <em>Educacci\u00f3n<\/em> ser\u00e1n evaluados por uno o varios miembros del comit\u00e9 editorial y reenviados a sus autores\/as para revisi\u00f3n. Luego de realizadas las modificaciones sugeridas o justificadas las decisiones tomadas, <em>Educacci\u00f3n <\/em>publicar\u00e1 los reportes en su sitio <em>web<\/em>. El comit\u00e9 realizar\u00e1 la evaluaci\u00f3n con base en los siguientes criterios:<\/p>\n<p>Coherencia con la l\u00ednea editorial de la revista<\/p>\n<p>Impacto en la pr\u00e1ctica educativa y la pol\u00edtica p\u00fablica en educaci\u00f3n<\/p>\n<p>Originalidad<\/p>\n<p>Rigurosidad te\u00f3rica y metodol\u00f3gica<\/p>\n<p>Claridad expositiva<\/p>\n<p>Adecuaci\u00f3n a las normas de la revista<\/p>\n","protected":false},"excerpt":{"rendered":"<p>Evaluaci\u00f3n de trabajos Los reportes recibidos por Educacci\u00f3n ser\u00e1n evaluados por uno o varios miembros del comit\u00e9 editorial y reenviados a sus autores\/as para revisi\u00f3n. Luego de realizadas las modificaciones sugeridas o justificadas las decisiones tomadas, Educacci\u00f3n publicar\u00e1 los reportes en su sitio web. El comit\u00e9 realizar\u00e1 la evaluaci\u00f3n con base en los siguientes criterios: &#8230; <a title=\"Evaluaci\u00f3n de trabajos\" class=\"read-more\" href=\"https:\/\/superior-infd.mendoza.edu.ar\/sitio\/evaluacion-educaccion\/\" aria-label=\"More on Evaluaci\u00f3n de trabajos\">[+]<\/a><\/p>\n","protected":false},"author":1090,"featured_media":0,"parent":0,"menu_order":0,"comment_status":"closed","ping_status":"closed","template":"","meta":[],"acf":[],"_links":{"self":[{"href":"https:\/\/superior-infd.mendoza.edu.ar\/sitio\/wp-json\/wp\/v2\/pages\/16111"}],"collection":[{"href":"https:\/\/superior-infd.mendoza.edu.ar\/sitio\/wp-json\/wp\/v2\/pages"}],"about":[{"href":"https:\/\/superior-infd.mendoza.edu.ar\/sitio\/wp-json\/wp\/v2\/types\/page"}],"author":[{"embeddable":true,"href":"https:\/\/superior-infd.mendoza.edu.ar\/sitio\/wp-json\/wp\/v2\/users\/1090"}],"replies":[{"embeddable":true,"href":"https:\/\/superior-infd.mendoza.edu.ar\/sitio\/wp-json\/wp\/v2\/comments?post=16111"}],"version-history":[{"count":10,"href":"https:\/\/superior-infd.mendoza.edu.ar\/sitio\/wp-json\/wp\/v2\/pages\/16111\/revisions"}],"predecessor-version":[{"id":18561,"href":"https:\/\/superior-infd.mendoza.edu.ar\/sitio\/wp-json\/wp\/v2\/pages\/16111\/revisions\/18561"}],"wp:attachment":[{"href":"https:\/\/superior-infd.mendoza.edu.ar\/sitio\/wp-json\/wp\/v2\/media?parent=16111"}],"curies":[{"name":"wp","href":"https:\/\/api.w.org\/{rel}","templated":true}]}}