{"id":15665,"date":"2020-10-13T08:09:28","date_gmt":"2020-10-13T11:09:28","guid":{"rendered":"https:\/\/des-infd.mendoza.edu.ar\/sitio\/?page_id=15665"},"modified":"2020-10-20T08:50:03","modified_gmt":"2020-10-20T11:50:03","slug":"documentacion-pedagogica","status":"publish","type":"page","link":"https:\/\/superior-infd.mendoza.edu.ar\/sitio\/documentacion-pedagogica\/","title":{"rendered":"Documentos de apoyo pedag\u00f3gico"},"content":{"rendered":"<blockquote>\n<h1><span style=\"color: #015763;\">Documentaci\u00f3n Pedag\u00f3gica<\/span><\/h1>\n<\/blockquote>\n<p><a style=\"float: left; margin: 2em 0 0; margin-top: 5px; margin-bottom: 5px; padding-left: 35px; width: 20%; height: 40px; background-color: #012832; text-align: left; border-radius: 2px; font-family: sans-serif; font-size: 14px; color: #fff; text-decoration: none; line-height: 40px;\" href=\"https:\/\/superior-infd.mendoza.edu.ar\/sitio\/documentacion-pedagogica\/\"> Documentaci\u00f3n pedag\u00f3gica<\/a><a style=\"float: left; margin: 2em 0 0; margin-top: 5px; margin-bottom: 5px; padding-left: 35px; width: 20%; height: 40px; background-color: #003b4a; text-align: left; border-radius: 2px; font-family: sans-serif; font-size: 14px; color: #fff; text-decoration: none; line-height: 40px;\" href=\"https:\/\/superior-infd.mendoza.edu.ar\/sitio\/webinar\/\"> Webinar<\/a><a style=\"float: left; margin: 2em 0 0; margin-top: 5px; margin-bottom: 5px; padding-left: 35px; width: 20%; height: 40px; background-color: #025064; text-align: left; border-radius: 2px; font-family: sans-serif; font-size: 14px; color: #fff; text-decoration: none; line-height: 40px;\" href=\"https:\/\/superior-infd.mendoza.edu.ar\/sitio\/normativa-nacional\/\"> Normativa Nacional<\/a><a style=\"float: left; margin: 2em 0 0; margin-top: 5px; margin-bottom: 5px; padding-left: 35px; width: 20%; height: 40px; background-color: #01a2cb; text-align: left; border-radius: 2px; font-family: sans-serif; font-size: 14px; color: #fff; text-decoration: none; line-height: 40px;\" href=\"https:\/\/superior-infd.mendoza.edu.ar\/sitio\/normativa-provincial\/\"> Normativa Provincial<\/a><\/p>\n<style>.wp-show-posts-columns#wpsp-15863 {margin-left: -2em; }.wp-show-posts-columns#wpsp-15863 .wp-show-posts-inner {margin: 0 0 2em 2em; }<\/style><section id=\"wpsp-15863\" class=\" wp-show-posts-columns wp-show-posts\" style=\"\"><article class=\" wp-show-posts-single post-22521 post type-post status-publish format-standard has-post-thumbnail hentry category-documentos-de-apoyo-pedagogico category-noticias category-noticias-de-la-cges wpsp-col-6\" itemtype=\"http:\/\/schema.org\/CreativeWork\" itemscope><div class=\"wp-show-posts-inner\" style=\"\">\t\t<div class=\"wp-show-posts-image  wpsp-image-center \">\n\t\t\t<a href=\"https:\/\/superior-infd.mendoza.edu.ar\/sitio\/acceso-al-repositorio-digital-de-la-biblioteca-nuestra-escuela\/\"  title=\"Acceso al repositorio digital de la\u00a0Biblioteca Nuestra Escuela\u00a0\">\t\t\t\t\t<img src=\"https:\/\/superior-infd.mendoza.edu.ar\/sitio\/wp-content\/uploads\/2023\/10\/portadaNE-450x250.jpg\" alt=\"Acceso al repositorio digital de la\u00a0Biblioteca Nuestra Escuela\u00a0\" itemprop=\"image\" class=\"center\" \/>\n\t\t\t\t<\/a>\t\t<\/div>\n\t\t\t\t\t\t\t\t<header class=\"wp-show-posts-entry-header\">\n\t\t\t\t\t\t\t<h5 class=\"wp-show-posts-entry-title\" itemprop=\"headline\"><a href=\"https:\/\/superior-infd.mendoza.edu.ar\/sitio\/acceso-al-repositorio-digital-de-la-biblioteca-nuestra-escuela\/\" rel=\"bookmark\">Acceso al repositorio digital de la\u00a0Biblioteca Nuestra Escuela\u00a0<\/a><\/h5>\t\t\t\t\t\t<\/header><!-- .entry-header -->\n\t\t\t\t\t\t\t\t\t\t\t<div class=\"wp-show-posts-entry-summary\" itemprop=\"text\">\n\t\t\t\t\t\t\t<p>La&nbsp;Biblioteca Nuestra Escuela&nbsp;es un repositorio digital desde donde se podr\u00e1&#8230;<\/p>\n\t\t\t\t\t\t<\/div><!-- .entry-summary -->\n\t\t\t\t\t<div class=\"wpsp-read-more\"><a title=\"Acceso al repositorio digital de la\u00a0Biblioteca Nuestra Escuela\u00a0\" class=\"wp-show-posts-read-more\" href=\"https:\/\/superior-infd.mendoza.edu.ar\/sitio\/acceso-al-repositorio-digital-de-la-biblioteca-nuestra-escuela\/\">Leer m\u00e1s<\/a><\/div><\/div><!-- wp-show-posts-inner --><\/article><article class=\" wp-show-posts-single post-20975 post type-post status-publish format-standard has-post-thumbnail hentry category-documentos-de-apoyo-pedagogico category-educaccion category-investigacion category-noticias category-noticias-de-la-cges wpsp-col-6\" itemtype=\"http:\/\/schema.org\/CreativeWork\" itemscope><div class=\"wp-show-posts-inner\" style=\"\">\t\t<div class=\"wp-show-posts-image  wpsp-image-center \">\n\t\t\t<a href=\"https:\/\/superior-infd.mendoza.edu.ar\/sitio\/contar-la-experiencia\/\"  title=\"Contar la experiencia\">\t\t\t\t\t<img src=\"https:\/\/superior-infd.mendoza.edu.ar\/sitio\/wp-content\/uploads\/2023\/05\/Imagen1-450x250.png\" alt=\"Contar la experiencia\" itemprop=\"image\" class=\"center\" \/>\n\t\t\t\t<\/a>\t\t<\/div>\n\t\t\t\t\t\t\t\t<header class=\"wp-show-posts-entry-header\">\n\t\t\t\t\t\t\t<h5 class=\"wp-show-posts-entry-title\" itemprop=\"headline\"><a href=\"https:\/\/superior-infd.mendoza.edu.ar\/sitio\/contar-la-experiencia\/\" rel=\"bookmark\">Contar la experiencia<\/a><\/h5>\t\t\t\t\t\t<\/header><!-- .entry-header -->\n\t\t\t\t\t\t\t\t\t\t\t<div class=\"wp-show-posts-entry-summary\" itemprop=\"text\">\n\t\t\t\t\t\t\t<p>Libro de Paula Ripamonti y Alicia Boggia&nbsp;\u00abContar la experiencia: narrativas&#8230;<\/p>\n\t\t\t\t\t\t<\/div><!-- .entry-summary -->\n\t\t\t\t\t<div class=\"wpsp-read-more\"><a title=\"Contar la experiencia\" class=\"wp-show-posts-read-more\" href=\"https:\/\/superior-infd.mendoza.edu.ar\/sitio\/contar-la-experiencia\/\">Leer m\u00e1s<\/a><\/div><\/div><!-- wp-show-posts-inner --><\/article><article class=\" wp-show-posts-single post-20672 post type-post status-publish format-standard has-post-thumbnail hentry category-documentos-de-apoyo-pedagogico wpsp-col-6\" itemtype=\"http:\/\/schema.org\/CreativeWork\" itemscope><div class=\"wp-show-posts-inner\" style=\"\">\t\t<div class=\"wp-show-posts-image  wpsp-image-center \">\n\t\t\t<a href=\"https:\/\/superior-infd.mendoza.edu.ar\/sitio\/escuelas-por-el-cambio-un-aporte-para-la-gestion-escolar\/\"  title=\"Escuelas por el cambio : un aporte para la gesti\u00f3n escolar\">\t\t\t\t\t<img src=\"https:\/\/superior-infd.mendoza.edu.ar\/sitio\/wp-content\/uploads\/2023\/04\/Escuelas-por-el-cambio-450x250.png\" alt=\"Escuelas por el cambio : un aporte para la gesti\u00f3n escolar\" itemprop=\"image\" class=\"center\" \/>\n\t\t\t\t<\/a>\t\t<\/div>\n\t\t\t\t\t\t\t\t<header class=\"wp-show-posts-entry-header\">\n\t\t\t\t\t\t\t<h5 class=\"wp-show-posts-entry-title\" itemprop=\"headline\"><a href=\"https:\/\/superior-infd.mendoza.edu.ar\/sitio\/escuelas-por-el-cambio-un-aporte-para-la-gestion-escolar\/\" rel=\"bookmark\">Escuelas por el cambio : un aporte para la gesti\u00f3n escolar<\/a><\/h5>\t\t\t\t\t\t<\/header><!-- .entry-header -->\n\t\t\t\t\t\t\t\t\t\t\t<div class=\"wp-show-posts-entry-summary\" itemprop=\"text\">\n\t\t\t\t\t\t\t<p>Esta publicaci\u00f3n se propone presentar una s\u00edntesis de la experiencia&#8230;<\/p>\n\t\t\t\t\t\t<\/div><!-- .entry-summary -->\n\t\t\t\t\t<div class=\"wpsp-read-more\"><a title=\"Escuelas por el cambio : un aporte para la gesti\u00f3n escolar\" class=\"wp-show-posts-read-more\" href=\"https:\/\/superior-infd.mendoza.edu.ar\/sitio\/escuelas-por-el-cambio-un-aporte-para-la-gestion-escolar\/\">Leer m\u00e1s<\/a><\/div><\/div><!-- wp-show-posts-inner --><\/article><article class=\" wp-show-posts-single post-19104 post type-post status-publish format-standard has-post-thumbnail hentry category-documentos-de-apoyo-pedagogico wpsp-col-6\" itemtype=\"http:\/\/schema.org\/CreativeWork\" itemscope><div class=\"wp-show-posts-inner\" style=\"\">\t\t<div class=\"wp-show-posts-image  wpsp-image-center \">\n\t\t\t<a href=\"https:\/\/superior-infd.mendoza.edu.ar\/sitio\/libro-experiencias-de-aprendizaje-compartido-en-el-itinerario-capacitacion-de-formadores-en-competencias-digitales-en-paises-de-america-latina-y-el-caribe\/\"  title=\"Libro  Experiencias de aprendizaje compartido en el itinerario \u00abCapacitaci\u00f3n de formadores en competencias digitales en pa\u00edses de Am\u00e9rica Latina y El Caribe\u00bb.\">\t\t\t\t\t<img src=\"https:\/\/superior-infd.mendoza.edu.ar\/sitio\/wp-content\/uploads\/2022\/10\/Portada-del-libro-1-450x250.jpeg\" alt=\"Libro  Experiencias de aprendizaje compartido en el itinerario \u00abCapacitaci\u00f3n de formadores en competencias digitales en pa\u00edses de Am\u00e9rica Latina y El Caribe\u00bb.\" itemprop=\"image\" class=\"center\" \/>\n\t\t\t\t<\/a>\t\t<\/div>\n\t\t\t\t\t\t\t\t<header class=\"wp-show-posts-entry-header\">\n\t\t\t\t\t\t\t<h5 class=\"wp-show-posts-entry-title\" itemprop=\"headline\"><a href=\"https:\/\/superior-infd.mendoza.edu.ar\/sitio\/libro-experiencias-de-aprendizaje-compartido-en-el-itinerario-capacitacion-de-formadores-en-competencias-digitales-en-paises-de-america-latina-y-el-caribe\/\" rel=\"bookmark\">Libro  Experiencias de aprendizaje compartido en el itinerario \u00abCapacitaci\u00f3n de formadores en competencias digitales en pa\u00edses de Am\u00e9rica Latina y El Caribe\u00bb.<\/a><\/h5>\t\t\t\t\t\t<\/header><!-- .entry-header -->\n\t\t\t\t\t\t\t\t\t\t\t<div class=\"wp-show-posts-entry-summary\" itemprop=\"text\">\n\t\t\t\t\t\t\t<p>Relato de la experiencia de implementaci\u00f3n de los cursos \u201cDise\u00f1ar&#8230;<\/p>\n\t\t\t\t\t\t<\/div><!-- .entry-summary -->\n\t\t\t\t\t<div class=\"wpsp-read-more\"><a title=\"Libro  Experiencias de aprendizaje compartido en el itinerario \u00abCapacitaci\u00f3n de formadores en competencias digitales en pa\u00edses de Am\u00e9rica Latina y El Caribe\u00bb.\" class=\"wp-show-posts-read-more\" href=\"https:\/\/superior-infd.mendoza.edu.ar\/sitio\/libro-experiencias-de-aprendizaje-compartido-en-el-itinerario-capacitacion-de-formadores-en-competencias-digitales-en-paises-de-america-latina-y-el-caribe\/\">Leer m\u00e1s<\/a><\/div><\/div><!-- wp-show-posts-inner --><\/article><article class=\" wp-show-posts-single post-18458 post type-post status-publish format-standard hentry category-documentos-de-apoyo-pedagogico category-sin-categoria wpsp-col-6\" itemtype=\"http:\/\/schema.org\/CreativeWork\" itemscope><div class=\"wp-show-posts-inner\" style=\"\">\t\t\t\t\t\t<header class=\"wp-show-posts-entry-header\">\n\t\t\t\t\t\t\t<h5 class=\"wp-show-posts-entry-title\" itemprop=\"headline\"><a href=\"https:\/\/superior-infd.mendoza.edu.ar\/sitio\/las-preguntas-educativas-entran-a-las-aulas\/\" rel=\"bookmark\">Las preguntas educativas entran a las aulas<\/a><\/h5>\t\t\t\t\t\t<\/header><!-- .entry-header -->\n\t\t\t\t\t\t\t\t\t\t\t<div class=\"wp-show-posts-entry-summary\" itemprop=\"text\">\n\t\t\t\t\t\t\t<p>\u201cLas Preguntas Educativas entran a las aulas\u201d&nbsp;es el primer libro&#8230;<\/p>\n\t\t\t\t\t\t<\/div><!-- .entry-summary -->\n\t\t\t\t\t<div class=\"wpsp-read-more\"><a title=\"Las preguntas educativas entran a las aulas\" class=\"wp-show-posts-read-more\" href=\"https:\/\/superior-infd.mendoza.edu.ar\/sitio\/las-preguntas-educativas-entran-a-las-aulas\/\">Leer m\u00e1s<\/a><\/div><\/div><!-- wp-show-posts-inner --><\/article><article class=\" wp-show-posts-single post-16484 post type-post status-publish format-standard has-post-thumbnail hentry category-documentos-de-apoyo-pedagogico wpsp-col-6\" itemtype=\"http:\/\/schema.org\/CreativeWork\" itemscope><div class=\"wp-show-posts-inner\" style=\"\">\t\t<div class=\"wp-show-posts-image  wpsp-image-center \">\n\t\t\t<a href=\"https:\/\/superior-infd.mendoza.edu.ar\/sitio\/16484-2\/\"  title=\"Escenarios combinados para ense\u00f1ar y aprender\">\t\t\t\t\t<img src=\"https:\/\/superior-infd.mendoza.edu.ar\/sitio\/wp-content\/uploads\/2021\/03\/Escenarios-combinados-1-450x250.png\" alt=\"Escenarios combinados para ense\u00f1ar y aprender\" itemprop=\"image\" class=\"center\" \/>\n\t\t\t\t<\/a>\t\t<\/div>\n\t\t\t\t\t\t\t\t<header class=\"wp-show-posts-entry-header\">\n\t\t\t\t\t\t\t<h5 class=\"wp-show-posts-entry-title\" itemprop=\"headline\"><a href=\"https:\/\/superior-infd.mendoza.edu.ar\/sitio\/16484-2\/\" rel=\"bookmark\">Escenarios combinados para ense\u00f1ar y aprender<\/a><\/h5>\t\t\t\t\t\t<\/header><!-- .entry-header -->\n\t\t\t\t\t\t\t\t\t\t\t<div class=\"wp-show-posts-entry-summary\" itemprop=\"text\">\n\t\t\t\t\t\t\t<p>La resoluci\u00f3n 366\/20 del Consejo Federal del Ministerio de Educaci\u00f3n&#8230;<\/p>\n\t\t\t\t\t\t<\/div><!-- .entry-summary -->\n\t\t\t\t\t<div class=\"wpsp-read-more\"><a title=\"Escenarios combinados para ense\u00f1ar y aprender\" class=\"wp-show-posts-read-more\" href=\"https:\/\/superior-infd.mendoza.edu.ar\/sitio\/16484-2\/\">Leer m\u00e1s<\/a><\/div><\/div><!-- wp-show-posts-inner --><\/article><div class=\"wpsp-clear\"><\/div><\/section><!-- .wp-show-posts -->\n<figure class=\"wp-block-image size-large\"><img decoding=\"async\" loading=\"lazy\" class=\"wp-image-4045 alignleft\" src=\"https:\/\/red.infd.edu.ar\/wp-content\/uploads\/2020\/05\/VEP-audiovisual-Ficha-1.jpg\" alt=\"\" width=\"115\" height=\"80\" \/><\/figure>\n<p><a href=\"https:\/\/red.infd.edu.ar\/wp-content\/uploads\/2020\/05\/VEP-audiovisual-Ficha-1-Las-viejas-tecnologias-en-tiempos-de-cuarentena-Daniel-Brailovsky.pdf\" target=\"_blank\" rel=\"noreferrer noopener\" aria-label=\" (se abre en una nueva pesta\u00f1a)\">Las viejas tecnolog\u00edas en tiempo de cuarentena, D. Brailovsky<\/a><\/p>\n<hr \/>\n<figure class=\"wp-block-image size-large\"><img decoding=\"async\" loading=\"lazy\" class=\"wp-image-4047 alignleft\" src=\"https:\/\/red.infd.edu.ar\/wp-content\/uploads\/2020\/05\/VEP-audiovisual-Ficha-2.jpg\" alt=\"\" width=\"115\" height=\"80\" \/><\/figure>\n<p><a href=\"https:\/\/red.infd.edu.ar\/wp-content\/uploads\/2020\/05\/VEP-audiovisual-Ficha-2-Coronavirus-y-escuela-en-casa.pdf\" target=\"_blank\" rel=\"noreferrer noopener\" aria-label=\" (se abre en una nueva pesta\u00f1a)\">La tarea de educar en cuarentena, docentes de CABA<\/a><\/p>\n<hr \/>\n<figure class=\"wp-block-image size-large\"><img decoding=\"async\" loading=\"lazy\" class=\"wp-image-4049 alignleft\" src=\"https:\/\/red.infd.edu.ar\/wp-content\/uploads\/2020\/05\/VEP-audiovisual-Ficha-3.jpg\" alt=\"\" width=\"115\" height=\"80\" \/><\/figure>\n<p><a href=\"https:\/\/red.infd.edu.ar\/wp-content\/uploads\/2020\/05\/VEP-audiovisual-Ficha-3-Ense\u00f1ar-en-tiempos-de-pandemia.pdf\" target=\"_blank\" rel=\"noreferrer noopener\" aria-label=\" (se abre en una nueva pesta\u00f1a)\">Ense\u00f1ar en tiempos de pandemia, M. Maggio<\/a><\/p>\n<hr \/>\n<figure class=\"wp-block-image size-large\"><img decoding=\"async\" loading=\"lazy\" class=\"wp-image-4039 alignleft\" src=\"https:\/\/red.infd.edu.ar\/wp-content\/uploads\/2020\/05\/VEP-audiovisual-Ficha-4.jpg\" alt=\"\" width=\"115\" height=\"80\" \/><\/figure>\n<p><a href=\"https:\/\/red.infd.edu.ar\/wp-content\/uploads\/2020\/05\/VEP-audiovisual-Ficha-4-La-clase-en-pantuflas-Ines-Dussel.pdf\" target=\"_blank\" rel=\"noreferrer noopener\" aria-label=\" (se abre en una nueva pesta\u00f1a)\">La clase en pantuflas, I. Dussel<\/a><\/p>\n<hr \/>\n<figure class=\"wp-block-image size-large\"><img decoding=\"async\" loading=\"lazy\" class=\"wp-image-4041 alignleft\" src=\"https:\/\/red.infd.edu.ar\/wp-content\/uploads\/2020\/05\/VEP-audiovisual-Ficha-5.jpg\" alt=\"\" width=\"115\" height=\"80\" \/><\/figure>\n<p><a href=\"https:\/\/red.infd.edu.ar\/wp-content\/uploads\/2020\/05\/VEP-audiovisual-Ficha-5-La-pandemia-sacude-el-lugar-de-la-escuela-Alejandra-Birgin.pdf\" target=\"_blank\" rel=\"noreferrer noopener\" aria-label=\" (se abre en una nueva pesta\u00f1a)\">La pandemia sacude el lugar de la escuela, A. Birgin<\/a><\/p>\n<hr \/>\n<figure class=\"wp-block-image size-large\"><img decoding=\"async\" loading=\"lazy\" class=\"wp-image-4043 alignleft\" src=\"https:\/\/red.infd.edu.ar\/wp-content\/uploads\/2020\/05\/VEP-bibliografico-Ficha-6.jpg\" alt=\"\" width=\"115\" height=\"80\" \/><\/figure>\n<p><a href=\"https:\/\/red.infd.edu.ar\/wp-content\/uploads\/2020\/05\/VEP-audiovisual-Ficha-6-Las-virtudes-de-la-escuela-Marcela-Martinez.pdf\">Los virtuales de la escuela, M. Mart\u00ednez<\/a><\/p>\n<hr \/>\n<figure class=\"wp-block-image size-large\"><img decoding=\"async\" loading=\"lazy\" class=\"wp-image-4191 alignleft\" src=\"https:\/\/red.infd.edu.ar\/wp-content\/uploads\/2020\/05\/VEP-audiovisual-Ficha-7.jpg\" alt=\"\" width=\"115\" height=\"80\" \/><\/figure>\n<p><a href=\"https:\/\/red.infd.edu.ar\/wp-content\/uploads\/2020\/05\/VEP-audiovisual-Ficha-7-Conferencia-Dussel-PBA.pdf\" target=\"_blank\" rel=\"noreferrer noopener\">La formaci\u00f3n docente hoy, I. Dussel<\/a><\/p>\n<hr \/>\n<p>&nbsp;<\/p>\n","protected":false},"excerpt":{"rendered":"<p>Documentaci\u00f3n Pedag\u00f3gica Documentaci\u00f3n pedag\u00f3gica Webinar Normativa Nacional Normativa Provincial Las viejas tecnolog\u00edas en tiempo de cuarentena, D. Brailovsky La tarea de educar en cuarentena, docentes de CABA Ense\u00f1ar en tiempos de pandemia, M. Maggio La clase en pantuflas, I. Dussel La pandemia sacude el lugar de la escuela, A. Birgin Los virtuales de la escuela, &#8230; <a title=\"Escenarios combinados para ense\u00f1ar y aprender\" class=\"read-more\" href=\"https:\/\/superior-infd.mendoza.edu.ar\/sitio\/16484-2\/\" aria-label=\"More on Escenarios combinados para ense\u00f1ar y aprender\">[+]<\/a><\/p>\n","protected":false},"author":1090,"featured_media":0,"parent":0,"menu_order":0,"comment_status":"closed","ping_status":"closed","template":"","meta":[],"acf":[],"_links":{"self":[{"href":"https:\/\/superior-infd.mendoza.edu.ar\/sitio\/wp-json\/wp\/v2\/pages\/15665"}],"collection":[{"href":"https:\/\/superior-infd.mendoza.edu.ar\/sitio\/wp-json\/wp\/v2\/pages"}],"about":[{"href":"https:\/\/superior-infd.mendoza.edu.ar\/sitio\/wp-json\/wp\/v2\/types\/page"}],"author":[{"embeddable":true,"href":"https:\/\/superior-infd.mendoza.edu.ar\/sitio\/wp-json\/wp\/v2\/users\/1090"}],"replies":[{"embeddable":true,"href":"https:\/\/superior-infd.mendoza.edu.ar\/sitio\/wp-json\/wp\/v2\/comments?post=15665"}],"version-history":[{"count":15,"href":"https:\/\/superior-infd.mendoza.edu.ar\/sitio\/wp-json\/wp\/v2\/pages\/15665\/revisions"}],"predecessor-version":[{"id":15865,"href":"https:\/\/superior-infd.mendoza.edu.ar\/sitio\/wp-json\/wp\/v2\/pages\/15665\/revisions\/15865"}],"wp:attachment":[{"href":"https:\/\/superior-infd.mendoza.edu.ar\/sitio\/wp-json\/wp\/v2\/media?parent=15665"}],"curies":[{"name":"wp","href":"https:\/\/api.w.org\/{rel}","templated":true}]}}