{"id":15493,"date":"2020-10-08T16:09:38","date_gmt":"2020-10-08T19:09:38","guid":{"rendered":"https:\/\/des-infd.mendoza.edu.ar\/sitio\/?page_id=15493"},"modified":"2025-08-07T17:12:33","modified_gmt":"2025-08-07T20:12:33","slug":"noticiacges","status":"publish","type":"page","link":"https:\/\/superior-infd.mendoza.edu.ar\/sitio\/noticiacges\/","title":{"rendered":"Noticias"},"content":{"rendered":"\n<figure class=\"wp-block-image size-large\"><img decoding=\"async\" loading=\"lazy\" width=\"1900\" height=\"438\" src=\"https:\/\/superior-infd.mendoza.edu.ar\/sitio\/wp-content\/uploads\/2025\/08\/Noticias-1900x438.png\" alt=\"\" class=\"wp-image-25048\" srcset=\"https:\/\/superior-infd.mendoza.edu.ar\/sitio\/wp-content\/uploads\/2025\/08\/Noticias-1900x438.png 1900w, https:\/\/superior-infd.mendoza.edu.ar\/sitio\/wp-content\/uploads\/2025\/08\/Noticias-1000x231.png 1000w, https:\/\/superior-infd.mendoza.edu.ar\/sitio\/wp-content\/uploads\/2025\/08\/Noticias-768x177.png 768w, https:\/\/superior-infd.mendoza.edu.ar\/sitio\/wp-content\/uploads\/2025\/08\/Noticias-1536x354.png 1536w, https:\/\/superior-infd.mendoza.edu.ar\/sitio\/wp-content\/uploads\/2025\/08\/Noticias-2048x473.png 2048w\" sizes=\"(max-width: 1900px) 100vw, 1900px\" \/><\/figure>\n\n\n<style>.wp-show-posts-columns#wpsp-383 {margin-left: -2em; }.wp-show-posts-columns#wpsp-383 .wp-show-posts-inner {margin: 0 0 2em 2em; }<\/style><section id=\"wpsp-383\" class=\" wp-show-posts-columns wp-show-posts\" style=\"\"><article class=\" wp-show-posts-single post-26341 post type-post status-publish format-standard has-post-thumbnail hentry category-noticias category-noticias-de-ies category-noticias-de-la-cges tag-novedades-direccion-de-educacion-superior wpsp-col-4\" itemtype=\"http:\/\/schema.org\/CreativeWork\" itemscope><div class=\"wp-show-posts-inner\" style=\"\">\t\t<div class=\"wp-show-posts-image  wpsp-image-center \">\n\t\t\t<a href=\"https:\/\/superior-infd.mendoza.edu.ar\/sitio\/mendoza-lanza-un-nuevo-postitulo-para-fortalecer-el-rol-del-preceptor-como-tutor-pedagogico\/\"  title=\"Mendoza lanza un nuevo post\u00edtulo para fortalecer el rol del preceptor como tutor pedag\u00f3gico\">\t\t\t\t\t<img src=\"https:\/\/superior-infd.mendoza.edu.ar\/sitio\/wp-content\/uploads\/2026\/04\/Educacion-Superior-2-300x200.png\" alt=\"Mendoza lanza un nuevo post\u00edtulo para fortalecer el rol del preceptor como tutor pedag\u00f3gico\" itemprop=\"image\" class=\"center\" \/>\n\t\t\t\t<\/a>\t\t<\/div>\n\t\t\t\t\t\t\t\t<header class=\"wp-show-posts-entry-header\">\n\t\t\t\t\t\t\t<span class=\"wp-show-posts-entry-title\" itemprop=\"headline\"><a href=\"https:\/\/superior-infd.mendoza.edu.ar\/sitio\/mendoza-lanza-un-nuevo-postitulo-para-fortalecer-el-rol-del-preceptor-como-tutor-pedagogico\/\" rel=\"bookmark\">Mendoza lanza un nuevo post\u00edtulo para fortalecer el rol del preceptor como tutor pedag\u00f3gico<\/a><\/span><div class=\"wp-show-posts-entry-meta wp-show-posts-entry-meta-below-title post-meta-inline\"><span class=\"wp-show-posts-posted-on wp-show-posts-meta\">\n\t\t\t\t\t<a href=\"https:\/\/superior-infd.mendoza.edu.ar\/sitio\/mendoza-lanza-un-nuevo-postitulo-para-fortalecer-el-rol-del-preceptor-como-tutor-pedagogico\/\" title=\"10:37 am\" rel=\"bookmark\"><time class=\"wp-show-posts-entry-date published\" datetime=\"2026-04-20T10:37:41-03:00\" itemprop=\"datePublished\">20 abril, 2026<\/time><time class=\"wp-show-posts-updated\" datetime=\"2026-04-20T10:37:44-03:00\" itemprop=\"dateModified\">20 abril, 2026<\/time><\/a>\n\t\t\t\t<\/span><\/div>\t\t\t\t\t\t<\/header><!-- .entry-header -->\n\t\t\t\t\t<div class=\"wpsp-read-more\"><a title=\"Mendoza lanza un nuevo post\u00edtulo para fortalecer el rol del preceptor como tutor pedag\u00f3gico\" class=\"wp-show-posts-read-more\" href=\"https:\/\/superior-infd.mendoza.edu.ar\/sitio\/mendoza-lanza-un-nuevo-postitulo-para-fortalecer-el-rol-del-preceptor-como-tutor-pedagogico\/\">Leer m\u00e1s<\/a><\/div><\/div><!-- wp-show-posts-inner --><\/article><article class=\" wp-show-posts-single post-26338 post type-post status-publish format-standard has-post-thumbnail hentry category-noticias category-noticias-de-ies category-noticias-de-la-cges tag-novedades-direccion-de-educacion-superior wpsp-col-4\" itemtype=\"http:\/\/schema.org\/CreativeWork\" itemscope><div class=\"wp-show-posts-inner\" style=\"\">\t\t<div class=\"wp-show-posts-image  wpsp-image-center \">\n\t\t\t<a href=\"https:\/\/superior-infd.mendoza.edu.ar\/sitio\/la-direccion-general-de-escuelas-ratifica-la-continuidad-y-el-fortalecimiento-integral-del-ies-n-9-005-fidela-amparan-de-la-paz\/\"  title=\"La Direcci\u00f3n General de Escuelas ratifica la continuidad y el fortalecimiento integral del IES N\u00b0 9-005 \u201cFidela Ampar\u00e1n\u201d de La Paz\">\t\t\t\t\t<img src=\"https:\/\/superior-infd.mendoza.edu.ar\/sitio\/wp-content\/uploads\/2026\/04\/ratificacion-1536x755-1-300x200.jpg\" alt=\"La Direcci\u00f3n General de Escuelas ratifica la continuidad y el fortalecimiento integral del IES N\u00b0 9-005 \u201cFidela Ampar\u00e1n\u201d de La Paz\" itemprop=\"image\" class=\"center\" \/>\n\t\t\t\t<\/a>\t\t<\/div>\n\t\t\t\t\t\t\t\t<header class=\"wp-show-posts-entry-header\">\n\t\t\t\t\t\t\t<span class=\"wp-show-posts-entry-title\" itemprop=\"headline\"><a href=\"https:\/\/superior-infd.mendoza.edu.ar\/sitio\/la-direccion-general-de-escuelas-ratifica-la-continuidad-y-el-fortalecimiento-integral-del-ies-n-9-005-fidela-amparan-de-la-paz\/\" rel=\"bookmark\">La Direcci\u00f3n General de Escuelas ratifica la continuidad y el fortalecimiento integral del IES N\u00b0 9-005 \u201cFidela Ampar\u00e1n\u201d de La Paz<\/a><\/span><div class=\"wp-show-posts-entry-meta wp-show-posts-entry-meta-below-title post-meta-inline\"><span class=\"wp-show-posts-posted-on wp-show-posts-meta\">\n\t\t\t\t\t<a href=\"https:\/\/superior-infd.mendoza.edu.ar\/sitio\/la-direccion-general-de-escuelas-ratifica-la-continuidad-y-el-fortalecimiento-integral-del-ies-n-9-005-fidela-amparan-de-la-paz\/\" title=\"10:30 am\" rel=\"bookmark\"><time class=\"wp-show-posts-entry-date published\" datetime=\"2026-04-20T10:30:33-03:00\" itemprop=\"datePublished\">20 abril, 2026<\/time><time class=\"wp-show-posts-updated\" datetime=\"2026-04-20T11:50:58-03:00\" itemprop=\"dateModified\">20 abril, 2026<\/time><\/a>\n\t\t\t\t<\/span><\/div>\t\t\t\t\t\t<\/header><!-- .entry-header -->\n\t\t\t\t\t<div class=\"wpsp-read-more\"><a title=\"La Direcci\u00f3n General de Escuelas ratifica la continuidad y el fortalecimiento integral del IES N\u00b0 9-005 \u201cFidela Ampar\u00e1n\u201d de La Paz\" class=\"wp-show-posts-read-more\" href=\"https:\/\/superior-infd.mendoza.edu.ar\/sitio\/la-direccion-general-de-escuelas-ratifica-la-continuidad-y-el-fortalecimiento-integral-del-ies-n-9-005-fidela-amparan-de-la-paz\/\">Leer m\u00e1s<\/a><\/div><\/div><!-- wp-show-posts-inner --><\/article><article class=\" wp-show-posts-single post-26326 post type-post status-publish format-standard has-post-thumbnail hentry category-noticias category-noticias-de-ies category-noticias-de-la-cges tag-novedades-direccion-de-educacion-superior wpsp-col-4\" itemtype=\"http:\/\/schema.org\/CreativeWork\" itemscope><div class=\"wp-show-posts-inner\" style=\"\">\t\t<div class=\"wp-show-posts-image  wpsp-image-center \">\n\t\t\t<a href=\"https:\/\/superior-infd.mendoza.edu.ar\/sitio\/educacion-superior-entrego-material-a-estudiantes-de-enfermeria-de-san-rafael\/\"  title=\"Educaci\u00f3n Superior entreg\u00f3 material a estudiantes de enfermer\u00eda de San Rafael\">\t\t\t\t\t<img src=\"https:\/\/superior-infd.mendoza.edu.ar\/sitio\/wp-content\/uploads\/2026\/04\/e1776102522779-300x200.jpeg\" alt=\"Educaci\u00f3n Superior entreg\u00f3 material a estudiantes de enfermer\u00eda de San Rafael\" itemprop=\"image\" class=\"center\" \/>\n\t\t\t\t<\/a>\t\t<\/div>\n\t\t\t\t\t\t\t\t<header class=\"wp-show-posts-entry-header\">\n\t\t\t\t\t\t\t<span class=\"wp-show-posts-entry-title\" itemprop=\"headline\"><a href=\"https:\/\/superior-infd.mendoza.edu.ar\/sitio\/educacion-superior-entrego-material-a-estudiantes-de-enfermeria-de-san-rafael\/\" rel=\"bookmark\">Educaci\u00f3n Superior entreg\u00f3 material a estudiantes de enfermer\u00eda de San Rafael<\/a><\/span><div class=\"wp-show-posts-entry-meta wp-show-posts-entry-meta-below-title post-meta-inline\"><span class=\"wp-show-posts-posted-on wp-show-posts-meta\">\n\t\t\t\t\t<a href=\"https:\/\/superior-infd.mendoza.edu.ar\/sitio\/educacion-superior-entrego-material-a-estudiantes-de-enfermeria-de-san-rafael\/\" title=\"10:56 pm\" rel=\"bookmark\"><time class=\"wp-show-posts-entry-date published\" datetime=\"2026-04-13T22:56:25-03:00\" itemprop=\"datePublished\">13 abril, 2026<\/time><time class=\"wp-show-posts-updated\" datetime=\"2026-04-13T23:07:48-03:00\" itemprop=\"dateModified\">13 abril, 2026<\/time><\/a>\n\t\t\t\t<\/span><\/div>\t\t\t\t\t\t<\/header><!-- .entry-header -->\n\t\t\t\t\t<div class=\"wpsp-read-more\"><a title=\"Educaci\u00f3n Superior entreg\u00f3 material a estudiantes de enfermer\u00eda de San Rafael\" class=\"wp-show-posts-read-more\" href=\"https:\/\/superior-infd.mendoza.edu.ar\/sitio\/educacion-superior-entrego-material-a-estudiantes-de-enfermeria-de-san-rafael\/\">Leer m\u00e1s<\/a><\/div><\/div><!-- wp-show-posts-inner --><\/article><article class=\" wp-show-posts-single post-26318 post type-post status-publish format-standard has-post-thumbnail hentry category-noticias category-noticias-de-ies category-noticias-de-la-cges tag-novedades-direccion-de-educacion-superior wpsp-col-4\" itemtype=\"http:\/\/schema.org\/CreativeWork\" itemscope><div class=\"wp-show-posts-inner\" style=\"\">\t\t<div class=\"wp-show-posts-image  wpsp-image-center \">\n\t\t\t<a href=\"https:\/\/superior-infd.mendoza.edu.ar\/sitio\/mendoza-inicia-la-evaluacion-sifieca-en-los-institutos-de-formacion-docente\/\"  title=\"Mendoza inicia la evaluaci\u00f3n Sifieca en los institutos de formaci\u00f3n docente\">\t\t\t\t\t<img src=\"https:\/\/superior-infd.mendoza.edu.ar\/sitio\/wp-content\/uploads\/2026\/04\/educacion-superior-300x200.jpg\" alt=\"Mendoza inicia la evaluaci\u00f3n Sifieca en los institutos de formaci\u00f3n docente\" itemprop=\"image\" class=\"center\" \/>\n\t\t\t\t<\/a>\t\t<\/div>\n\t\t\t\t\t\t\t\t<header class=\"wp-show-posts-entry-header\">\n\t\t\t\t\t\t\t<span class=\"wp-show-posts-entry-title\" itemprop=\"headline\"><a href=\"https:\/\/superior-infd.mendoza.edu.ar\/sitio\/mendoza-inicia-la-evaluacion-sifieca-en-los-institutos-de-formacion-docente\/\" rel=\"bookmark\">Mendoza inicia la evaluaci\u00f3n Sifieca en los institutos de formaci\u00f3n docente<\/a><\/span><div class=\"wp-show-posts-entry-meta wp-show-posts-entry-meta-below-title post-meta-inline\"><span class=\"wp-show-posts-posted-on wp-show-posts-meta\">\n\t\t\t\t\t<a href=\"https:\/\/superior-infd.mendoza.edu.ar\/sitio\/mendoza-inicia-la-evaluacion-sifieca-en-los-institutos-de-formacion-docente\/\" title=\"9:46 pm\" rel=\"bookmark\"><time class=\"wp-show-posts-entry-date published\" datetime=\"2026-04-09T21:46:34-03:00\" itemprop=\"datePublished\">9 abril, 2026<\/time><time class=\"wp-show-posts-updated\" datetime=\"2026-04-10T10:47:02-03:00\" itemprop=\"dateModified\">10 abril, 2026<\/time><\/a>\n\t\t\t\t<\/span><\/div>\t\t\t\t\t\t<\/header><!-- .entry-header -->\n\t\t\t\t\t<div class=\"wpsp-read-more\"><a title=\"Mendoza inicia la evaluaci\u00f3n Sifieca en los institutos de formaci\u00f3n docente\" class=\"wp-show-posts-read-more\" href=\"https:\/\/superior-infd.mendoza.edu.ar\/sitio\/mendoza-inicia-la-evaluacion-sifieca-en-los-institutos-de-formacion-docente\/\">Leer m\u00e1s<\/a><\/div><\/div><!-- wp-show-posts-inner --><\/article><article class=\" wp-show-posts-single post-26308 post type-post status-publish format-standard has-post-thumbnail hentry category-noticias category-noticias-de-ies category-noticias-de-la-cges tag-novedades-direccion-de-educacion-superior wpsp-col-4\" itemtype=\"http:\/\/schema.org\/CreativeWork\" itemscope><div class=\"wp-show-posts-inner\" style=\"\">\t\t<div class=\"wp-show-posts-image  wpsp-image-center \">\n\t\t\t<a href=\"https:\/\/superior-infd.mendoza.edu.ar\/sitio\/el-insutec-y-el-sindicato-de-luz-y-fuerza-presentaron-una-nueva-formacion-profesional\/\"  title=\"El InSuTec y el Sindicato de Luz y Fuerza presentaron una nueva formaci\u00f3n profesional\">\t\t\t\t\t<img src=\"https:\/\/superior-infd.mendoza.edu.ar\/sitio\/wp-content\/uploads\/2026\/04\/Luz-y-Fuerza1-300x200.jpeg\" alt=\"El InSuTec y el Sindicato de Luz y Fuerza presentaron una nueva formaci\u00f3n profesional\" itemprop=\"image\" class=\"center\" \/>\n\t\t\t\t<\/a>\t\t<\/div>\n\t\t\t\t\t\t\t\t<header class=\"wp-show-posts-entry-header\">\n\t\t\t\t\t\t\t<span class=\"wp-show-posts-entry-title\" itemprop=\"headline\"><a href=\"https:\/\/superior-infd.mendoza.edu.ar\/sitio\/el-insutec-y-el-sindicato-de-luz-y-fuerza-presentaron-una-nueva-formacion-profesional\/\" rel=\"bookmark\">El InSuTec y el Sindicato de Luz y Fuerza presentaron una nueva formaci\u00f3n profesional<\/a><\/span><div class=\"wp-show-posts-entry-meta wp-show-posts-entry-meta-below-title post-meta-inline\"><span class=\"wp-show-posts-posted-on wp-show-posts-meta\">\n\t\t\t\t\t<a href=\"https:\/\/superior-infd.mendoza.edu.ar\/sitio\/el-insutec-y-el-sindicato-de-luz-y-fuerza-presentaron-una-nueva-formacion-profesional\/\" title=\"1:05 pm\" rel=\"bookmark\"><time class=\"wp-show-posts-entry-date published\" datetime=\"2026-04-08T13:05:18-03:00\" itemprop=\"datePublished\">8 abril, 2026<\/time><time class=\"wp-show-posts-updated\" datetime=\"2026-04-08T13:05:23-03:00\" itemprop=\"dateModified\">8 abril, 2026<\/time><\/a>\n\t\t\t\t<\/span><\/div>\t\t\t\t\t\t<\/header><!-- .entry-header -->\n\t\t\t\t\t<div class=\"wpsp-read-more\"><a title=\"El InSuTec y el Sindicato de Luz y Fuerza presentaron una nueva formaci\u00f3n profesional\" class=\"wp-show-posts-read-more\" href=\"https:\/\/superior-infd.mendoza.edu.ar\/sitio\/el-insutec-y-el-sindicato-de-luz-y-fuerza-presentaron-una-nueva-formacion-profesional\/\">Leer m\u00e1s<\/a><\/div><\/div><!-- wp-show-posts-inner --><\/article><article class=\" wp-show-posts-single post-26303 post type-post status-publish format-standard has-post-thumbnail hentry category-noticias category-noticias-de-ies category-noticias-de-la-cges tag-novedades-direccion-de-educacion-superior wpsp-col-4\" itemtype=\"http:\/\/schema.org\/CreativeWork\" itemscope><div class=\"wp-show-posts-inner\" style=\"\">\t\t<div class=\"wp-show-posts-image  wpsp-image-center \">\n\t\t\t<a href=\"https:\/\/superior-infd.mendoza.edu.ar\/sitio\/abre-la-inscripcion-a-becas-progresar-superior-2026\/\"  title=\"Abre la inscripci\u00f3n a Becas Progresar Superior 2026\">\t\t\t\t\t<img src=\"https:\/\/superior-infd.mendoza.edu.ar\/sitio\/wp-content\/uploads\/2026\/04\/becas-c-300x200.jpeg\" alt=\"Abre la inscripci\u00f3n a Becas Progresar Superior 2026\" itemprop=\"image\" class=\"center\" \/>\n\t\t\t\t<\/a>\t\t<\/div>\n\t\t\t\t\t\t\t\t<header class=\"wp-show-posts-entry-header\">\n\t\t\t\t\t\t\t<span class=\"wp-show-posts-entry-title\" itemprop=\"headline\"><a href=\"https:\/\/superior-infd.mendoza.edu.ar\/sitio\/abre-la-inscripcion-a-becas-progresar-superior-2026\/\" rel=\"bookmark\">Abre la inscripci\u00f3n a Becas Progresar Superior 2026<\/a><\/span><div class=\"wp-show-posts-entry-meta wp-show-posts-entry-meta-below-title post-meta-inline\"><span class=\"wp-show-posts-posted-on wp-show-posts-meta\">\n\t\t\t\t\t<a href=\"https:\/\/superior-infd.mendoza.edu.ar\/sitio\/abre-la-inscripcion-a-becas-progresar-superior-2026\/\" title=\"12:52 pm\" rel=\"bookmark\"><time class=\"wp-show-posts-entry-date published\" datetime=\"2026-04-08T12:52:38-03:00\" itemprop=\"datePublished\">8 abril, 2026<\/time><time class=\"wp-show-posts-updated\" datetime=\"2026-04-08T12:52:42-03:00\" itemprop=\"dateModified\">8 abril, 2026<\/time><\/a>\n\t\t\t\t<\/span><\/div>\t\t\t\t\t\t<\/header><!-- .entry-header -->\n\t\t\t\t\t<div class=\"wpsp-read-more\"><a title=\"Abre la inscripci\u00f3n a Becas Progresar Superior 2026\" class=\"wp-show-posts-read-more\" href=\"https:\/\/superior-infd.mendoza.edu.ar\/sitio\/abre-la-inscripcion-a-becas-progresar-superior-2026\/\">Leer m\u00e1s<\/a><\/div><\/div><!-- wp-show-posts-inner --><\/article><article class=\" wp-show-posts-single post-26299 post type-post status-publish format-standard has-post-thumbnail hentry category-noticias category-noticias-de-ies category-noticias-de-la-cges tag-novedades-direccion-de-educacion-superior wpsp-col-4\" itemtype=\"http:\/\/schema.org\/CreativeWork\" itemscope><div class=\"wp-show-posts-inner\" style=\"\">\t\t<div class=\"wp-show-posts-image  wpsp-image-center \">\n\t\t\t<a href=\"https:\/\/superior-infd.mendoza.edu.ar\/sitio\/mendoza-definio-sus-carreras-prioritarias-para-2026\/\"  title=\"Mendoza defini\u00f3 sus carreras prioritarias para 2026\">\t\t\t\t\t<img src=\"https:\/\/superior-infd.mendoza.edu.ar\/sitio\/wp-content\/uploads\/2026\/04\/Educacion-Superior-2-300x200.png\" alt=\"Mendoza defini\u00f3 sus carreras prioritarias para 2026\" itemprop=\"image\" class=\"center\" \/>\n\t\t\t\t<\/a>\t\t<\/div>\n\t\t\t\t\t\t\t\t<header class=\"wp-show-posts-entry-header\">\n\t\t\t\t\t\t\t<span class=\"wp-show-posts-entry-title\" itemprop=\"headline\"><a href=\"https:\/\/superior-infd.mendoza.edu.ar\/sitio\/mendoza-definio-sus-carreras-prioritarias-para-2026\/\" rel=\"bookmark\">Mendoza defini\u00f3 sus carreras prioritarias para 2026<\/a><\/span><div class=\"wp-show-posts-entry-meta wp-show-posts-entry-meta-below-title post-meta-inline\"><span class=\"wp-show-posts-posted-on wp-show-posts-meta\">\n\t\t\t\t\t<a href=\"https:\/\/superior-infd.mendoza.edu.ar\/sitio\/mendoza-definio-sus-carreras-prioritarias-para-2026\/\" title=\"12:45 pm\" rel=\"bookmark\"><time class=\"wp-show-posts-entry-date published\" datetime=\"2026-04-08T12:45:10-03:00\" itemprop=\"datePublished\">8 abril, 2026<\/time><time class=\"wp-show-posts-updated\" datetime=\"2026-04-08T12:55:58-03:00\" itemprop=\"dateModified\">8 abril, 2026<\/time><\/a>\n\t\t\t\t<\/span><\/div>\t\t\t\t\t\t<\/header><!-- .entry-header -->\n\t\t\t\t\t<div class=\"wpsp-read-more\"><a title=\"Mendoza defini\u00f3 sus carreras prioritarias para 2026\" class=\"wp-show-posts-read-more\" href=\"https:\/\/superior-infd.mendoza.edu.ar\/sitio\/mendoza-definio-sus-carreras-prioritarias-para-2026\/\">Leer m\u00e1s<\/a><\/div><\/div><!-- wp-show-posts-inner --><\/article><article class=\" wp-show-posts-single post-26286 post type-post status-publish format-standard has-post-thumbnail hentry category-noticias category-noticias-de-ies category-noticias-de-la-cges tag-novedades-direccion-de-educacion-superior wpsp-col-4\" itemtype=\"http:\/\/schema.org\/CreativeWork\" itemscope><div class=\"wp-show-posts-inner\" style=\"\">\t\t<div class=\"wp-show-posts-image  wpsp-image-center \">\n\t\t\t<a href=\"https:\/\/superior-infd.mendoza.edu.ar\/sitio\/comenzo-el-cursado-en-los-institutos-de-educacion-superior\/\"  title=\"Comenz\u00f3 el cursado en los institutos de Educaci\u00f3n Superior\">\t\t\t\t\t<img src=\"https:\/\/superior-infd.mendoza.edu.ar\/sitio\/wp-content\/uploads\/2026\/03\/NAC_5209-300x200.jpg\" alt=\"Comenz\u00f3 el cursado en los institutos de Educaci\u00f3n Superior\" itemprop=\"image\" class=\"center\" \/>\n\t\t\t\t<\/a>\t\t<\/div>\n\t\t\t\t\t\t\t\t<header class=\"wp-show-posts-entry-header\">\n\t\t\t\t\t\t\t<span class=\"wp-show-posts-entry-title\" itemprop=\"headline\"><a href=\"https:\/\/superior-infd.mendoza.edu.ar\/sitio\/comenzo-el-cursado-en-los-institutos-de-educacion-superior\/\" rel=\"bookmark\">Comenz\u00f3 el cursado en los institutos de Educaci\u00f3n Superior<\/a><\/span><div class=\"wp-show-posts-entry-meta wp-show-posts-entry-meta-below-title post-meta-inline\"><span class=\"wp-show-posts-posted-on wp-show-posts-meta\">\n\t\t\t\t\t<a href=\"https:\/\/superior-infd.mendoza.edu.ar\/sitio\/comenzo-el-cursado-en-los-institutos-de-educacion-superior\/\" title=\"8:01 pm\" rel=\"bookmark\"><time class=\"wp-show-posts-entry-date published\" datetime=\"2026-03-30T20:01:51-03:00\" itemprop=\"datePublished\">30 marzo, 2026<\/time><time class=\"wp-show-posts-updated\" datetime=\"2026-03-30T23:10:15-03:00\" itemprop=\"dateModified\">30 marzo, 2026<\/time><\/a>\n\t\t\t\t<\/span><\/div>\t\t\t\t\t\t<\/header><!-- .entry-header -->\n\t\t\t\t\t<div class=\"wpsp-read-more\"><a title=\"Comenz\u00f3 el cursado en los institutos de Educaci\u00f3n Superior\" class=\"wp-show-posts-read-more\" href=\"https:\/\/superior-infd.mendoza.edu.ar\/sitio\/comenzo-el-cursado-en-los-institutos-de-educacion-superior\/\">Leer m\u00e1s<\/a><\/div><\/div><!-- wp-show-posts-inner --><\/article><article class=\" wp-show-posts-single post-26259 post type-post status-publish format-standard has-post-thumbnail hentry category-noticias category-noticias-de-ies category-noticias-de-la-cges tag-novedades-direccion-de-educacion-superior wpsp-col-4\" itemtype=\"http:\/\/schema.org\/CreativeWork\" itemscope><div class=\"wp-show-posts-inner\" style=\"\">\t\t<div class=\"wp-show-posts-image  wpsp-image-center \">\n\t\t\t<a href=\"https:\/\/superior-infd.mendoza.edu.ar\/sitio\/la-dge-reconocio-a-dos-reinas-de-la-vendimia-que-se-forman-en-institutos-de-educacion-superior\/\"  title=\"La DGE reconoci\u00f3 a dos reinas de la Vendimia que se forman en institutos de educaci\u00f3n superior\">\t\t\t\t\t<img src=\"https:\/\/superior-infd.mendoza.edu.ar\/sitio\/wp-content\/uploads\/2026\/03\/DGE-reconocio-a-dos-reinas-de-la-Vendimia-2-scaled-300x200.jpg\" alt=\"La DGE reconoci\u00f3 a dos reinas de la Vendimia que se forman en institutos de educaci\u00f3n superior\" itemprop=\"image\" class=\"center\" \/>\n\t\t\t\t<\/a>\t\t<\/div>\n\t\t\t\t\t\t\t\t<header class=\"wp-show-posts-entry-header\">\n\t\t\t\t\t\t\t<span class=\"wp-show-posts-entry-title\" itemprop=\"headline\"><a href=\"https:\/\/superior-infd.mendoza.edu.ar\/sitio\/la-dge-reconocio-a-dos-reinas-de-la-vendimia-que-se-forman-en-institutos-de-educacion-superior\/\" rel=\"bookmark\">La DGE reconoci\u00f3 a dos reinas de la Vendimia que se forman en institutos de educaci\u00f3n superior<\/a><\/span><div class=\"wp-show-posts-entry-meta wp-show-posts-entry-meta-below-title post-meta-inline\"><span class=\"wp-show-posts-posted-on wp-show-posts-meta\">\n\t\t\t\t\t<a href=\"https:\/\/superior-infd.mendoza.edu.ar\/sitio\/la-dge-reconocio-a-dos-reinas-de-la-vendimia-que-se-forman-en-institutos-de-educacion-superior\/\" title=\"12:22 pm\" rel=\"bookmark\"><time class=\"wp-show-posts-entry-date published\" datetime=\"2026-03-27T12:22:31-03:00\" itemprop=\"datePublished\">27 marzo, 2026<\/time><time class=\"wp-show-posts-updated\" datetime=\"2026-03-27T13:40:42-03:00\" itemprop=\"dateModified\">27 marzo, 2026<\/time><\/a>\n\t\t\t\t<\/span><\/div>\t\t\t\t\t\t<\/header><!-- .entry-header -->\n\t\t\t\t\t<div class=\"wpsp-read-more\"><a title=\"La DGE reconoci\u00f3 a dos reinas de la Vendimia que se forman en institutos de educaci\u00f3n superior\" class=\"wp-show-posts-read-more\" href=\"https:\/\/superior-infd.mendoza.edu.ar\/sitio\/la-dge-reconocio-a-dos-reinas-de-la-vendimia-que-se-forman-en-institutos-de-educacion-superior\/\">Leer m\u00e1s<\/a><\/div><\/div><!-- wp-show-posts-inner --><\/article><div class=\"wpsp-clear\"><\/div><\/section><!-- .wp-show-posts --><div class=\"wpsp-load-more\"><span aria-current=\"page\" class=\"page-numbers current\">1<\/span>\n<a class=\"page-numbers\" href=\"https:\/\/superior-infd.mendoza.edu.ar\/sitio\/wp-json\/wp\/v2\/pages\/15493\/page\/2\/\">2<\/a>\n<span class=\"page-numbers dots\">&hellip;<\/span>\n<a class=\"page-numbers\" href=\"https:\/\/superior-infd.mendoza.edu.ar\/sitio\/wp-json\/wp\/v2\/pages\/15493\/page\/331\/\">331<\/a>\n<a class=\"next page-numbers\" href=\"https:\/\/superior-infd.mendoza.edu.ar\/sitio\/wp-json\/wp\/v2\/pages\/15493\/page\/2\/\">Siguiente &rarr;<\/a><\/div>\n","protected":false},"excerpt":{"rendered":"","protected":false},"author":2549,"featured_media":0,"parent":0,"menu_order":0,"comment_status":"closed","ping_status":"closed","template":"","meta":[],"acf":[],"_links":{"self":[{"href":"https:\/\/superior-infd.mendoza.edu.ar\/sitio\/wp-json\/wp\/v2\/pages\/15493"}],"collection":[{"href":"https:\/\/superior-infd.mendoza.edu.ar\/sitio\/wp-json\/wp\/v2\/pages"}],"about":[{"href":"https:\/\/superior-infd.mendoza.edu.ar\/sitio\/wp-json\/wp\/v2\/types\/page"}],"author":[{"embeddable":true,"href":"https:\/\/superior-infd.mendoza.edu.ar\/sitio\/wp-json\/wp\/v2\/users\/2549"}],"replies":[{"embeddable":true,"href":"https:\/\/superior-infd.mendoza.edu.ar\/sitio\/wp-json\/wp\/v2\/comments?post=15493"}],"version-history":[{"count":14,"href":"https:\/\/superior-infd.mendoza.edu.ar\/sitio\/wp-json\/wp\/v2\/pages\/15493\/revisions"}],"predecessor-version":[{"id":25060,"href":"https:\/\/superior-infd.mendoza.edu.ar\/sitio\/wp-json\/wp\/v2\/pages\/15493\/revisions\/25060"}],"wp:attachment":[{"href":"https:\/\/superior-infd.mendoza.edu.ar\/sitio\/wp-json\/wp\/v2\/media?parent=15493"}],"curies":[{"name":"wp","href":"https:\/\/api.w.org\/{rel}","templated":true}]}}