{"id":15468,"date":"2020-10-08T12:24:34","date_gmt":"2020-10-08T15:24:34","guid":{"rendered":"https:\/\/des-infd.mendoza.edu.ar\/sitio\/?page_id=15468"},"modified":"2023-09-29T09:45:20","modified_gmt":"2023-09-29T12:45:20","slug":"normativa-provincial","status":"publish","type":"page","link":"https:\/\/superior-infd.mendoza.edu.ar\/sitio\/normativa-provincial\/","title":{"rendered":"Normativa Provincial"},"content":{"rendered":"<p><span style=\"color: #015763;\"><span style=\"color: #015763;\"><span style=\"color: #015763;\"><img decoding=\"async\" loading=\"lazy\" class=\"alignnone size-medium wp-image-15032\" src=\"https:\/\/superior-infd.mendoza.edu.ar\/sitio\/wp-content\/uploads\/2020\/10\/banner-normativa-1000x273.jpg\" alt=\"\" width=\"1000\" height=\"273\" srcset=\"https:\/\/superior-infd.mendoza.edu.ar\/sitio\/wp-content\/uploads\/2020\/10\/banner-normativa-1000x273.jpg 1000w, https:\/\/superior-infd.mendoza.edu.ar\/sitio\/wp-content\/uploads\/2020\/10\/banner-normativa-768x209.jpg 768w, https:\/\/superior-infd.mendoza.edu.ar\/sitio\/wp-content\/uploads\/2020\/10\/banner-normativa.jpg 1100w\" sizes=\"(max-width: 1000px) 100vw, 1000px\" \/><\/span><\/span><\/span><a style=\"float: left; margin: 2em 0 0; margin-top: 5px; margin-bottom: 5px; padding-left: 35px; width: 45%; height: 40px; background-color: #025064; text-align: center; border-radius: 2px; font-family: sans-serif; font-size: 18px; color: #fff; text-decoration: none; line-height: 40px;\" href=\"https:\/\/superior-infd.mendoza.edu.ar\/sitio\/normativa-nacional\/\">Normativa Nacional<\/a><a style=\"float: left; margin: 2em 0 0; margin-top: 5px; margin-bottom: 5px; padding-left: 35px; width: 45%; height: 40px; background-color: #01a2cb; text-align: center; border-radius: 2px; font-family: sans-serif; font-size: 18px; color: #fff; text-decoration: none; line-height: 40px;\" href=\"https:\/\/superior-infd.mendoza.edu.ar\/sitio\/normativa-provincial\/\"> Normativa Provincial<\/a><\/p>\n<p>&nbsp;<\/p>\n<h2>Normativa Provincial<\/h2>\n<h3 style=\"text-align: center;\"><span style=\"color: #015763;\">Actualizaci\u00f3n dise\u00f1os curriculares de profesorados<\/span><\/h3>\n<h2 style=\"text-align: center;\"><a href=\"https:\/\/drive.google.com\/drive\/folders\/1c5JUEKE_ZWfD5zfx-58Mqy2jHxVS9M4d?usp=sharing\"><input type=\"submit\" value=\"Ingresar a Res. Profesorados (nuevos)\" \/><\/a><\/h2>\n<h6>\u00a0<\/h6>\n<h6><div  class=\"lgc-column lgc-grid-parent lgc-grid-50 lgc-tablet-grid-50 lgc-mobile-grid-100 lgc-equal-heights \"><div  class=\"inside-grid-column\">\n<h5><span style=\"color: #015763;\">Normativa Tecnicaturas<br \/><\/span><\/h5>\n<form action=\"https:\/\/drive.google.com\/drive\/folders\/1QpDBqWgfKqwuN5JsT5JTo5Jle761nT1e?usp=sharing\" target=\"_blank\"><input type=\"submit\" value=\"Ingresar a Res. Tecnicaturas\" \/><\/form>\n<h6><\/h6><\/div><\/div><div  class=\"lgc-column lgc-grid-parent lgc-grid-50 lgc-tablet-grid-50 lgc-mobile-grid-100 lgc-equal-heights \"><div  class=\"inside-grid-column\">\n<h5><span style=\"color: #015763;\">Normativa Profesorados<\/span><\/h5>\n<form action=\"https:\/\/drive.google.com\/drive\/folders\/1wcBdInemiFdV1gjsIDFa9FZgO3j-mRFz?usp=sharing\" target=\"_blank\"><input type=\"submit\" value=\"Ingresar a Res. Profesorados\" \/><\/form>\n<h6><\/h6><\/div><\/div><div class=\"lgc-clear\"><\/div><\/h6>\n<h5><span style=\"color: #015763;\">Resoluciones vinculadas con el Nivel Superior provincial<\/span><\/h5>\n<style>.wp-show-posts-columns#wpsp-15467 {margin-left: -2em; }.wp-show-posts-columns#wpsp-15467 .wp-show-posts-inner {margin: 0 0 2em 2em; }<\/style><section id=\"wpsp-15467\" class=\" wp-show-posts-columns wp-show-posts\" style=\"\"><article class=\" wp-show-posts-single post-23823 post type-post status-publish format-standard has-post-thumbnail hentry category-normativa-provincial category-noticias category-noticias-de-la-cges category-titularizacion wpsp-col-4\" itemtype=\"http:\/\/schema.org\/CreativeWork\" itemscope><div class=\"wp-show-posts-inner\" style=\"\">\t\t\t\t\t\t<header class=\"wp-show-posts-entry-header\">\n\t\t\t\t\t\t\t<h5 class=\"wp-show-posts-entry-title\" itemprop=\"headline\"><a href=\"https:\/\/superior-infd.mendoza.edu.ar\/sitio\/procedimiento-para-el-ofrecimiento-de-horas-catedras\/\" rel=\"bookmark\">Procedimiento para el ofrecimiento de horas c\u00e1tedras<\/a><\/h5>\t\t\t\t\t\t<\/header><!-- .entry-header -->\n\t\t\t\t\t\t\t<div class=\"wp-show-posts-image  wpsp-image-center \">\n\t\t\t<a href=\"https:\/\/superior-infd.mendoza.edu.ar\/sitio\/procedimiento-para-el-ofrecimiento-de-horas-catedras\/\"  title=\"Procedimiento para el ofrecimiento de horas c\u00e1tedras\"><img width=\"1600\" height=\"1065\" src=\"https:\/\/superior-infd.mendoza.edu.ar\/sitio\/wp-content\/uploads\/2024\/02\/WhatsApp-Image-2024-02-06-at-19.25.38.jpeg\" class=\"attachment-full size-full wp-post-image\" alt=\"\" decoding=\"async\" loading=\"lazy\" itemprop=\"image\" srcset=\"https:\/\/superior-infd.mendoza.edu.ar\/sitio\/wp-content\/uploads\/2024\/02\/WhatsApp-Image-2024-02-06-at-19.25.38.jpeg 1600w, https:\/\/superior-infd.mendoza.edu.ar\/sitio\/wp-content\/uploads\/2024\/02\/WhatsApp-Image-2024-02-06-at-19.25.38-1000x666.jpeg 1000w, https:\/\/superior-infd.mendoza.edu.ar\/sitio\/wp-content\/uploads\/2024\/02\/WhatsApp-Image-2024-02-06-at-19.25.38-768x511.jpeg 768w, https:\/\/superior-infd.mendoza.edu.ar\/sitio\/wp-content\/uploads\/2024\/02\/WhatsApp-Image-2024-02-06-at-19.25.38-1536x1022.jpeg 1536w\" sizes=\"(max-width: 1600px) 100vw, 1600px\" \/><\/a>\t\t<\/div>\n\t\t\t\t\t\t\t\t<div class=\"wp-show-posts-entry-summary\" itemprop=\"text\">\n\t\t\t\t\t\t\t<p>La Direcci\u00f3n de Educaci\u00f3n Superior,&#8230;<\/p>\n\t\t\t\t\t\t<\/div><!-- .entry-summary -->\n\t\t\t\t\t<div class=\"wpsp-read-more\"><a title=\"Procedimiento para el ofrecimiento de horas c\u00e1tedras\" class=\"wp-show-posts-read-more\" href=\"https:\/\/superior-infd.mendoza.edu.ar\/sitio\/procedimiento-para-el-ofrecimiento-de-horas-catedras\/\">Leer m\u00e1s<\/a><\/div><\/div><!-- wp-show-posts-inner --><\/article><article class=\" wp-show-posts-single post-23738 post type-post status-publish format-standard has-post-thumbnail hentry category-normativa-provincial wpsp-col-4\" itemtype=\"http:\/\/schema.org\/CreativeWork\" itemscope><div class=\"wp-show-posts-inner\" style=\"\">\t\t\t\t\t\t<header class=\"wp-show-posts-entry-header\">\n\t\t\t\t\t\t\t<h5 class=\"wp-show-posts-entry-title\" itemprop=\"headline\"><a href=\"https:\/\/superior-infd.mendoza.edu.ar\/sitio\/modificacion-del-regimen-academico-marco-de-los-institutos-de-educacion-superior\/\" rel=\"bookmark\">Modificaci\u00f3n del R\u00e9gimen Acad\u00e9mico Marco de los Institutos de Educaci\u00f3n Superior<\/a><\/h5>\t\t\t\t\t\t<\/header><!-- .entry-header -->\n\t\t\t\t\t\t\t<div class=\"wp-show-posts-image  wpsp-image-center \">\n\t\t\t<a href=\"https:\/\/superior-infd.mendoza.edu.ar\/sitio\/modificacion-del-regimen-academico-marco-de-los-institutos-de-educacion-superior\/\"  title=\"Modificaci\u00f3n del R\u00e9gimen Acad\u00e9mico Marco de los Institutos de Educaci\u00f3n Superior\"><img width=\"1600\" height=\"1065\" src=\"https:\/\/superior-infd.mendoza.edu.ar\/sitio\/wp-content\/uploads\/2024\/02\/WhatsApp-Image-2024-02-06-at-18.40.18-1.jpeg\" class=\"attachment-full size-full wp-post-image\" alt=\"\" decoding=\"async\" loading=\"lazy\" itemprop=\"image\" srcset=\"https:\/\/superior-infd.mendoza.edu.ar\/sitio\/wp-content\/uploads\/2024\/02\/WhatsApp-Image-2024-02-06-at-18.40.18-1.jpeg 1600w, https:\/\/superior-infd.mendoza.edu.ar\/sitio\/wp-content\/uploads\/2024\/02\/WhatsApp-Image-2024-02-06-at-18.40.18-1-1000x666.jpeg 1000w, https:\/\/superior-infd.mendoza.edu.ar\/sitio\/wp-content\/uploads\/2024\/02\/WhatsApp-Image-2024-02-06-at-18.40.18-1-768x511.jpeg 768w, https:\/\/superior-infd.mendoza.edu.ar\/sitio\/wp-content\/uploads\/2024\/02\/WhatsApp-Image-2024-02-06-at-18.40.18-1-1536x1022.jpeg 1536w\" sizes=\"(max-width: 1600px) 100vw, 1600px\" \/><\/a>\t\t<\/div>\n\t\t\t\t\t\t\t\t<div class=\"wp-show-posts-entry-summary\" itemprop=\"text\">\n\t\t\t\t\t\t\t<p>Se aprueba la modificaci\u00f3n del&#8230;<\/p>\n\t\t\t\t\t\t<\/div><!-- .entry-summary -->\n\t\t\t\t\t<div class=\"wpsp-read-more\"><a title=\"Modificaci\u00f3n del R\u00e9gimen Acad\u00e9mico Marco de los Institutos de Educaci\u00f3n Superior\" class=\"wp-show-posts-read-more\" href=\"https:\/\/superior-infd.mendoza.edu.ar\/sitio\/modificacion-del-regimen-academico-marco-de-los-institutos-de-educacion-superior\/\">Leer m\u00e1s<\/a><\/div><\/div><!-- wp-show-posts-inner --><\/article><article class=\" wp-show-posts-single post-21694 post type-post status-publish format-standard has-post-thumbnail hentry category-normativa-de-titularizacion category-normativa-provincial category-noticias category-titularizacion wpsp-col-4\" itemtype=\"http:\/\/schema.org\/CreativeWork\" itemscope><div class=\"wp-show-posts-inner\" style=\"\">\t\t\t\t\t\t<header class=\"wp-show-posts-entry-header\">\n\t\t\t\t\t\t\t<h5 class=\"wp-show-posts-entry-title\" itemprop=\"headline\"><a href=\"https:\/\/superior-infd.mendoza.edu.ar\/sitio\/circular-3-cges-2023\/\" rel=\"bookmark\">Circular 3-CGES-2023<\/a><\/h5>\t\t\t\t\t\t<\/header><!-- .entry-header -->\n\t\t\t\t\t\t\t<div class=\"wp-show-posts-image  wpsp-image-center \">\n\t\t\t<a href=\"https:\/\/superior-infd.mendoza.edu.ar\/sitio\/circular-3-cges-2023\/\"  title=\"Circular 3-CGES-2023\"><img width=\"952\" height=\"634\" src=\"https:\/\/superior-infd.mendoza.edu.ar\/sitio\/wp-content\/uploads\/2022\/12\/WhatsApp-Image-2022-12-07-at-17.24.27-2-e1670544349266.jpeg\" class=\"attachment-full size-full wp-post-image\" alt=\"\" decoding=\"async\" loading=\"lazy\" itemprop=\"image\" \/><\/a>\t\t<\/div>\n\t\t\t\t\t\t\t\t<div class=\"wp-show-posts-entry-summary\" itemprop=\"text\">\n\t\t\t\t\t\t\t<p>Aplicaci\u00f3n de los Anexos I&#8230;<\/p>\n\t\t\t\t\t\t<\/div><!-- .entry-summary -->\n\t\t\t\t\t<div class=\"wpsp-read-more\"><a title=\"Circular 3-CGES-2023\" class=\"wp-show-posts-read-more\" href=\"https:\/\/superior-infd.mendoza.edu.ar\/sitio\/circular-3-cges-2023\/\">Leer m\u00e1s<\/a><\/div><\/div><!-- wp-show-posts-inner --><\/article><article class=\" wp-show-posts-single post-21683 post type-post status-publish format-standard has-post-thumbnail hentry category-normativa-de-titularizacion category-normativa-provincial category-titularizacion wpsp-col-4\" itemtype=\"http:\/\/schema.org\/CreativeWork\" itemscope><div class=\"wp-show-posts-inner\" style=\"\">\t\t\t\t\t\t<header class=\"wp-show-posts-entry-header\">\n\t\t\t\t\t\t\t<h5 class=\"wp-show-posts-entry-title\" itemprop=\"headline\"><a href=\"https:\/\/superior-infd.mendoza.edu.ar\/sitio\/resolucion-n-171-cges-2023\/\" rel=\"bookmark\">Resoluci\u00f3n N\u00b0 171- CGES- 2023<\/a><\/h5>\t\t\t\t\t\t<\/header><!-- .entry-header -->\n\t\t\t\t\t\t\t<div class=\"wp-show-posts-image  wpsp-image-center \">\n\t\t\t<a href=\"https:\/\/superior-infd.mendoza.edu.ar\/sitio\/resolucion-n-171-cges-2023\/\"  title=\"Resoluci\u00f3n N\u00b0 171- CGES- 2023\"><img width=\"2623\" height=\"1581\" src=\"https:\/\/superior-infd.mendoza.edu.ar\/sitio\/wp-content\/uploads\/2023\/02\/TITULARIZACION-Portada-04.png\" class=\"attachment-full size-full wp-post-image\" alt=\"\" decoding=\"async\" loading=\"lazy\" itemprop=\"image\" srcset=\"https:\/\/superior-infd.mendoza.edu.ar\/sitio\/wp-content\/uploads\/2023\/02\/TITULARIZACION-Portada-04.png 2623w, https:\/\/superior-infd.mendoza.edu.ar\/sitio\/wp-content\/uploads\/2023\/02\/TITULARIZACION-Portada-04-1000x603.png 1000w, https:\/\/superior-infd.mendoza.edu.ar\/sitio\/wp-content\/uploads\/2023\/02\/TITULARIZACION-Portada-04-1900x1145.png 1900w, https:\/\/superior-infd.mendoza.edu.ar\/sitio\/wp-content\/uploads\/2023\/02\/TITULARIZACION-Portada-04-768x463.png 768w, https:\/\/superior-infd.mendoza.edu.ar\/sitio\/wp-content\/uploads\/2023\/02\/TITULARIZACION-Portada-04-1536x926.png 1536w, https:\/\/superior-infd.mendoza.edu.ar\/sitio\/wp-content\/uploads\/2023\/02\/TITULARIZACION-Portada-04-2048x1234.png 2048w\" sizes=\"(max-width: 2623px) 100vw, 2623px\" \/><\/a>\t\t<\/div>\n\t\t\t\t\t\t\t\t<div class=\"wp-show-posts-entry-summary\" itemprop=\"text\">\n\t\t\t\t\t\t\t<p>Aprobaci\u00f3n de lo actuado en&#8230;<\/p>\n\t\t\t\t\t\t<\/div><!-- .entry-summary -->\n\t\t\t\t\t<div class=\"wpsp-read-more\"><a title=\"Resoluci\u00f3n N\u00b0 171- CGES- 2023\" class=\"wp-show-posts-read-more\" href=\"https:\/\/superior-infd.mendoza.edu.ar\/sitio\/resolucion-n-171-cges-2023\/\">Leer m\u00e1s<\/a><\/div><\/div><!-- wp-show-posts-inner --><\/article><article class=\" wp-show-posts-single post-21613 post type-post status-publish format-standard hentry category-normativa-provincial wpsp-col-4\" itemtype=\"http:\/\/schema.org\/CreativeWork\" itemscope><div class=\"wp-show-posts-inner\" style=\"\">\t\t\t\t\t\t<header class=\"wp-show-posts-entry-header\">\n\t\t\t\t\t\t\t<h5 class=\"wp-show-posts-entry-title\" itemprop=\"headline\"><a href=\"https:\/\/superior-infd.mendoza.edu.ar\/sitio\/res-n-2992-dge-2015-acuerdo-marco-de-practica-profesionalizante-carreras-tecnicas-de-nivel-superior\/\" rel=\"bookmark\">Res. N\u00b0 2992-DGE- 2015. Acuerdo Marco de Pr\u00e1ctica Profesionalizante. Carreras T\u00e9cnicas de Nivel Superior<\/a><\/h5>\t\t\t\t\t\t<\/header><!-- .entry-header -->\n\t\t\t\t\t\t\t\t\t\t\t<div class=\"wp-show-posts-entry-summary\" itemprop=\"text\">\n\t\t\t\t\t\t\t<p>Por la Res. N\u00b0 2992-&#8230;<\/p>\n\t\t\t\t\t\t<\/div><!-- .entry-summary -->\n\t\t\t\t\t<div class=\"wpsp-read-more\"><a title=\"Res. N\u00b0 2992-DGE- 2015. Acuerdo Marco de Pr\u00e1ctica Profesionalizante. Carreras T\u00e9cnicas de Nivel Superior\" class=\"wp-show-posts-read-more\" href=\"https:\/\/superior-infd.mendoza.edu.ar\/sitio\/res-n-2992-dge-2015-acuerdo-marco-de-practica-profesionalizante-carreras-tecnicas-de-nivel-superior\/\">Leer m\u00e1s<\/a><\/div><\/div><!-- wp-show-posts-inner --><\/article><article class=\" wp-show-posts-single post-18436 post type-post status-publish format-standard hentry category-normativa-provincial wpsp-col-4\" itemtype=\"http:\/\/schema.org\/CreativeWork\" itemscope><div class=\"wp-show-posts-inner\" style=\"\">\t\t\t\t\t\t<header class=\"wp-show-posts-entry-header\">\n\t\t\t\t\t\t\t<h5 class=\"wp-show-posts-entry-title\" itemprop=\"headline\"><a href=\"https:\/\/superior-infd.mendoza.edu.ar\/sitio\/res-72-cges-2022-presencialidad-plena-en-ies\/\" rel=\"bookmark\">Res. 72-CGES-2022 Presencialidad plena en IES<\/a><\/h5>\t\t\t\t\t\t<\/header><!-- .entry-header -->\n\t\t\t\t\t\t\t\t\t\t\t<div class=\"wp-show-posts-entry-summary\" itemprop=\"text\">\n\t\t\t\t\t\t\t<p>Disp\u00f3ngase la vuelta a la&#8230;<\/p>\n\t\t\t\t\t\t<\/div><!-- .entry-summary -->\n\t\t\t\t\t<div class=\"wpsp-read-more\"><a title=\"Res. 72-CGES-2022 Presencialidad plena en IES\" class=\"wp-show-posts-read-more\" href=\"https:\/\/superior-infd.mendoza.edu.ar\/sitio\/res-72-cges-2022-presencialidad-plena-en-ies\/\">Leer m\u00e1s<\/a><\/div><\/div><!-- wp-show-posts-inner --><\/article><article class=\" wp-show-posts-single post-16896 post type-post status-publish format-standard hentry category-normativa-provincial category-noticias wpsp-col-4\" itemtype=\"http:\/\/schema.org\/CreativeWork\" itemscope><div class=\"wp-show-posts-inner\" style=\"\">\t\t\t\t\t\t<header class=\"wp-show-posts-entry-header\">\n\t\t\t\t\t\t\t<h5 class=\"wp-show-posts-entry-title\" itemprop=\"headline\"><a href=\"https:\/\/superior-infd.mendoza.edu.ar\/sitio\/circular-05-cges-2021-protocolo-marco-provincial-de-instituciones-de-educacion-superior-para-el-desarrollo-de-clases-presenciales\/\" rel=\"bookmark\">Circular 05-CGES-2021 &#8211; Protocolo Marco Provincial de Instituciones de Educaci\u00f3n Superior para el desarrollo de Clases Presenciales<\/a><\/h5>\t\t\t\t\t\t<\/header><!-- .entry-header -->\n\t\t\t\t\t\t\t\t\t\t\t<div class=\"wp-show-posts-entry-summary\" itemprop=\"text\">\n\t\t\t\t\t\t\t<p>El presente protocolo tiene como&#8230;<\/p>\n\t\t\t\t\t\t<\/div><!-- .entry-summary -->\n\t\t\t\t\t<div class=\"wpsp-read-more\"><a title=\"Circular 05-CGES-2021 &#8211; Protocolo Marco Provincial de Instituciones de Educaci\u00f3n Superior para el desarrollo de Clases Presenciales\" class=\"wp-show-posts-read-more\" href=\"https:\/\/superior-infd.mendoza.edu.ar\/sitio\/circular-05-cges-2021-protocolo-marco-provincial-de-instituciones-de-educacion-superior-para-el-desarrollo-de-clases-presenciales\/\">Leer m\u00e1s<\/a><\/div><\/div><!-- wp-show-posts-inner --><\/article><article class=\" wp-show-posts-single post-16687 post type-post status-publish format-standard hentry category-normativa-provincial wpsp-col-4\" itemtype=\"http:\/\/schema.org\/CreativeWork\" itemscope><div class=\"wp-show-posts-inner\" style=\"\">\t\t\t\t\t\t<header class=\"wp-show-posts-entry-header\">\n\t\t\t\t\t\t\t<h5 class=\"wp-show-posts-entry-title\" itemprop=\"headline\"><a href=\"https:\/\/superior-infd.mendoza.edu.ar\/sitio\/res-104-cges-2020\/\" rel=\"bookmark\">Res. 104-CGES-2020<\/a><\/h5>\t\t\t\t\t\t<\/header><!-- .entry-header -->\n\t\t\t\t\t\t\t\t\t\t\t<div class=\"wp-show-posts-entry-summary\" itemprop=\"text\">\n\t\t\t\t\t\t\t<p>Adecuaci\u00f3n de las pr\u00e1cticas profesionalizantes&#8230;<\/p>\n\t\t\t\t\t\t<\/div><!-- .entry-summary -->\n\t\t\t\t\t<div class=\"wpsp-read-more\"><a title=\"Res. 104-CGES-2020\" class=\"wp-show-posts-read-more\" href=\"https:\/\/superior-infd.mendoza.edu.ar\/sitio\/res-104-cges-2020\/\">Leer m\u00e1s<\/a><\/div><\/div><!-- wp-show-posts-inner --><\/article><article class=\" wp-show-posts-single post-16683 post type-post status-publish format-standard hentry category-normativa-provincial wpsp-col-4\" itemtype=\"http:\/\/schema.org\/CreativeWork\" itemscope><div class=\"wp-show-posts-inner\" style=\"\">\t\t\t\t\t\t<header class=\"wp-show-posts-entry-header\">\n\t\t\t\t\t\t\t<h5 class=\"wp-show-posts-entry-title\" itemprop=\"headline\"><a href=\"https:\/\/superior-infd.mendoza.edu.ar\/sitio\/res-92-cges-2020\/\" rel=\"bookmark\">Res. 92-CGES-2020<\/a><\/h5>\t\t\t\t\t\t<\/header><!-- .entry-header -->\n\t\t\t\t\t\t\t\t\t\t\t<div class=\"wp-show-posts-entry-summary\" itemprop=\"text\">\n\t\t\t\t\t\t\t<p>Adecuaci\u00f3n de las pr\u00e1cticas profesionalizantes<\/p>\n\t\t\t\t\t\t<\/div><!-- .entry-summary -->\n\t\t\t\t\t<div class=\"wpsp-read-more\"><a title=\"Res. 92-CGES-2020\" class=\"wp-show-posts-read-more\" href=\"https:\/\/superior-infd.mendoza.edu.ar\/sitio\/res-92-cges-2020\/\">Leer m\u00e1s<\/a><\/div><\/div><!-- wp-show-posts-inner --><\/article><article class=\" wp-show-posts-single post-16613 post type-post status-publish format-standard hentry category-normativa-provincial wpsp-col-4\" itemtype=\"http:\/\/schema.org\/CreativeWork\" itemscope><div class=\"wp-show-posts-inner\" style=\"\">\t\t\t\t\t\t<header class=\"wp-show-posts-entry-header\">\n\t\t\t\t\t\t\t<h5 class=\"wp-show-posts-entry-title\" itemprop=\"headline\"><a href=\"https:\/\/superior-infd.mendoza.edu.ar\/sitio\/memorandum-16-cges-2021-2\/\" rel=\"bookmark\">Memorandum 16-CGES-2021<\/a><\/h5>\t\t\t\t\t\t<\/header><!-- .entry-header -->\n\t\t\t\t\t\t\t\t\t\t\t<div class=\"wp-show-posts-entry-summary\" itemprop=\"text\">\n\t\t\t\t\t\t\t<p>Recomendaciones para el desarrollo de&#8230;<\/p>\n\t\t\t\t\t\t<\/div><!-- .entry-summary -->\n\t\t\t\t\t<div class=\"wpsp-read-more\"><a title=\"Memorandum 16-CGES-2021\" class=\"wp-show-posts-read-more\" href=\"https:\/\/superior-infd.mendoza.edu.ar\/sitio\/memorandum-16-cges-2021-2\/\">Leer m\u00e1s<\/a><\/div><\/div><!-- wp-show-posts-inner --><\/article><div class=\"wpsp-clear\"><\/div><\/section><!-- .wp-show-posts --><div class=\"wpsp-load-more\"><span aria-current=\"page\" class=\"page-numbers current\">1<\/span>\n<a class=\"page-numbers\" href=\"https:\/\/superior-infd.mendoza.edu.ar\/sitio\/wp-json\/wp\/v2\/pages\/15468\/page\/2\/\">2<\/a>\n<a class=\"page-numbers\" href=\"https:\/\/superior-infd.mendoza.edu.ar\/sitio\/wp-json\/wp\/v2\/pages\/15468\/page\/3\/\">3<\/a>\n<a class=\"next page-numbers\" href=\"https:\/\/superior-infd.mendoza.edu.ar\/sitio\/wp-json\/wp\/v2\/pages\/15468\/page\/2\/\">Siguiente &rarr;<\/a><\/div>\n<h3><span style=\"color: #015763;\">Normativa de la Cabecera Jurisdiccional de Educacion a Distancia<\/span><\/h3>\n<div id=\"provincial\" class=\"collapse\">\n<p><a href=\"http:\/\/www.mendoza.edu.ar\/wp-content\/uploads\/2019\/07\/Res-1679-DGE-19-Cabecera-Jurisdiccional-de-Educaci\u00f3n-a-Distancia.pdf\" target=\"_blank\" rel=\"noopener\">Resoluci\u00f3n 1679-DGE-2019 <\/a>Creaci\u00f3n y puesta en funcionamiento de la Cabecera Jurisdiccional de Educaci\u00f3n a Distancia de la provincia de Mendoza.<\/p>\n<\/div>\n<p style=\"padding-left: 30px;\">Normativa de Secundario a Distancia &#8211; Mendoza<\/p>\n<p style=\"padding-left: 30px;\"><strong>Destinatarios<\/strong>: personas sin t\u00edtulo secundario con estudios incompletos, cursantes de carreras de instituciones de nivel superior de la provincia o aspirantes a continuar estudios superiores.<\/p>\n<p>\u00a0<a href=\"http:\/\/www.mendoza.edu.ar\/wp-content\/uploads\/2019\/08\/Res-2770-DGE-19-Secundario-con-opci\u00f3n-pedag\u00f3gica-a-distancia.pdf\" target=\"_blank\" rel=\"noopener\">Res. 2770-DGE-2019 <\/a><\/p>\n<p style=\"padding-left: 30px;\">Puesta en marcha del convenio e implementaci\u00f3n del Bachillerato a Distancia para cursantes o aspirantes a estudiar carreras del nivel superior provincial.<\/p>\n<p><a href=\"http:\/\/www.mendoza.edu.ar\/wp-content\/uploads\/2019\/08\/CIRCULAR-14-CGES-19-PAUTAS-BACHILLERATO-SECUNDARIO-A-DISTANCIA.pdf\" target=\"_blank\" rel=\"noopener\"> Circular 14-CGES-19 <\/a><\/p>\n<p style=\"padding-left: 30px;\">Pautas reguladoras del desarrollo de la propuesta curricular de Bachilleratos de Adultos EaD, en convenio interjurisdiccional Buenos Aires Mendoza, por Resoluci\u00f3n 2770-DGE.19<\/p>\n<p><a href=\"http:\/\/www.mendoza.edu.ar\/wp-content\/uploads\/2019\/08\/Res-3789-DGE-19-Secundario-a-Distancia-Designaci\u00f3n-C.E.N.S.-N\u00b0-3-492.pdf\" target=\"_blank\" rel=\"noopener\">\u00a0Res. 3789-DGE-2019 <\/a><\/p>\n<p style=\"padding-left: 30px;\">Designaci\u00f3n del CENS 3-492 como encargado de la emisi\u00f3n de t\u00edtulos y explicaci\u00f3n de procedimientos asociados.<\/p>\n<p><a href=\"http:\/\/www.mendoza.edu.ar\/wp-content\/uploads\/2019\/12\/Circular-23-CGES-19-EaD.pdf\" target=\"_blank\" rel=\"noopener\">Circular 23-CGES-19 <\/a><\/p>\n<p style=\"padding-left: 30px;\">Pautas de evaluaci\u00f3n de la propuesta educativa Secundaria EaD (Resoluci\u00f3n 2770-DGE-19 y Res. 3789-DGE-19)<\/p>\n<hr \/>\n<form action=\"http:\/\/www.mendoza.edu.ar\/ead-normativa\/\" target=\"_blank\"><input type=\"submit\" value=\"Toda la normativa de EaD\" \/><\/form>\n<hr \/>\n","protected":false},"excerpt":{"rendered":"<p>Normativa Nacional Normativa Provincial &nbsp; Normativa Provincial Actualizaci\u00f3n dise\u00f1os curriculares de profesorados \u00a0 Resoluciones vinculadas con el Nivel Superior provincial Normativa de la Cabecera Jurisdiccional de Educacion a Distancia Resoluci\u00f3n 1679-DGE-2019 Creaci\u00f3n y puesta en funcionamiento de la Cabecera Jurisdiccional de Educaci\u00f3n a Distancia de la provincia de Mendoza. Normativa de Secundario a Distancia &#8211; &#8230; <a title=\"Memorandum 16-CGES-2021\" class=\"read-more\" href=\"https:\/\/superior-infd.mendoza.edu.ar\/sitio\/memorandum-16-cges-2021-2\/\" aria-label=\"More on Memorandum 16-CGES-2021\">[+]<\/a><\/p>\n","protected":false},"author":1090,"featured_media":0,"parent":0,"menu_order":0,"comment_status":"closed","ping_status":"closed","template":"","meta":[],"acf":[],"_links":{"self":[{"href":"https:\/\/superior-infd.mendoza.edu.ar\/sitio\/wp-json\/wp\/v2\/pages\/15468"}],"collection":[{"href":"https:\/\/superior-infd.mendoza.edu.ar\/sitio\/wp-json\/wp\/v2\/pages"}],"about":[{"href":"https:\/\/superior-infd.mendoza.edu.ar\/sitio\/wp-json\/wp\/v2\/types\/page"}],"author":[{"embeddable":true,"href":"https:\/\/superior-infd.mendoza.edu.ar\/sitio\/wp-json\/wp\/v2\/users\/1090"}],"replies":[{"embeddable":true,"href":"https:\/\/superior-infd.mendoza.edu.ar\/sitio\/wp-json\/wp\/v2\/comments?post=15468"}],"version-history":[{"count":96,"href":"https:\/\/superior-infd.mendoza.edu.ar\/sitio\/wp-json\/wp\/v2\/pages\/15468\/revisions"}],"predecessor-version":[{"id":24723,"href":"https:\/\/superior-infd.mendoza.edu.ar\/sitio\/wp-json\/wp\/v2\/pages\/15468\/revisions\/24723"}],"wp:attachment":[{"href":"https:\/\/superior-infd.mendoza.edu.ar\/sitio\/wp-json\/wp\/v2\/media?parent=15468"}],"curies":[{"name":"wp","href":"https:\/\/api.w.org\/{rel}","templated":true}]}}