{"id":15141,"date":"2020-10-02T08:57:45","date_gmt":"2020-10-02T11:57:45","guid":{"rendered":"https:\/\/des-infd.mendoza.edu.ar\/sitio\/?page_id=15141"},"modified":"2020-11-18T17:52:41","modified_gmt":"2020-11-18T20:52:41","slug":"narrativas","status":"publish","type":"page","link":"https:\/\/superior-infd.mendoza.edu.ar\/sitio\/narrativas\/","title":{"rendered":"Narrativas"},"content":{"rendered":"<p><img decoding=\"async\" loading=\"lazy\" class=\"alignnone wp-image-15809 size-medium\" src=\"https:\/\/superior-infd.mendoza.edu.ar\/sitio\/wp-content\/uploads\/2020\/10\/NARRATIVAS-1000x274.png\" alt=\"\" width=\"1000\" height=\"274\" srcset=\"https:\/\/superior-infd.mendoza.edu.ar\/sitio\/wp-content\/uploads\/2020\/10\/NARRATIVAS-1000x274.png 1000w, https:\/\/superior-infd.mendoza.edu.ar\/sitio\/wp-content\/uploads\/2020\/10\/NARRATIVAS-768x211.png 768w, https:\/\/superior-infd.mendoza.edu.ar\/sitio\/wp-content\/uploads\/2020\/10\/NARRATIVAS.png 1101w\" sizes=\"(max-width: 1000px) 100vw, 1000px\" \/><br \/>\n<a style=\"float: left; margin: 2em 0 0; margin-top: 5px; margin-bottom: 5px; padding-left: 30px; width: 20%; height: 40px; background-color: #012832; text-align: left; border-radius: 2px; font-family: sans-serif; font-size: 14px; color: #fff; text-decoration: none; line-height: 40px;\" href=\"https:\/\/superior-infd.mendoza.edu.ar\/sitio\/observatorio-de-practicas-educativas\/\"> Observatorio de Pr\u00e1cticas Ed.<\/a><a style=\"float: left; margin: 2em 0 0; margin-top: 5px; margin-bottom: 5px; padding-left: 30px; width: 20%; height: 40px; background-color: #003b4a; text-align: left; border-radius: 2px; font-family: sans-serif; font-size: 14px; color: #fff; text-decoration: none; line-height: 40px;\" href=\"https:\/\/superior-infd.mendoza.edu.ar\/sitio\/practicas-pedagogicas-inspiradoras\/\"> Pr\u00e1cticas que inspiran<\/a><a style=\"float: left; margin: 2em 0 0; margin-top: 5px; margin-bottom: 5px; padding-left: 30px; width: 20%; height: 40px; background-color: #025064; text-align: left; border-radius: 2px; font-family: sans-serif; font-size: 14px; color: #fff; text-decoration: none; line-height: 40px;\" href=\"https:\/\/superior-infd.mendoza.edu.ar\/sitio\/narrativas\/\"> Narrativas<\/a><a style=\"float: left; margin: 2em 0 0; margin-top: 5px; margin-bottom: 5px; padding-left: 30px; width: 20%; height: 40px; background-color: #01a2cb; text-align: left; border-radius: 2px; font-family: sans-serif; font-size: 14px; color: #fff; text-decoration: none; line-height: 40px;\" href=\"https:\/\/superior-infd.mendoza.edu.ar\/sitio\/webinar\/2\"> Webinar<\/a><\/p>\n<div><\/div>\n<hr \/>\n<blockquote>\n<div><span style=\"color: #015763;\"><em>La Coordinaci\u00f3n General de Educaci\u00f3n Superior pone en valor estas narrativas pedag\u00f3gicas que buscan rescatar las experiencias exitosas y pedag\u00f3gicas de algunos docentes e instituciones para mejorar los saberes de sus alumnos.<\/em><\/span><\/div>\n<\/blockquote>\n<figure class=\"wp-block-pullquote\"><span style=\"color: #015763;\"><em>\u00a0<\/em><\/span><\/figure>\n<p>La documentaci\u00f3n narrativa sobre el mundo y pr\u00e1cticas escolares es una modalidad de indagaci\u00f3n\u00a0y acci\u00f3n pedag\u00f3gicas orientada a reconstruir, tornar p\u00fablicamente disponibles e interpretar los sentidos y significaciones que los docentes producen y ponen en juego cuando escriben, leen, reflexionan y conversan entre colegas acerca de sus propias experiencias educativas.<\/p>\n<p>Esta narrativa es parte de un proyecto de la Direcci\u00f3n General de Escuelas cuyo objetivo es destacar experiencias pedag\u00f3gicas innovadoras y felicitar p\u00fablicamente a sus actores. Por otra parte, la Direcci\u00f3n procura promover la generaci\u00f3n de conocimiento a partir de la pr\u00e1ctica docente cotidiana,<br \/>\nparticularmente, en un estado de excepci\u00f3n como el derivado del Aislamiento Social Preventivo y Obligatorio.<\/p>\n<h3><span style=\"color: #015763;\"><strong>\u00bfCu\u00e1l es la importancia de documentar y relatar la experiencia?<\/strong><\/span><\/h3>\n<p>Los docentes no est\u00e1n habituados a documentar ni a relatar aquello que han llevado a cabo durante el a\u00f1o escolar y mucho menos en este contexto particular que atravesamos a nivel mundial.<\/p>\n<p>\u00c9stas no son actividades obligatorias; sin embargo, existen motivos convincentes por los que se debe comenzar a hacer.<\/p>\n<p>En primer lugar, el relato de experiencias exitosas es importante para el docente mismo, porque permite que se conozca y se reconozca la puesta en marcha de sus ideas y de los resultados obtenidos. Adem\u00e1s es importante para los estudiantes involucrados, porque implica darles el protagonismo merecido por haber participado.<\/p>\n<p>Tambi\u00e9n es importante para la instituci\u00f3n educativa, que podr\u00e1 contar con producci\u00f3n te\u00f3rica propia para retroalimentar las pr\u00e1cticas a partir de la construcci\u00f3n de soportes institucionales y de estrategias metodol\u00f3gicas para mejorar los resultados de la educaci\u00f3n. Al mismo tiempo es importante para otros docentes y otras instituciones educativas, ya que el rescate de saberes, relatos y experiencias pedag\u00f3gicas recreados por los docentes, correctamente sistematizados, comunicados y debatidos permite socializar propuestas y resultados generando un efecto multiplicador imprescindible en la progresi\u00f3n educativa.<\/p>\n<p>Este es un modo de rescatar la profesionalizaci\u00f3n docente permitiendo que nuevos documentos y discursos pedag\u00f3gicos encuentren los canales y oportunidades para tornarse p\u00fablicos y disputar espacios en la deliberaci\u00f3n pol\u00edtica de la educaci\u00f3n.<\/p>\n<h3><span style=\"color: #015763;\"><strong>\u00bfEn qu\u00e9 consiste el relato de una experiencia?<\/strong><\/span><\/h3>\n<p>La escritura narrativa de experiencias pedag\u00f3gicas es un dispositivo de formaci\u00f3n de desarrollo profesional, de investigaci\u00f3n y de reflexi\u00f3n que brinda herramientas te\u00f3rico-metodol\u00f3gicas y favorece el trabajo colaborativo y horizontal para documentar las pr\u00e1cticas pedag\u00f3gicas de docentes, directivos y supervisores de todos los niveles del sistema educativo.<\/p>\n<p>El dise\u00f1o del dispositivo de trabajo se inspira en principios y criterios te\u00f3ricos y metodol\u00f3gicos de la investigaci\u00f3n interpretativa, del enfoque etnogr\u00e1fico y de la investigaci\u00f3n acci\u00f3n, brindando la posibilidad de volver reflexivamente sobre lo hecho, usando la escritura como una v\u00eda para la cr\u00edtica y transformaci\u00f3n de la propia pr\u00e1ctica. Es por ello que la documentaci\u00f3n narrativa no s\u00f3lo pretende ser una propuesta participativa de indagaci\u00f3n pedag\u00f3gica, sino tambi\u00e9n un programa para el desarrollo profesional y pedag\u00f3gico entre docentes a trav\u00e9s de experiencias de formaci\u00f3n horizontal (Suarez, D.:3003) El relato se debe completar con los documentos generados a lo largo de la experiencia, como son la bibliograf\u00eda utilizada, los materiales empleados y los creados, as\u00ed como im\u00e1genes (filmaciones, fotograf\u00edas) del proceso. \u00c9sta y otra documentaci\u00f3n, como puede ser la presentaci\u00f3n del proyecto, los borradores, las modificaciones realizadas en ella, el informe final, etc., son la base, los pilares sobre los que se construye el relato de la experiencia.<\/p>\n<div class=\"col-md-7\">\n<article id=\"post-115090\" class=\"post-115090 post type-post status-publish format-standard has-post-thumbnail hentry category-ultimas-noticias category-noticias-educacion-superior\">\n<div class=\"entry-content\">\n<h2><span style=\"color: #015763;\">Narrativas<\/span><\/h2>\n<\/div>\n<\/article>\n<\/div>\n<div  class=\"lgc-column lgc-grid-parent lgc-grid-50 lgc-tablet-grid-50 lgc-mobile-grid-100 lgc-equal-heights \"><div  class=\"inside-grid-column\">\n<figure class=\"wp-block-media-text__media\"><img decoding=\"async\" loading=\"lazy\" class=\"wp-image-115138 aligncenter\" src=\"http:\/\/www.mendoza.edu.ar\/wp-content\/uploads\/2020\/09\/narrativa-cielo.png\" alt=\"\" width=\"382\" height=\"195\" \/><\/figure>\n<p><a href=\"http:\/\/www.mendoza.edu.ar\/wp-content\/uploads\/2020\/09\/NARRATIVA-Cielo-Vanella.pdf\" target=\"_blank\" rel=\"noreferrer noopener\">El CENS que pas\u00f3 la ruta 7. Por Mar\u00eda Amelia Vanella<\/a><\/p>\n<p><\/p><\/div><\/div><div  class=\"lgc-column lgc-grid-parent lgc-grid-50 lgc-tablet-grid-50 lgc-mobile-grid-100 lgc-equal-heights \"><div  class=\"inside-grid-column\">\n<p><a href=\"http:\/\/www.mendoza.edu.ar\/wp-content\/uploads\/2020\/09\/NARRATIVA-Alicia-Boggia.pdf\" target=\"_blank\" rel=\"noreferrer noopener\"><img decoding=\"async\" loading=\"lazy\" class=\"size-full wp-image-15361 aligncenter\" src=\"https:\/\/superior-infd.mendoza.edu.ar\/sitio\/wp-content\/uploads\/2020\/10\/narrativa-boggia.png\" alt=\"\" width=\"386\" height=\"201\" \/>Buenas pr\u00e1cticas en Educaci\u00f3n Especial: una invitaci\u00f3n al desaf\u00edo de superar barreras. Por Alicia Boggia<\/a><\/p>\n<p><\/p><\/div><\/div><div class=\"lgc-clear\"><\/div>\n<div class=\"col-md-7\">\n<article id=\"post-115090\" class=\"post-115090 post type-post status-publish format-standard has-post-thumbnail hentry category-ultimas-noticias category-noticias-educacion-superior\">\n<div class=\"entry-content\">\n<div class=\"wp-block-media-text alignwide is-stacked-on-mobile\">\n<div class=\"wp-block-media-text__content\">\n<div  class=\"lgc-column lgc-grid-parent lgc-grid-50 lgc-tablet-grid-50 lgc-mobile-grid-100 lgc-equal-heights \"><div  class=\"inside-grid-column\"><img decoding=\"async\" loading=\"lazy\" class=\"wp-image-115139 aligncenter\" src=\"http:\/\/www.mendoza.edu.ar\/wp-content\/uploads\/2020\/09\/narrativa-diana.png\" alt=\"\" width=\"380\" height=\"195\" \/><a href=\"http:\/\/www.mendoza.edu.ar\/wp-content\/uploads\/2020\/09\/NARRATIVA-Diana-Fiore.pdf\" target=\"_blank\" rel=\"noreferrer noopener\">Ponerse en el lugar del otro: la docencia en teatro como una herramienta de integraci\u00f3n. Por por Diana Fiore.<\/a> <\/div><\/div>\n<\/div>\n<\/div>\n<div class=\"wp-block-media-text alignwide is-stacked-on-mobile\">\n<div class=\"wp-block-media-text__content\">\n<div  class=\"lgc-column lgc-grid-parent lgc-grid-50 lgc-tablet-grid-50 lgc-mobile-grid-100 lgc-equal-heights \"><div  class=\"inside-grid-column\"><img decoding=\"async\" loading=\"lazy\" class=\"wp-image-115140 aligncenter\" src=\"http:\/\/www.mendoza.edu.ar\/wp-content\/uploads\/2020\/09\/narrativa-scaffido.png\" alt=\"\" width=\"378\" height=\"196\" \/>\n<p><a href=\"http:\/\/www.mendoza.edu.ar\/wp-content\/uploads\/2020\/09\/NARRATIVA-Gustavo-Scaffido.pdf\" target=\"_blank\" rel=\"noreferrer noopener\">Te cuento: una experiencia pedag\u00f3gica alentadora. Por Gustavo Scaffido<\/a><\/p><\/div><\/div><div  class=\"lgc-column lgc-grid-parent lgc-grid-50 lgc-tablet-grid-50 lgc-mobile-grid-100 lgc-equal-heights \"><div  class=\"inside-grid-column\"><img decoding=\"async\" loading=\"lazy\" class=\"wp-image-115141 aligncenter\" src=\"http:\/\/www.mendoza.edu.ar\/wp-content\/uploads\/2020\/09\/narrativa-vilchez.png\" alt=\"\" width=\"377\" height=\"198\" \/>\n<p><a href=\"http:\/\/www.mendoza.edu.ar\/wp-content\/uploads\/2020\/09\/NARRATIVA-Emmanuel-Vilchez-1.pdf\" target=\"_blank\" rel=\"noreferrer noopener\">Noti Ranco: un proyecto hecho por y para la comunidad. Por Emmanuel Vilchez<\/a><\/p><\/div><\/div>\n<div  class=\"lgc-column lgc-grid-parent lgc-grid-50 lgc-tablet-grid-50 lgc-mobile-grid-100 lgc-equal-heights \"><div  class=\"inside-grid-column\"><img decoding=\"async\" loading=\"lazy\" class=\"wp-image-115136 aligncenter\" src=\"http:\/\/www.mendoza.edu.ar\/wp-content\/uploads\/2020\/09\/narrativa-bassi.png\" alt=\"\" width=\"380\" height=\"198\" \/>\n<p><a href=\"http:\/\/www.mendoza.edu.ar\/wp-content\/uploads\/2020\/09\/NARRATIVA-Javier-Bassi.pdf\" target=\"_blank\" rel=\"noreferrer noopener\">Trayectorias estudiantiles: garantizando la igualdad de oportunidades. Por Javier Bassi.<\/a><\/p>\n<p><\/p><\/div><\/div><div class=\"lgc-clear\"><\/div>\n<div  class=\"lgc-column lgc-grid-parent lgc-grid-50 lgc-tablet-grid-50 lgc-mobile-grid-100 lgc-equal-heights \"><div  class=\"inside-grid-column\">\n<p><img decoding=\"async\" loading=\"lazy\" class=\"size-full wp-image-16264 aligncenter\" src=\"https:\/\/superior-infd.mendoza.edu.ar\/sitio\/wp-content\/uploads\/2020\/11\/narrativa-bassi2.png\" alt=\"\" width=\"380\" height=\"200\" \/><\/p>\n<p style=\"text-align: left;\"><a href=\"https:\/\/superior-infd.mendoza.edu.ar\/sitio\/wp-content\/uploads\/2020\/11\/NARRATIVA-Javier-Bassi-2.pdf\" target=\"_blank\" rel=\"noreferrer noopener\">Un jard\u00edn maternal que garantiza derechos y crea oportunidades en la distancia. Por Javier Bassi<\/a><\/p>\n<p><\/p><\/div><\/div><div class=\"lgc-clear\"><\/div>\n<\/div>\n<\/div>\n<div class=\"wp-block-media-text alignwide is-stacked-on-mobile\">\n<figure class=\"wp-block-media-text__media\"><\/figure>\n<div class=\"wp-block-media-text__content\">\n<p>&nbsp;<\/p>\n<\/div>\n<\/div>\n<div class=\"wp-block-media-text alignwide has-media-on-the-right is-stacked-on-mobile\">\n<div class=\"wp-block-media-text__content\">\n<p>&nbsp;<\/p>\n<\/div>\n<\/div>\n<hr class=\"wp-block-separator\" \/>\n<p><iframe loading=\"lazy\" src=\"https:\/\/www.youtube.com\/embed\/ZJfyE913Obc\" width=\"560\" height=\"315\" frameborder=\"0\" allowfullscreen=\"allowfullscreen\"><\/iframe><\/p>\n<hr class=\"wp-block-separator\" \/>\n<h3>Materiales que acompa\u00f1an las narrativas<\/h3>\n<div class=\"wp-block-file\"><a href=\"http:\/\/www.mendoza.edu.ar\/wp-content\/uploads\/2020\/09\/PROYECTO-ACOMPANAMIENTO-A-LAS-TRAYE-CTORIAS-ESTUDIANTILES-SI?NTESIS-ies-9029.pdf\">Proyecto acompa\u00f1amiento a las trayectorias estudiantiles \u2013 IES 9-029<\/a><a class=\"wp-block-file__button\" href=\"http:\/\/www.mendoza.edu.ar\/wp-content\/uploads\/2020\/09\/PROYECTO-ACOMPANAMIENTO-A-LAS-TRAYE-CTORIAS-ESTUDIANTILES-SI?NTESIS-ies-9029.pdf\" download=\"\">Descarga<\/a><\/div>\n<div class=\"wp-block-file\"><a href=\"http:\/\/www.mendoza.edu.ar\/wp-content\/uploads\/2020\/09\/ANEXO-FOTOS-NARRATIVA-PEDAGOGICA-PROF.-MARI?A-VIRGINIA-BERNARD.pdf\">Anexo fotos \u2013 Narrativa pedag\u00f3gica. Prof. Mar\u00eda Virginia Bernard <\/a><a class=\"wp-block-file__button\" href=\"http:\/\/www.mendoza.edu.ar\/wp-content\/uploads\/2020\/09\/ANEXO-FOTOS-NARRATIVA-PEDAGOGICA-PROF.-MARI?A-VIRGINIA-BERNARD.pdf\" download=\"\">Descarga<\/a><\/div>\n<\/div>\n<\/article>\n<\/div>\n","protected":false},"excerpt":{"rendered":"<p>Observatorio de Pr\u00e1cticas Ed. Pr\u00e1cticas que inspiran Narrativas Webinar La Coordinaci\u00f3n General de Educaci\u00f3n Superior pone en valor estas narrativas pedag\u00f3gicas que buscan rescatar las experiencias exitosas y pedag\u00f3gicas de algunos docentes e instituciones para mejorar los saberes de sus alumnos. \u00a0 La documentaci\u00f3n narrativa sobre el mundo y pr\u00e1cticas escolares es una modalidad de &#8230; <a title=\"Narrativas\" class=\"read-more\" href=\"https:\/\/superior-infd.mendoza.edu.ar\/sitio\/narrativas\/\" aria-label=\"More on Narrativas\">[+]<\/a><\/p>\n","protected":false},"author":1090,"featured_media":0,"parent":0,"menu_order":0,"comment_status":"closed","ping_status":"closed","template":"","meta":[],"acf":[],"_links":{"self":[{"href":"https:\/\/superior-infd.mendoza.edu.ar\/sitio\/wp-json\/wp\/v2\/pages\/15141"}],"collection":[{"href":"https:\/\/superior-infd.mendoza.edu.ar\/sitio\/wp-json\/wp\/v2\/pages"}],"about":[{"href":"https:\/\/superior-infd.mendoza.edu.ar\/sitio\/wp-json\/wp\/v2\/types\/page"}],"author":[{"embeddable":true,"href":"https:\/\/superior-infd.mendoza.edu.ar\/sitio\/wp-json\/wp\/v2\/users\/1090"}],"replies":[{"embeddable":true,"href":"https:\/\/superior-infd.mendoza.edu.ar\/sitio\/wp-json\/wp\/v2\/comments?post=15141"}],"version-history":[{"count":38,"href":"https:\/\/superior-infd.mendoza.edu.ar\/sitio\/wp-json\/wp\/v2\/pages\/15141\/revisions"}],"predecessor-version":[{"id":16270,"href":"https:\/\/superior-infd.mendoza.edu.ar\/sitio\/wp-json\/wp\/v2\/pages\/15141\/revisions\/16270"}],"wp:attachment":[{"href":"https:\/\/superior-infd.mendoza.edu.ar\/sitio\/wp-json\/wp\/v2\/media?parent=15141"}],"curies":[{"name":"wp","href":"https:\/\/api.w.org\/{rel}","templated":true}]}}