{"id":15126,"date":"2020-10-02T08:42:57","date_gmt":"2020-10-02T11:42:57","guid":{"rendered":"https:\/\/des-infd.mendoza.edu.ar\/sitio\/?page_id=15126"},"modified":"2022-05-10T12:17:38","modified_gmt":"2022-05-10T15:17:38","slug":"repositorio","status":"publish","type":"page","link":"https:\/\/superior-infd.mendoza.edu.ar\/sitio\/repositorio\/","title":{"rendered":"Banco de Recursos"},"content":{"rendered":"<p><img decoding=\"async\" loading=\"lazy\" class=\"alignnone size-medium wp-image-15127\" src=\"https:\/\/superior-infd.mendoza.edu.ar\/sitio\/wp-content\/uploads\/2020\/10\/banner-normativa-1-1000x273.jpg\" alt=\"\" width=\"1000\" height=\"273\" srcset=\"https:\/\/superior-infd.mendoza.edu.ar\/sitio\/wp-content\/uploads\/2020\/10\/banner-normativa-1-1000x273.jpg 1000w, https:\/\/superior-infd.mendoza.edu.ar\/sitio\/wp-content\/uploads\/2020\/10\/banner-normativa-1-768x209.jpg 768w, https:\/\/superior-infd.mendoza.edu.ar\/sitio\/wp-content\/uploads\/2020\/10\/banner-normativa-1.jpg 1100w\" sizes=\"(max-width: 1000px) 100vw, 1000px\" \/><\/p>\n<p><a style=\"float: left; margin: 2em 0 0; margin-top: 5px; margin-bottom: 5px; padding-left: 35px; width: 45%; height: 40px; background-color: #025064; text-align: center; border-radius: 2px; font-family: sans-serif; font-size: 18px; color: #fff; text-decoration: none; line-height: 40px;\" href=\"https:\/\/superior-infd.mendoza.edu.ar\/sitio\/normativa-nacional\/\"> Normativa Nacional<\/a><a style=\"float: left; margin: 2em 0 0; margin-top: 5px; margin-bottom: 5px; padding-left: 35px; width: 45%; height: 40px; background-color: #01a2cb; text-align: center; border-radius: 2px; font-family: sans-serif; font-size: 18px; color: #fff; text-decoration: none; line-height: 40px;\" href=\"https:\/\/superior-infd.mendoza.edu.ar\/sitio\/normativa-provincial\/\"> Normativa Provincial<\/a><\/p>\n<h5><em>NORMATIVA\u00a0 PROVINCIAL<\/em><\/h5>\n<style>.wp-show-posts-columns#wpsp-18289 {margin-left: -2em; }.wp-show-posts-columns#wpsp-18289 .wp-show-posts-inner {margin: 0 0 2em 2em; }<\/style><section id=\"wpsp-18289\" class=\" wp-show-posts-columns wp-show-posts\" style=\"\"><article class=\" wp-show-posts-single post-23823 post type-post status-publish format-standard has-post-thumbnail hentry category-normativa-provincial category-noticias category-noticias-de-la-cges category-titularizacion wpsp-col-3\" itemtype=\"http:\/\/schema.org\/CreativeWork\" itemscope><div class=\"wp-show-posts-inner\" style=\"\">\t\t\t\t\t\t<header class=\"wp-show-posts-entry-header\">\n\t\t\t\t\t\t\t<p class=\"wp-show-posts-entry-title\" itemprop=\"headline\"><a href=\"https:\/\/superior-infd.mendoza.edu.ar\/sitio\/procedimiento-para-el-ofrecimiento-de-horas-catedras\/\" rel=\"bookmark\">Procedimiento para el ofrecimiento de horas c\u00e1tedras<\/a><\/p>\t\t\t\t\t\t<\/header><!-- .entry-header -->\n\t\t\t\t\t<\/div><!-- wp-show-posts-inner --><\/article><article class=\" wp-show-posts-single post-23738 post type-post status-publish format-standard has-post-thumbnail hentry category-normativa-provincial wpsp-col-3\" itemtype=\"http:\/\/schema.org\/CreativeWork\" itemscope><div class=\"wp-show-posts-inner\" style=\"\">\t\t\t\t\t\t<header class=\"wp-show-posts-entry-header\">\n\t\t\t\t\t\t\t<p class=\"wp-show-posts-entry-title\" itemprop=\"headline\"><a href=\"https:\/\/superior-infd.mendoza.edu.ar\/sitio\/modificacion-del-regimen-academico-marco-de-los-institutos-de-educacion-superior\/\" rel=\"bookmark\">Modificaci\u00f3n del R\u00e9gimen Acad\u00e9mico Marco de los Institutos de Educaci\u00f3n Superior<\/a><\/p>\t\t\t\t\t\t<\/header><!-- .entry-header -->\n\t\t\t\t\t<\/div><!-- wp-show-posts-inner --><\/article><article class=\" wp-show-posts-single post-21694 post type-post status-publish format-standard has-post-thumbnail hentry category-normativa-de-titularizacion category-normativa-provincial category-noticias category-titularizacion wpsp-col-3\" itemtype=\"http:\/\/schema.org\/CreativeWork\" itemscope><div class=\"wp-show-posts-inner\" style=\"\">\t\t\t\t\t\t<header class=\"wp-show-posts-entry-header\">\n\t\t\t\t\t\t\t<p class=\"wp-show-posts-entry-title\" itemprop=\"headline\"><a href=\"https:\/\/superior-infd.mendoza.edu.ar\/sitio\/circular-3-cges-2023\/\" rel=\"bookmark\">Circular 3-CGES-2023<\/a><\/p>\t\t\t\t\t\t<\/header><!-- .entry-header -->\n\t\t\t\t\t<\/div><!-- wp-show-posts-inner --><\/article><article class=\" wp-show-posts-single post-21683 post type-post status-publish format-standard has-post-thumbnail hentry category-normativa-de-titularizacion category-normativa-provincial category-titularizacion wpsp-col-3\" itemtype=\"http:\/\/schema.org\/CreativeWork\" itemscope><div class=\"wp-show-posts-inner\" style=\"\">\t\t\t\t\t\t<header class=\"wp-show-posts-entry-header\">\n\t\t\t\t\t\t\t<p class=\"wp-show-posts-entry-title\" itemprop=\"headline\"><a href=\"https:\/\/superior-infd.mendoza.edu.ar\/sitio\/resolucion-n-171-cges-2023\/\" rel=\"bookmark\">Resoluci\u00f3n N\u00b0 171- CGES- 2023<\/a><\/p>\t\t\t\t\t\t<\/header><!-- .entry-header -->\n\t\t\t\t\t<\/div><!-- wp-show-posts-inner --><\/article><div class=\"wpsp-clear\"><\/div><\/section><!-- .wp-show-posts -->\n<h5><em><a href=\"https:\/\/superior-infd.mendoza.edu.ar\/sitio\/normativa-provincial\/\"><strong><img decoding=\"async\" loading=\"lazy\" class=\"alignnone wp-image-6736\" src=\"https:\/\/superior-infd.mendoza.edu.ar\/sitio\/wp-content\/uploads\/2018\/08\/flechita_grande.png\" alt=\"\" width=\"31\" height=\"31\" \/>Toda la normativa provincial vinculada al nivel<\/strong><\/a><br \/><\/em><\/h5>\n<hr \/>\n<h5>NORMATIVA\u00a0 NACIONAL<\/h5>\n<style>.wp-show-posts-columns#wpsp-18290 {margin-left: -2em; }.wp-show-posts-columns#wpsp-18290 .wp-show-posts-inner {margin: 0 0 2em 2em; }<\/style><section id=\"wpsp-18290\" class=\" wp-show-posts-columns wp-show-posts\" style=\"\"><article class=\" wp-show-posts-single post-23550 post type-post status-publish format-standard has-post-thumbnail hentry category-normativa-nacional category-noticias category-noticias-de-ies category-noticias-de-la-cges wpsp-col-3\" itemtype=\"http:\/\/schema.org\/CreativeWork\" itemscope><div class=\"wp-show-posts-inner\" style=\"\">\t\t\t\t\t\t<header class=\"wp-show-posts-entry-header\">\n\t\t\t\t\t\t\t<p class=\"wp-show-posts-entry-title\" itemprop=\"headline\"><a href=\"https:\/\/superior-infd.mendoza.edu.ar\/sitio\/educacion-superior-entrego-1-623-mochilas-tecnicas-a-estudiantes-de-enfermeria\/\" rel=\"bookmark\">Educaci\u00f3n Superior entreg\u00f3 1.623 mochilas t\u00e9cnicas a estudiantes de Enfermer\u00eda<\/a><\/p>\t\t\t\t\t\t<\/header><!-- .entry-header -->\n\t\t\t\t\t<\/div><!-- wp-show-posts-inner --><\/article><article class=\" wp-show-posts-single post-16446 post type-post status-publish format-standard hentry category-normativa-nacional wpsp-col-3\" itemtype=\"http:\/\/schema.org\/CreativeWork\" itemscope><div class=\"wp-show-posts-inner\" style=\"\">\t\t\t\t\t\t<header class=\"wp-show-posts-entry-header\">\n\t\t\t\t\t\t\t<p class=\"wp-show-posts-entry-title\" itemprop=\"headline\"><a href=\"https:\/\/superior-infd.mendoza.edu.ar\/sitio\/res-387-cfe-2021-apertura-de-las-escuelas\/\" rel=\"bookmark\">Res. 387-CFE-2021- Apertura de las escuelas<\/a><\/p>\t\t\t\t\t\t<\/header><!-- .entry-header -->\n\t\t\t\t\t<\/div><!-- wp-show-posts-inner --><\/article><article class=\" wp-show-posts-single post-16432 post type-post status-publish format-standard hentry category-normativa-nacional wpsp-col-3\" itemtype=\"http:\/\/schema.org\/CreativeWork\" itemscope><div class=\"wp-show-posts-inner\" style=\"\">\t\t\t\t\t\t<header class=\"wp-show-posts-entry-header\">\n\t\t\t\t\t\t\t<p class=\"wp-show-posts-entry-title\" itemprop=\"headline\"><a href=\"https:\/\/superior-infd.mendoza.edu.ar\/sitio\/res-371-cfe-2020-anexo-i\/\" rel=\"bookmark\">Res. 371-CFE-2020 (Anexo I)<\/a><\/p>\t\t\t\t\t\t<\/header><!-- .entry-header -->\n\t\t\t\t\t<\/div><!-- wp-show-posts-inner --><\/article><article class=\" wp-show-posts-single post-16425 post type-post status-publish format-standard hentry category-normativa-nacional wpsp-col-3\" itemtype=\"http:\/\/schema.org\/CreativeWork\" itemscope><div class=\"wp-show-posts-inner\" style=\"\">\t\t\t\t\t\t<header class=\"wp-show-posts-entry-header\">\n\t\t\t\t\t\t\t<p class=\"wp-show-posts-entry-title\" itemprop=\"headline\"><a href=\"https:\/\/superior-infd.mendoza.edu.ar\/sitio\/res-372-cfe-2020\/\" rel=\"bookmark\">Res.372-CFE-2020 (Anexo I)<\/a><\/p>\t\t\t\t\t\t<\/header><!-- .entry-header -->\n\t\t\t\t\t<\/div><!-- wp-show-posts-inner --><\/article><div class=\"wpsp-clear\"><\/div><\/section><!-- .wp-show-posts -->\n<h5><em><a href=\"https:\/\/superior-infd.mendoza.edu.ar\/sitio\/normativa-nacional\/\"><strong><img decoding=\"async\" loading=\"lazy\" class=\"alignnone  wp-image-6736\" src=\"https:\/\/superior-infd.mendoza.edu.ar\/sitio\/wp-content\/uploads\/2018\/08\/flechita_grande.png\" alt=\"\" width=\"31\" height=\"31\" \/>Toda la normativa nacional vinculada al nivel<\/strong><\/a><\/em><\/h5>\n<hr \/>\n","protected":false},"excerpt":{"rendered":"<p>Normativa Nacional Normativa Provincial NORMATIVA\u00a0 PROVINCIAL Toda la normativa provincial vinculada al nivel NORMATIVA\u00a0 NACIONAL Toda la normativa nacional vinculada al nivel<\/p>\n","protected":false},"author":1090,"featured_media":14967,"parent":0,"menu_order":0,"comment_status":"closed","ping_status":"closed","template":"","meta":[],"acf":[],"_links":{"self":[{"href":"https:\/\/superior-infd.mendoza.edu.ar\/sitio\/wp-json\/wp\/v2\/pages\/15126"}],"collection":[{"href":"https:\/\/superior-infd.mendoza.edu.ar\/sitio\/wp-json\/wp\/v2\/pages"}],"about":[{"href":"https:\/\/superior-infd.mendoza.edu.ar\/sitio\/wp-json\/wp\/v2\/types\/page"}],"author":[{"embeddable":true,"href":"https:\/\/superior-infd.mendoza.edu.ar\/sitio\/wp-json\/wp\/v2\/users\/1090"}],"replies":[{"embeddable":true,"href":"https:\/\/superior-infd.mendoza.edu.ar\/sitio\/wp-json\/wp\/v2\/comments?post=15126"}],"version-history":[{"count":103,"href":"https:\/\/superior-infd.mendoza.edu.ar\/sitio\/wp-json\/wp\/v2\/pages\/15126\/revisions"}],"predecessor-version":[{"id":18358,"href":"https:\/\/superior-infd.mendoza.edu.ar\/sitio\/wp-json\/wp\/v2\/pages\/15126\/revisions\/18358"}],"wp:featuredmedia":[{"embeddable":true,"href":"https:\/\/superior-infd.mendoza.edu.ar\/sitio\/wp-json\/wp\/v2\/media\/14967"}],"wp:attachment":[{"href":"https:\/\/superior-infd.mendoza.edu.ar\/sitio\/wp-json\/wp\/v2\/media?parent=15126"}],"curies":[{"name":"wp","href":"https:\/\/api.w.org\/{rel}","templated":true}]}}