{"id":15119,"date":"2020-10-02T08:33:21","date_gmt":"2020-10-02T11:33:21","guid":{"rendered":"https:\/\/des-infd.mendoza.edu.ar\/sitio\/?page_id=15119"},"modified":"2024-10-24T21:59:25","modified_gmt":"2024-10-25T00:59:25","slug":"educaccion","status":"publish","type":"page","link":"https:\/\/superior-infd.mendoza.edu.ar\/sitio\/educaccion\/","title":{"rendered":"Educacci\u00f3n"},"content":{"rendered":"<p><a href=\"https:\/\/superior-infd.mendoza.edu.ar\/sitio\/educaccion\/\"><img decoding=\"async\" loading=\"lazy\" class=\"size-medium wp-image-19777 aligncenter\" src=\"https:\/\/superior-infd.mendoza.edu.ar\/sitio\/wp-content\/uploads\/2023\/02\/PORTADA-04-1000x275.png\" alt=\"\" width=\"1000\" height=\"275\" srcset=\"https:\/\/superior-infd.mendoza.edu.ar\/sitio\/wp-content\/uploads\/2023\/02\/PORTADA-04-1000x275.png 1000w, https:\/\/superior-infd.mendoza.edu.ar\/sitio\/wp-content\/uploads\/2023\/02\/PORTADA-04-1900x523.png 1900w, https:\/\/superior-infd.mendoza.edu.ar\/sitio\/wp-content\/uploads\/2023\/02\/PORTADA-04-768x211.png 768w, https:\/\/superior-infd.mendoza.edu.ar\/sitio\/wp-content\/uploads\/2023\/02\/PORTADA-04-1536x423.png 1536w, https:\/\/superior-infd.mendoza.edu.ar\/sitio\/wp-content\/uploads\/2023\/02\/PORTADA-04-2048x563.png 2048w\" sizes=\"(max-width: 1000px) 100vw, 1000px\" \/><\/a><\/p>\n<p><a href=\"https:\/\/superior-infd.mendoza.edu.ar\/sitio\/como-publicar-en-educaccion\/\"><img decoding=\"async\" loading=\"lazy\" class=\"alignnone wp-image-18537\" src=\"https:\/\/superior-infd.mendoza.edu.ar\/sitio\/wp-content\/uploads\/2022\/05\/como-publicar.png\" alt=\"\" width=\"120\" height=\"24\" \/><\/a><a href=\"https:\/\/superior-infd.mendoza.edu.ar\/sitio\/wp-content\/uploads\/2020\/10\/Educaccio%CC%81n-Plantilla-para-trabajos-2020.docx\"><img decoding=\"async\" loading=\"lazy\" class=\"alignnone wp-image-18540\" src=\"https:\/\/superior-infd.mendoza.edu.ar\/sitio\/wp-content\/uploads\/2022\/05\/plantilla.png\" alt=\"\" width=\"120\" height=\"24\" \/><\/a><a href=\"https:\/\/superior-infd.mendoza.edu.ar\/sitio\/evaluacion-educaccion\/\"><img decoding=\"async\" loading=\"lazy\" class=\"alignnone wp-image-18539\" src=\"https:\/\/superior-infd.mendoza.edu.ar\/sitio\/wp-content\/uploads\/2022\/05\/evaluacion.png\" alt=\"\" width=\"120\" height=\"24\" \/><\/a><img decoding=\"async\" loading=\"lazy\" class=\"alignnone wp-image-18538\" src=\"https:\/\/superior-infd.mendoza.edu.ar\/sitio\/wp-content\/uploads\/2022\/05\/criterios-eticos.png\" alt=\"\" width=\"120\" height=\"24\" \/><a href=\"https:\/\/superior-infd.mendoza.edu.ar\/sitio\/publicaciones-educaccion\/\"><img decoding=\"async\" loading=\"lazy\" class=\"alignnone wp-image-18541\" src=\"https:\/\/superior-infd.mendoza.edu.ar\/sitio\/wp-content\/uploads\/2022\/05\/publicaciones.png\" alt=\"\" width=\"120\" height=\"24\" \/><\/a><a href=\"https:\/\/superior-infd.mendoza.edu.ar\/sitio\/revistas-ies\"><img decoding=\"async\" loading=\"lazy\" class=\"alignnone wp-image-18542\" src=\"https:\/\/superior-infd.mendoza.edu.ar\/sitio\/wp-content\/uploads\/2022\/05\/revistas-ies.png\" alt=\"\" width=\"120\" height=\"24\" \/><\/a><\/p>\n<p>&nbsp;<\/p>\n<p><strong><em>Educacci\u00f3n<\/em> <\/strong>es una revista de acceso abierto gestionada por la Direcci\u00f3n de Educaci\u00f3n Superior, dependiente de la Direcci\u00f3n General de Escuelas de la provincia de Mendoza (Argentina). El objetivo de <strong><em>Educacci\u00f3n <\/em><\/strong>es visibilizar y socializar el conocimiento producido por los institutos de educaci\u00f3n superior (IES) de la provincia de Mendoza pero acepta trabajos de investigadores\/as de otras instituciones nacionales o extranjeras. <strong><em>Educacci\u00f3n<\/em><\/strong> publica reportes de investigaci\u00f3n emp\u00edrica, informes institucionales, posters, entrevistas a actores clave del campo educativo, narrativas pedag\u00f3gicas y rese\u00f1as de libros que aborden temas educativos. <strong><em>Educacci\u00f3n<\/em><\/strong> prioriza las producciones orientadas a la transformaci\u00f3n de la pr\u00e1ctica educativa por sobre la discusi\u00f3n te\u00f3rica y promueve una relaci\u00f3n de interacci\u00f3n directa entre la producci\u00f3n de conocimiento y la pol\u00edtica p\u00fablica en educaci\u00f3n.<\/p>\n<p>&nbsp;<\/p>\n","protected":false},"excerpt":{"rendered":"<p>&nbsp; Educacci\u00f3n es una revista de acceso abierto gestionada por la Direcci\u00f3n de Educaci\u00f3n Superior, dependiente de la Direcci\u00f3n General de Escuelas de la provincia de Mendoza (Argentina). El objetivo de Educacci\u00f3n es visibilizar y socializar el conocimiento producido por los institutos de educaci\u00f3n superior (IES) de la provincia de Mendoza pero acepta trabajos de &#8230; <a title=\"Educacci\u00f3n\" class=\"read-more\" href=\"https:\/\/superior-infd.mendoza.edu.ar\/sitio\/educaccion\/\" aria-label=\"More on Educacci\u00f3n\">[+]<\/a><\/p>\n","protected":false},"author":1090,"featured_media":0,"parent":0,"menu_order":0,"comment_status":"closed","ping_status":"closed","template":"","meta":[],"acf":[],"_links":{"self":[{"href":"https:\/\/superior-infd.mendoza.edu.ar\/sitio\/wp-json\/wp\/v2\/pages\/15119"}],"collection":[{"href":"https:\/\/superior-infd.mendoza.edu.ar\/sitio\/wp-json\/wp\/v2\/pages"}],"about":[{"href":"https:\/\/superior-infd.mendoza.edu.ar\/sitio\/wp-json\/wp\/v2\/types\/page"}],"author":[{"embeddable":true,"href":"https:\/\/superior-infd.mendoza.edu.ar\/sitio\/wp-json\/wp\/v2\/users\/1090"}],"replies":[{"embeddable":true,"href":"https:\/\/superior-infd.mendoza.edu.ar\/sitio\/wp-json\/wp\/v2\/comments?post=15119"}],"version-history":[{"count":116,"href":"https:\/\/superior-infd.mendoza.edu.ar\/sitio\/wp-json\/wp\/v2\/pages\/15119\/revisions"}],"predecessor-version":[{"id":24338,"href":"https:\/\/superior-infd.mendoza.edu.ar\/sitio\/wp-json\/wp\/v2\/pages\/15119\/revisions\/24338"}],"wp:attachment":[{"href":"https:\/\/superior-infd.mendoza.edu.ar\/sitio\/wp-json\/wp\/v2\/media?parent=15119"}],"curies":[{"name":"wp","href":"https:\/\/api.w.org\/{rel}","templated":true}]}}