{"id":14293,"date":"2018-08-30T18:21:34","date_gmt":"2018-08-30T21:21:34","guid":{"rendered":"https:\/\/des-mza.infd.edu.ar\/sitio\/inscripcion-futbol-de-salon-masculino-2012\/"},"modified":"2018-08-30T18:21:34","modified_gmt":"2018-08-30T21:21:34","slug":"inscripcion-futbol-de-salon-masculino-2012","status":"publish","type":"page","link":"https:\/\/superior-infd.mendoza.edu.ar\/sitio\/inscripcion-futbol-de-salon-masculino-2012\/","title":{"rendered":"Inscripci\u00f3n F\u00fatbol de Sal\u00f3n Masculino 2012"},"content":{"rendered":"<p>.<br \/>\n<script src=\"http:\/\/form.jotformz.com\/jsform\/22844905709663\" type=\"text\/javascript\"><\/script><br \/>\n<a title=\"INFORME F&Uacute;TBOL DE SAL&Oacute;N MASCULINO\" href=\"index.cgi?wid_item=449&amp;wid_seccion=19\">VER ISNCRIPTOS HASTA EL MOMENTO &gt;&gt;<\/a><\/p>\n","protected":false},"excerpt":{"rendered":"<p>. VER ISNCRIPTOS HASTA EL MOMENTO &gt;&gt;<\/p>\n","protected":false},"author":1090,"featured_media":0,"parent":0,"menu_order":0,"comment_status":"closed","ping_status":"closed","template":"","meta":[],"acf":[],"_links":{"self":[{"href":"https:\/\/superior-infd.mendoza.edu.ar\/sitio\/wp-json\/wp\/v2\/pages\/14293"}],"collection":[{"href":"https:\/\/superior-infd.mendoza.edu.ar\/sitio\/wp-json\/wp\/v2\/pages"}],"about":[{"href":"https:\/\/superior-infd.mendoza.edu.ar\/sitio\/wp-json\/wp\/v2\/types\/page"}],"author":[{"embeddable":true,"href":"https:\/\/superior-infd.mendoza.edu.ar\/sitio\/wp-json\/wp\/v2\/users\/1090"}],"replies":[{"embeddable":true,"href":"https:\/\/superior-infd.mendoza.edu.ar\/sitio\/wp-json\/wp\/v2\/comments?post=14293"}],"version-history":[{"count":0,"href":"https:\/\/superior-infd.mendoza.edu.ar\/sitio\/wp-json\/wp\/v2\/pages\/14293\/revisions"}],"wp:attachment":[{"href":"https:\/\/superior-infd.mendoza.edu.ar\/sitio\/wp-json\/wp\/v2\/media?parent=14293"}],"curies":[{"name":"wp","href":"https:\/\/api.w.org\/{rel}","templated":true}]}}