{"id":14150,"date":"2018-08-30T18:20:04","date_gmt":"2018-08-30T21:20:04","guid":{"rendered":"https:\/\/des-mza.infd.edu.ar\/sitio\/inscripcion-futbol-rapido-femenino-2012\/"},"modified":"2018-08-30T18:20:04","modified_gmt":"2018-08-30T21:20:04","slug":"inscripcion-futbol-rapido-femenino-2012","status":"publish","type":"page","link":"https:\/\/superior-infd.mendoza.edu.ar\/sitio\/inscripcion-futbol-rapido-femenino-2012\/","title":{"rendered":"Inscripci\u00f3n F\u00fatbol R\u00e1pido Femenino 2012"},"content":{"rendered":"<p>.<br \/>\n<script src=\"http:\/\/form.jotformz.com\/jsform\/22844715413654\" type=\"text\/javascript\"><\/script><br \/>\n<a title=\"INFORME F&Uacute;TBOL R&Aacute;PIDO FEMENINO\" href=\"index.cgi?wid_item=459&amp;wid_seccion=19\">VER INSCRIPTOS HASTA EL MOMENTO &gt;&gt;<\/a><\/p>\n","protected":false},"excerpt":{"rendered":"<p>. VER INSCRIPTOS HASTA EL MOMENTO &gt;&gt;<\/p>\n","protected":false},"author":1090,"featured_media":0,"parent":0,"menu_order":0,"comment_status":"closed","ping_status":"closed","template":"","meta":[],"acf":[],"_links":{"self":[{"href":"https:\/\/superior-infd.mendoza.edu.ar\/sitio\/wp-json\/wp\/v2\/pages\/14150"}],"collection":[{"href":"https:\/\/superior-infd.mendoza.edu.ar\/sitio\/wp-json\/wp\/v2\/pages"}],"about":[{"href":"https:\/\/superior-infd.mendoza.edu.ar\/sitio\/wp-json\/wp\/v2\/types\/page"}],"author":[{"embeddable":true,"href":"https:\/\/superior-infd.mendoza.edu.ar\/sitio\/wp-json\/wp\/v2\/users\/1090"}],"replies":[{"embeddable":true,"href":"https:\/\/superior-infd.mendoza.edu.ar\/sitio\/wp-json\/wp\/v2\/comments?post=14150"}],"version-history":[{"count":0,"href":"https:\/\/superior-infd.mendoza.edu.ar\/sitio\/wp-json\/wp\/v2\/pages\/14150\/revisions"}],"wp:attachment":[{"href":"https:\/\/superior-infd.mendoza.edu.ar\/sitio\/wp-json\/wp\/v2\/media?parent=14150"}],"curies":[{"name":"wp","href":"https:\/\/api.w.org\/{rel}","templated":true}]}}